{"id":2547,"date":"2023-12-14T23:42:04","date_gmt":"2023-12-14T22:42:04","guid":{"rendered":"https:\/\/troeger-services.com\/?page_id=2547"},"modified":"2024-07-05T00:04:48","modified_gmt":"2024-07-04T22:04:48","slug":"your-role-service-desk","status":"publish","type":"page","link":"https:\/\/troeger-services.com\/en\/your-role-service-desk\/","title":{"rendered":"Your role\/position Service Desk and ITSM, ITOM and ESM."},"content":{"rendered":"<div class=\"row-full py-5 mb-12 wp-block-group eplus-wrapper is-layout-flow wp-block-group-is-layout-flow\">\n<div class=\"wp-block-group eplus-wrapper is-layout-flow wp-block-group-is-layout-flow\"><div class=\"container mx-auto py-6 grid grid-cols-1 md:grid-cols-2 wp-block-columns eplus-wrapper is-layout-flex wp-container-core-columns-is-layout-9d6595d7 wp-block-columns-is-layout-flex eplus-styles-uid-4faef0\">\n<div class=\"lg:pr-8 xl:pr-12 order-2 md:order-1 wp-block-column is-vertically-aligned-center eplus-wrapper is-layout-flow wp-block-column-is-layout-flow\">\n<p class=\"sub-heading d-inline eplus-wrapper\">Your role\/position Service Desk and ITSM, ITOM and ESM.<\/p>\n\n\n\n<h1 class=\"text-2xl sm:text-3xl md:text-4xl mt-1 wp-block-heading eplus-wrapper\">Service teams everywhere are struggling with the same challenges. Through a seamless integration of ITSM, ITOM and ESM solutions - \"Accelerate your resolution rate and focus on your real work\" - <\/h1>\n\n\n\n<p class=\"eplus-wrapper\"><\/p>\n\n\n\n<div class=\"wp-block-buttons eplus-wrapper is-layout-flex wp-block-buttons-is-layout-flex\"><div class=\"my-5 shadow-xl hover:shadow-lg btn-secondary bg-secondary wp-block-button eplus-wrapper eplus-styles-uid-c3a531\"><a class=\"wp-block-button__link wp-element-button\" href=\"https:\/\/outlook.office365.com\/owa\/calendar\/TITBCGesprchsanfragemitAndrTrger@titbc.onmicrosoft.com\/bookings\/\" style=\"border-radius:0px\" target=\"_blank\" rel=\"noreferrer noopener\">Request an initial consultation<\/a><\/div><\/div>\n<\/div>\n\n\n\n<div class=\"flex justify-center py-12 order-1 md:order-2 wp-block-column eplus-wrapper is-layout-flow wp-block-column-is-layout-flow\">\n<figure class=\"wp-block-image size-full eplus-wrapper\"><img loading=\"lazy\" decoding=\"async\" width=\"545\" height=\"253\" src=\"https:\/\/troeger-services.com\/wp-content\/uploads\/2021\/10\/analysen.png\" alt=\"Action-relevant analyses Graphic\" class=\"wp-image-1493\" title=\"\" srcset=\"https:\/\/troeger-services.com\/wp-content\/uploads\/2021\/10\/analysen.png 545w, https:\/\/troeger-services.com\/wp-content\/uploads\/2021\/10\/analysen-300x139.png 300w\" sizes=\"auto, (max-width: 545px) 100vw, 545px\" \/><\/figure>\n<\/div>\n<\/div><\/div>\n<\/div>\n\n\n\n<div class=\"wp-block-group eplus-wrapper is-layout-constrained wp-block-group-is-layout-constrained\">\n<p class=\"eplus-wrapper\"><\/p>\n\n\n<h2 class=\"wp-block-heading has-text-align-center eplus-wrapper eplus-styles-uid-b40465\">Take the stress out of the service desk!<\/h2>\n\n\n<p class=\"eplus-wrapper\"><\/p>\n<\/div>\n\n\n<div class=\"iconblock grid grid-cols-1 gap-12 sm:gap-20 md:grid-cols-3 md:gap-8 lg:gap-24 xl:gap-44 mt-8 wp-block-columns has-white-color has-blau-background-color has-text-color has-background has-link-color eplus-wrapper wp-elements-0c78aa6704e0b3ddfe9b34d53e805a27 is-layout-flex wp-container-core-columns-is-layout-9d6595d7 wp-block-columns-is-layout-flex eplus-styles-uid-335030\">\n<div class=\"wp-block-column eplus-wrapper is-layout-flow wp-block-column-is-layout-flow\">\n<figure class=\"wp-block-image aligncenter size-full eplus-wrapper\"><img loading=\"lazy\" decoding=\"async\" width=\"100\" height=\"101\" src=\"https:\/\/troeger-services.com\/wp-content\/uploads\/2023\/12\/TITBC_Icons_General-Dark-Purple_Requirements.png\" alt=\"\" class=\"wp-image-2488\" title=\"\" srcset=\"https:\/\/troeger-services.com\/wp-content\/uploads\/2023\/12\/TITBC_Icons_General-Dark-Purple_Requirements.png 100w, https:\/\/troeger-services.com\/wp-content\/uploads\/2023\/12\/TITBC_Icons_General-Dark-Purple_Requirements-12x12.png 12w\" sizes=\"auto, (max-width: 100px) 100vw, 100px\" \/><\/figure>\n\n\n\n<p class=\"mb-2 mt-6 text-2xl has-text-align-center eplus-wrapper\"><strong>Unnecessary administrative work<br><\/strong><meta charset=\"utf-8\"><meta charset=\"utf-8\"><\/p>\n\n\n\n<p class=\"text-xl has-text-align-center has-white-color has-text-color has-link-color eplus-wrapper wp-elements-5d35dd8f79d95322f4ed18e83703675e\">Repetitive, tedious administrative tasks mean teams spend too much time putting out fires.<\/p>\n<\/div>\n\n\n\n<div class=\"wp-block-column eplus-wrapper is-layout-flow wp-block-column-is-layout-flow\">\n<figure class=\"wp-block-image aligncenter size-full eplus-wrapper\"><img loading=\"lazy\" decoding=\"async\" width=\"101\" height=\"100\" src=\"https:\/\/troeger-services.com\/wp-content\/uploads\/2023\/12\/TITBC_Icons_General-Dark-Purple_Eye.png\" alt=\"\" class=\"wp-image-2500\" title=\"\" srcset=\"https:\/\/troeger-services.com\/wp-content\/uploads\/2023\/12\/TITBC_Icons_General-Dark-Purple_Eye.png 101w, https:\/\/troeger-services.com\/wp-content\/uploads\/2023\/12\/TITBC_Icons_General-Dark-Purple_Eye-12x12.png 12w\" sizes=\"auto, (max-width: 101px) 100vw, 101px\" \/><\/figure>\n\n\n\n<p class=\"mb-2 mt-6 text-2xl has-text-align-center eplus-wrapper\"><meta charset=\"utf-8\"><strong>Poor visibility<\/strong><\/p>\n\n\n\n<p class=\"text-xl has-text-align-center has-white-color has-text-color has-link-color eplus-wrapper wp-elements-38ab7f73428be81be1b0bf32fe5e9411\">Service teams don't have a bird's eye view of service requests, which means that important tasks are too often lost sight of.<\/p>\n<\/div>\n\n\n\n<div class=\"wp-block-column eplus-wrapper is-layout-flow wp-block-column-is-layout-flow\">\n<figure class=\"wp-block-image aligncenter size-full eplus-wrapper\"><img loading=\"lazy\" decoding=\"async\" width=\"101\" height=\"101\" src=\"https:\/\/troeger-services.com\/wp-content\/uploads\/2023\/12\/TITBC_Icons_General-Dark-Purple_Clock.png\" alt=\"\" class=\"wp-image-2502\" title=\"\" srcset=\"https:\/\/troeger-services.com\/wp-content\/uploads\/2023\/12\/TITBC_Icons_General-Dark-Purple_Clock.png 101w, https:\/\/troeger-services.com\/wp-content\/uploads\/2023\/12\/TITBC_Icons_General-Dark-Purple_Clock-12x12.png 12w\" sizes=\"auto, (max-width: 101px) 100vw, 101px\" \/><\/figure>\n\n\n\n<p class=\"mb-2 mt-6 text-2xl has-text-align-center eplus-wrapper\"><meta charset=\"utf-8\"><strong>Lack of agility<br><\/strong><meta charset=\"utf-8\"><\/p>\n\n\n\n<p class=\"text-xl has-text-align-center has-white-color has-text-color has-link-color eplus-wrapper wp-elements-4c8e07d2ffda599d3393043cdbca5374\">Outdated technology means that service teams have to sit at a desk to view requests - preventing them from solving problems on the move or in the field.<\/p>\n<\/div>\n<\/div>\n\n\n<div class=\"wp-block-group eplus-wrapper is-layout-constrained wp-block-group-is-layout-constrained\">\n<div style=\"height:21px\" aria-hidden=\"true\" class=\"wp-block-spacer eplus-wrapper\"><\/div>\n\n\n\n<figure class=\"wp-block-image aligncenter size-full is-resized eplus-wrapper\"><img loading=\"lazy\" decoding=\"async\" width=\"147\" height=\"150\" src=\"https:\/\/troeger-services.com\/wp-content\/uploads\/2023\/12\/tibc_logo_1zeilig_rgb-1-e1702089590391.png\" alt=\"The TITBC company logo, the experts for ITSM, ITOM, ESM. The only experts who incorporate all perspectives for your guaranteed success.\" class=\"wp-image-1985\" style=\"object-fit:cover;width:75px;height:75px\" title=\"\"><\/figure>\n<\/div>\n\n\n\n<div style=\"height:32px\" aria-hidden=\"true\" class=\"wp-block-spacer eplus-wrapper\"><\/div>\n\n\n\n\n\n<\/p>\n\n\n\n<div class=\"wp-block-media-text is-stacked-on-mobile eplus-wrapper\"><figure class=\"wp-block-media-text__media\"><video controls src=\"https:\/\/troeger-services.com\/wp-content\/uploads\/2023\/12\/unterschied-itsm-itom-esm-erklaert-en.mp4\"><\/video><\/figure><div class=\"wp-block-media-text__content\"><p class=\"sub-heading d-inline eplus-wrapper eplus-styles-uid-a62243\"><strong>THE DIFFERENCES BETWEEN ITSM, ESM AND ITOM EXPLAINED.<\/strong><\/p>\n\n\n<p class=\"eplus-wrapper\"><\/p>\n\n\n<p class=\"text-lg eplus-wrapper eplus-styles-uid-fe641a\">In this video I would like to explain the differences between IT Service Management, Enterprise Service Management and IT Operations Management<\/p><\/div><\/div>\n\n\n<p>\n\n\n\n\n\n\n\n\n\n\n\n\n\n\n\n<div class=\"wp-block-group eplus-wrapper is-layout-constrained wp-block-group-is-layout-constrained\">\n<div style=\"height:21px\" aria-hidden=\"true\" class=\"wp-block-spacer eplus-wrapper\"><\/div>\n\n\n\n<figure class=\"wp-block-image aligncenter size-full is-resized eplus-wrapper\"><img loading=\"lazy\" decoding=\"async\" width=\"147\" height=\"150\" src=\"https:\/\/troeger-services.com\/wp-content\/uploads\/2023\/12\/tibc_logo_1zeilig_rgb-1-e1702089590391.png\" alt=\"The TITBC company logo, the experts for ITSM, ITOM, ESM. The only experts who incorporate all perspectives for your guaranteed success.\" class=\"wp-image-1985\" style=\"object-fit:cover;width:75px;height:75px\" title=\"\"><\/figure>\n<\/div>\n\n\n\n<div style=\"height:32px\" aria-hidden=\"true\" class=\"wp-block-spacer eplus-wrapper\"><\/div>\n\n\n\n<p class=\"eplus-wrapper\"><\/p>\n\n\n<h2 class=\"wp-block-heading has-text-align-center eplus-wrapper eplus-styles-uid-b40465\">Same service desk, less stress!<\/h2>\n\n\n<p class=\"eplus-wrapper\"><\/p>\n\n\n<div class=\"iconblock grid grid-cols-1 gap-12 sm:gap-20 md:grid-cols-3 md:gap-8 lg:gap-24 xl:gap-44 mt-8 wp-block-columns has-white-color has-blau-background-color has-text-color has-background has-link-color eplus-wrapper wp-elements-bf754835b0d9a9c33fa1b4954b5f25cd is-layout-flex wp-container-core-columns-is-layout-9d6595d7 wp-block-columns-is-layout-flex eplus-styles-uid-57ccad\">\n<div class=\"wp-block-column eplus-wrapper is-layout-flow wp-block-column-is-layout-flow\">\n<figure class=\"wp-block-image aligncenter size-full eplus-wrapper\"><img loading=\"lazy\" decoding=\"async\" width=\"100\" height=\"101\" src=\"https:\/\/troeger-services.com\/wp-content\/uploads\/2023\/12\/TITBC_Icons_General-Dark-Purple_Requirements.png\" alt=\"\" class=\"wp-image-2488\" title=\"\" srcset=\"https:\/\/troeger-services.com\/wp-content\/uploads\/2023\/12\/TITBC_Icons_General-Dark-Purple_Requirements.png 100w, https:\/\/troeger-services.com\/wp-content\/uploads\/2023\/12\/TITBC_Icons_General-Dark-Purple_Requirements-12x12.png 12w\" sizes=\"auto, (max-width: 100px) 100vw, 100px\" \/><\/figure>\n\n\n\n<p class=\"mb-2 mt-6 text-2xl has-text-align-center eplus-wrapper\"><strong>Reduce the administrative burden<br><\/strong><meta charset=\"utf-8\"><\/p>\n\n\n\n<p class=\"text-xl has-text-align-center eplus-wrapper\"><meta charset=\"utf-8\">Automate your service desk to eliminate unnecessary administrative tasks and stop getting bogged down in low-value tasks.<\/p>\n<\/div>\n\n\n\n<div class=\"wp-block-column eplus-wrapper is-layout-flow wp-block-column-is-layout-flow\">\n<figure class=\"wp-block-image aligncenter size-full eplus-wrapper\"><img loading=\"lazy\" decoding=\"async\" width=\"101\" height=\"101\" src=\"https:\/\/troeger-services.com\/wp-content\/uploads\/2023\/12\/TITBC_FunctionalityDarkPurpleSelfService.png\" alt=\"\" class=\"wp-image-2507\" title=\"\" srcset=\"https:\/\/troeger-services.com\/wp-content\/uploads\/2023\/12\/TITBC_FunctionalityDarkPurpleSelfService.png 101w, https:\/\/troeger-services.com\/wp-content\/uploads\/2023\/12\/TITBC_FunctionalityDarkPurpleSelfService-12x12.png 12w\" sizes=\"auto, (max-width: 101px) 100vw, 101px\" \/><\/figure>\n\n\n\n<p class=\"mb-2 mt-6 text-2xl has-text-align-center eplus-wrapper\"><meta charset=\"utf-8\"><strong>Enable self-service<\/strong><\/p>\n\n\n\n<p class=\"text-xl has-text-align-center has-white-color has-text-color has-link-color eplus-wrapper wp-elements-5d5ea5895dd3bcba466a57be0b7780ae\">Give end users the ability to find simple solutions to their problems so you don't have to.<\/p>\n<\/div>\n\n\n\n<div class=\"wp-block-column eplus-wrapper is-layout-flow wp-block-column-is-layout-flow\">\n<figure class=\"wp-block-image aligncenter size-full eplus-wrapper\"><img loading=\"lazy\" decoding=\"async\" width=\"101\" height=\"101\" src=\"https:\/\/troeger-services.com\/wp-content\/uploads\/2023\/12\/TITBC_Icons_General-Dark-Purple_Employee-Satisfaction.png\" alt=\"\" class=\"wp-image-2501\" title=\"\" srcset=\"https:\/\/troeger-services.com\/wp-content\/uploads\/2023\/12\/TITBC_Icons_General-Dark-Purple_Employee-Satisfaction.png 101w, https:\/\/troeger-services.com\/wp-content\/uploads\/2023\/12\/TITBC_Icons_General-Dark-Purple_Employee-Satisfaction-12x12.png 12w\" sizes=\"auto, (max-width: 101px) 100vw, 101px\" \/><\/figure>\n\n\n\n<p class=\"mb-2 mt-6 text-2xl has-text-align-center eplus-wrapper\"><meta charset=\"utf-8\"><strong>More service experience<br><\/strong><meta charset=\"utf-8\"><\/p>\n\n\n\n<p class=\"text-xl has-text-align-center eplus-wrapper\">Bring all requests into one window so that requests can be resolved quickly - and nothing is forgotten.<\/p>\n<\/div>\n<\/div>\n\n<div class=\"iconblock grid grid-cols-1 gap-12 sm:gap-20 md:grid-cols-3 md:gap-8 lg:gap-24 xl:gap-44 mt-8 wp-block-columns has-white-color has-blau-background-color has-text-color has-background has-link-color eplus-wrapper wp-elements-caaeb80b1772963cbec71c006e2e1a70 is-layout-flex wp-container-core-columns-is-layout-9d6595d7 wp-block-columns-is-layout-flex eplus-styles-uid-1dd570\">\n<div class=\"wp-block-column eplus-wrapper is-layout-flow wp-block-column-is-layout-flow\">\n<figure class=\"wp-block-image aligncenter size-full eplus-wrapper\"><img loading=\"lazy\" decoding=\"async\" width=\"100\" height=\"101\" src=\"https:\/\/troeger-services.com\/wp-content\/uploads\/2023\/12\/TITBC_Icons_General-Dark-Purple_Global.png\" alt=\"\" class=\"wp-image-2499\" title=\"\" srcset=\"https:\/\/troeger-services.com\/wp-content\/uploads\/2023\/12\/TITBC_Icons_General-Dark-Purple_Global.png 100w, https:\/\/troeger-services.com\/wp-content\/uploads\/2023\/12\/TITBC_Icons_General-Dark-Purple_Global-12x12.png 12w\" sizes=\"auto, (max-width: 100px) 100vw, 100px\" \/><\/figure>\n\n\n\n<p class=\"mb-2 mt-6 text-2xl has-text-align-center eplus-wrapper\"><strong>Enable remote access<br><\/strong><meta charset=\"utf-8\"><meta charset=\"utf-8\"><\/p>\n\n\n\n<p class=\"text-xl has-text-align-center has-white-color has-text-color has-link-color eplus-wrapper wp-elements-4286c67827bb8567222b05f448d6eb16\">Give your service teams the freedom to view and resolve requests from anywhere and at any time.<\/p>\n<\/div>\n\n\n\n<div class=\"wp-block-column eplus-wrapper is-layout-flow wp-block-column-is-layout-flow\">\n<figure class=\"wp-block-image aligncenter size-full eplus-wrapper\"><img loading=\"lazy\" decoding=\"async\" width=\"101\" height=\"101\" src=\"https:\/\/troeger-services.com\/wp-content\/uploads\/2023\/12\/TITBC_Icons_General-Dark-Purple_Support.png\" alt=\"\" class=\"wp-image-2506\" title=\"\" srcset=\"https:\/\/troeger-services.com\/wp-content\/uploads\/2023\/12\/TITBC_Icons_General-Dark-Purple_Support.png 101w, https:\/\/troeger-services.com\/wp-content\/uploads\/2023\/12\/TITBC_Icons_General-Dark-Purple_Support-12x12.png 12w\" sizes=\"auto, (max-width: 101px) 100vw, 101px\" \/><\/figure>\n\n\n\n<p class=\"mb-2 mt-6 text-2xl has-text-align-center eplus-wrapper\"><meta charset=\"utf-8\"><strong>Reduce repeat calls<\/strong><\/p>\n\n\n\n<p class=\"text-xl has-text-align-center has-white-color has-text-color has-link-color eplus-wrapper wp-elements-f9e2e852aeefe4427a1e815473c83464\">Divert up to 80 % of calls from the service desk with easily accessible service tools.<\/p>\n<\/div>\n\n\n\n<div class=\"wp-block-column eplus-wrapper is-layout-flow wp-block-column-is-layout-flow\">\n<figure class=\"wp-block-image aligncenter size-full eplus-wrapper\"><img loading=\"lazy\" decoding=\"async\" width=\"101\" height=\"100\" src=\"https:\/\/troeger-services.com\/wp-content\/uploads\/2023\/12\/TITBC_Icons_General-Dark-Purple_Eye.png\" alt=\"\" class=\"wp-image-2500\" title=\"\" srcset=\"https:\/\/troeger-services.com\/wp-content\/uploads\/2023\/12\/TITBC_Icons_General-Dark-Purple_Eye.png 101w, https:\/\/troeger-services.com\/wp-content\/uploads\/2023\/12\/TITBC_Icons_General-Dark-Purple_Eye-12x12.png 12w\" sizes=\"auto, (max-width: 101px) 100vw, 101px\" \/><\/figure>\n\n\n\n<p class=\"mb-2 mt-6 text-2xl has-text-align-center eplus-wrapper\"><meta charset=\"utf-8\"><strong>Gain useful insights<br><\/strong><meta charset=\"utf-8\"><\/p>\n\n\n\n<p class=\"text-xl has-text-align-center has-white-color has-text-color has-link-color eplus-wrapper wp-elements-ebe18fd039f41bc634430374c55ec6e7\">Real-time IT data analyses provide the agents with useful insights and help to solve problems more quickly.<\/p>\n<\/div>\n<\/div>\n\n\n<div class=\"wp-block-buttons eplus-wrapper is-layout-flex wp-block-buttons-is-layout-flex\"><div class=\"my-5 shadow-xl hover:shadow-lg btn-secondary bg-secondary wp-block-button eplus-wrapper eplus-styles-uid-a86610\"><a class=\"wp-block-button__link wp-element-button\" href=\"https:\/\/outlook.office365.com\/owa\/calendar\/TITBCGesprchsanfragemitAndrTrger@titbc.onmicrosoft.com\/bookings\/\" style=\"border-radius:0px\" target=\"_blank\" rel=\"noreferrer noopener\">Request an initial consultation<\/a><\/div>\n\n<div class=\"my-5 shadow-xl hover:shadow-lg btn-secondary bg-secondary wp-block-button eplus-wrapper eplus-styles-uid-f9d52b\"><a class=\"wp-block-button__link wp-element-button\" href=\"https:\/\/troeger-services.com\/en\/wir-stellen-unsere-partner-vor\/\" style=\"border-radius:0px\">Our partners<\/a><\/div><\/div>\n\n\n\n<div class=\"wp-block-group eplus-wrapper is-layout-constrained wp-block-group-is-layout-constrained\"><\/div>","protected":false},"excerpt":{"rendered":"<p>Ihre Rolle\/Position Servicedesk und ITSM, ITOM und ESM. \u00dcberall k\u00e4mpfen Serviceteams mit den gleichen Herausforderungen. Durch eine nahtlose Integration von ITSM, ITOM und ESM L\u00f6sungen &#8211; &#8222;Beschleunigen Sie Ihre L\u00f6sungsrate und fokussieren Sie sich auf Ihre eigentliche Arbeit&#8220; &#8211; Nehmen Sie den Stress aus dem Service Desk! Unn\u00f6tiger Verwaltungsaufwand Sich wiederholende, m\u00fchsame Verwaltungsaufgaben bedeuten, dass [&hellip;]<\/p>\n","protected":false},"author":4,"featured_media":3399,"parent":0,"menu_order":0,"comment_status":"closed","ping_status":"closed","template":"","meta":{"editor_plus_copied_stylings":"{}","_themeisle_gutenberg_block_has_review":false,"footnotes":"","_links_to":"","_links_to_target":""},"categories":[1,14],"tags":[20,23,45,21,47,49,51,42,22,53,57,43,41,19,18,59,44,46,25,55,48,50,52,54,61,58,60,56,26],"class_list":["post-2547","page","type-page","status-publish","has-post-thumbnail","hentry","category-allgemein","category-blog","tag-esm","tag-assyst","tag-availability-management","tag-blog","tag-capacity-and-performance-management","tag-change-enablement","tag-deployment-management","tag-enterprise-service-management","tag-ifs","tag-incident-management","tag-it-asset-management","tag-it-operations-management","tag-it-service-management","tag-itom","tag-itsm","tag-knowledge-management","tag-micro-focus","tag-monitoring-and-event-management","tag-opentext","tag-problem-management","tag-release-management","tag-service-catalog-management","tag-service-configuration-management","tag-service-continuity-management","tag-service-desk","tag-service-financial-management","tag-service-level-management","tag-service-request-management","tag-smax"],"_links":{"self":[{"href":"https:\/\/troeger-services.com\/en\/wp-json\/wp\/v2\/pages\/2547","targetHints":{"allow":["GET"]}}],"collection":[{"href":"https:\/\/troeger-services.com\/en\/wp-json\/wp\/v2\/pages"}],"about":[{"href":"https:\/\/troeger-services.com\/en\/wp-json\/wp\/v2\/types\/page"}],"author":[{"embeddable":true,"href":"https:\/\/troeger-services.com\/en\/wp-json\/wp\/v2\/users\/4"}],"replies":[{"embeddable":true,"href":"https:\/\/troeger-services.com\/en\/wp-json\/wp\/v2\/comments?post=2547"}],"version-history":[{"count":0,"href":"https:\/\/troeger-services.com\/en\/wp-json\/wp\/v2\/pages\/2547\/revisions"}],"wp:featuredmedia":[{"embeddable":true,"href":"https:\/\/troeger-services.com\/en\/wp-json\/wp\/v2\/media\/3399"}],"wp:attachment":[{"href":"https:\/\/troeger-services.com\/en\/wp-json\/wp\/v2\/media?parent=2547"}],"wp:term":[{"taxonomy":"category","embeddable":true,"href":"https:\/\/troeger-services.com\/en\/wp-json\/wp\/v2\/categories?post=2547"},{"taxonomy":"post_tag","embeddable":true,"href":"https:\/\/troeger-services.com\/en\/wp-json\/wp\/v2\/tags?post=2547"}],"curies":[{"name":"wp","href":"https:\/\/api.w.org\/{rel}","templated":true}]}}