{"id":839,"date":"2021-07-20T10:15:30","date_gmt":"2021-07-20T08:15:30","guid":{"rendered":"https:\/\/troeger-services.com\/?page_id=839"},"modified":"2024-01-23T18:33:33","modified_gmt":"2024-01-23T17:33:33","slug":"imprint","status":"publish","type":"page","link":"https:\/\/troeger-services.com\/en\/imprint\/","title":{"rendered":"Imprint"},"content":{"rendered":"<div style=\"height:50px\" aria-hidden=\"true\" class=\"wp-block-spacer\"><\/div>\n\n\n\n<div class=\"wp-block-group mt-24 py-8 grid grid-cols-1 md:grid-cols-2 is-layout-flow wp-block-group-is-layout-flow\">\n<div class=\"wp-block-group is-layout-flow wp-block-group-is-layout-flow\">\n<p class=\"sub-heading d-inline\">Legal matters<\/p>\n\n\n\n<h1 class=\"text-2xl sm:text-2xl md:text-3xl mt-1 wp-block-heading\">Imprint<\/h1>\n\n\n\n<p class=\"text-lg\">Tr\u00f6ger IT Business Consulting GmbH<br>Managing Director: Andr\u00e9 Tr\u00f6ger<br>Tannenweg 4a<br>90522 Oberasbach<\/p>\n<\/div>\n<\/div>\n\n\n\n<div class=\"wp-block-group is-layout-flow wp-block-group-is-layout-flow\">\n<h3 class=\"text-2xl sm:text-2xl md:text-3xl mt-1 wp-block-heading\">Contact:<\/h3>\n\n\n\n<p>Phone: +49-160-94668937<br>Fax: +49-911-3400-449<br>E-mail: info (@) troeger-services.com<\/p>\n<\/div>\n\n\n\n<div class=\"wp-block-group my-12 is-layout-flow wp-block-group-is-layout-flow\">\n<h3 class=\"text-2xl sm:text-2xl md:text-3xl mt-1 wp-block-heading\">Sales tax ID:<\/h3>\n\n\n\n<p>Sales tax identification number according to \u00a727 a sales tax law: DE294728181<\/p>\n<\/div>\n\n\n\n<h3 class=\"text-2xl sm:text-2xl md:text-3xl mt-1 wp-block-heading\">Tax number:<\/h3>\n\n\n\n<p>218 \/ 140\/ 40507<\/p>\n\n\n\n<div class=\"wp-block-group my-12 is-layout-flow wp-block-group-is-layout-flow\">\n<h3 class=\"text-2xl sm:text-2xl md:text-3xl mt-1 wp-block-heading\">Register entry:<\/h3>\n\n\n\n<p>Registered in the commercial register<br>Register court: F\u00fcrth<br>Register number: HRB 14456<\/p>\n<\/div>\n\n\n\n<div class=\"wp-block-group my-12 is-layout-flow wp-block-group-is-layout-flow\">\n<h3 class=\"text-2xl sm:text-2xl md:text-3xl mt-1 wp-block-heading\">DUNS number:<\/h3>\n\n\n\n<p>313075799<\/p>\n<\/div>\n\n\n\n<div class=\"wp-block-group my-12 is-layout-flow wp-block-group-is-layout-flow\">\n<h3 class=\"text-2xl sm:text-2xl md:text-3xl mt-1 wp-block-heading\">Responsible for the content according to \u00a7 55 Abs. 2 RStV:<\/h3>\n\n\n\n<p>Andr\u00e9 Tr\u00f6ger<br>Tannenweg 4a<br>90522 Oberasbach<\/p>\n<\/div>","protected":false},"excerpt":{"rendered":"<p>Legal notice Tr\u00f6ger IT Business Consulting GmbHManaging Director: Andr\u00e9 Tr\u00f6gerTannenweg 4a90522 Oberasbach Contact: Phone: +49-160-94668937Telefax: +49-911-3400-449E-Mail: info (@) troeger-services.com Sales tax ID: Sales tax identification number according to \u00a727 a sales tax law: DE294728181 Tax number: 218 \/ 140\/ 40507 Register entry: Registered in the commercial registerRegister court: F\u00fcrthRegister number: HRB 14456 DUNS number: 313075799 Responsible for the content according to \u00a7 55 Abs. 2 RStV: Andr\u00e9 Tr\u00f6gerTannenweg 4a90522 Oberasbach<\/p>","protected":false},"author":4,"featured_media":3345,"parent":0,"menu_order":0,"comment_status":"closed","ping_status":"closed","template":"","meta":{"editor_plus_copied_stylings":"{}","_themeisle_gutenberg_block_has_review":false,"footnotes":"","_links_to":"","_links_to_target":""},"categories":[1,14],"tags":[109,108,110,17],"class_list":["post-839","page","type-page","status-publish","has-post-thumbnail","hentry","category-allgemein","category-blog","tag-impressum","tag-imprint","tag-legal","tag-titbc"],"_links":{"self":[{"href":"https:\/\/troeger-services.com\/en\/wp-json\/wp\/v2\/pages\/839","targetHints":{"allow":["GET"]}}],"collection":[{"href":"https:\/\/troeger-services.com\/en\/wp-json\/wp\/v2\/pages"}],"about":[{"href":"https:\/\/troeger-services.com\/en\/wp-json\/wp\/v2\/types\/page"}],"author":[{"embeddable":true,"href":"https:\/\/troeger-services.com\/en\/wp-json\/wp\/v2\/users\/4"}],"replies":[{"embeddable":true,"href":"https:\/\/troeger-services.com\/en\/wp-json\/wp\/v2\/comments?post=839"}],"version-history":[{"count":0,"href":"https:\/\/troeger-services.com\/en\/wp-json\/wp\/v2\/pages\/839\/revisions"}],"wp:featuredmedia":[{"embeddable":true,"href":"https:\/\/troeger-services.com\/en\/wp-json\/wp\/v2\/media\/3345"}],"wp:attachment":[{"href":"https:\/\/troeger-services.com\/en\/wp-json\/wp\/v2\/media?parent=839"}],"wp:term":[{"taxonomy":"category","embeddable":true,"href":"https:\/\/troeger-services.com\/en\/wp-json\/wp\/v2\/categories?post=839"},{"taxonomy":"post_tag","embeddable":true,"href":"https:\/\/troeger-services.com\/en\/wp-json\/wp\/v2\/tags?post=839"}],"curies":[{"name":"wp","href":"https:\/\/api.w.org\/{rel}","templated":true}]}}