{"id":2562,"date":"2023-12-15T00:47:39","date_gmt":"2023-12-14T23:47:39","guid":{"rendered":"https:\/\/troeger-services.com\/?page_id=2562"},"modified":"2024-07-05T00:46:13","modified_gmt":"2024-07-04T22:46:13","slug":"ihre-role-facility-manager","status":"publish","type":"page","link":"https:\/\/troeger-services.com\/es\/ihre-role-facility-manager\/","title":{"rendered":"Su papel Facility Manager y ITSM, ITOM y ESM."},"content":{"rendered":"<div class=\"row-full py-5 mb-12 wp-block-group eplus-wrapper is-layout-flow wp-block-group-is-layout-flow\">\n<div class=\"wp-block-group eplus-wrapper is-layout-flow wp-block-group-is-layout-flow\"><div class=\"container mx-auto py-6 grid grid-cols-1 md:grid-cols-2 wp-block-columns eplus-wrapper is-layout-flex wp-container-core-columns-is-layout-9d6595d7 wp-block-columns-is-layout-flex eplus-styles-uid-ae2e60\">\n<div class=\"lg:pr-8 xl:pr-12 order-2 md:order-1 wp-block-column is-vertically-aligned-center eplus-wrapper is-layout-flow wp-block-column-is-layout-flow\">\n<p class=\"sub-heading d-inline eplus-wrapper\">Cargo Director de instalaciones<\/p>\n\n\n\n<h1 class=\"text-2xl sm:text-3xl md:text-4xl mt-1 wp-block-heading eplus-wrapper\">Aumente la eficacia y ahorre tiempo para el trabajo real. Un portal para todas sus tareas. Automatice las tareas rutinarias y deje de hacer del papeleo la tarea principal de su trabajo. Enterprise Service Management (ESM) puede hacer esto y mucho m\u00e1s por usted. <\/h1>\n\n\n\n<p class=\"eplus-wrapper\"><\/p>\n\n\n\n<div class=\"wp-block-buttons eplus-wrapper is-layout-flex wp-block-buttons-is-layout-flex\"><div class=\"my-5 shadow-xl hover:shadow-lg btn-secondary bg-secondary wp-block-button eplus-wrapper eplus-styles-uid-34db0f\"><a class=\"wp-block-button__link wp-element-button\" href=\"https:\/\/outlook.office365.com\/owa\/calendar\/TITBCGesprchsanfragemitAndrTrger@titbc.onmicrosoft.com\/bookings\/\" style=\"border-radius:0px\" target=\"_blank\" rel=\"noreferrer noopener\">Solicitar una consulta inicial<\/a><\/div><\/div>\n<\/div>\n\n\n\n<div class=\"flex justify-center py-12 order-1 md:order-2 wp-block-column eplus-wrapper is-layout-flow wp-block-column-is-layout-flow\">\n<figure class=\"wp-block-image size-full eplus-wrapper\"><img loading=\"lazy\" decoding=\"async\" width=\"545\" height=\"253\" src=\"https:\/\/troeger-services.com\/wp-content\/uploads\/2021\/10\/analysen.png\" alt=\"An\u00e1lisis pertinentes para la acci\u00f3n Gr\u00e1fico\" class=\"wp-image-1493\" title=\"\" srcset=\"https:\/\/troeger-services.com\/wp-content\/uploads\/2021\/10\/analysen.png 545w, https:\/\/troeger-services.com\/wp-content\/uploads\/2021\/10\/analysen-300x139.png 300w\" sizes=\"auto, (max-width: 545px) 100vw, 545px\" \/><\/figure>\n<\/div>\n<\/div><\/div>\n<\/div>\n\n\n\n<div class=\"wp-block-group eplus-wrapper is-layout-constrained wp-block-group-is-layout-constrained\">\n<p class=\"eplus-wrapper\"><\/p>\n\n\n<h2 class=\"wp-block-heading has-text-align-center eplus-wrapper eplus-styles-uid-b40465\">Los gestores de instalaciones se enfrentan a los mismos retos en todas partes.<\/h2>\n\n\n<p class=\"eplus-wrapper\"><\/p>\n<\/div>\n\n\n<div class=\"iconblock grid grid-cols-1 gap-12 sm:gap-20 md:grid-cols-3 md:gap-8 lg:gap-24 xl:gap-44 mt-8 wp-block-columns has-white-color has-blau-background-color has-text-color has-background has-link-color eplus-wrapper wp-elements-9c6813c3957cb71e60606f89b8995a11 is-layout-flex wp-container-core-columns-is-layout-9d6595d7 wp-block-columns-is-layout-flex eplus-styles-uid-823e04\">\n<div class=\"wp-block-column eplus-wrapper is-layout-flow wp-block-column-is-layout-flow\">\n<figure class=\"wp-block-image aligncenter size-full eplus-wrapper\"><img loading=\"lazy\" decoding=\"async\" width=\"101\" height=\"101\" src=\"https:\/\/troeger-services.com\/wp-content\/uploads\/2023\/12\/TITBC_Icons_General-Dark-Purple_Repair.png\" alt=\"\" class=\"wp-image-2489\" title=\"\" srcset=\"https:\/\/troeger-services.com\/wp-content\/uploads\/2023\/12\/TITBC_Icons_General-Dark-Purple_Repair.png 101w, https:\/\/troeger-services.com\/wp-content\/uploads\/2023\/12\/TITBC_Icons_General-Dark-Purple_Repair-12x12.png 12w\" sizes=\"auto, (max-width: 101px) 100vw, 101px\" \/><\/figure>\n\n\n\n<p class=\"mb-2 mt-6 text-2xl has-text-align-center eplus-wrapper\"><strong>Sistemas demasiado complejos<br><\/strong><meta charset=\"utf-8\"><meta charset=\"utf-8\"><\/p>\n\n\n\n<p class=\"text-xl has-text-align-center has-white-color has-text-color has-link-color eplus-wrapper wp-elements-c936572299f5d34e0cf90cbcfd2b1d00\">Sin un panel de control sencillo para todas las solicitudes, es f\u00e1cil que las tareas y solicitudes se acumulen y se olviden.<\/p>\n<\/div>\n\n\n\n<div class=\"wp-block-column eplus-wrapper is-layout-flow wp-block-column-is-layout-flow\">\n<figure class=\"wp-block-image aligncenter size-full eplus-wrapper\"><img loading=\"lazy\" decoding=\"async\" width=\"101\" height=\"100\" src=\"https:\/\/troeger-services.com\/wp-content\/uploads\/2023\/12\/TITBC_Icons_General-Dark-Purple_Hourglass.png\" alt=\"\" class=\"wp-image-2498\" title=\"\" srcset=\"https:\/\/troeger-services.com\/wp-content\/uploads\/2023\/12\/TITBC_Icons_General-Dark-Purple_Hourglass.png 101w, https:\/\/troeger-services.com\/wp-content\/uploads\/2023\/12\/TITBC_Icons_General-Dark-Purple_Hourglass-12x12.png 12w\" sizes=\"auto, (max-width: 101px) 100vw, 101px\" \/><\/figure>\n\n\n\n<p class=\"mb-2 mt-6 text-2xl has-text-align-center eplus-wrapper\"><meta charset=\"utf-8\"><strong>Tiempo perdido con la organizaci\u00f3n<\/strong><\/p>\n\n\n\n<p class=\"text-xl has-text-align-center has-white-color has-text-color has-link-color eplus-wrapper wp-elements-195f5967dc520cf06338d0aaef728337\">Los usuarios finales se esfuerzan por encontrar soluciones a problemas b\u00e1sicos, con lo que pierden un valioso tiempo de gesti\u00f3n.<\/p>\n<\/div>\n\n\n\n<div class=\"wp-block-column eplus-wrapper is-layout-flow wp-block-column-is-layout-flow\">\n<figure class=\"wp-block-image aligncenter size-full eplus-wrapper\"><img loading=\"lazy\" decoding=\"async\" width=\"101\" height=\"101\" src=\"https:\/\/troeger-services.com\/wp-content\/uploads\/2023\/12\/TITBC_Icons_General-Dark-Purple_Reoccuring.png\" alt=\"\" class=\"wp-image-2490\" title=\"\" srcset=\"https:\/\/troeger-services.com\/wp-content\/uploads\/2023\/12\/TITBC_Icons_General-Dark-Purple_Reoccuring.png 101w, https:\/\/troeger-services.com\/wp-content\/uploads\/2023\/12\/TITBC_Icons_General-Dark-Purple_Reoccuring-12x12.png 12w\" sizes=\"auto, (max-width: 101px) 100vw, 101px\" \/><\/figure>\n\n\n\n<p class=\"mb-2 mt-6 text-2xl has-text-align-center eplus-wrapper\"><meta charset=\"utf-8\"><strong>Tareas repetitivas en el d\u00eda a d\u00eda<br><\/strong><meta charset=\"utf-8\"><\/p>\n\n\n\n<p class=\"text-xl has-text-align-center has-white-color has-text-color has-link-color eplus-wrapper wp-elements-fdf64f987048085739848001ba45a468\">Los gestores de instalaciones atienden las mismas solicitudes d\u00eda tras d\u00eda, con la consiguiente p\u00e9rdida de tiempo para todos.<\/p>\n<\/div>\n<\/div>\n\n\n<div class=\"wp-block-group eplus-wrapper is-layout-constrained wp-block-group-is-layout-constrained\">\n<div style=\"height:21px\" aria-hidden=\"true\" class=\"wp-block-spacer eplus-wrapper\"><\/div>\n\n\n\n<figure class=\"wp-block-image aligncenter size-full is-resized eplus-wrapper\"><img loading=\"lazy\" decoding=\"async\" width=\"147\" height=\"150\" src=\"https:\/\/troeger-services.com\/wp-content\/uploads\/2023\/12\/tibc_logo_1zeilig_rgb-1-e1702089590391.png\" alt=\"El logotipo de la empresa TITBC, los expertos en ITSM, ITOM, ESM. Los \u00fanicos expertos que incorporan todas las perspectivas para su \u00e9xito garantizado.\" class=\"wp-image-1985\" style=\"object-fit:cover;width:75px;height:75px\" title=\"\"><\/figure>\n<\/div>\n\n\n\n<div style=\"height:32px\" aria-hidden=\"true\" class=\"wp-block-spacer eplus-wrapper\"><\/div>\n\n\n\n\n\n\n\n\n\n\n\n\n\n\n\n\n\n<\/p>\n\n\n\n<div class=\"wp-block-media-text is-stacked-on-mobile eplus-wrapper\"><figure class=\"wp-block-media-text__media\"><video controls src=\"https:\/\/troeger-services.com\/wp-content\/uploads\/2023\/12\/unterschied-itsm-itom-esm-erklaert-en.mp4\"><\/video><\/figure><div class=\"wp-block-media-text__content\"><p class=\"sub-heading d-inline eplus-wrapper eplus-styles-uid-a62243\"><strong>EXPLICACI\u00d3N DE LAS DIFERENCIAS ENTRE ITSM, ESM E ITOM.<\/strong><\/p>\n\n\n<p class=\"eplus-wrapper\"><\/p>\n\n\n<p class=\"text-lg eplus-wrapper eplus-styles-uid-fe641a\">En este v\u00eddeo me gustar\u00eda explicar las diferencias entre la gesti\u00f3n de servicios de TI, la gesti\u00f3n de servicios empresariales y la gesti\u00f3n de operaciones de TI.<\/p><\/div><\/div>\n\n\n<p>\n\n\n\n<div class=\"wp-block-group eplus-wrapper is-layout-constrained wp-block-group-is-layout-constrained\">\n<div style=\"height:21px\" aria-hidden=\"true\" class=\"wp-block-spacer eplus-wrapper\"><\/div>\n\n\n\n<figure class=\"wp-block-image aligncenter size-full is-resized eplus-wrapper\"><img loading=\"lazy\" decoding=\"async\" width=\"147\" height=\"150\" src=\"https:\/\/troeger-services.com\/wp-content\/uploads\/2023\/12\/tibc_logo_1zeilig_rgb-1-e1702089590391.png\" alt=\"El logotipo de la empresa TITBC, los expertos en ITSM, ITOM, ESM. Los \u00fanicos expertos que incorporan todas las perspectivas para su \u00e9xito garantizado.\" class=\"wp-image-1985\" style=\"object-fit:cover;width:75px;height:75px\" title=\"\"><\/figure>\n<\/div>\n\n\n\n<div style=\"height:32px\" aria-hidden=\"true\" class=\"wp-block-spacer eplus-wrapper\"><\/div>\n\n\n\n<p class=\"eplus-wrapper\"><\/p>\n\n\n<h2 class=\"wp-block-heading has-text-align-center eplus-wrapper eplus-styles-uid-b40465\">D\u00e9 tiempo y libertad a los equipos de sus instalaciones y garantice una mejor experiencia de servicio para todos.<\/h2>\n\n\n<p class=\"eplus-wrapper\"><\/p>\n\n\n<div class=\"iconblock grid grid-cols-1 gap-12 sm:gap-20 md:grid-cols-3 md:gap-8 lg:gap-24 xl:gap-44 mt-8 wp-block-columns has-white-color has-blau-background-color has-text-color has-background has-link-color eplus-wrapper wp-elements-fc0ee5f3ffb734c23145f3882ea52ba2 is-layout-flex wp-container-core-columns-is-layout-9d6595d7 wp-block-columns-is-layout-flex eplus-styles-uid-19590f\">\n<div class=\"wp-block-column eplus-wrapper is-layout-flow wp-block-column-is-layout-flow\">\n<figure class=\"wp-block-image aligncenter size-full eplus-wrapper\"><img loading=\"lazy\" decoding=\"async\" width=\"101\" height=\"101\" src=\"https:\/\/troeger-services.com\/wp-content\/uploads\/2023\/12\/TITBC_Icons_General-Dark-Purple_Asset.png\" alt=\"\" class=\"wp-image-2505\" title=\"\" srcset=\"https:\/\/troeger-services.com\/wp-content\/uploads\/2023\/12\/TITBC_Icons_General-Dark-Purple_Asset.png 101w, https:\/\/troeger-services.com\/wp-content\/uploads\/2023\/12\/TITBC_Icons_General-Dark-Purple_Asset-12x12.png 12w\" sizes=\"auto, (max-width: 101px) 100vw, 101px\" \/><\/figure>\n\n\n\n<p class=\"mb-2 mt-6 text-2xl has-text-align-center eplus-wrapper\"><strong>Simplifique sus sistemas<br><\/strong><meta charset=\"utf-8\"><\/p>\n\n\n\n<p class=\"text-xl has-text-align-center eplus-wrapper\"><meta charset=\"utf-8\">Gestione todas las solicitudes de servicio en un solo lugar para no olvidarse de las tareas importantes.<\/p>\n<\/div>\n\n\n\n<div class=\"wp-block-column eplus-wrapper is-layout-flow wp-block-column-is-layout-flow\">\n<figure class=\"wp-block-image aligncenter size-full eplus-wrapper\"><img loading=\"lazy\" decoding=\"async\" width=\"101\" height=\"101\" src=\"https:\/\/troeger-services.com\/wp-content\/uploads\/2023\/12\/TITBC_Icons_General-Dark-Purple_Reoccuring.png\" alt=\"\" class=\"wp-image-2490\" title=\"\" srcset=\"https:\/\/troeger-services.com\/wp-content\/uploads\/2023\/12\/TITBC_Icons_General-Dark-Purple_Reoccuring.png 101w, https:\/\/troeger-services.com\/wp-content\/uploads\/2023\/12\/TITBC_Icons_General-Dark-Purple_Reoccuring-12x12.png 12w\" sizes=\"auto, (max-width: 101px) 100vw, 101px\" \/><\/figure>\n\n\n\n<p class=\"mb-2 mt-6 text-2xl has-text-align-center eplus-wrapper\"><meta charset=\"utf-8\"><strong>Automatice las solicitudes frecuentes<\/strong><\/p>\n\n\n\n<p class=\"text-xl has-text-align-center has-white-color has-text-color has-link-color eplus-wrapper wp-elements-6b65f5ae57876cb7c3ca87c2a50b0254\">Automatice las solicitudes habituales, como el registro de problemas, la reserva de salas de reuniones o el pedido de consumibles, y reduzca su carga de trabajo.<\/p>\n<\/div>\n\n\n\n<div class=\"wp-block-column eplus-wrapper is-layout-flow wp-block-column-is-layout-flow\">\n<figure class=\"wp-block-image aligncenter size-full eplus-wrapper\"><img loading=\"lazy\" decoding=\"async\" width=\"101\" height=\"101\" src=\"https:\/\/troeger-services.com\/wp-content\/uploads\/2023\/12\/TITBC_Icons_General-Dark-Purple_Support.png\" alt=\"\" class=\"wp-image-2506\" title=\"\" srcset=\"https:\/\/troeger-services.com\/wp-content\/uploads\/2023\/12\/TITBC_Icons_General-Dark-Purple_Support.png 101w, https:\/\/troeger-services.com\/wp-content\/uploads\/2023\/12\/TITBC_Icons_General-Dark-Purple_Support-12x12.png 12w\" sizes=\"auto, (max-width: 101px) 100vw, 101px\" \/><\/figure>\n\n\n\n<p class=\"mb-2 mt-6 text-2xl has-text-align-center eplus-wrapper\"><meta charset=\"utf-8\"><strong>Eliminar solicitudes innecesarias<br><\/strong><meta charset=\"utf-8\"><\/p>\n\n\n\n<p class=\"text-xl has-text-align-center eplus-wrapper\">Cree una base de datos de preguntas frecuentes para que sus empleados puedan encontrar soluciones a sus propios problemas y reducir las solicitudes de servicio innecesarias.<\/p>\n<\/div>\n<\/div>\n\n<div class=\"iconblock grid grid-cols-1 gap-12 sm:gap-20 md:grid-cols-3 md:gap-8 lg:gap-24 xl:gap-44 mt-8 wp-block-columns has-white-color has-blau-background-color has-text-color has-background has-link-color eplus-wrapper wp-elements-abe7539ce933618a9dfacc4c0ac3a426 is-layout-flex wp-container-core-columns-is-layout-9d6595d7 wp-block-columns-is-layout-flex eplus-styles-uid-d4434a\">\n<div class=\"wp-block-column eplus-wrapper is-layout-flow wp-block-column-is-layout-flow\">\n<figure class=\"wp-block-image aligncenter size-full eplus-wrapper\"><img loading=\"lazy\" decoding=\"async\" width=\"101\" height=\"101\" src=\"https:\/\/troeger-services.com\/wp-content\/uploads\/2023\/12\/TITBC_FunctionalityDarkPurpleSelfService.png\" alt=\"\" class=\"wp-image-2507\" title=\"\" srcset=\"https:\/\/troeger-services.com\/wp-content\/uploads\/2023\/12\/TITBC_FunctionalityDarkPurpleSelfService.png 101w, https:\/\/troeger-services.com\/wp-content\/uploads\/2023\/12\/TITBC_FunctionalityDarkPurpleSelfService-12x12.png 12w\" sizes=\"auto, (max-width: 101px) 100vw, 101px\" \/><\/figure>\n\n\n\n<p class=\"mb-2 mt-6 text-2xl has-text-align-center eplus-wrapper\"><strong>Ahorrar valiosos recursos<br><\/strong><meta charset=\"utf-8\"><meta charset=\"utf-8\"><\/p>\n\n\n\n<p class=\"text-xl has-text-align-center has-white-color has-text-color has-link-color eplus-wrapper wp-elements-a8c616b0fbd267a0ef7979144250405c\">Libere a los directivos de peticiones reactivas y repetitivas y d\u00e9les libertad para pensar estrat\u00e9gicamente.<\/p>\n<\/div>\n\n\n\n<div class=\"wp-block-column eplus-wrapper is-layout-flow wp-block-column-is-layout-flow\">\n<figure class=\"wp-block-image aligncenter size-full eplus-wrapper\"><img loading=\"lazy\" decoding=\"async\" width=\"101\" height=\"100\" src=\"https:\/\/troeger-services.com\/wp-content\/uploads\/2023\/12\/TITBC_Icons_General-Dark-Purple_Segmented.png\" alt=\"\" class=\"wp-image-2486\" title=\"\" srcset=\"https:\/\/troeger-services.com\/wp-content\/uploads\/2023\/12\/TITBC_Icons_General-Dark-Purple_Segmented.png 101w, https:\/\/troeger-services.com\/wp-content\/uploads\/2023\/12\/TITBC_Icons_General-Dark-Purple_Segmented-12x12.png 12w\" sizes=\"auto, (max-width: 101px) 100vw, 101px\" \/><\/figure>\n\n\n\n<p class=\"mb-2 mt-6 text-2xl has-text-align-center eplus-wrapper\"><meta charset=\"utf-8\"><strong>Permitir una delegaci\u00f3n eficaz<\/strong><\/p>\n\n\n\n<p class=\"text-xl has-text-align-center has-white-color has-text-color has-link-color eplus-wrapper wp-elements-595ba623aa85193c25df63b194ad7f99\">Asigne tareas y establezca calendarios en cuesti\u00f3n de segundos, con total visibilidad de qui\u00e9n tiene capacidad para realizar el trabajo.<\/p>\n<\/div>\n\n\n\n<div class=\"wp-block-column eplus-wrapper is-layout-flow wp-block-column-is-layout-flow\">\n<figure class=\"wp-block-image aligncenter size-full eplus-wrapper\"><img loading=\"lazy\" decoding=\"async\" width=\"101\" height=\"101\" src=\"https:\/\/troeger-services.com\/wp-content\/uploads\/2023\/12\/TITBC_Icons_Industry-Specific-Dark-Purple_Medical-Devices.png\" alt=\"\" class=\"wp-image-2481\" title=\"\" srcset=\"https:\/\/troeger-services.com\/wp-content\/uploads\/2023\/12\/TITBC_Icons_Industry-Specific-Dark-Purple_Medical-Devices.png 101w, https:\/\/troeger-services.com\/wp-content\/uploads\/2023\/12\/TITBC_Icons_Industry-Specific-Dark-Purple_Medical-Devices-12x12.png 12w\" sizes=\"auto, (max-width: 101px) 100vw, 101px\" \/><\/figure>\n\n\n\n<p class=\"mb-2 mt-6 text-2xl has-text-align-center eplus-wrapper\"><meta charset=\"utf-8\"><strong>Obtener informaci\u00f3n precisa<br><\/strong><meta charset=\"utf-8\"><\/p>\n\n\n\n<p class=\"text-xl has-text-align-center has-white-color has-text-color has-link-color eplus-wrapper wp-elements-f4c11d160700693acf074c767490ab4d\">Identifique y elimine el despilfarro y gane m\u00e1s tiempo para crear un espacio de trabajo optimizado con completas funciones de elaboraci\u00f3n de informes.<\/p>\n<\/div>\n<\/div>\n\n\n<div class=\"wp-block-buttons eplus-wrapper is-layout-flex wp-block-buttons-is-layout-flex\"><div class=\"my-5 shadow-xl hover:shadow-lg btn-secondary bg-secondary wp-block-button eplus-wrapper eplus-styles-uid-a46228\"><a class=\"wp-block-button__link wp-element-button\" href=\"https:\/\/outlook.office365.com\/owa\/calendar\/TITBCGesprchsanfragemitAndrTrger@titbc.onmicrosoft.com\/bookings\/\" style=\"border-radius:0px\" target=\"_blank\" rel=\"noreferrer noopener\">Solicitar una consulta inicial<\/a><\/div><\/div>\n\n\n\n<div class=\"wp-block-group eplus-wrapper is-layout-constrained wp-block-group-is-layout-constrained\"><\/div>","protected":false},"excerpt":{"rendered":"<p>Rolle Facility Manager Effizienzsteigerung und Zeitgewinn f\u00fcr die eigentliche Arbeit. Ein Portal f\u00fcr alle Ihrer Aufgaben. Routineaufgaben automatisieren und die Formalit\u00e4ten nicht mehr als Hauptaufgabe Ihrer Aufgaben. Enterprise Service Management (ESM) kann dies und noch mehr f\u00fcr Sie erledigen. Facility Manager haben \u00fcberall mit den gleichen Herausforderungen zu k\u00e4mpfen! \u00dcberkomplexe Systeme Ohne ein einfaches Dashboard [&hellip;]<\/p>\n","protected":false},"author":4,"featured_media":3399,"parent":0,"menu_order":0,"comment_status":"closed","ping_status":"closed","template":"","meta":{"editor_plus_copied_stylings":"{}","_themeisle_gutenberg_block_has_review":false,"footnotes":"","_links_to":"","_links_to_target":""},"categories":[1,14],"tags":[20,23,45,21,47,49,51,42,22,53,57,43,41,19,18,59,44,46,25,55,48,50,52,54,61,58,60,56,26],"class_list":["post-2562","page","type-page","status-publish","has-post-thumbnail","hentry","category-allgemein","category-blog","tag-esm","tag-assyst","tag-availability-management","tag-blog","tag-capacity-and-performance-management","tag-change-enablement","tag-deployment-management","tag-enterprise-service-management","tag-ifs","tag-incident-management","tag-it-asset-management","tag-it-operations-management","tag-it-service-management","tag-itom","tag-itsm","tag-knowledge-management","tag-micro-focus","tag-monitoring-and-event-management","tag-opentext","tag-problem-management","tag-release-management","tag-service-catalog-management","tag-service-configuration-management","tag-service-continuity-management","tag-service-desk","tag-service-financial-management","tag-service-level-management","tag-service-request-management","tag-smax"],"_links":{"self":[{"href":"https:\/\/troeger-services.com\/es\/wp-json\/wp\/v2\/pages\/2562","targetHints":{"allow":["GET"]}}],"collection":[{"href":"https:\/\/troeger-services.com\/es\/wp-json\/wp\/v2\/pages"}],"about":[{"href":"https:\/\/troeger-services.com\/es\/wp-json\/wp\/v2\/types\/page"}],"author":[{"embeddable":true,"href":"https:\/\/troeger-services.com\/es\/wp-json\/wp\/v2\/users\/4"}],"replies":[{"embeddable":true,"href":"https:\/\/troeger-services.com\/es\/wp-json\/wp\/v2\/comments?post=2562"}],"version-history":[{"count":0,"href":"https:\/\/troeger-services.com\/es\/wp-json\/wp\/v2\/pages\/2562\/revisions"}],"wp:featuredmedia":[{"embeddable":true,"href":"https:\/\/troeger-services.com\/es\/wp-json\/wp\/v2\/media\/3399"}],"wp:attachment":[{"href":"https:\/\/troeger-services.com\/es\/wp-json\/wp\/v2\/media?parent=2562"}],"wp:term":[{"taxonomy":"category","embeddable":true,"href":"https:\/\/troeger-services.com\/es\/wp-json\/wp\/v2\/categories?post=2562"},{"taxonomy":"post_tag","embeddable":true,"href":"https:\/\/troeger-services.com\/es\/wp-json\/wp\/v2\/tags?post=2562"}],"curies":[{"name":"wp","href":"https:\/\/api.w.org\/{rel}","templated":true}]}}