{"id":2572,"date":"2023-12-15T02:08:59","date_gmt":"2023-12-15T01:08:59","guid":{"rendered":"https:\/\/troeger-services.com\/?page_id=2572"},"modified":"2024-07-05T05:12:42","modified_gmt":"2024-07-05T03:12:42","slug":"mejorar-la-experiencia-de-servicio","status":"publish","type":"page","link":"https:\/\/troeger-services.com\/es\/mejorar-la-experiencia-de-servicio\/","title":{"rendered":"Descubra una experiencia de servicio mejorada gracias a ITSM"},"content":{"rendered":"<div class=\"row-full py-5 mb-12 eplus-wrapper wp-block-group is-layout-flow wp-block-group-is-layout-flow\">\n<div class=\"eplus-wrapper wp-block-group is-layout-flow wp-block-group-is-layout-flow\"><div class=\"container mx-auto py-6 grid grid-cols-1 md:grid-cols-2 eplus-wrapper wp-block-columns is-layout-flex wp-container-core-columns-is-layout-9d6595d7 wp-block-columns-is-layout-flex eplus-styles-uid-ffa728\">\n<div class=\"lg:pr-8 xl:pr-12 order-2 md:order-1 eplus-wrapper wp-block-column is-vertically-aligned-center is-layout-flow wp-block-column-is-layout-flow\"><p class=\"sub-heading d-inline eplus-wrapper eplus-styles-uid-a62243\">Descubra una experiencia de servicio mejorada gracias a ITSM<\/p>\n\n\n<h1 class=\"text-2xl sm:text-3xl md:text-4xl mt-1 eplus-wrapper wp-block-heading\">Descubra una mejor experiencia de servicio para sus clientes, empleados y proveedores. Sienta las bases de su crecimiento con un proceso eficiente y armonizado. ITSM, ITOM y ESM lo hacen por usted<\/h1>\n\n\n\n<p class=\"eplus-wrapper\"><\/p>\n\n\n\n<div class=\"eplus-wrapper wp-block-buttons is-layout-flex wp-block-buttons-is-layout-flex\"><div class=\"my-5 shadow-xl hover:shadow-lg btn-secondary bg-secondary eplus-wrapper wp-block-button eplus-styles-uid-0c3097\"><a class=\"wp-block-button__link wp-element-button\" href=\"https:\/\/outlook.office365.com\/owa\/calendar\/TITBCGesprchsanfragemitAndrTrger@titbc.onmicrosoft.com\/bookings\/\" style=\"border-radius:0px\" target=\"_blank\" rel=\"noreferrer noopener\">Solicitar una consulta inicial<\/a><\/div><\/div>\n<\/div>\n\n\n\n<div class=\"flex justify-center py-12 order-1 md:order-2 eplus-wrapper wp-block-column is-layout-flow wp-block-column-is-layout-flow\">\n<figure class=\"eplus-wrapper wp-block-image size-full\"><img loading=\"lazy\" decoding=\"async\" width=\"545\" height=\"253\" src=\"https:\/\/troeger-services.com\/wp-content\/uploads\/2021\/10\/analysen.png\" alt=\"An\u00e1lisis pertinentes para la acci\u00f3n Gr\u00e1fico\" class=\"wp-image-1493\" title=\"\" srcset=\"https:\/\/troeger-services.com\/wp-content\/uploads\/2021\/10\/analysen.png 545w, https:\/\/troeger-services.com\/wp-content\/uploads\/2021\/10\/analysen-300x139.png 300w\" sizes=\"auto, (max-width: 545px) 100vw, 545px\" \/><\/figure>\n<\/div>\n<\/div><\/div>\n<\/div>\n\n\n\n<div class=\"eplus-wrapper wp-block-group is-layout-constrained wp-block-group-is-layout-constrained\">\n<p class=\"eplus-wrapper\"><\/p>\n\n\n<h2 class=\"eplus-wrapper wp-block-heading has-text-align-center eplus-styles-uid-5ad16f\">Los equipos de TI est\u00e1n inundados de solicitudes de servicio. Devu\u00e9lvales la responsabilidad del servicio y proporcione una mejor experiencia para todos.Los equipos de TI est\u00e1n inundados de solicitudes de servicio. Devu\u00e9lveles la responsabilidad del servicio y crea una mejor experiencia para todos.<\/h2>\n\n\n<p class=\"eplus-wrapper\"><\/p>\n<\/div>\n\n\n<div class=\"iconblock grid grid-cols-1 gap-12 sm:gap-20 md:grid-cols-3 md:gap-8 lg:gap-24 xl:gap-44 mt-8 eplus-wrapper wp-block-columns has-white-color has-blau-background-color has-text-color has-background has-link-color wp-elements-475950bb4b85d0f412886d76fe02b994 is-layout-flex wp-container-core-columns-is-layout-9d6595d7 wp-block-columns-is-layout-flex eplus-styles-uid-752759\">\n<div class=\"eplus-wrapper wp-block-column is-layout-flow wp-block-column-is-layout-flow\">\n<figure class=\"eplus-wrapper wp-block-image aligncenter size-full\"><img loading=\"lazy\" decoding=\"async\" width=\"80\" height=\"80\" src=\"https:\/\/troeger-services.com\/wp-content\/uploads\/2021\/07\/icon-industry.png\" alt=\"Icono Estudio de caso Industria\" class=\"wp-image-902\" title=\"\"><\/figure>\n\n\n\n<p class=\"mb-2 mt-6 text-2xl has-text-align-center eplus-wrapper\"><strong>Automatizar servicios<\/strong><meta charset=\"utf-8\"><meta charset=\"utf-8\"><\/p>\n\n\n\n<p class=\"text-xl eplus-wrapper has-text-align-center has-white-color has-text-color has-link-color wp-elements-2a2628959ad879ed43921b2ef06f9735\">Con la automatizaci\u00f3n del autoservicio, usted asume la responsabilidad de su tecnolog\u00eda y dispone de m\u00e1s tiempo para lo esencial.<\/p>\n<\/div>\n\n\n\n<div class=\"eplus-wrapper wp-block-column is-layout-flow wp-block-column-is-layout-flow\">\n<figure class=\"eplus-wrapper wp-block-image aligncenter size-full\"><img loading=\"lazy\" decoding=\"async\" width=\"80\" height=\"84\" src=\"https:\/\/troeger-services.com\/wp-content\/uploads\/2021\/07\/icon-use-case.png\" alt=\"Caso pr\u00e1ctico del icono\" class=\"wp-image-904\" title=\"\"><\/figure>\n\n\n\n<p class=\"mb-2 mt-6 text-2xl has-text-align-center eplus-wrapper\"><meta charset=\"utf-8\"><strong>Facilitar la innovaci\u00f3n<\/strong><\/p>\n\n\n\n<p class=\"text-xl eplus-wrapper has-text-align-center has-white-color has-text-color has-link-color wp-elements-a35fbe45273d63f101730ac86757637a\">Poner a los usuarios finales a cargo de sus propias herramientas y tecnolog\u00edas y democratizar la innovaci\u00f3n.<\/p>\n<\/div>\n\n\n\n<div class=\"eplus-wrapper wp-block-column is-layout-flow wp-block-column-is-layout-flow\">\n<figure class=\"eplus-wrapper wp-block-image aligncenter size-full\"><img loading=\"lazy\" decoding=\"async\" width=\"80\" height=\"80\" src=\"https:\/\/troeger-services.com\/wp-content\/uploads\/2021\/07\/icon-zeitraum.png\" alt=\"Icono Periodo del proyecto\" class=\"wp-image-905\" title=\"\"><\/figure>\n\n\n\n<p class=\"mb-2 mt-6 text-2xl has-text-align-center eplus-wrapper\"><meta charset=\"utf-8\"><strong>Simplificar la administraci\u00f3n<\/strong><meta charset=\"utf-8\"><\/p>\n\n\n\n<p class=\"text-xl eplus-wrapper has-text-align-center has-white-color has-text-color has-link-color wp-elements-e1cda33c6cc0291b52d57506d946ff44\">Lib\u00e9rese de procesos cotidianos como el cumplimiento normativo y la facturaci\u00f3n. Conc\u00e9ntrese en lo esencial.<\/p>\n<\/div>\n<\/div>\n\n\n<div class=\"wp-block-group eplus-wrapper is-layout-constrained wp-block-group-is-layout-constrained\">\n<div style=\"height:21px\" aria-hidden=\"true\" class=\"wp-block-spacer eplus-wrapper\"><\/div>\n\n\n\n<figure class=\"wp-block-image aligncenter size-full is-resized eplus-wrapper\"><img loading=\"lazy\" decoding=\"async\" width=\"147\" height=\"150\" src=\"https:\/\/troeger-services.com\/wp-content\/uploads\/2023\/12\/tibc_logo_1zeilig_rgb-1-e1702089590391.png\" alt=\"El logotipo de la empresa TITBC, los expertos en ITSM, ITOM, ESM. Los \u00fanicos expertos que incorporan todas las perspectivas para su \u00e9xito garantizado.\" class=\"wp-image-1985\" style=\"object-fit:cover;width:75px;height:75px\" title=\"\"><\/figure>\n<\/div>\n\n\n\n<div style=\"height:32px\" aria-hidden=\"true\" class=\"wp-block-spacer eplus-wrapper\"><\/div>\n\n\n\n\n\n\n\n\n\n\n\n\n\n\n\n\n\n\n\n\n\n<div class=\"wp-block-group eplus-wrapper is-layout-constrained wp-block-group-is-layout-constrained\">\n<div style=\"height:21px\" aria-hidden=\"true\" class=\"wp-block-spacer eplus-wrapper\"><\/div>\n\n\n\n<figure class=\"wp-block-image aligncenter size-full is-resized eplus-wrapper\"><img loading=\"lazy\" decoding=\"async\" width=\"147\" height=\"150\" src=\"https:\/\/troeger-services.com\/wp-content\/uploads\/2023\/12\/tibc_logo_1zeilig_rgb-1-e1702089590391.png\" alt=\"El logotipo de la empresa TITBC, los expertos en ITSM, ITOM, ESM. Los \u00fanicos expertos que incorporan todas las perspectivas para su \u00e9xito garantizado.\" class=\"wp-image-1985\" style=\"object-fit:cover;width:75px;height:75px\" title=\"\"><\/figure>\n<\/div>\n\n\n\n<div style=\"height:32px\" aria-hidden=\"true\" class=\"wp-block-spacer eplus-wrapper\"><\/div>\n\n\n\n<p class=\"eplus-wrapper\"><\/p>\n\n\n<h2 class=\"eplus-wrapper wp-block-heading has-text-align-center eplus-styles-uid-5ad16f\">Ayudar a los clientes a alcanzar sus objetivos empresariales<\/h2>\n\n\n<p class=\"eplus-wrapper\"><\/p>\n\n\n\n<div class=\"wp-block-group eplus-wrapper is-layout-constrained wp-block-group-is-layout-constrained\">\n<div style=\"height:21px\" aria-hidden=\"true\" class=\"wp-block-spacer eplus-wrapper\"><\/div>\n\n\n\n<figure class=\"wp-block-image aligncenter size-full is-resized eplus-wrapper\"><img loading=\"lazy\" decoding=\"async\" width=\"147\" height=\"150\" src=\"https:\/\/troeger-services.com\/wp-content\/uploads\/2023\/12\/tibc_logo_1zeilig_rgb-1-e1702089590391.png\" alt=\"El logotipo de la empresa TITBC, los expertos en ITSM, ITOM, ESM. Los \u00fanicos expertos que incorporan todas las perspectivas para su \u00e9xito garantizado.\" class=\"wp-image-1985\" style=\"object-fit:cover;width:75px;height:75px\" title=\"\"><\/figure>\n<\/div>\n\n\n\n<div style=\"height:32px\" aria-hidden=\"true\" class=\"wp-block-spacer eplus-wrapper\"><\/div>\n\n\n\n<div class=\"eplus-wrapper wp-block-group is-layout-constrained wp-block-group-is-layout-constrained\">\n<div style=\"height:74px\" aria-hidden=\"true\" class=\"eplus-wrapper wp-block-spacer\"><\/div>\n\n\n<div class=\"grid grid-cols-1 md:grid-cols-2 md:gap-4 eplus-wrapper wp-block-columns are-vertically-aligned-bottom is-layout-flex wp-container-core-columns-is-layout-9d6595d7 wp-block-columns-is-layout-flex eplus-styles-uid-7aa441\">\n<div class=\"order-2 md:order-1 eplus-wrapper wp-block-column is-vertically-aligned-center is-layout-flow wp-block-column-is-layout-flow\">\n<figure class=\"eplus-wrapper wp-block-image size-medium is-resized\"><img loading=\"lazy\" decoding=\"async\" width=\"300\" height=\"169\" alt=\"a group of gears on a black surface\" src=\"https:\/\/troeger-services.com\/wp-content\/uploads\/2023\/12\/tl-7-300x169.jpg\" class=\"wp-image-2066\" style=\"object-fit:cover;width:425px;height:284px\" title=\"\" srcset=\"https:\/\/troeger-services.com\/wp-content\/uploads\/2023\/12\/tl-7-300x169.jpg 300w, https:\/\/troeger-services.com\/wp-content\/uploads\/2023\/12\/tl-7-18x10.jpg 18w, https:\/\/troeger-services.com\/wp-content\/uploads\/2023\/12\/tl-7.jpg 550w\" sizes=\"auto, (max-width: 300px) 100vw, 300px\" \/><\/figure>\n<\/div>\n\n\n\n<div class=\"order-2 md:order-1 eplus-wrapper wp-block-column is-vertically-aligned-center is-layout-flow wp-block-column-is-layout-flow\"><p class=\"sub-heading d-inline eplus-wrapper has-medium-font-size eplus-styles-uid-a62243\"><strong>C\u00f3mo mejorar la experiencia de servicio con TITBC<\/strong><\/p>\n\n\n<p class=\"eplus-wrapper\"><\/p>\n\n\n<h2 class=\"eplus-wrapper wp-block-heading has-medium-font-size eplus-styles-uid-a62243\"><strong>La clave es el enfoque integrado de TITBC con todos nuestros fabricantes. <\/strong><\/h2>\n\n<p class=\"text-lg eplus-wrapper has-text-align-left eplus-styles-uid-fe641a\">En la vertiginosa econom\u00eda actual, alcanzar la excelencia es m\u00e1s importante que nunca. Los fabricantes se enfrentan a retos en t\u00e9rminos de eficiencia, cumplimiento y mantenimiento de una alta calidad. En este entorno, TITBC y la colaboraci\u00f3n innovadora con nuestros socios lideran el sector y revolucionan sus procesos empresariales.<\/p><\/div>\n<\/div>\n\n\n<figure class=\"eplus-wrapper wp-block-image aligncenter size-full is-resized\"><img loading=\"lazy\" decoding=\"async\" width=\"147\" height=\"150\" src=\"https:\/\/troeger-services.com\/wp-content\/uploads\/2023\/12\/tibc_logo_1zeilig_rgb-1-e1702089590391.png\" alt=\"El logotipo de la empresa TITBC, los expertos en ITSM, ITOM, ESM. Los \u00fanicos expertos que incorporan todas las perspectivas para su \u00e9xito garantizado.\" class=\"wp-image-1985\" style=\"object-fit:cover;width:75px;height:75px\" title=\"\"><\/figure>\n<\/div>\n\n\n\n<div class=\"eplus-wrapper wp-block-group is-layout-constrained wp-block-group-is-layout-constrained\"><div class=\"grid grid-cols-1 md:grid-cols-2 md:gap-4 eplus-wrapper wp-block-columns are-vertically-aligned-bottom is-layout-flex wp-container-core-columns-is-layout-9d6595d7 wp-block-columns-is-layout-flex eplus-styles-uid-8f9092\">\n<div class=\"order-2 md:order-1 eplus-wrapper wp-block-column is-vertically-aligned-center is-layout-flow wp-block-column-is-layout-flow\"><p class=\"sub-heading d-inline eplus-wrapper has-medium-font-size eplus-styles-uid-a62243\"><strong>Concentrarse en el trabajo realmente importante<\/strong><\/p>\n\n\n<p class=\"eplus-wrapper\"><\/p>\n\n\n<h2 class=\"eplus-wrapper wp-block-heading has-medium-font-size eplus-styles-uid-a62243\"><strong>Enfoque <\/strong>Puedes concentrarte en tu trabajo<\/h2>\n\n<p class=\"text-lg eplus-wrapper has-text-align-left eplus-styles-uid-fe641a\">Los equipos de servicios de TI suelen estar ocupados apagando fuegos o lidiando con problemas repetitivos. Las soluciones de gesti\u00f3n de servicios inform\u00e1ticos y empresariales le quitan de encima estas tareas que tanto tiempo consumen y ayudan a sus empleados a centrarse en los aspectos estrat\u00e9gicos de su trabajo.<\/p><\/div>\n\n\n\n<div class=\"flex justify-center py-12 order-1 md:order-2 eplus-wrapper wp-block-column is-vertically-aligned-center is-layout-flow wp-block-column-is-layout-flow\">\n<figure class=\"eplus-wrapper wp-block-image size-medium is-resized\"><img loading=\"lazy\" decoding=\"async\" width=\"300\" height=\"107\" alt=\"a machine with gears and wires\" src=\"https:\/\/troeger-services.com\/wp-content\/uploads\/2023\/12\/thumbnail_large-1-4-300x107.jpg\" class=\"wp-image-2044\" style=\"object-fit:cover;width:425px;height:284px\" title=\"\" srcset=\"https:\/\/troeger-services.com\/wp-content\/uploads\/2023\/12\/thumbnail_large-1-4-300x107.jpg 300w, https:\/\/troeger-services.com\/wp-content\/uploads\/2023\/12\/thumbnail_large-1-4-18x6.jpg 18w, https:\/\/troeger-services.com\/wp-content\/uploads\/2023\/12\/thumbnail_large-1-4.jpg 550w\" sizes=\"auto, (max-width: 300px) 100vw, 300px\" \/><\/figure>\n<\/div>\n<\/div>\n\n\n<figure class=\"eplus-wrapper wp-block-image aligncenter size-full is-resized\"><img loading=\"lazy\" decoding=\"async\" width=\"147\" height=\"150\" src=\"https:\/\/troeger-services.com\/wp-content\/uploads\/2023\/12\/tibc_logo_1zeilig_rgb-1-e1702089590391.png\" alt=\"El logotipo de la empresa TITBC, los expertos en ITSM, ITOM, ESM. Los \u00fanicos expertos que incorporan todas las perspectivas para su \u00e9xito garantizado.\" class=\"wp-image-1985\" style=\"object-fit:cover;width:75px;height:75px\" title=\"Logotipo TITBC\"\/><\/figure>\n<\/div>\n\n\n\n<div class=\"eplus-wrapper wp-block-group is-layout-constrained wp-block-group-is-layout-constrained\">\n<div style=\"height:74px\" aria-hidden=\"true\" class=\"eplus-wrapper wp-block-spacer\"><\/div>\n\n\n<div class=\"grid grid-cols-1 md:grid-cols-2 md:gap-4 eplus-wrapper wp-block-columns are-vertically-aligned-bottom is-layout-flex wp-container-core-columns-is-layout-9d6595d7 wp-block-columns-is-layout-flex eplus-styles-uid-6b4bc1\">\n<div class=\"order-2 md:order-1 eplus-wrapper wp-block-column is-vertically-aligned-center is-layout-flow wp-block-column-is-layout-flow\">\n<figure class=\"eplus-wrapper wp-block-image size-medium is-resized\"><img loading=\"lazy\" decoding=\"async\" width=\"300\" height=\"200\" alt=\"a man wearing headphones giving a thumbs up\" src=\"https:\/\/troeger-services.com\/wp-content\/uploads\/2023\/12\/thumbnail_large-1-3-300x200.webp\" class=\"wp-image-2070\" style=\"object-fit:cover;width:425px;height:284px\" title=\"\" srcset=\"https:\/\/troeger-services.com\/wp-content\/uploads\/2023\/12\/thumbnail_large-1-3-300x200.webp 300w, https:\/\/troeger-services.com\/wp-content\/uploads\/2023\/12\/thumbnail_large-1-3-18x12.webp 18w, https:\/\/troeger-services.com\/wp-content\/uploads\/2023\/12\/thumbnail_large-1-3.webp 550w\" sizes=\"auto, (max-width: 300px) 100vw, 300px\" \/><\/figure>\n<\/div>\n\n\n\n<div class=\"order-2 md:order-1 eplus-wrapper wp-block-column is-vertically-aligned-center is-layout-flow wp-block-column-is-layout-flow\"><p class=\"sub-heading d-inline eplus-wrapper has-medium-font-size eplus-styles-uid-a62243\"><strong>Una experiencia inform\u00e1tica moderna y f\u00e1cil de usar<\/strong><\/p>\n\n\n<p class=\"eplus-wrapper\"><\/p>\n\n\n<h2 class=\"eplus-wrapper wp-block-heading has-medium-font-size eplus-styles-uid-a62243\"><strong>Permita que sus empleados se ayuden a s\u00ed mismos<\/strong><\/h2>\n\n<p class=\"text-lg eplus-wrapper has-text-align-left eplus-styles-uid-fe641a\">Una base de conocimientos f\u00e1cil de usar fomenta la colaboraci\u00f3n en tiempo real entre los miembros del equipo para resolver problemas. Al poner en com\u00fan los conocimientos colectivos y compartir ideas e informaci\u00f3n, los usuarios finales pueden colaborar para resolver sus problemas.<\/p><\/div>\n<\/div>\n\n\n<figure class=\"eplus-wrapper wp-block-image aligncenter size-full is-resized\"><img loading=\"lazy\" decoding=\"async\" width=\"147\" height=\"150\" src=\"https:\/\/troeger-services.com\/wp-content\/uploads\/2023\/12\/tibc_logo_1zeilig_rgb-1-e1702089590391.png\" alt=\"El logotipo de la empresa TITBC, los expertos en ITSM, ITOM, ESM. Los \u00fanicos expertos que incorporan todas las perspectivas para su \u00e9xito garantizado.\" class=\"wp-image-1985\" style=\"object-fit:cover;width:75px;height:75px\" title=\"\"><\/figure>\n<\/div>\n\n\n\n<div class=\"eplus-wrapper wp-block-group is-layout-constrained wp-block-group-is-layout-constrained\"><div class=\"grid grid-cols-1 md:grid-cols-2 md:gap-4 eplus-wrapper wp-block-columns are-vertically-aligned-bottom is-layout-flex wp-container-core-columns-is-layout-9d6595d7 wp-block-columns-is-layout-flex eplus-styles-uid-65dbf7\">\n<div class=\"order-2 md:order-1 eplus-wrapper wp-block-column is-vertically-aligned-center is-layout-flow wp-block-column-is-layout-flow\"><p class=\"sub-heading d-inline eplus-wrapper has-medium-font-size eplus-styles-uid-a62243\"><strong>La informaci\u00f3n que necesita, donde la necesita<\/strong><\/p>\n\n\n<p class=\"eplus-wrapper\"><\/p>\n\n\n<h2 class=\"eplus-wrapper wp-block-heading has-medium-font-size eplus-styles-uid-a62243\"><strong>Impulsar la excelencia en la fabricaci\u00f3n: el enfoque integrado de IFS y TITBC<\/strong><\/h2>\n\n<p class=\"text-lg eplus-wrapper has-text-align-left eplus-styles-uid-fe641a\">Con nosotros, se acabaron los silos de informaci\u00f3n y la introducci\u00f3n de datos por duplicado. Con una \u00fanica fuente de informaci\u00f3n, es m\u00e1s f\u00e1cil tener una visi\u00f3n completa de los procesos clave y garantizar el cumplimiento.<\/p><\/div>\n\n\n\n<div class=\"flex justify-center py-12 order-1 md:order-2 eplus-wrapper wp-block-column is-vertically-aligned-center is-layout-flow wp-block-column-is-layout-flow\">\n<figure class=\"eplus-wrapper wp-block-image size-medium is-resized\"><img loading=\"lazy\" decoding=\"async\" width=\"300\" height=\"200\" alt=\"a blue screen with white icons\" src=\"https:\/\/troeger-services.com\/wp-content\/uploads\/2023\/12\/thumbnail_large-300x200.jpg\" class=\"wp-image-2063\" style=\"object-fit:cover;width:425px;height:284px\" title=\"\" srcset=\"https:\/\/troeger-services.com\/wp-content\/uploads\/2023\/12\/thumbnail_large-300x200.jpg 300w, https:\/\/troeger-services.com\/wp-content\/uploads\/2023\/12\/thumbnail_large-18x12.jpg 18w, https:\/\/troeger-services.com\/wp-content\/uploads\/2023\/12\/thumbnail_large.jpg 550w\" sizes=\"auto, (max-width: 300px) 100vw, 300px\" \/><\/figure>\n<\/div>\n<\/div>\n\n\n<div class=\"eplus-wrapper wp-block-buttons is-layout-flex wp-block-buttons-is-layout-flex\"><div class=\"my-5 shadow-xl hover:shadow-lg btn-secondary bg-secondary eplus-wrapper wp-block-button eplus-styles-uid-126db8\"><a class=\"wp-block-button__link wp-element-button\" href=\"https:\/\/outlook.office365.com\/owa\/calendar\/TITBCGesprchsanfragemitAndrTrger@titbc.onmicrosoft.com\/bookings\/\" style=\"border-radius:0px\" target=\"_blank\" rel=\"noreferrer noopener\">Solicitar una consulta inicial<\/a><\/div>\n\n<div class=\"my-5 shadow-xl hover:shadow-lg btn-secondary bg-secondary eplus-wrapper wp-block-button eplus-styles-uid-1e7016\"><a class=\"wp-block-button__link wp-element-button\" href=\"https:\/\/troeger-services.com\/es\/wir-stellen-unsere-partner-vor\/\" style=\"border-radius:0px\">Nuestros socios<\/a><\/div><\/div>\n\n\n\n<figure class=\"eplus-wrapper wp-block-image aligncenter size-full is-resized\"><img loading=\"lazy\" decoding=\"async\" width=\"147\" height=\"150\" src=\"https:\/\/troeger-services.com\/wp-content\/uploads\/2023\/12\/tibc_logo_1zeilig_rgb-1-e1702089590391.png\" alt=\"El logotipo de la empresa TITBC, los expertos en ITSM, ITOM, ESM. Los \u00fanicos expertos que incorporan todas las perspectivas para su \u00e9xito garantizado.\" class=\"wp-image-1985\" style=\"object-fit:cover;width:75px;height:75px\" title=\"Logotipo TITBC\"\/><\/figure>\n<\/div>","protected":false},"excerpt":{"rendered":"<p>Entdecken Sie eine Verbesserung der Service Erfahrung durch ITSM Entdecken Sie ein besseres Service Erlebnis f\u00fcr Ihre Kunden, Mitarbeiter und Lieferanten. Durch einen effizienten und abgestimmten Ablauf, legen Sie die Grundlage f\u00fcr Ihr Wachstum. ITSM, ITOM und ESM erledigen das f\u00fcr Sie IT-Teams werden mit Serviceanfragen \u00fcberschwemmt. Geben Sie ihnen die Verantwortung f\u00fcr den Service [&hellip;]<\/p>\n","protected":false},"author":4,"featured_media":2078,"parent":0,"menu_order":0,"comment_status":"closed","ping_status":"closed","template":"","meta":{"editor_plus_copied_stylings":"{}","_themeisle_gutenberg_block_has_review":false,"footnotes":"","_links_to":"","_links_to_target":""},"categories":[1,14],"tags":[20,23,45,21,47,49,51,42,22,53,57,43,41,19,18,59,44,46,25,55,48,50,52,54,61,58,60,56,26],"class_list":["post-2572","page","type-page","status-publish","has-post-thumbnail","hentry","category-allgemein","category-blog","tag-esm","tag-assyst","tag-availability-management","tag-blog","tag-capacity-and-performance-management","tag-change-enablement","tag-deployment-management","tag-enterprise-service-management","tag-ifs","tag-incident-management","tag-it-asset-management","tag-it-operations-management","tag-it-service-management","tag-itom","tag-itsm","tag-knowledge-management","tag-micro-focus","tag-monitoring-and-event-management","tag-opentext","tag-problem-management","tag-release-management","tag-service-catalog-management","tag-service-configuration-management","tag-service-continuity-management","tag-service-desk","tag-service-financial-management","tag-service-level-management","tag-service-request-management","tag-smax"],"_links":{"self":[{"href":"https:\/\/troeger-services.com\/es\/wp-json\/wp\/v2\/pages\/2572","targetHints":{"allow":["GET"]}}],"collection":[{"href":"https:\/\/troeger-services.com\/es\/wp-json\/wp\/v2\/pages"}],"about":[{"href":"https:\/\/troeger-services.com\/es\/wp-json\/wp\/v2\/types\/page"}],"author":[{"embeddable":true,"href":"https:\/\/troeger-services.com\/es\/wp-json\/wp\/v2\/users\/4"}],"replies":[{"embeddable":true,"href":"https:\/\/troeger-services.com\/es\/wp-json\/wp\/v2\/comments?post=2572"}],"version-history":[{"count":0,"href":"https:\/\/troeger-services.com\/es\/wp-json\/wp\/v2\/pages\/2572\/revisions"}],"wp:featuredmedia":[{"embeddable":true,"href":"https:\/\/troeger-services.com\/es\/wp-json\/wp\/v2\/media\/2078"}],"wp:attachment":[{"href":"https:\/\/troeger-services.com\/es\/wp-json\/wp\/v2\/media?parent=2572"}],"wp:term":[{"taxonomy":"category","embeddable":true,"href":"https:\/\/troeger-services.com\/es\/wp-json\/wp\/v2\/categories?post=2572"},{"taxonomy":"post_tag","embeddable":true,"href":"https:\/\/troeger-services.com\/es\/wp-json\/wp\/v2\/tags?post=2572"}],"curies":[{"name":"wp","href":"https:\/\/api.w.org\/{rel}","templated":true}]}}