{"id":40490,"date":"2024-12-25T09:51:43","date_gmt":"2024-12-25T08:51:43","guid":{"rendered":"https:\/\/troeger-services.com\/cookie-richtlinie\/"},"modified":"2025-02-18T05:15:07","modified_gmt":"2025-02-18T04:15:07","slug":"cookie-richtlinie","status":"publish","type":"page","link":"https:\/\/troeger-services.com\/es\/cookie-richtlinie\/","title":{"rendered":"Cookie-Richtlinie"},"content":{"rendered":"<p>Con esta pol\u00edtica de cookies, nos gustar\u00eda explicar qu\u00e9 son las cookies y las tecnolog\u00edas similares a las cookies, c\u00f3mo nosotros y otros proveedores de servicios las utilizamos en este sitio web, qu\u00e9 informaci\u00f3n recopilan, durante cu\u00e1nto tiempo y con qu\u00e9 fines las utilizamos.<\/p><h2>\u00cdndice<\/h2><ul><li><a href=\"#controller-of-the-website\">Responsable del sitio web<\/a><\/li><li><a href=\"#diff-to-privacy-policy\">Informaci\u00f3n adicional a la pol\u00edtica de privacidad<\/a><\/li><li><a href=\"#cookie-technology\">\u00bfQu\u00e9 son las cookies y tecnolog\u00edas similares?<\/a><\/li><li><a href=\"#legal-basis\">\u00bfCu\u00e1l es la base legal para establecer\/leer cookies?<\/a><\/li><li><a href=\"#rights-of-visitor\">\u00bfQu\u00e9 derechos tiene el visitante del sitio web?<\/a><\/li><li><a href=\"#manage-cookies\">\u00bfC\u00f3mo gestionar las cookies en un navegador?<\/a><\/li><li><a href=\"#types-of-cookies\">\u00bfQu\u00e9 tipos de cookies existen?<\/a><\/li><li><a href=\"#cookies-origin\">\u00bfQui\u00e9n puede instalar cookies en este sitio web?<\/a><\/li><li><a href=\"#list-of-services\">\u00bfQu\u00e9 cookies se utilizan en este sitio web?<\/a><\/li><\/ul><h2 id=\"controller-of-the-website\">Responsable del sitio web<\/h2><ul><li><strong>Proveedor: <\/strong>D-Germany\/ 90522 Oberasbach\/ Tannenweg 4a, Alemania<\/li><li><strong>Correo electr\u00f3nico: <\/strong><a target=\"_blank\" href=\"mailto:andre.troeger@troeger-services.com\">andre.troeger@troeger-services.com<\/a><\/li><li><strong>Tel\u00e9fono: <\/strong><a target=\"_blank\" href=\"tel:16094668937\">16094668937<\/a><\/li><\/ul><h2 id=\"diff-to-privacy-policy\">Informaci\u00f3n adicional a la pol\u00edtica de privacidad<\/h2><p>Esta pol\u00edtica de cookies es un suplemento a la pol\u00edtica de privacidad de este sitio web. La pol\u00edtica de cookies especifica c\u00f3mo utiliza un sitio web las cookies y qu\u00e9 datos recopila a trav\u00e9s de ellas, mientras que la pol\u00edtica de privacidad es una descripci\u00f3n m\u00e1s completa de todas las actividades de procesamiento de datos en la p\u00e1gina web y fuera de la misma.<\/p><h2 id=\"cookie-technology\">\u00bfQu\u00e9 son las cookies y tecnolog\u00edas similares?<\/h2><p>Las cookies son peque\u00f1os fragmentos de informaci\u00f3n similares a archivos de texto que pueden almacenarse y leerse en el dispositivo final. Sirven para diversas razones, incluyendo mantener las funcionalidades b\u00e1sicas del sitio web, la seguridad y la privacidad, proporcionar funciones opcionales del sitio web, recopilar datos estad\u00edsticos sobre los flujos de visitantes, y proporcionar sistemas de marketing. Algunos ejemplos pr\u00e1cticos de lo que se puede almacenar en las cookies son el almacenamiento del estado de inicio de sesi\u00f3n en las cuentas de usuario, el contenido de las cestas de la compra en las plataformas de comercio electr\u00f3nico, o una identificaci\u00f3n de usuario para el seguimiento del comportamiento en el sitio web.<br \/><br \/>La informaci\u00f3n puede almacenarse t\u00e9cnicamente de varias maneras. Los ejemplos m\u00e1s conocidos son las cookies HTTP y las tecnolog\u00edas similares a las cookies, como el almacenamiento local, el almacenamiento de sesi\u00f3n o IndexedDB. Cada tipo de almacenamiento tiene caracter\u00edsticas diferentes, que determinan la gesti\u00f3n t\u00e9cnica, la accesibilidad y los responsables autorizados para acceder a la informaci\u00f3n. Todos estos tipos de almacenamiento suelen resumirse bajo el t\u00e9rmino \"cookies\" y, por lo tanto, se denominan como tales en esta pol\u00edtica de cookies.<\/p><h2 id=\"legal-basis\">\u00bfCu\u00e1l es la base legal para establecer\/leer cookies?<\/h2><p>La configuraci\u00f3n y lectura de cookies en la Uni\u00f3n Europea (UE) y en el Espacio Econ\u00f3mico Europeo (EEE) solo est\u00e1 permitida, de conformidad con Art\u00edculo 22 (2) de la Ley de Servicios de la Sociedad de la Informaci\u00f3n y de Comercio Electr\u00f3nico (LSSI), si el usuario ha dado su consentimiento sobre la base de una informaci\u00f3n exhaustiva acerca de las razones del tratamiento. El operador del sitio web tambi\u00e9n puede instalar cookies si son estrictamente necesarias para proporcionarle a usted como usuario el servicio expresamente solicitado como, por ejemplo, el contenido b\u00e1sico de este sitio web u otras cookies estrictamente necesarias para el funcionamiento b\u00e1sico del sitio web para mostr\u00e1rselo sin su consentimiento.<\/p><h2 id=\"rights-of-visitor\">\u00bfQu\u00e9 derechos tiene el visitante del sitio web?<\/h2><p>Services and their cookies can be set and read on the legal basis of your consent or a legitimate interest. When you first visited this website, you were asked for your consent and you had the opportunity to object to the use of certain services. We explained which legal basis is used for which service in our consent dialog.<br \/><br \/>You have the right to view the history of your decisions, change your privacy settings, object to the use of services and revoke your consent at any time. Below you find possibilities to exercise your rights:<br \/><ul><li>Por favor, \u00a1proporcione un atributo `type` en su shortcode. Permitido: history,revoke,change!<\/li><li>Por favor, \u00a1proporcione un atributo `type` en su shortcode. Permitido: history,revoke,change!<\/li><li><a  href=\"#consent-revoke\" role=\"button\" id=\"rcb-sc-link-revoke\" data-success-message=\"Sie haben Ihre Einwilligung f\u00fcr Services mit ihren Cookies und der Verarbeitung personenbezogener Daten erfolgreich widerrufen. Die Seite wird jetzt neu geladen!\" class=\"rcb-sc-link rcb-sc-link-revoke\">Revoke consents<\/a><\/li><\/ul><\/p><h2 id=\"manage-cookies\">\u00bfC\u00f3mo gestionar las cookies en un navegador?<\/h2><p><ul><li><strong>How to remove cookies in a browser:<\/strong> To remove cookies from your device, you can clear the browsing data in the settings of your browser. This action will remove all cookies from all websites you've visited, potentially including saved login details and site preferences. In some browsers, you can just delete the cookies and similar data without deleting the whole browsing history.<\/li><li><strong>How to control cookies in a browser:<\/strong> For more granular control over cookies specific to certain websites, navigate to the privacy and cookie settings within your used browser. Here, you can adjust preferences related to individual sites' cookie usage.<\/li><li><strong>How to block cookies in a browser:<\/strong> It's possible to configure most modern browsers in their settings to block all cookies from being placed on your device. But blocking cookies could lead to certain services and functionalities not functioning correctly, e.g. logins as a user. You can also use extensions for many browsers which can block the setting of cookies on websites.<\/li><li><strong>How to manage cookies on this website:<\/strong> To tailor your preferences regarding cookies on this website, you can change your preferences at any time by clicking on the link in the section \"Rights of the website visitor\".<\/li><\/li><\/ul><p>You can find more information on the handling of cookies <a href=\"https:\/\/devowl.io\/de\/rcb\/cookie-handhabung\/\" target=\"_blank\" rel=\"noopener\">devowl.io\/rcb\/cookie-handling\/<\/a>.<\/p><\/p><h2 id=\"types-of-cookies\">\u00bfQu\u00e9 tipos de cookies existen?<\/h2><p><ul><li><strong>Essential cookies<\/strong> are indispensable for the basic functionality of a website and enable functions such as saving login information or access to secure areas of the site. These include, for example, security cookies, which can identify a bot that is not wanted on the website by storing an authentication key in a cookie.<\/li><li><strong>Functional cookies<\/strong> improve the user experience by storing information and preferences such as language settings or appearance settings of the website to provide personalized. This includes, for example, preference cookies that store the user's preferred video quality on a website.<\/li><li><strong>Statistics cookies<\/strong> collect data about the use of a website to gain insights into user behavior and optimize the performance of the site. This includes, for example, a randomly assigned user ID that makes it possible to attribute whether you have visited a subpage of the website.<\/li><li><strong>Marketing cookies<\/strong> are used to track user behavior across different websites and to display personalized advertising based on the interests and surfing behavior of users. This includes, for example, advertising cookies that store an interaction with an advertisement on the website and pass it on to advertisers or a chat system for pre-sale questions and customer support.<\/li><\/li><\/ul><\/p><h2 id=\"cookies-origin\">\u00bfQui\u00e9n puede instalar cookies en este sitio web?<\/h2><p>En este sitio web, tanto el operador del mismo como los servicios de terceros que se utilizan en el, pueden establecer cookies y acceder a su contenido. Quien puede acceder a una cookie determinada y a su contenido depende de si se trata de cookies propias o de terceros. La p\u00e1gina web que se visita crea cookies propias y \u00e9stas solo pueden ser le\u00eddas por el operador del sitio web y los servicios de terceros integrados en este sitio web. Normalmente los servicios de terceros crean cookies de terceros en otros dominios y estas pueden ser le\u00eddas en todos los sitios en los que est\u00e9 integrado el servicio que controla el dominio. Un ejemplo de uso de estas \u00faltimas cookies es el de las redes publicitas al rastrear el comportamiento de los usuarios en diferentes sitios web y ofrecer publicidad personalizada.<\/p><h2 id=\"list-of-services\">\u00bfQu\u00e9 cookies se utilizan en este sitio web?<\/h2><script type=\"application\/json\">{\"search\":{\"placeholder\":\"Buscar...\"},\"sort\":{\"sortAsc\":\"Ordenar columna de menor a mayor\",\"sortDesc\":\"Ordenar columna de mayor a menor\"},\"pagination\":{\"previous\":\"Anterior\",\"next\":\"Siguiente\",\"navigate\":\"P\\u00e1gina %1$d de %2$d\",\"page\":\"P\\u00e1gina %d\",\"showing\":\"Mostrando\",\"of\":\"de\",\"to\":\"a\",\"results\":\"resultados\"},\"noRecordsFound\":\"No se han encontrado registros que coincidan\"}<\/script><table  class=\"devowl-wp-react-cookie-banner-cookie-policy\"><thead><tr><th width=\"200px\" scope=\"col\">Categor\u00eda<\/th><th width=\"400px\" scope=\"col\">Nombre de la cookie t\u00e9cnica<\/th><th width=\"400px\" scope=\"col\">Servidor de cookies t\u00e9cnicas<\/th><th width=\"400px\" scope=\"col\">Servicio<\/th><th width=\"250px\" scope=\"col\">Duraci\u00f3n<\/th><th width=\"200px\" scope=\"col\">Tipo<\/th><th width=\"550px\" scope=\"col\">Prop\u00f3sito<\/th><\/tr><\/thead><tbody><tr><td>Esencial<\/td><td>trp_language<\/td><td>troeger-services.com<\/td><td>TraducirPrensa<\/td><td>30 d\u00edas<\/td><td>HTTP Cookie<\/td><td>-<\/td><\/tr><tr><td>Esencial<\/td><td>trp_language<\/td><td>troeger-services.com<\/td><td>TraducirPrensa<\/td><td>30 d\u00edas<\/td><td>HTTP Cookie<\/td><td>-<\/td><\/tr><tr><td>Esencial<\/td><td>real_cookie_banner*<\/td><td>.troeger-services.com<\/td><td>Pancartas de galletas reales<\/td><td>365 d\u00edas<\/td><td>HTTP Cookie<\/td><td>Identificador \u00fanico para el consentimiento, pero no para el visitante del sitio web. Hash de revisi\u00f3n para los ajustes del banner de cookies (textos, colores, caracter\u00edsticas, grupos de servicios, servicios, bloqueadores de contenido, etc.). Identificadores para los servicios y grupos de servicios consentidos.<\/td><\/tr><tr><td>Esencial<\/td><td>real_cookie_banner*-tcf<\/td><td>.troeger-services.com<\/td><td>Pancartas de galletas reales<\/td><td>365 d\u00edas<\/td><td>HTTP Cookie<\/td><td>Consentimientos recogidos en el marco del TCF almacenados en formato TC String, incluidos los proveedores del TCF, los fines, los fines especiales, las caracter\u00edsticas y las caracter\u00edsticas especiales.<\/td><\/tr><tr><td>Esencial<\/td><td>real_cookie_banner*-gcm<\/td><td>.troeger-services.com<\/td><td>Pancartas de galletas reales<\/td><td>365 d\u00edas<\/td><td>HTTP Cookie<\/td><td>Consentimientos en los tipos de consentimiento (prop\u00f3sitos) recogidos bajo el Modo de Consentimiento de Google almacenados para todos los servicios compatibles con el Modo de Consentimiento de Google.<\/td><\/tr><tr><td>Esencial<\/td><td>real_cookie_banner-test<\/td><td>.troeger-services.com<\/td><td>Pancartas de galletas reales<\/td><td>365 d\u00edas<\/td><td>HTTP Cookie<\/td><td>Cookie establecida para probar la funcionalidad de las cookies HTTP. Eliminada inmediatamente despu\u00e9s de la prueba.<\/td><\/tr><tr><td>Esencial<\/td><td>real_cookie_banner*<\/td><td>https:\/\/troeger-services.com<\/td><td>Pancartas de galletas reales<\/td><td>-<\/td><td>Local Storage<\/td><td>Identificador \u00fanico para el consentimiento, pero no para el visitante del sitio web. Hash de revisi\u00f3n para los ajustes del banner de cookies (textos, colores, caracter\u00edsticas, grupos de servicios, servicios, bloqueadores de contenido, etc.). Identificadores para los servicios y grupos de servicios consentidos. S\u00f3lo se almacena hasta que se documenta el consentimiento en el servidor del sitio web.<\/td><\/tr><tr><td>Esencial<\/td><td>real_cookie_banner*-tcf<\/td><td>https:\/\/troeger-services.com<\/td><td>Pancartas de galletas reales<\/td><td>-<\/td><td>Local Storage<\/td><td>Los consentimientos recogidos en el marco del TCF se almacenan en formato TC String, incluidos los proveedores del TCF, los fines, los fines especiales, las caracter\u00edsticas y las caracter\u00edsticas especiales. S\u00f3lo se almacena hasta que se documenta el consentimiento en el servidor del sitio web.<\/td><\/tr><tr><td>Esencial<\/td><td>real_cookie_banner*-gcm<\/td><td>https:\/\/troeger-services.com<\/td><td>Pancartas de galletas reales<\/td><td>-<\/td><td>Local Storage<\/td><td>Los consentimientos recopilados bajo el Modo de Consentimiento de Google se almacenan en tipos de consentimiento (prop\u00f3sitos) para todos los servicios compatibles con el Modo de Consentimiento de Google. S\u00f3lo se almacena hasta que el consentimiento se documenta en el servidor del sitio web.<\/td><\/tr><tr><td>Esencial<\/td><td>real_cookie_banner-consent-queue*<\/td><td>https:\/\/troeger-services.com<\/td><td>Pancartas de galletas reales<\/td><td>-<\/td><td>Local Storage<\/td><td>Almacenamiento en cach\u00e9 local de la selecci\u00f3n en el banner de cookies hasta que el servidor documente el consentimiento; documentaci\u00f3n peri\u00f3dica o al cambiar de p\u00e1gina intentada si el servidor no est\u00e1 disponible o est\u00e1 sobrecargado.<\/td><\/tr><tr><td>Funcional<\/td><td>*<\/td><td>de.linkedin.com<\/td><td>Linikedin Platform Integration<\/td><td>6 a\u00f1os<\/td><td>HTTP Cookie<\/td><td>Marketing<\/td><\/tr><tr><td>Funcional<\/td><td>*<\/td><td>troeger-services.ac-page.com<\/td><td>activecampaign.com<\/td><td>160 a\u00f1os<\/td><td>HTTP Cookie<\/td><td>Marketing<\/td><\/tr><tr><td>Funcional<\/td><td>wpEmojiSettingsSupports<\/td><td>https:\/\/troeger-services.com<\/td><td>Emojis de WordPress<\/td><td>SESSION<\/td><td>Session Storage<\/td><td>-<\/td><\/tr><tr><td>Estad\u00edsticas<\/td><td>_ga<\/td><td>.troeger-services.com<\/td><td>Google Analytics<\/td><td>24 Meses<\/td><td>HTTP Cookie<\/td><td>ID de usuario para analizar el comportamiento general de los usuarios en diferentes sitios web<\/td><\/tr><tr><td>Estad\u00edsticas<\/td><td>_ga_*<\/td><td>.troeger-services.com<\/td><td>Google Analytics<\/td><td>24 Meses<\/td><td>HTTP Cookie<\/td><td>ID de usuario para analizar el comportamiento del usuario en este sitio web para informes sobre el uso del sitio web<\/td><\/tr><tr><td>Marketing<\/td><td>*<\/td><td>troeger-services.activehosted.com<\/td><td>Active Campaign<\/td><td>6 a\u00f1os<\/td><td>HTTP Cookie<\/td><td>Marketing<\/td><\/tr><tr><td>Marketing<\/td><td>_clck<\/td><td>.troeger-services.com<\/td><td>Microsoft Clarity<\/td><td>13 Meses<\/td><td>HTTP Cookie<\/td><td>ID de usuario y preferencias para vincular las grabaciones de sesiones de Clarity<\/td><\/tr><tr><td>Marketing<\/td><td>_clsk<\/td><td>.troeger-services.com<\/td><td>Microsoft Clarity<\/td><td>2 d\u00edas<\/td><td>HTTP Cookie<\/td><td>Datos de sesi\u00f3n para vincular las p\u00e1ginas vistas dentro de una sesi\u00f3n<\/td><\/tr><tr><td>Marketing<\/td><td>_cltk<\/td><td>https:\/\/troeger-services.com<\/td><td>Microsoft Clarity<\/td><td>SESSION<\/td><td>Session Storage<\/td><td>Valor para vincular y analizar las interacciones de los usuarios dentro de una sesi\u00f3n<\/td><\/tr><tr><td>Marketing<\/td><td>_clck<\/td><td>troeger-services.com<\/td><td>Microsoft Clarity<\/td><td>1 a\u00f1o<\/td><td>HTTP Cookie<\/td><td>-<\/td><\/tr><\/tbody><\/table><p>La pol\u00edtica de cookies se actualiz\u00f3 por \u00faltima vez el 6. diciembre 2025.<\/p>","protected":false},"excerpt":{"rendered":"","protected":false},"author":4,"featured_media":0,"parent":0,"menu_order":0,"comment_status":"closed","ping_status":"closed","template":"","meta":{"editor_plus_copied_stylings":"{}","_themeisle_gutenberg_block_has_review":false,"footnotes":"","_links_to":"","_links_to_target":""},"categories":[],"tags":[153],"class_list":["post-40490","page","type-page","status-publish","hentry","tag-cookie-richtlinie"],"_links":{"self":[{"href":"https:\/\/troeger-services.com\/es\/wp-json\/wp\/v2\/pages\/40490","targetHints":{"allow":["GET"]}}],"collection":[{"href":"https:\/\/troeger-services.com\/es\/wp-json\/wp\/v2\/pages"}],"about":[{"href":"https:\/\/troeger-services.com\/es\/wp-json\/wp\/v2\/types\/page"}],"author":[{"embeddable":true,"href":"https:\/\/troeger-services.com\/es\/wp-json\/wp\/v2\/users\/4"}],"replies":[{"embeddable":true,"href":"https:\/\/troeger-services.com\/es\/wp-json\/wp\/v2\/comments?post=40490"}],"version-history":[{"count":0,"href":"https:\/\/troeger-services.com\/es\/wp-json\/wp\/v2\/pages\/40490\/revisions"}],"wp:attachment":[{"href":"https:\/\/troeger-services.com\/es\/wp-json\/wp\/v2\/media?parent=40490"}],"wp:term":[{"taxonomy":"category","embeddable":true,"href":"https:\/\/troeger-services.com\/es\/wp-json\/wp\/v2\/categories?post=40490"},{"taxonomy":"post_tag","embeddable":true,"href":"https:\/\/troeger-services.com\/es\/wp-json\/wp\/v2\/tags?post=40490"}],"curies":[{"name":"wp","href":"https:\/\/api.w.org\/{rel}","templated":true}]}}