{"id":701,"date":"2021-07-20T07:25:29","date_gmt":"2021-07-20T05:25:29","guid":{"rendered":"https:\/\/troeger-services.com\/?page_id=701"},"modified":"2024-07-05T05:12:39","modified_gmt":"2024-07-05T03:12:39","slug":"aplicacion","status":"publish","type":"page","link":"https:\/\/troeger-services.com\/es\/aplicacion\/","title":{"rendered":"Einf\u00fchrung und Implementierung Ihres ITSM, ITOM, ESM. Oder doch alles?"},"content":{"rendered":"<div class=\"mt-12 py-8 grid grid-cols-1 md:grid-cols-2 wp-block-group eplus-wrapper is-layout-flow wp-block-group-is-layout-flow\">\n<div class=\"wp-block-group eplus-wrapper is-layout-flow wp-block-group-is-layout-flow\"><p class=\"sub-heading d-inline eplus-wrapper eplus-styles-uid-5ad16f\">Consultor\u00eda e implantaci\u00f3n<\/p>\n\n\n<h1 class=\"text-2xl sm:text-2xl md:text-3xl mt-1 wp-block-heading eplus-wrapper\">Benef\u00edciese de nuestros conocimientos especializados y recorra el camino junto a nosotros. Galardonada como consultora Top 100 4 veces consecutivas por nuestros clientes y por el expresidente alem\u00e1n Christian Wulff.<\/h1>\n\n\n<p class=\"text-lg mt-2 eplus-wrapper eplus-styles-uid-a62243\">La introducci\u00f3n de un nuevo software supone un gran reto para cualquier empresa. Hay que tener en cuenta muchas cosas para garantizar que se crean todas las condiciones marco y que todos los equipos que trabajan con el software est\u00e1n a bordo. S\u00f3lo entonces podr\u00e1 aprovecharse al m\u00e1ximo el nuevo sistema. Util\u00edcenos como socio externo para crear estructura y claridad durante la implantaci\u00f3n.<\/p><\/div>\n<\/div>\n\n\n\n<div class=\"wp-block-group eplus-wrapper is-layout-constrained wp-block-group-is-layout-constrained\">\n<div style=\"height:21px\" aria-hidden=\"true\" class=\"wp-block-spacer eplus-wrapper\"><\/div>\n\n\n\n<figure class=\"wp-block-image aligncenter size-full is-resized eplus-wrapper\"><img loading=\"lazy\" decoding=\"async\" width=\"147\" height=\"150\" src=\"https:\/\/troeger-services.com\/wp-content\/uploads\/2023\/12\/tibc_logo_1zeilig_rgb-1-e1702089590391.png\" alt=\"El logotipo de la empresa TITBC, los expertos en ITSM, ITOM, ESM. Los \u00fanicos expertos que incorporan todas las perspectivas para su \u00e9xito garantizado.\" class=\"wp-image-1985\" style=\"object-fit:cover;width:75px;height:75px\" title=\"\"><\/figure>\n<\/div>\n\n\n\n<div style=\"height:32px\" aria-hidden=\"true\" class=\"wp-block-spacer eplus-wrapper\"><\/div>\n\n\n\n<div class=\"wp-block-media-text is-stacked-on-mobile eplus-wrapper\"><figure class=\"wp-block-media-text__media\"><video controls src=\"https:\/\/troeger-services.com\/wp-content\/uploads\/2023\/12\/Tr\u00f6ger IT Business Consulting GmbH ist zum 4. mal in Folge Top Berater im Bereich ITOM Monitoring!!!.mp4\"><\/video><\/figure><div class=\"wp-block-media-text__content\"><p class=\"sub-heading d-inline eplus-wrapper eplus-styles-uid-a62243\"><strong>Estamos orgullosos de nuestro cuarto premio consecutivo y mostramos continuidad<\/strong>que incorporamos a todos nuestros proyectos.<\/p>\n\n\n<div style=\"height:20px\" aria-hidden=\"true\" class=\"wp-block-spacer eplus-wrapper\"><\/div>\n\n\n<p class=\"text-lg eplus-wrapper eplus-styles-uid-fe641a\">Reserve una consulta gratuita ahora mismo para obtener una evaluaci\u00f3n inicial de sus tareas y una hoja de ruta inicial para sus retos.<\/p><\/div><\/div>\n\n\n\n<div class=\"wp-block-group eplus-wrapper is-layout-constrained wp-block-group-is-layout-constrained\">\n<div style=\"height:21px\" aria-hidden=\"true\" class=\"wp-block-spacer eplus-wrapper\"><\/div>\n\n\n\n<figure class=\"wp-block-image aligncenter size-full is-resized eplus-wrapper\"><img loading=\"lazy\" decoding=\"async\" width=\"147\" height=\"150\" src=\"https:\/\/troeger-services.com\/wp-content\/uploads\/2023\/12\/tibc_logo_1zeilig_rgb-1-e1702089590391.png\" alt=\"El logotipo de la empresa TITBC, los expertos en ITSM, ITOM, ESM. Los \u00fanicos expertos que incorporan todas las perspectivas para su \u00e9xito garantizado.\" class=\"wp-image-1985\" style=\"object-fit:cover;width:75px;height:75px\" title=\"\"><\/figure>\n<\/div>\n\n\n\n<div style=\"height:32px\" aria-hidden=\"true\" class=\"wp-block-spacer eplus-wrapper\"><\/div>\n\n\n\n<div class=\"relative my-24 path-left wp-block-group eplus-wrapper is-layout-flow wp-block-group-is-layout-flow\">\n<div class=\"bubble1 wp-block-group eplus-wrapper is-layout-flow wp-block-group-is-layout-flow\">\n<p class=\"eplus-wrapper\">Fase de preparaci\u00f3n: definici\u00f3n de los requisitos de infraestructura, software y licencias<\/p>\n<\/div>\n\n\n\n<div class=\"bubble2 wp-block-group eplus-wrapper is-layout-flow wp-block-group-is-layout-flow\">\n<p class=\"eplus-wrapper\">Miniprueba de valor: fase de prueba y plan de miniproyecto para un servicio; identificaci\u00f3n de requisitos para la implantaci\u00f3n<\/p>\n<\/div>\n\n\n\n<div class=\"bubble3 wp-block-group eplus-wrapper is-layout-flow wp-block-group-is-layout-flow\">\n<p class=\"eplus-wrapper\">Despliegue: plan de proyecto completo, implantaci\u00f3n en la organizaci\u00f3n central e integraci\u00f3n del software en la estructura organizativa. <\/p>\n<\/div>\n\n\n\n<div class=\"path-circle-txt wp-block-group eplus-wrapper is-layout-flow wp-block-group-is-layout-flow\">\n<p class=\"text-base md:text-xl text-center has-text-align-left eplus-wrapper\">Su centro de control digital: rendimiento inform\u00e1tico en tiempo real, 100% sincronizado<\/p>\n<\/div>\n\n\n\n<figure class=\"relative inset-0 h-full w-full object-cover wp-block-image aligncenter size-full eplus-wrapper\"><img loading=\"lazy\" decoding=\"async\" width=\"781\" height=\"939\" alt=\"a black and orange circle with orange dots\" src=\"https:\/\/troeger-services.com\/wp-content\/uploads\/2021\/07\/path-left.png\" class=\"wp-image-620\" title=\"\" srcset=\"https:\/\/troeger-services.com\/wp-content\/uploads\/2021\/07\/path-left.png 781w, https:\/\/troeger-services.com\/wp-content\/uploads\/2021\/07\/path-left-250x300.png 250w, https:\/\/troeger-services.com\/wp-content\/uploads\/2021\/07\/path-left-768x923.png 768w, https:\/\/troeger-services.com\/wp-content\/uploads\/2021\/07\/path-left-599x720.png 599w\" sizes=\"auto, (max-width: 781px) 100vw, 781px\" \/><figcaption><\/figcaption><\/figure>\n<\/div>\n\n\n\n<div style=\"height:100px\" aria-hidden=\"true\" class=\"wp-block-spacer eplus-wrapper\"><\/div>\n\n\n\n<div class=\"mt-8 py-12 grid grid-cols-1 md:grid-cols-2 mb-12 wp-block-group eplus-wrapper is-layout-flow wp-block-group-is-layout-flow\">\n<div class=\"wp-block-group eplus-wrapper is-layout-flow wp-block-group-is-layout-flow\">\n<h2 class=\"text-1xl sm:text-2xl md:text-3xl mt-1 wp-block-heading eplus-wrapper\">Una infraestructura inform\u00e1tica limpia no tiene por qu\u00e9 ser un proyecto XXL.<\/h2>\n\n\n\n<p class=\"eplus-wrapper\">Comience con una consulta inicial y h\u00e1ganos saber su <meta charset=\"utf-8\">entorno inform\u00e1tico en un modelo de fases gratuitas.<\/p>\n\n\n\n<div class=\"wp-block-buttons eplus-wrapper is-layout-flex wp-block-buttons-is-layout-flex\"><div class=\"my-5 shadow-xl hover:shadow-lg btn-secondary bg-secondary wp-block-button eplus-wrapper eplus-styles-uid-505e95\"><a class=\"wp-block-button__link wp-element-button\" href=\"https:\/\/troeger-services.com\/es\/erstgespraech\/\" style=\"border-radius:0px\">Solicitar una consulta inicial<\/a><\/div><\/div>\n<\/div>\n<\/div>\n\n\n\n<div class=\"my-24 wp-block-group eplus-wrapper is-layout-flow wp-block-group-is-layout-flow\">\n<p class=\"sub-heading d-inline eplus-wrapper\">Estudio de caso<\/p>\n\n\n\n<h4 class=\"text-2xl sm:text-2xl md:text-3xl mt-1 wp-block-heading eplus-wrapper\" id=\"was-unsere-kunden-sagen\">La opini\u00f3n de nuestros clientes<\/h4>\n\n\n<div class=\"mt-8 grid grid-cols-1 md:grid-cols-2 wp-block-columns eplus-wrapper is-layout-flex wp-container-core-columns-is-layout-9d6595d7 wp-block-columns-is-layout-flex eplus-styles-uid-00e55c\">\n<div class=\"self-stretch wp-block-column is-vertically-aligned-top eplus-wrapper is-layout-flow wp-block-column-is-layout-flow\">\n<div class=\"relative pt-64 pb-10 overflow-hidden wp-block-group eplus-wrapper is-layout-flow wp-block-group-is-layout-flow\">\n<figure class=\"absolute inset-0 h-full w-full object-cover wp-block-image size-full eplus-wrapper\"><img loading=\"lazy\" decoding=\"async\" width=\"675\" height=\"850\" src=\"https:\/\/troeger-services.com\/wp-content\/uploads\/2021\/08\/einfuehrung-digitalen-leitstand.jpg\" alt=\"Reuni\u00f3n sobre la introducci\u00f3n del centro de control digital\" class=\"wp-image-1240\" title=\"\" srcset=\"https:\/\/troeger-services.com\/wp-content\/uploads\/2021\/08\/einfuehrung-digitalen-leitstand.jpg 675w, https:\/\/troeger-services.com\/wp-content\/uploads\/2021\/08\/einfuehrung-digitalen-leitstand-238x300.jpg 238w, https:\/\/troeger-services.com\/wp-content\/uploads\/2021\/08\/einfuehrung-digitalen-leitstand-572x720.jpg 572w\" sizes=\"auto, (max-width: 675px) 100vw, 675px\" \/><figcaption><\/figcaption><\/figure>\n\n\n\n<div class=\"absolute inset-0 mix-blend-multiply bg-primary opacity-70 wp-block-group eplus-wrapper is-layout-flow wp-block-group-is-layout-flow\"><\/div>\n\n\n\n<div class=\"relative px-8 wp-block-group eplus-wrapper is-layout-flow wp-block-group-is-layout-flow\">\n<p class=\"text-white eplus-wrapper\">Estudio de caso de un fabricante de autom\u00f3viles de gama alta<\/p>\n<\/div>\n<\/div>\n<\/div>\n\n\n\n<div class=\"border p-8 self-stretch wp-block-column is-vertically-aligned-top eplus-wrapper is-layout-flow wp-block-column-is-layout-flow\"><p class=\"mb-2 eplus-wrapper eplus-styles-uid-a62243\"><strong>C\u00f3mo un fabricante alem\u00e1n de autom\u00f3viles premium introdujo el centro de control digital<\/strong><\/p>\n\n<p class=\"eplus-wrapper eplus-styles-uid-a62243\"><meta charset=\"utf-8\"><meta charset=\"utf-8\">Transcurridos tres meses de la fase de proyecto, se registraron los datos en tiempo real y, gracias a la evaluaci\u00f3n comparativa del rendimiento hasta el sexto mes, se optimizaron los procesos de tal forma que se apreciaron de inmediato ahorros de entre seis y un mill\u00f3n de euros.<\/p>\n\n\n<p class=\"mt-5 text-base font-medium text-secondary eplus-wrapper\"><a href=\"https:\/\/troeger-services.com\/es\/kontakt\/\" data-type=\"page\" data-id=\"13\"><\/a><a href=\"https:\/\/troeger-services.com\/es\/automocion\/\" data-type=\"post\" data-id=\"891\">\u2192 Leer m\u00e1s<\/a><\/p>\n<\/div>\n<\/div><\/div>\n\n\n\n<div class=\"wp-block-group eplus-wrapper is-layout-constrained wp-block-group-is-layout-constrained\">\n<div class=\"my-24 wp-block-group eplus-wrapper is-layout-flow wp-block-group-is-layout-flow\"><div class=\"grid grid-cols-1 md:grid-cols-2 md:gap-4 wp-block-columns eplus-wrapper is-layout-flex wp-container-core-columns-is-layout-9d6595d7 wp-block-columns-is-layout-flex eplus-styles-uid-daae7d\">\n<div class=\"order-2 md:order-1 wp-block-column is-vertically-aligned-center eplus-wrapper is-layout-flow wp-block-column-is-layout-flow\">\n<p class=\"sub-heading d-inline eplus-wrapper\">DESCARGAR AHORA<\/p>\n\n\n\n<h2 class=\"wp-block-heading has-large-font-size eplus-wrapper\" id=\"35-seiten-fachwissen\">35 p\u00e1ginas de experiencia<br><\/h2>\n\n\n\n<p class=\"text-lg eplus-wrapper\">Este libro electr\u00f3nico le ayudar\u00e1 a introducir la soluci\u00f3n adecuada de Gesti\u00f3n de Servicios de TI y Gesti\u00f3n de Servicios Empresariales en su empresa.<\/p>\n\n\n\n<div style=\"height:62px\" aria-hidden=\"true\" class=\"wp-block-spacer eplus-wrapper\"><\/div>\n\n\n\n<h3 class=\"wp-block-heading has-medium-font-size eplus-wrapper\" id=\"35-seiten-geballtes-wissen-damit-sie-nicht-die-falsche-entscheidung-bei-der-auswahl-ihrer-itsm-esm-losung-treffen\"><strong>35 p\u00e1ginas de conocimientos concentrados para que no tome la decisi\u00f3n equivocada al elegir su<\/strong> <strong>Soluci\u00f3n ITSM y ESM.\u00a0<\/strong><\/h3>\n\n\n\n<p class=\"eplus-wrapper\"><\/p>\n\n\n\n<p class=\"eplus-wrapper\">Obtenga una ventaja y aprenda a elegir la soluci\u00f3n de gesti\u00f3n de servicios de TI y gesti\u00f3n de servicios empresariales adecuada para su organizaci\u00f3n antes de invertir.<\/p>\n\n\n\n<div class=\"wp-block-buttons eplus-wrapper is-layout-flex wp-block-buttons-is-layout-flex\"><div class=\"is-style-fill wp-block-button eplus-wrapper eplus-styles-uid-8b7c40\"><a class=\"wp-block-button__link has-orange-background-color has-background wp-element-button\" href=\"https:\/\/troeger-services.ac-page.com\/itsm-einkaufsfuehrer-e-book\" target=\"_blank\" rel=\"noreferrer noopener\"><strong>DESCARGAR AHORA<\/strong><\/a><\/div><\/div>\n<\/div>\n\n\n\n<div class=\"flex justify-center py-12 order-1 md:order-2 wp-block-column is-vertically-aligned-center eplus-wrapper is-layout-flow wp-block-column-is-layout-flow\">\n<figure class=\"wp-block-image size-full eplus-wrapper\"><img loading=\"lazy\" decoding=\"async\" width=\"800\" height=\"600\" src=\"https:\/\/troeger-services.com\/wp-content\/uploads\/2022\/11\/95868af5-a93d-405b-a545-37576a6b6136.png\" alt=\"\" class=\"wp-image-1828\" title=\"\" srcset=\"https:\/\/troeger-services.com\/wp-content\/uploads\/2022\/11\/95868af5-a93d-405b-a545-37576a6b6136.png 800w, https:\/\/troeger-services.com\/wp-content\/uploads\/2022\/11\/95868af5-a93d-405b-a545-37576a6b6136-300x225.png 300w, https:\/\/troeger-services.com\/wp-content\/uploads\/2022\/11\/95868af5-a93d-405b-a545-37576a6b6136-768x576.png 768w\" sizes=\"auto, (max-width: 800px) 100vw, 800px\" \/><\/figure>\n<\/div>\n<\/div>\n\n\n<div class=\"py-12 grid grid-cols-1 md:grid-cols-2 wp-block-group eplus-wrapper is-layout-flow wp-block-group-is-layout-flow\">\n<div class=\"wp-block-group eplus-wrapper is-layout-flow wp-block-group-is-layout-flow\">\n<p class=\"sub-heading d-inline eplus-wrapper\"><strong>ASESORAMIENTO PROFESIONAL<\/strong><\/p>\n\n\n\n<h3 class=\"text-2xl sm:text-2xl md:text-3xl mt-1 wp-block-heading eplus-wrapper\" id=\"it-service-management-mit-itsm-kaufberatung\">Gesti\u00f3n de servicios de TI con asesoramiento en compras ITSM<\/h3>\n\n\n\n<p class=\"eplus-wrapper\">\u00bfNecesita asesoramiento profesional para planificar e implantar su gesti\u00f3n de servicios de TI?<\/p>\n\n\n\n<p class=\"eplus-wrapper\"><strong><a href=\"https:\/\/troeger-services.ac-page.com\/itsm-einkaufsfuehrer-e-book\" target=\"_blank\" rel=\"noopener\" title=\"El libro electr\u00f3nico &quot;ITSM &amp; ESM Buyer&#039;s Guide&quot; (Gu\u00eda del comprador de ITSM y ESM)\">El libro electr\u00f3nico \"ITSM &amp; ESM Buyer's Guide\" (Gu\u00eda del comprador de ITSM y ESM)<\/a><\/strong> le ayudar\u00e1 a tomar la decisi\u00f3n correcta.<\/p>\n<\/div>\n<\/div>\n\n\n\n<div class=\"py-12 grid grid-cols-1 md:grid-cols-2 wp-block-group eplus-wrapper is-layout-flow wp-block-group-is-layout-flow\">\n<div class=\"wp-block-group eplus-wrapper is-layout-flow wp-block-group-is-layout-flow\">\n<p class=\"sub-heading d-inline eplus-wrapper\"><strong>ESTA INFORMACI\u00d3N LE AYUDAR\u00c1<\/strong><\/p>\n\n\n\n<h4 class=\"text-2xl sm:text-2xl md:text-3xl mt-1 wp-block-heading eplus-wrapper\" id=\"zeit-sparen-mit-unserer-itsm-kaufberatung\">Ahorre tiempo con nuestros consejos de compra ITSM<\/h4>\n\n\n\n<p class=\"eplus-wrapper\">\u00bfNecesita su empresa una herramienta de gesti\u00f3n de servicios inform\u00e1ticos?<\/p>\n\n\n\n<p class=\"eplus-wrapper\"><strong>Entonces deber\u00eda leer nuestro libro electr\u00f3nico.<\/strong><\/p>\n\n\n\n<p class=\"eplus-wrapper\">Aqu\u00ed encontrar\u00e1 <strong>Informaci\u00f3n que le ayudar\u00e1<\/strong> puede <strong>el derecho<\/strong> Gesti\u00f3n de servicios de TI y gesti\u00f3n de servicios empresariales<strong> para su empresa.<\/strong><\/p>\n\n\n\n<div class=\"wp-block-buttons eplus-wrapper is-layout-flex wp-block-buttons-is-layout-flex\"><div class=\"is-style-fill wp-block-button eplus-wrapper eplus-styles-uid-d8544b\"><a class=\"wp-block-button__link has-orange-background-color has-background wp-element-button\" href=\"https:\/\/troeger-services.ac-page.com\/itsm-einkaufsfuehrer-e-book\" target=\"_blank\" rel=\"noreferrer noopener\"><strong>DESCARGAR AHORA<\/strong><\/a><\/div>\n\n<div class=\"is-style-fill wp-block-button eplus-wrapper eplus-styles-uid-615eb4\"><a class=\"wp-block-button__link has-orange-background-color has-background wp-element-button\" href=\"https:\/\/troeger-services.com\/es\/wir-stellen-unsere-partner-vor\/\">Nuestros socios<\/a><\/div>\n\n<div class=\"is-style-fill wp-block-button eplus-wrapper eplus-styles-uid-cbbc41\"><a class=\"wp-block-button__link has-orange-background-color has-background wp-element-button\" href=\"https:\/\/www.ifs.com\/de\/industries\/service-industries\/retail-aftermarket-services\" target=\"_blank\" rel=\"noopener\">IFS Retail<\/a><\/div>\n\n<div class=\"is-style-fill wp-block-button eplus-wrapper eplus-styles-uid-56a752\"><a class=\"wp-block-button__link has-orange-background-color has-background wp-element-button\" href=\"https:\/\/www.opentext.com\/solutions\/industry\/retail\" target=\"_blank\" rel=\"noopener\">Opentext Retail<\/a><\/div><\/div>\n<\/div>\n<\/div>\n\n\n\n<div class=\"wp-block-group eplus-wrapper is-layout-constrained wp-block-group-is-layout-constrained\">\n<div style=\"height:21px\" aria-hidden=\"true\" class=\"wp-block-spacer eplus-wrapper\"><\/div>\n\n\n\n<figure class=\"wp-block-image aligncenter size-full is-resized eplus-wrapper\"><img loading=\"lazy\" decoding=\"async\" width=\"147\" height=\"150\" src=\"https:\/\/troeger-services.com\/wp-content\/uploads\/2023\/12\/tibc_logo_1zeilig_rgb-1-e1702089590391.png\" alt=\"El logotipo de la empresa TITBC, los expertos en ITSM, ITOM, ESM. Los \u00fanicos expertos que incorporan todas las perspectivas para su \u00e9xito garantizado.\" class=\"wp-image-1985\" style=\"object-fit:cover;width:75px;height:75px\" title=\"\"><\/figure>\n<\/div>\n\n\n\n<div style=\"height:32px\" aria-hidden=\"true\" class=\"wp-block-spacer eplus-wrapper\"><\/div>\n\n\n\n<div class=\"wp-block-group eplus-wrapper is-layout-flow wp-block-group-is-layout-flow\"><div class=\"grid grid-cols-1 md:grid-cols-2 md:gap-4 wp-block-columns eplus-wrapper is-layout-flex wp-container-core-columns-is-layout-9d6595d7 wp-block-columns-is-layout-flex eplus-styles-uid-0d9af5\">\n<div class=\"flex justify-center py-12 wp-block-column eplus-wrapper is-layout-flow wp-block-column-is-layout-flow\">\n<figure class=\"wp-block-image size-full eplus-wrapper\"><img loading=\"lazy\" decoding=\"async\" width=\"500\" height=\"500\" src=\"https:\/\/troeger-services.com\/wp-content\/uploads\/2022\/11\/31c5c9ef-04d5-4b4c-8fa7-d98840f3cb5a.jpg\" alt=\"\" class=\"wp-image-1832\" title=\"\" srcset=\"https:\/\/troeger-services.com\/wp-content\/uploads\/2022\/11\/31c5c9ef-04d5-4b4c-8fa7-d98840f3cb5a.jpg 500w, https:\/\/troeger-services.com\/wp-content\/uploads\/2022\/11\/31c5c9ef-04d5-4b4c-8fa7-d98840f3cb5a-300x300.jpg 300w, https:\/\/troeger-services.com\/wp-content\/uploads\/2022\/11\/31c5c9ef-04d5-4b4c-8fa7-d98840f3cb5a-150x150.jpg 150w\" sizes=\"auto, (max-width: 500px) 100vw, 500px\" \/><\/figure>\n<\/div>\n\n\n\n<div class=\"wp-block-column is-vertically-aligned-center eplus-wrapper is-layout-flow wp-block-column-is-layout-flow\">\n<h4 class=\"text-lg wp-block-heading eplus-wrapper\" id=\"andre-troger-ceo\">Andr\u00e9 Tr\u00f6ger - Director General<\/h4>\n\n\n\n<p class=\"eplus-wrapper\">TR\u00d6GER IT BUSINESS CONSULTING<\/p>\n\n\n\n<p class=\"has-orange-color has-text-color has-medium-font-size eplus-wrapper\">\"Elegir la herramienta ITSM adecuada no tiene por qu\u00e9 ser dif\u00edcil.<\/p>\n\n\n\n<p class=\"has-orange-color has-text-color has-medium-font-size eplus-wrapper\">P\u00f3ngaselo f\u00e1cil con nuestro <a href=\"https:\/\/troeger-services.ac-page.com\/itsm-einkaufsfuehrer-e-book\" target=\"_blank\" rel=\"noopener\" title=\"Libro electr\u00f3nico &quot;CONSEJOS DE COMPRA DE ITSM&quot;.\">Libro electr\u00f3nico \"CONSEJOS DE COMPRA DE ITSM\".<\/a><\/p>\n\n\n\n<div class=\"wp-block-buttons eplus-wrapper is-layout-flex wp-block-buttons-is-layout-flex\"><div class=\"is-style-outline wp-block-button eplus-wrapper is-style-outline--1 eplus-styles-uid-45daa5\"><a class=\"wp-block-button__link wp-element-button\" href=\"https:\/\/troeger-services.ac-page.com\/itsm-einkaufsfuehrer-e-book\" target=\"_blank\" rel=\"noreferrer noopener\"><strong>DESCARGAR AHORA<\/strong><\/a><\/div><\/div>\n<\/div>\n<\/div><\/div>\n<\/div>\n<\/div>\n\n\n\n<p class=\"eplus-wrapper\"><\/p>","protected":false},"excerpt":{"rendered":"<p>Consulting &amp; Implementierung Profitieren Sie von unserem Spezialwissen und gehen Sie den Weg mit uns zusammen. Als Top 100 Berater, 4 mal in Folge, von unseren Kunden und Bundespr\u00e4sident a.D. Christian Wulff ausgezeichnet. Die Einf\u00fchrung einer neuen Software stellt jedes Unternehmen vor eine gro\u00dfe Herausforderung. Es gilt, vieles zu beachten, damit alle Rahmenbedingung geschaffen und [&hellip;]<\/p>\n","protected":false},"author":4,"featured_media":2024,"parent":0,"menu_order":0,"comment_status":"closed","ping_status":"closed","template":"","meta":{"editor_plus_copied_stylings":"{}","_themeisle_gutenberg_block_has_review":false,"footnotes":"","_links_to":"","_links_to_target":""},"categories":[1,14],"tags":[20,23,45,21,47,49,51,42,22,53,57,43,41,19,18,59,44,46,25,55,48,50,52,54,61,58,60,56,26],"class_list":["post-701","page","type-page","status-publish","has-post-thumbnail","hentry","category-allgemein","category-blog","tag-esm","tag-assyst","tag-availability-management","tag-blog","tag-capacity-and-performance-management","tag-change-enablement","tag-deployment-management","tag-enterprise-service-management","tag-ifs","tag-incident-management","tag-it-asset-management","tag-it-operations-management","tag-it-service-management","tag-itom","tag-itsm","tag-knowledge-management","tag-micro-focus","tag-monitoring-and-event-management","tag-opentext","tag-problem-management","tag-release-management","tag-service-catalog-management","tag-service-configuration-management","tag-service-continuity-management","tag-service-desk","tag-service-financial-management","tag-service-level-management","tag-service-request-management","tag-smax"],"_links":{"self":[{"href":"https:\/\/troeger-services.com\/es\/wp-json\/wp\/v2\/pages\/701","targetHints":{"allow":["GET"]}}],"collection":[{"href":"https:\/\/troeger-services.com\/es\/wp-json\/wp\/v2\/pages"}],"about":[{"href":"https:\/\/troeger-services.com\/es\/wp-json\/wp\/v2\/types\/page"}],"author":[{"embeddable":true,"href":"https:\/\/troeger-services.com\/es\/wp-json\/wp\/v2\/users\/4"}],"replies":[{"embeddable":true,"href":"https:\/\/troeger-services.com\/es\/wp-json\/wp\/v2\/comments?post=701"}],"version-history":[{"count":0,"href":"https:\/\/troeger-services.com\/es\/wp-json\/wp\/v2\/pages\/701\/revisions"}],"wp:featuredmedia":[{"embeddable":true,"href":"https:\/\/troeger-services.com\/es\/wp-json\/wp\/v2\/media\/2024"}],"wp:attachment":[{"href":"https:\/\/troeger-services.com\/es\/wp-json\/wp\/v2\/media?parent=701"}],"wp:term":[{"taxonomy":"category","embeddable":true,"href":"https:\/\/troeger-services.com\/es\/wp-json\/wp\/v2\/categories?post=701"},{"taxonomy":"post_tag","embeddable":true,"href":"https:\/\/troeger-services.com\/es\/wp-json\/wp\/v2\/tags?post=701"}],"curies":[{"name":"wp","href":"https:\/\/api.w.org\/{rel}","templated":true}]}}