{"id":1478,"date":"2021-11-02T17:22:19","date_gmt":"2021-11-02T16:22:19","guid":{"rendered":"https:\/\/troeger-services.com\/?page_id=1478"},"modified":"2024-07-04T21:23:55","modified_gmt":"2024-07-04T19:23:55","slug":"analyses-pertinentes-pour-laction","status":"publish","type":"page","link":"https:\/\/troeger-services.com\/fr\/analyses-pertinentes-pour-laction\/","title":{"rendered":"Obtenez des analyses pertinentes pour l'action gr\u00e2ce \u00e0 l'ITSM, l'ITOM et l'ESM."},"content":{"rendered":"<div class=\"row-full py-5 mb-12 wp-block-group eplus-wrapper is-layout-flow wp-block-group-is-layout-flow\">\n<div class=\"wp-block-group eplus-wrapper is-layout-flow wp-block-group-is-layout-flow\"><div class=\"container mx-auto py-6 grid grid-cols-1 md:grid-cols-2 wp-block-columns eplus-wrapper is-layout-flex wp-container-core-columns-is-layout-9d6595d7 wp-block-columns-is-layout-flex eplus-styles-uid-1717c4\">\n<div class=\"lg:pr-8 xl:pr-12 order-2 md:order-1 wp-block-column is-vertically-aligned-center eplus-wrapper is-layout-flow wp-block-column-is-layout-flow\"><p class=\"sub-heading d-inline eplus-wrapper eplus-styles-uid-a62243\">Pr\u00e9cision accrue des pr\u00e9visions gr\u00e2ce \u00e0 des analyses pertinentes pour l'action<\/p>\n\n\n<h1 class=\"text-2xl sm:text-3xl md:text-4xl mt-1 wp-block-heading eplus-wrapper\">...vous aident \u00e0 accomplir vos t\u00e2ches de mani\u00e8re proactive. Voyez \u00e0 l'avance, avant que les choses ne s'aggravent, o\u00f9 et quoi faire. ITSM, ITOM et ESM sont vos outils parfaits pour votre succ\u00e8s.<\/h1>\n\n\n\n<p class=\"eplus-wrapper\"><\/p>\n\n\n\n<p class=\"eplus-wrapper\">Exploitez la valeur de toutes vos donn\u00e9es, quelle que soit leur taille.<\/p>\n\n\n\n<div class=\"wp-block-buttons eplus-wrapper is-layout-flex wp-block-buttons-is-layout-flex\"><div class=\"my-5 shadow-xl hover:shadow-lg btn-secondary bg-secondary wp-block-button eplus-wrapper eplus-styles-uid-915350\"><a class=\"wp-block-button__link wp-element-button\" href=\"https:\/\/outlook.office365.com\/owa\/calendar\/TITBCGesprchsanfragemitAndrTrger@titbc.onmicrosoft.com\/bookings\/\" style=\"border-radius:0px\" target=\"_blank\" rel=\"noreferrer noopener\">Demander un premier entretien<\/a><\/div><\/div>\n<\/div>\n\n\n\n<div class=\"flex justify-center py-12 order-1 md:order-2 wp-block-column eplus-wrapper is-layout-flow wp-block-column-is-layout-flow\">\n<figure class=\"wp-block-image size-full eplus-wrapper\"><img loading=\"lazy\" decoding=\"async\" width=\"545\" height=\"253\" src=\"https:\/\/troeger-services.com\/wp-content\/uploads\/2021\/10\/analysen.png\" alt=\"analyses pertinentes pour l&#039;action Graphique\" class=\"wp-image-1493\" title=\"\" srcset=\"https:\/\/troeger-services.com\/wp-content\/uploads\/2021\/10\/analysen.png 545w, https:\/\/troeger-services.com\/wp-content\/uploads\/2021\/10\/analysen-300x139.png 300w\" sizes=\"auto, (max-width: 545px) 100vw, 545px\" \/><\/figure>\n<\/div>\n<\/div><\/div>\n<\/div>\n\n\n\n<div class=\"vorteile row-wide py-12 my-24 bg-primary-light wp-block-group eplus-wrapper is-layout-flow wp-block-group-is-layout-flow\">\n<div class=\"container mx-auto wp-block-group eplus-wrapper is-layout-flow wp-block-group-is-layout-flow\"><div class=\"iconblock grid grid-cols-1 gap-12 sm:gap-20 md:grid-cols-3 md:gap-8 lg:gap-24 xl:gap-44 wp-block-columns eplus-wrapper is-layout-flex wp-container-core-columns-is-layout-9d6595d7 wp-block-columns-is-layout-flex eplus-styles-uid-8011e1\">\n<div class=\"pt-5 wp-block-column is-vertically-aligned-top eplus-wrapper is-layout-flow wp-block-column-is-layout-flow\">\n<figure class=\"wp-block-image alignleft size-full eplus-wrapper\"><img loading=\"lazy\" decoding=\"async\" width=\"80\" height=\"80\" src=\"https:\/\/troeger-services.com\/wp-content\/uploads\/2021\/07\/konzeption.png\" alt=\"Conception technique Icon\" class=\"wp-image-624\" title=\"\"><\/figure>\n\n\n\n<p class=\"mb-2 mt-2 eplus-wrapper\"><strong>Pr\u00e9visions<\/strong><\/p>\n\n\n<p class=\"eplus-wrapper eplus-styles-uid-fe641a\">\u00c0 partir d'une quantit\u00e9 illimit\u00e9e de vos donn\u00e9es, vous pouvez d\u00e9velopper des mod\u00e8les de pr\u00e9vision tr\u00e8s pr\u00e9cis et actualis\u00e9s en permanence et en d\u00e9duire des d\u00e9clarations pour des informations en temps r\u00e9el.<\/p><\/div>\n\n\n\n<div class=\"pt-5 wp-block-column is-vertically-aligned-top eplus-wrapper is-layout-flow wp-block-column-is-layout-flow\">\n<figure class=\"object-scale-down wp-block-image alignleft size-full eplus-wrapper\"><img loading=\"lazy\" decoding=\"async\" width=\"80\" height=\"80\" src=\"https:\/\/troeger-services.com\/wp-content\/uploads\/2021\/07\/icon-ausgangssituation.png\" alt=\"Ic\u00f4ne Situation de d\u00e9part\" class=\"wp-image-900\" title=\"\"><figcaption><\/figcaption><\/figure>\n\n\n\n<p class=\"mb-2 eplus-wrapper\"><strong>Aper\u00e7us<\/strong><\/p>\n\n\n<p class=\"eplus-wrapper eplus-styles-uid-fe641a\">Pour prendre des d\u00e9cisions au rythme de l'activit\u00e9, d\u00e9couvrez les tendances, les relations et les mod\u00e8les gr\u00e2ce \u00e0 des aper\u00e7us pr\u00e9visionnels directs.<\/p><\/div>\n\n\n\n<div class=\"pt-5 wp-block-column eplus-wrapper is-layout-flow wp-block-column-is-layout-flow\">\n<figure class=\"object-scale-down wp-block-image size-full eplus-wrapper\"><img loading=\"lazy\" decoding=\"async\" width=\"80\" height=\"80\" src=\"https:\/\/troeger-services.com\/wp-content\/uploads\/2021\/07\/icon-beratungsphase.png\" alt=\"Ic\u00f4ne apr\u00e8s la phase de consultation\" class=\"wp-image-901\" title=\"\"><figcaption><\/figcaption><\/figure>\n\n\n\n<p class=\"mb-2 mt-2 eplus-wrapper\"><strong>Automatisation<\/strong><meta charset=\"utf-8\"><\/p>\n\n\n<p class=\"eplus-wrapper eplus-styles-uid-fe641a\">R\u00e9duisez les risques et cr\u00e9ez des opportunit\u00e9s commerciales gr\u00e2ce \u00e0 la surveillance, \u00e0 la d\u00e9tection, \u00e0 l'analyse et \u00e0 la r\u00e9solution automatis\u00e9es des probl\u00e8mes.<\/p><\/div>\n<\/div><\/div>\n<\/div>\n\n\n\n<div class=\"vorteile my-24 wp-block-group eplus-wrapper is-layout-flow wp-block-group-is-layout-flow\"><div class=\"iconblock grid grid-cols-1 gap-12 sm:gap-20 md:grid-cols-2 md:gap-8 lg:gap-24 xl:gap-44 wp-block-columns eplus-wrapper is-layout-flex wp-container-core-columns-is-layout-9d6595d7 wp-block-columns-is-layout-flex eplus-styles-uid-e05b68\">\n<div class=\"pt-5 wp-block-column is-vertically-aligned-top eplus-wrapper is-layout-flow wp-block-column-is-layout-flow\">\n<figure class=\"wp-block-image alignleft size-full eplus-wrapper\"><img loading=\"lazy\" decoding=\"async\" width=\"200\" height=\"115\" src=\"https:\/\/troeger-services.com\/wp-content\/uploads\/2021\/11\/sicherheitsanalysen.png\" alt=\"Graphique des analyses de s\u00e9curit\u00e9\" class=\"wp-image-1532\" title=\"\"><\/figure>\n\n\n<h3 class=\"wp-block-heading eplus-wrapper eplus-styles-uid-a62243\"><strong>Analyses du comportement des clients<\/strong><\/h3>\n\n<p class=\"eplus-wrapper eplus-styles-uid-a62243\"><meta charset=\"utf-8\">Obtenez des vues utilisables \u00e0 360 degr\u00e9s de vos interactions avec les clients gr\u00e2ce \u00e0 des organisations ax\u00e9es sur les donn\u00e9es. La gestion et l'analyse rapides d'\u00e9normes volumes de donn\u00e9es clients provenant de diff\u00e9rentes sources vous aident \u00e0 identifier le comportement des clients.<\/p><\/div>\n\n\n\n<div class=\"pt-5 wp-block-column is-vertically-aligned-top eplus-wrapper is-layout-flow wp-block-column-is-layout-flow\">\n<figure class=\"object-scale-down wp-block-image alignleft size-full eplus-wrapper\"><img loading=\"lazy\" decoding=\"async\" width=\"200\" height=\"115\" src=\"https:\/\/troeger-services.com\/wp-content\/uploads\/2021\/11\/kognitive-suche.png\" alt=\"Graphique Recherche cognitive et acquisition de connaissances\" class=\"wp-image-1530\" title=\"\"><figcaption><\/figcaption><\/figure>\n\n\n<h3 class=\"wp-block-heading eplus-wrapper eplus-styles-uid-a62243\"><strong><meta charset=\"utf-8\">Recherche cognitive et acquisition de connaissances<\/strong><\/h3>\n\n<p class=\"eplus-wrapper eplus-styles-uid-a62243\"><meta charset=\"utf-8\">Comprenez les intentions de l'utilisateur ainsi que les mod\u00e8les et les relations entre les donn\u00e9es. Soutenu par la recherche cognitive de l'intelligence artificielle, trouvez des informations contextuelles tr\u00e8s pertinentes de vos utilisateurs.<\/p><\/div>\n<\/div><\/div>\n\n\n\n<div class=\"vorteile my-24 wp-block-group eplus-wrapper is-layout-flow wp-block-group-is-layout-flow\"><div class=\"iconblock grid grid-cols-1 gap-12 sm:gap-20 md:grid-cols-2 md:gap-8 lg:gap-24 xl:gap-44 wp-block-columns eplus-wrapper is-layout-flex wp-container-core-columns-is-layout-9d6595d7 wp-block-columns-is-layout-flex eplus-styles-uid-cb7382\">\n<div class=\"pt-5 wp-block-column is-vertically-aligned-top eplus-wrapper is-layout-flow wp-block-column-is-layout-flow\">\n<figure class=\"wp-block-image alignleft size-full eplus-wrapper\"><img loading=\"lazy\" decoding=\"async\" width=\"200\" height=\"115\" src=\"https:\/\/troeger-services.com\/wp-content\/uploads\/2021\/11\/iot-analysen.png\" alt=\"Graphique analyses IoT\" class=\"wp-image-1529\" title=\"\"><\/figure>\n\n\n<h3 class=\"wp-block-heading eplus-wrapper eplus-styles-uid-a62243\"><strong><meta charset=\"utf-8\">Analyses IoT<\/strong><\/h3>\n\n<p class=\"eplus-wrapper eplus-styles-uid-a62243\"><meta charset=\"utf-8\">R\u00e9duisez les co\u00fbts de service et am\u00e9liorez la satisfaction des clients en analysant toutes vos donn\u00e9es \u00e0 la vitesse de l'\u00e9clair. Obtenez des informations exploitables \u00e0 partir d'\u00e9normes volumes de donn\u00e9es, qu'il s'agisse de maintenance pr\u00e9ventive, de fabrication intelligente ou autre.<\/p><\/div>\n\n\n\n<div class=\"pt-5 wp-block-column is-vertically-aligned-top eplus-wrapper is-layout-flow wp-block-column-is-layout-flow\">\n<figure class=\"object-scale-down wp-block-image alignleft size-full eplus-wrapper\"><img loading=\"lazy\" decoding=\"async\" width=\"200\" height=\"115\" src=\"https:\/\/troeger-services.com\/wp-content\/uploads\/2021\/11\/operations-analytics.png\" alt=\"Graphique Operations Analytics\" class=\"wp-image-1531\" title=\"\"><figcaption><\/figcaption><\/figure>\n\n\n<h3 class=\"wp-block-heading eplus-wrapper eplus-styles-uid-a62243\"><strong><meta charset=\"utf-8\">Analyse des op\u00e9rations<\/strong><\/h3>\n\n<p class=\"eplus-wrapper eplus-styles-uid-a62243\"><meta charset=\"utf-8\">Pour r\u00e9duire les co\u00fbts informatiques et r\u00e9agir plus rapidement, l'intelligence artificielle pour les op\u00e9rations informatiques vous permet d'obtenir des informations de bout en bout en temps r\u00e9el.<\/p><\/div>\n<\/div><\/div>\n\n\n\n<div class=\"vorteile my-24 wp-block-group eplus-wrapper is-layout-flow wp-block-group-is-layout-flow\"><div class=\"iconblock grid grid-cols-1 gap-12 sm:gap-20 md:grid-cols-2 md:gap-8 lg:gap-24 xl:gap-44 wp-block-columns eplus-wrapper is-layout-flex wp-container-core-columns-is-layout-9d6595d7 wp-block-columns-is-layout-flex eplus-styles-uid-311590\">\n<div class=\"pt-5 wp-block-column is-vertically-aligned-top eplus-wrapper is-layout-flow wp-block-column-is-layout-flow\">\n<figure class=\"wp-block-image alignleft size-full eplus-wrapper\"><img loading=\"lazy\" decoding=\"async\" width=\"200\" height=\"115\" src=\"https:\/\/troeger-services.com\/wp-content\/uploads\/2021\/11\/sicherheitsanalysen.png\" alt=\"Graphique des analyses de s\u00e9curit\u00e9\" class=\"wp-image-1532\" title=\"\"><\/figure>\n\n\n<h3 class=\"wp-block-heading eplus-wrapper eplus-styles-uid-a62243\"><strong><meta charset=\"utf-8\">Analyses de s\u00e9curit\u00e9<\/strong><\/h3>\n\n<p class=\"eplus-wrapper eplus-styles-uid-a62243\"><meta charset=\"utf-8\">Validez les incidents de s\u00e9curit\u00e9 et acc\u00e9l\u00e9rez la d\u00e9tection des menaces connues et inconnues gr\u00e2ce aux analyses de s\u00e9curit\u00e9.<\/p><\/div>\n<\/div><\/div>\n\n\n\n<div style=\"height:50px\" aria-hidden=\"true\" class=\"wp-block-spacer eplus-wrapper\"><\/div>\n\n\n\n<div class=\"my-24 wp-block-group eplus-wrapper is-layout-flow wp-block-group-is-layout-flow\">\n<p class=\"sub-heading d-inline eplus-wrapper\">\u00c9tude de cas<\/p>\n\n\n\n<h4 class=\"text-2xl sm:text-2xl md:text-3xl mt-1 wp-block-heading eplus-wrapper\" id=\"was-unsere-kunden-sagen\">Ce que disent nos clients<\/h4>\n\n\n<div class=\"mt-8 grid grid-cols-1 md:grid-cols-2 wp-block-columns eplus-wrapper is-layout-flex wp-container-core-columns-is-layout-9d6595d7 wp-block-columns-is-layout-flex eplus-styles-uid-00e55c\">\n<div class=\"self-stretch wp-block-column is-vertically-aligned-top eplus-wrapper is-layout-flow wp-block-column-is-layout-flow\">\n<div class=\"relative pt-64 pb-10 overflow-hidden wp-block-group eplus-wrapper is-layout-flow wp-block-group-is-layout-flow\">\n<figure class=\"absolute inset-0 h-full w-full object-cover wp-block-image size-full eplus-wrapper\"><img loading=\"lazy\" decoding=\"async\" width=\"675\" height=\"850\" src=\"https:\/\/troeger-services.com\/wp-content\/uploads\/2021\/08\/einfuehrung-digitalen-leitstand.jpg\" alt=\"R\u00e9union sur l&#039;introduction du poste de contr\u00f4le num\u00e9rique\" class=\"wp-image-1240\" title=\"\" srcset=\"https:\/\/troeger-services.com\/wp-content\/uploads\/2021\/08\/einfuehrung-digitalen-leitstand.jpg 675w, https:\/\/troeger-services.com\/wp-content\/uploads\/2021\/08\/einfuehrung-digitalen-leitstand-238x300.jpg 238w, https:\/\/troeger-services.com\/wp-content\/uploads\/2021\/08\/einfuehrung-digitalen-leitstand-572x720.jpg 572w\" sizes=\"auto, (max-width: 675px) 100vw, 675px\" \/><figcaption><\/figcaption><\/figure>\n\n\n\n<div class=\"absolute inset-0 mix-blend-multiply bg-primary opacity-70 wp-block-group eplus-wrapper is-layout-flow wp-block-group-is-layout-flow\"><\/div>\n\n\n\n<div class=\"relative px-8 wp-block-group eplus-wrapper is-layout-flow wp-block-group-is-layout-flow\">\n<p class=\"text-white eplus-wrapper\">\u00c9tude de cas Constructeur automobile haut de gamme<\/p>\n<\/div>\n<\/div>\n<\/div>\n\n\n\n<div class=\"border p-8 self-stretch wp-block-column is-vertically-aligned-top eplus-wrapper is-layout-flow wp-block-column-is-layout-flow\"><p class=\"mb-2 eplus-wrapper eplus-styles-uid-a62243\"><strong>Comment un grand constructeur automobile allemand haut de gamme a introduit le poste de contr\u00f4le num\u00e9rique<\/strong><\/p>\n\n<p class=\"eplus-wrapper eplus-styles-uid-a62243\"><meta charset=\"utf-8\"><meta charset=\"utf-8\">Apr\u00e8s trois mois de projet, les donn\u00e9es ont \u00e9t\u00e9 saisies en temps r\u00e9el et, gr\u00e2ce \u00e0 un benchmarking des performances jusqu'au sixi\u00e8me mois, les processus ont \u00e9t\u00e9 optimis\u00e9s de telle sorte que des \u00e9conomies \u00e0 six chiffres, voire \u00e0 plusieurs millions, ont \u00e9t\u00e9 imm\u00e9diatement perceptibles.<\/p>\n\n\n<p class=\"mt-5 text-base font-medium text-secondary eplus-wrapper\"><a href=\"https:\/\/troeger-services.com\/fr\/kontakt\/\" data-type=\"page\" data-id=\"13\"><\/a><a href=\"https:\/\/troeger-services.com\/fr\/automobile\/\" data-type=\"post\" data-id=\"891\">\u2192 En savoir plus<\/a><\/p>\n<\/div>\n<\/div><\/div>","protected":false},"excerpt":{"rendered":"<p>H\u00f6here Prognosegenauigkeit durch Handlungsrelevante Analysen &#8230;helfen Ihnen Proaktiv Ihre Aufgaben zu erledigen. Sehen Sie im Vorfeld bevor etwas eskaliert, wo und was zu tun ist. ITSM, ITOM und ESM sind Ihre perfekten Werkzeuge f\u00fcr Ihren Erfolg. Nutzen Sie den Wert aus allen Ihren Daten, unabh\u00e4ngig vom Datenausma\u00df. Prognosen Aus unbegrenzten Mengen Ihrer Daten k\u00f6nnen Sie [&hellip;]<\/p>\n","protected":false},"author":4,"featured_media":1492,"parent":0,"menu_order":0,"comment_status":"closed","ping_status":"closed","template":"","meta":{"editor_plus_copied_stylings":"{}","_themeisle_gutenberg_block_has_review":false,"footnotes":"","_links_to":"","_links_to_target":""},"categories":[],"tags":[20,23,45,21,47,49,51,42,22,53,57,43,41,19,18,59,44,46,25,55,48,50,52,54,61,58,60,56,26],"class_list":["post-1478","page","type-page","status-publish","has-post-thumbnail","hentry","tag-esm","tag-assyst","tag-availability-management","tag-blog","tag-capacity-and-performance-management","tag-change-enablement","tag-deployment-management","tag-enterprise-service-management","tag-ifs","tag-incident-management","tag-it-asset-management","tag-it-operations-management","tag-it-service-management","tag-itom","tag-itsm","tag-knowledge-management","tag-micro-focus","tag-monitoring-and-event-management","tag-opentext","tag-problem-management","tag-release-management","tag-service-catalog-management","tag-service-configuration-management","tag-service-continuity-management","tag-service-desk","tag-service-financial-management","tag-service-level-management","tag-service-request-management","tag-smax"],"_links":{"self":[{"href":"https:\/\/troeger-services.com\/fr\/wp-json\/wp\/v2\/pages\/1478","targetHints":{"allow":["GET"]}}],"collection":[{"href":"https:\/\/troeger-services.com\/fr\/wp-json\/wp\/v2\/pages"}],"about":[{"href":"https:\/\/troeger-services.com\/fr\/wp-json\/wp\/v2\/types\/page"}],"author":[{"embeddable":true,"href":"https:\/\/troeger-services.com\/fr\/wp-json\/wp\/v2\/users\/4"}],"replies":[{"embeddable":true,"href":"https:\/\/troeger-services.com\/fr\/wp-json\/wp\/v2\/comments?post=1478"}],"version-history":[{"count":0,"href":"https:\/\/troeger-services.com\/fr\/wp-json\/wp\/v2\/pages\/1478\/revisions"}],"wp:featuredmedia":[{"embeddable":true,"href":"https:\/\/troeger-services.com\/fr\/wp-json\/wp\/v2\/media\/1492"}],"wp:attachment":[{"href":"https:\/\/troeger-services.com\/fr\/wp-json\/wp\/v2\/media?parent=1478"}],"wp:term":[{"taxonomy":"category","embeddable":true,"href":"https:\/\/troeger-services.com\/fr\/wp-json\/wp\/v2\/categories?post=1478"},{"taxonomy":"post_tag","embeddable":true,"href":"https:\/\/troeger-services.com\/fr\/wp-json\/wp\/v2\/tags?post=1478"}],"curies":[{"name":"wp","href":"https:\/\/api.w.org\/{rel}","templated":true}]}}