{"id":2550,"date":"2023-12-15T00:05:49","date_gmt":"2023-12-14T23:05:49","guid":{"rendered":"https:\/\/troeger-services.com\/?page_id=2550"},"modified":"2024-07-05T00:44:12","modified_gmt":"2024-07-04T22:44:12","slug":"votre-role-hr","status":"publish","type":"page","link":"https:\/\/troeger-services.com\/fr\/votre-role-hr\/","title":{"rendered":"Votre r\u00f4le RH et GSE"},"content":{"rendered":"<div class=\"row-full py-5 mb-12 wp-block-group eplus-wrapper is-layout-flow wp-block-group-is-layout-flow\">\n<div class=\"wp-block-group eplus-wrapper is-layout-flow wp-block-group-is-layout-flow\"><div class=\"container mx-auto py-6 grid grid-cols-1 md:grid-cols-2 wp-block-columns eplus-wrapper is-layout-flex wp-container-core-columns-is-layout-9d6595d7 wp-block-columns-is-layout-flex eplus-styles-uid-00b045\">\n<div class=\"lg:pr-8 xl:pr-12 order-2 md:order-1 wp-block-column is-vertically-aligned-center eplus-wrapper is-layout-flow wp-block-column-is-layout-flow\">\n<p class=\"sub-heading d-inline eplus-wrapper\">Votre r\u00f4le RH et GSE<\/p>\n\n\n\n<h1 class=\"text-2xl sm:text-3xl md:text-4xl mt-1 wp-block-heading eplus-wrapper\">Aider le d\u00e9partement RH \u00e0 renforcer les services aux employ\u00e9s dans toute l'entreprise. Self-Services, Un portail pour toutes vos t\u00e2ches gr\u00e2ce \u00e0 Enterprise Service Management -ESM. Am\u00e9liorez la satisfaction de vos ressources les plus importantes - <strong>de vos collaborateurs<\/strong>!!!<\/h1>\n\n\n\n<p class=\"eplus-wrapper\"><\/p>\n\n\n\n<div class=\"wp-block-buttons eplus-wrapper is-layout-flex wp-block-buttons-is-layout-flex\"><div class=\"my-5 shadow-xl hover:shadow-lg btn-secondary bg-secondary wp-block-button eplus-wrapper eplus-styles-uid-c9218c\"><a class=\"wp-block-button__link wp-element-button\" href=\"https:\/\/outlook.office365.com\/owa\/calendar\/TITBCGesprchsanfragemitAndrTrger@titbc.onmicrosoft.com\/bookings\/\" style=\"border-radius:0px\" target=\"_blank\" rel=\"noreferrer noopener\">Demander un premier entretien<\/a><\/div><\/div>\n<\/div>\n\n\n\n<div class=\"flex justify-center py-12 order-1 md:order-2 wp-block-column eplus-wrapper is-layout-flow wp-block-column-is-layout-flow\">\n<figure class=\"wp-block-image size-full eplus-wrapper\"><img loading=\"lazy\" decoding=\"async\" width=\"545\" height=\"253\" src=\"https:\/\/troeger-services.com\/wp-content\/uploads\/2021\/10\/analysen.png\" alt=\"analyses pertinentes pour l&#039;action Graphique\" class=\"wp-image-1493\" title=\"\" srcset=\"https:\/\/troeger-services.com\/wp-content\/uploads\/2021\/10\/analysen.png 545w, https:\/\/troeger-services.com\/wp-content\/uploads\/2021\/10\/analysen-300x139.png 300w\" sizes=\"auto, (max-width: 545px) 100vw, 545px\" \/><\/figure>\n<\/div>\n<\/div><\/div>\n<\/div>\n\n\n\n<div class=\"wp-block-group eplus-wrapper is-layout-constrained wp-block-group-is-layout-constrained\">\n<p class=\"eplus-wrapper\"><\/p>\n\n\n<h2 class=\"wp-block-heading has-text-align-center eplus-wrapper eplus-styles-uid-b40465\">Partout, les \u00e9quipes RH luttent contre les m\u00eames vieux d\u00e9fis !<\/h2>\n\n\n<p class=\"eplus-wrapper\"><\/p>\n\n\n\n<p class=\"eplus-wrapper\"><\/p>\n\n\n\n<p class=\"text-xl eplus-wrapper\">Donnez \u00e0 vos \u00e9quipes RH la possibilit\u00e9 de faire ce qu'elles font le mieux : offrir une excellente exp\u00e9rience aux collaborateurs ! Notre approche g\u00e9r\u00e9e des services RH vous permet d'augmenter la satisfaction des collaborateurs, d'am\u00e9liorer la productivit\u00e9 et de simplifier vos t\u00e2ches. De plus, nous permettons une communication optimale entre vous et vos collaborateurs. Utilisez nos solutions pour un r\u00f4le RH et GSE efficace et efficient. <\/p>\n\n\n\n<p class=\"eplus-wrapper\"><\/p>\n\n\n\n<p class=\"text-xl eplus-wrapper\">Nos experts RH se feront un plaisir de vous aider \u00e0 optimiser vos processus RH et \u00e0 offrir \u00e0 vos collaborateurs un environnement de travail de qualit\u00e9. Gr\u00e2ce \u00e0 nos solutions sur mesure, nous vous aidons \u00e0 recruter et \u00e0 s\u00e9lectionner de nouveaux talents, \u00e0 d\u00e9velopper vos collaborateurs et \u00e0 cr\u00e9er une culture d'entreprise positive. Nous veillons en outre au bon d\u00e9roulement des t\u00e2ches administratives telles que les fiches de paie et les \u00e9valuations de performance. Faites confiance \u00e0 notre longue exp\u00e9rience et b\u00e9n\u00e9ficiez d'un service RH efficace et professionnel. Notre approche g\u00e9r\u00e9e des services RH am\u00e9liore la satisfaction des collaborateurs et augmente la productivit\u00e9. Gr\u00e2ce \u00e0 une communication optimale entre vous et vos collaborateurs, nous simplifions vos t\u00e2ches. <\/p>\n\n\n\n<p class=\"eplus-wrapper\"><\/p>\n\n\n\n<p class=\"text-xl eplus-wrapper\">Nos solutions offrent un r\u00f4le efficace et efficient en mati\u00e8re de RH et de GSE. Nos experts RH optimisent vos processus RH et cr\u00e9ent un environnement de travail de premier ordre pour vos collaborateurs. Gr\u00e2ce \u00e0 des solutions sur mesure, nous vous aidons \u00e0 recruter, \u00e0 d\u00e9velopper vos collaborateurs et \u00e0 cr\u00e9er une culture d'entreprise positive. Nous garantissons en outre le bon d\u00e9roulement des t\u00e2ches administratives telles que les fiches de paie et les \u00e9valuations de performance. Faites confiance \u00e0 notre exp\u00e9rience et b\u00e9n\u00e9ficiez d'un service RH efficace. Notre \u00e9quipe d'experts RH exp\u00e9riment\u00e9s est \u00e0 votre disposition pour r\u00e9pondre \u00e0 vos besoins individuels.   Nous travaillons en \u00e9troite collaboration avec vous afin d'optimiser vos processus RH et de cr\u00e9er un environnement de travail de qualit\u00e9 pour vos collaborateurs.   <\/p>\n\n\n\n<p class=\"eplus-wrapper\"><\/p>\n\n\n\n<p class=\"text-xl eplus-wrapper\">Nous vous apportons un soutien complet, du recrutement \u00e0 la promotion d'une culture d'entreprise positive, en passant par le d\u00e9veloppement des collaborateurs.   De plus, nous nous chargeons volontiers des t\u00e2ches administratives telles que les bulletins de salaire et les \u00e9valuations de performance, afin de vous donner les coud\u00e9es franches.   Faites confiance \u00e0 notre expertise et profitez d'un service RH efficace.<\/p>\n\n\n\n<p class=\"eplus-wrapper\"><\/p>\n\n\n\n<p class=\"eplus-wrapper\"><\/p>\n<\/div>\n\n\n<div class=\"iconblock grid grid-cols-1 gap-12 sm:gap-20 md:grid-cols-3 md:gap-8 lg:gap-24 xl:gap-44 mt-8 wp-block-columns has-white-color has-blau-background-color has-text-color has-background has-link-color eplus-wrapper wp-elements-bee862512567a49b625792b947ba6ef6 is-layout-flex wp-container-core-columns-is-layout-9d6595d7 wp-block-columns-is-layout-flex eplus-styles-uid-60fda0\">\n<div class=\"wp-block-column eplus-wrapper is-layout-flow wp-block-column-is-layout-flow\">\n<figure class=\"wp-block-image aligncenter size-full eplus-wrapper\"><img loading=\"lazy\" decoding=\"async\" width=\"100\" height=\"101\" src=\"https:\/\/troeger-services.com\/wp-content\/uploads\/2023\/12\/TITBC_Icons_General-Dark-Purple_Thumbs-Down.png\" alt=\"\" class=\"wp-image-2483\" title=\"\" srcset=\"https:\/\/troeger-services.com\/wp-content\/uploads\/2023\/12\/TITBC_Icons_General-Dark-Purple_Thumbs-Down.png 100w, https:\/\/troeger-services.com\/wp-content\/uploads\/2023\/12\/TITBC_Icons_General-Dark-Purple_Thumbs-Down-12x12.png 12w\" sizes=\"auto, (max-width: 100px) 100vw, 100px\" \/><\/figure>\n\n\n\n<p class=\"mb-2 mt-6 text-2xl has-text-align-center eplus-wrapper\"><strong>Mauvaise exp\u00e9rience des employ\u00e9s<br><\/strong><meta charset=\"utf-8\"><meta charset=\"utf-8\"><\/p>\n\n\n\n<p class=\"text-xl has-text-align-center has-white-color has-text-color has-link-color eplus-wrapper wp-elements-767ae6606e32045f08bffefbe23223d8\">Des processus trop manuels font que les \u00e9valuations, les d\u00e9penses et les processus de d\u00e9ploiement prennent trop de temps - et sont souvent oubli\u00e9s.<\/p>\n<\/div>\n\n\n\n<div class=\"wp-block-column eplus-wrapper is-layout-flow wp-block-column-is-layout-flow\">\n<figure class=\"wp-block-image aligncenter size-full eplus-wrapper\"><img loading=\"lazy\" decoding=\"async\" width=\"101\" height=\"100\" src=\"https:\/\/troeger-services.com\/wp-content\/uploads\/2023\/12\/TITBC_Icons_General-Dark-Purple_Stop.png\" alt=\"\" class=\"wp-image-2485\" title=\"\" srcset=\"https:\/\/troeger-services.com\/wp-content\/uploads\/2023\/12\/TITBC_Icons_General-Dark-Purple_Stop.png 101w, https:\/\/troeger-services.com\/wp-content\/uploads\/2023\/12\/TITBC_Icons_General-Dark-Purple_Stop-12x12.png 12w\" sizes=\"auto, (max-width: 101px) 100vw, 101px\" \/><\/figure>\n\n\n\n<p class=\"mb-2 mt-6 text-2xl has-text-align-center eplus-wrapper\"><meta charset=\"utf-8\"><strong>Toujours siffler sur le dernier trou<\/strong><\/p>\n\n\n\n<p class=\"text-xl has-text-align-center has-white-color has-text-color has-link-color eplus-wrapper wp-elements-ae58da75d62acba291a3f18b612ab873\">Les \u00e9quipes RH passent tellement de temps \u00e0 \u00e9teindre les incendies et \u00e0 r\u00e9pondre aux demandes r\u00e9actives qu'elles n'ont pas le temps de penser de mani\u00e8re strat\u00e9gique.<\/p>\n<\/div>\n\n\n\n<div class=\"wp-block-column eplus-wrapper is-layout-flow wp-block-column-is-layout-flow\">\n<figure class=\"wp-block-image aligncenter size-full eplus-wrapper\"><img loading=\"lazy\" decoding=\"async\" width=\"101\" height=\"101\" src=\"https:\/\/troeger-services.com\/wp-content\/uploads\/2023\/12\/TITBC_Icons_General-Dark-Purple_Clock.png\" alt=\"\" class=\"wp-image-2502\" title=\"\" srcset=\"https:\/\/troeger-services.com\/wp-content\/uploads\/2023\/12\/TITBC_Icons_General-Dark-Purple_Clock.png 101w, https:\/\/troeger-services.com\/wp-content\/uploads\/2023\/12\/TITBC_Icons_General-Dark-Purple_Clock-12x12.png 12w\" sizes=\"auto, (max-width: 101px) 100vw, 101px\" \/><\/figure>\n\n\n\n<p class=\"mb-2 mt-6 text-2xl has-text-align-center eplus-wrapper\"><meta charset=\"utf-8\"><strong>Manque de temps et charge de travail \u00e9lev\u00e9e<br><\/strong><meta charset=\"utf-8\"><\/p>\n\n\n\n<p class=\"text-xl has-text-align-center has-white-color has-text-color has-link-color eplus-wrapper wp-elements-f598b2550512c8ae7e8bf68d3d446671\">La charge de travail \u00e9lev\u00e9e dans l'administration fait que les \u00e9quipes RH passent trop de temps \u00e0 classer les factures et \u00e0 r\u00e9pondre aux e-mails.<\/p>\n<\/div>\n<\/div>\n\n\n<div class=\"wp-block-group eplus-wrapper is-layout-constrained wp-block-group-is-layout-constrained\">\n<div style=\"height:21px\" aria-hidden=\"true\" class=\"wp-block-spacer eplus-wrapper\"><\/div>\n\n\n\n<figure class=\"wp-block-image aligncenter size-full is-resized eplus-wrapper\"><img loading=\"lazy\" decoding=\"async\" width=\"147\" height=\"150\" src=\"https:\/\/troeger-services.com\/wp-content\/uploads\/2023\/12\/tibc_logo_1zeilig_rgb-1-e1702089590391.png\" alt=\"Le logo de la soci\u00e9t\u00e9 TITBC, les experts en ITSM, ITOM, ESM. Les seuls experts qui prennent en compte toutes les perspectives, pour votre succ\u00e8s garanti.\" class=\"wp-image-1985\" style=\"object-fit:cover;width:75px;height:75px\" title=\"\"><\/figure>\n<\/div>\n\n\n\n<div style=\"height:32px\" aria-hidden=\"true\" class=\"wp-block-spacer eplus-wrapper\"><\/div>\n\n\n\n\n\n\n\n\n<\/p>\n\n\n\n<div class=\"wp-block-media-text is-stacked-on-mobile eplus-wrapper\"><figure class=\"wp-block-media-text__media\"><video controls src=\"https:\/\/troeger-services.com\/wp-content\/uploads\/2023\/12\/unterschied-itsm-itom-esm-erklaert-en.mp4\"><\/video><\/figure><div class=\"wp-block-media-text__content\"><p class=\"sub-heading d-inline eplus-wrapper eplus-styles-uid-a62243\"><strong>LES DIFF\u00c9RENCES ENTRE ITSM, ESM ET ITOM EXPLIQU\u00c9ES.<\/strong><\/p>\n\n\n<p class=\"eplus-wrapper\"><\/p>\n\n\n<p class=\"text-lg eplus-wrapper eplus-styles-uid-fe641a\">Dans cette vid\u00e9o, j'aimerais vous expliquer les diff\u00e9rences entre l'IT Service Management, l'Enterprise Service Management et l'IT Operations Management.<\/p><\/div><\/div>\n\n\n<p>\n\n\n\n\n\n\n\n\n\n\n\n\n<div class=\"wp-block-group eplus-wrapper is-layout-constrained wp-block-group-is-layout-constrained\">\n<div style=\"height:21px\" aria-hidden=\"true\" class=\"wp-block-spacer eplus-wrapper\"><\/div>\n\n\n\n<figure class=\"wp-block-image aligncenter size-full is-resized eplus-wrapper\"><img loading=\"lazy\" decoding=\"async\" width=\"147\" height=\"150\" src=\"https:\/\/troeger-services.com\/wp-content\/uploads\/2023\/12\/tibc_logo_1zeilig_rgb-1-e1702089590391.png\" alt=\"Le logo de la soci\u00e9t\u00e9 TITBC, les experts en ITSM, ITOM, ESM. Les seuls experts qui prennent en compte toutes les perspectives, pour votre succ\u00e8s garanti.\" class=\"wp-image-1985\" style=\"object-fit:cover;width:75px;height:75px\" title=\"\"><\/figure>\n<\/div>\n\n\n\n<div style=\"height:32px\" aria-hidden=\"true\" class=\"wp-block-spacer eplus-wrapper\"><\/div>\n\n\n\n<p class=\"eplus-wrapper\"><\/p>\n\n\n<h2 class=\"wp-block-heading has-text-align-center eplus-wrapper eplus-styles-uid-b40465\">Donnez \u00e0 vos \u00e9quipes RH la possibilit\u00e9 de faire ce qu'elles font le mieux : offrir une excellente exp\u00e9rience aux collaborateurs ! \"Optez pour une approche g\u00e9r\u00e9e des services RH\"<\/h2>\n\n\n<p class=\"eplus-wrapper\"><\/p>\n\n\n<div class=\"iconblock grid grid-cols-1 gap-12 sm:gap-20 md:grid-cols-3 md:gap-8 lg:gap-24 xl:gap-44 mt-8 wp-block-columns has-white-color has-blau-background-color has-text-color has-background has-link-color eplus-wrapper wp-elements-cb11e7af319bacf42f7fc3da72efedc3 is-layout-flex wp-container-core-columns-is-layout-9d6595d7 wp-block-columns-is-layout-flex eplus-styles-uid-caf54a\">\n<div class=\"wp-block-column eplus-wrapper is-layout-flow wp-block-column-is-layout-flow\">\n<figure class=\"wp-block-image aligncenter size-full eplus-wrapper\"><img loading=\"lazy\" decoding=\"async\" width=\"101\" height=\"100\" src=\"https:\/\/troeger-services.com\/wp-content\/uploads\/2023\/12\/TITBC_Icons_General-Dark-Purple_Hourglass.png\" alt=\"\" class=\"wp-image-2498\" title=\"\" srcset=\"https:\/\/troeger-services.com\/wp-content\/uploads\/2023\/12\/TITBC_Icons_General-Dark-Purple_Hourglass.png 101w, https:\/\/troeger-services.com\/wp-content\/uploads\/2023\/12\/TITBC_Icons_General-Dark-Purple_Hourglass-12x12.png 12w\" sizes=\"auto, (max-width: 101px) 100vw, 101px\" \/><\/figure>\n\n\n\n<p class=\"mb-2 mt-6 text-2xl has-text-align-center eplus-wrapper\"><strong>R\u00e9soudre rapidement les probl\u00e8mes<br><\/strong><meta charset=\"utf-8\"><\/p>\n\n\n\n<p class=\"text-xl has-text-align-center eplus-wrapper\"><meta charset=\"utf-8\">Automatisez les t\u00e2ches chaque fois que c'est possible pour travailler plus vite et r\u00e9soudre les demandes plus rapidement.<\/p>\n<\/div>\n\n\n\n<div class=\"wp-block-column eplus-wrapper is-layout-flow wp-block-column-is-layout-flow\">\n<figure class=\"wp-block-image aligncenter size-full eplus-wrapper\"><img loading=\"lazy\" decoding=\"async\" width=\"101\" height=\"101\" src=\"https:\/\/troeger-services.com\/wp-content\/uploads\/2023\/12\/TITBC_Icons_General-Dark-Purple_Reoccuring.png\" alt=\"\" class=\"wp-image-2490\" title=\"\" srcset=\"https:\/\/troeger-services.com\/wp-content\/uploads\/2023\/12\/TITBC_Icons_General-Dark-Purple_Reoccuring.png 101w, https:\/\/troeger-services.com\/wp-content\/uploads\/2023\/12\/TITBC_Icons_General-Dark-Purple_Reoccuring-12x12.png 12w\" sizes=\"auto, (max-width: 101px) 100vw, 101px\" \/><\/figure>\n\n\n\n<p class=\"mb-2 mt-6 text-2xl has-text-align-center eplus-wrapper\"><meta charset=\"utf-8\"><strong>Simplifier les processus<\/strong><\/p>\n\n\n\n<p class=\"text-xl has-text-align-center has-white-color has-text-color has-link-color eplus-wrapper wp-elements-5f21d8ae6d7c654da021d8d30b42475f\">Rationaliser et simplifier les processus pour am\u00e9liorer l'exp\u00e9rience des employ\u00e9s dans le service des ressources humaines et au-del\u00e0.<\/p>\n<\/div>\n\n\n\n<div class=\"wp-block-column eplus-wrapper is-layout-flow wp-block-column-is-layout-flow\">\n<figure class=\"wp-block-image aligncenter size-full eplus-wrapper\"><img loading=\"lazy\" decoding=\"async\" width=\"101\" height=\"101\" src=\"https:\/\/troeger-services.com\/wp-content\/uploads\/2023\/12\/TITBC_Icons_General-Dark-Purple_Clock.png\" alt=\"\" class=\"wp-image-2502\" title=\"\" srcset=\"https:\/\/troeger-services.com\/wp-content\/uploads\/2023\/12\/TITBC_Icons_General-Dark-Purple_Clock.png 101w, https:\/\/troeger-services.com\/wp-content\/uploads\/2023\/12\/TITBC_Icons_General-Dark-Purple_Clock-12x12.png 12w\" sizes=\"auto, (max-width: 101px) 100vw, 101px\" \/><\/figure>\n\n\n\n<p class=\"mb-2 mt-6 text-2xl has-text-align-center eplus-wrapper\"><meta charset=\"utf-8\"><strong>Augmenter l'efficacit\u00e9<br><\/strong><meta charset=\"utf-8\"><\/p>\n\n\n\n<p class=\"text-xl has-text-align-center eplus-wrapper\">Permettre des demandes en libre-service pour les t\u00e2ches administratives de base afin de consacrer plus de temps aux t\u00e2ches vraiment importantes.<\/p>\n<\/div>\n<\/div>\n\n<div class=\"iconblock grid grid-cols-1 gap-12 sm:gap-20 md:grid-cols-3 md:gap-8 lg:gap-24 xl:gap-44 mt-8 wp-block-columns has-white-color has-blau-background-color has-text-color has-background has-link-color eplus-wrapper wp-elements-75e39a8f8558fcd7e7b5750b30528254 is-layout-flex wp-container-core-columns-is-layout-9d6595d7 wp-block-columns-is-layout-flex eplus-styles-uid-de2550\">\n<div class=\"wp-block-column eplus-wrapper is-layout-flow wp-block-column-is-layout-flow\">\n<figure class=\"wp-block-image aligncenter size-full eplus-wrapper\"><img loading=\"lazy\" decoding=\"async\" width=\"101\" height=\"101\" src=\"https:\/\/troeger-services.com\/wp-content\/uploads\/2023\/12\/TITBC_Icons_General-Dark-Purple_Strategy.png\" alt=\"\" class=\"wp-image-2484\" title=\"\" srcset=\"https:\/\/troeger-services.com\/wp-content\/uploads\/2023\/12\/TITBC_Icons_General-Dark-Purple_Strategy.png 101w, https:\/\/troeger-services.com\/wp-content\/uploads\/2023\/12\/TITBC_Icons_General-Dark-Purple_Strategy-12x12.png 12w\" sizes=\"auto, (max-width: 101px) 100vw, 101px\" \/><\/figure>\n\n\n\n<p class=\"mb-2 mt-6 text-2xl has-text-align-center eplus-wrapper\"><strong>Offre de l'espace pour la strat\u00e9gie<br><\/strong><meta charset=\"utf-8\"><meta charset=\"utf-8\"><\/p>\n\n\n\n<p class=\"text-xl has-text-align-center has-white-color has-text-color has-link-color eplus-wrapper wp-elements-6137528f95446353f51d0a3fb91b853f\">La perspective \u00e0 vol d'oiseau signifie que les \u00e9quipes ne doivent pas r\u00e9soudre imm\u00e9diatement chaque demande - ce qui laisse de la place pour un travail strat\u00e9gique.<\/p>\n<\/div>\n\n\n\n<div class=\"wp-block-column eplus-wrapper is-layout-flow wp-block-column-is-layout-flow\">\n<figure class=\"wp-block-image aligncenter size-full eplus-wrapper\"><img loading=\"lazy\" decoding=\"async\" width=\"101\" height=\"100\" src=\"https:\/\/troeger-services.com\/wp-content\/uploads\/2023\/12\/TITBC_Icons_General-Dark-Purple_Eye.png\" alt=\"\" class=\"wp-image-2500\" title=\"\" srcset=\"https:\/\/troeger-services.com\/wp-content\/uploads\/2023\/12\/TITBC_Icons_General-Dark-Purple_Eye.png 101w, https:\/\/troeger-services.com\/wp-content\/uploads\/2023\/12\/TITBC_Icons_General-Dark-Purple_Eye-12x12.png 12w\" sizes=\"auto, (max-width: 101px) 100vw, 101px\" \/><\/figure>\n\n\n\n<p class=\"mb-2 mt-6 text-2xl has-text-align-center eplus-wrapper\"><meta charset=\"utf-8\"><strong>Rendre le travail visible<\/strong><\/p>\n\n\n\n<p class=\"text-xl has-text-align-center has-white-color has-text-color has-link-color eplus-wrapper wp-elements-2cc8c550ed18bfb335133208c503bef1\">Un syst\u00e8me de rapport complet permet de voir et de g\u00e9rer facilement la charge de travail dans les ressources humaines.<\/p>\n<\/div>\n\n\n\n<div class=\"wp-block-column eplus-wrapper is-layout-flow wp-block-column-is-layout-flow\">\n<figure class=\"wp-block-image aligncenter size-full eplus-wrapper\"><img loading=\"lazy\" decoding=\"async\" width=\"101\" height=\"101\" src=\"https:\/\/troeger-services.com\/wp-content\/uploads\/2023\/12\/TITBC_Icons_General-Dark-Purple_Partner.png\" alt=\"\" class=\"wp-image-2494\" title=\"\" srcset=\"https:\/\/troeger-services.com\/wp-content\/uploads\/2023\/12\/TITBC_Icons_General-Dark-Purple_Partner.png 101w, https:\/\/troeger-services.com\/wp-content\/uploads\/2023\/12\/TITBC_Icons_General-Dark-Purple_Partner-12x12.png 12w\" sizes=\"auto, (max-width: 101px) 100vw, 101px\" \/><\/figure>\n\n\n\n<p class=\"mb-2 mt-6 text-2xl has-text-align-center eplus-wrapper\"><meta charset=\"utf-8\"><strong>Promotion de la coop\u00e9ration<br><\/strong><meta charset=\"utf-8\"><\/p>\n\n\n\n<p class=\"text-xl has-text-align-center has-white-color has-text-color has-link-color eplus-wrapper wp-elements-6ba619f95f6df0af239ad4aa5392881e\">La collaboration gamifi\u00e9e facilite la collaboration entre les \u00e9quipes RH et les repr\u00e9sentants de l'entreprise.<\/p>\n<\/div>\n<\/div>\n\n\n<div class=\"wp-block-buttons eplus-wrapper is-layout-flex wp-block-buttons-is-layout-flex\"><div class=\"my-5 shadow-xl hover:shadow-lg btn-secondary bg-secondary wp-block-button eplus-wrapper eplus-styles-uid-7f218c\"><a class=\"wp-block-button__link wp-element-button\" href=\"https:\/\/outlook.office365.com\/owa\/calendar\/TITBCGesprchsanfragemitAndrTrger@titbc.onmicrosoft.com\/bookings\/\" style=\"border-radius:0px\" target=\"_blank\" rel=\"noreferrer noopener\">Demander un premier entretien<\/a><\/div>\n\n<div class=\"my-5 shadow-xl hover:shadow-lg btn-secondary bg-secondary wp-block-button eplus-wrapper eplus-styles-uid-979395\"><a class=\"wp-block-button__link wp-element-button\" href=\"https:\/\/troeger-services.com\/fr\/wir-stellen-unsere-partner-vor\/\" style=\"border-radius:0px\">Nos partenaires<\/a><\/div><\/div>\n\n\n\n<div class=\"wp-block-group eplus-wrapper is-layout-constrained wp-block-group-is-layout-constrained\"><\/div>","protected":false},"excerpt":{"rendered":"<p>Ihre Rolle HR und ESM Unterst\u00fctzung der HR-Abteilung bei der St\u00e4rkung der Mitarbeiter Services im gesamten Unternehmen. Self-Services, Ein Portal f\u00fcr alle Ihrer Aufgaben durch Enterprise Service Management -ESM. Steigern Sie die Zufriedenheit Ihrer wichtigsten Ressourcen &#8211; Ihrer Mitarbeiter!!! \u00dcberall k\u00e4mpfen HR-Teams mit den gleichen alten Herausforderungen! Geben Sie Ihren HR-Teams die M\u00f6glichkeit, das zu [&hellip;]<\/p>\n","protected":false},"author":4,"featured_media":3399,"parent":0,"menu_order":0,"comment_status":"closed","ping_status":"closed","template":"","meta":{"editor_plus_copied_stylings":"{}","_themeisle_gutenberg_block_has_review":false,"footnotes":"","_links_to":"","_links_to_target":""},"categories":[1,14],"tags":[20,23,45,21,47,49,51,42,22,53,57,43,41,19,18,59,44,46,25,55,48,50,52,54,61,58,60,56,26],"class_list":["post-2550","page","type-page","status-publish","has-post-thumbnail","hentry","category-allgemein","category-blog","tag-esm","tag-assyst","tag-availability-management","tag-blog","tag-capacity-and-performance-management","tag-change-enablement","tag-deployment-management","tag-enterprise-service-management","tag-ifs","tag-incident-management","tag-it-asset-management","tag-it-operations-management","tag-it-service-management","tag-itom","tag-itsm","tag-knowledge-management","tag-micro-focus","tag-monitoring-and-event-management","tag-opentext","tag-problem-management","tag-release-management","tag-service-catalog-management","tag-service-configuration-management","tag-service-continuity-management","tag-service-desk","tag-service-financial-management","tag-service-level-management","tag-service-request-management","tag-smax"],"_links":{"self":[{"href":"https:\/\/troeger-services.com\/fr\/wp-json\/wp\/v2\/pages\/2550","targetHints":{"allow":["GET"]}}],"collection":[{"href":"https:\/\/troeger-services.com\/fr\/wp-json\/wp\/v2\/pages"}],"about":[{"href":"https:\/\/troeger-services.com\/fr\/wp-json\/wp\/v2\/types\/page"}],"author":[{"embeddable":true,"href":"https:\/\/troeger-services.com\/fr\/wp-json\/wp\/v2\/users\/4"}],"replies":[{"embeddable":true,"href":"https:\/\/troeger-services.com\/fr\/wp-json\/wp\/v2\/comments?post=2550"}],"version-history":[{"count":0,"href":"https:\/\/troeger-services.com\/fr\/wp-json\/wp\/v2\/pages\/2550\/revisions"}],"wp:featuredmedia":[{"embeddable":true,"href":"https:\/\/troeger-services.com\/fr\/wp-json\/wp\/v2\/media\/3399"}],"wp:attachment":[{"href":"https:\/\/troeger-services.com\/fr\/wp-json\/wp\/v2\/media?parent=2550"}],"wp:term":[{"taxonomy":"category","embeddable":true,"href":"https:\/\/troeger-services.com\/fr\/wp-json\/wp\/v2\/categories?post=2550"},{"taxonomy":"post_tag","embeddable":true,"href":"https:\/\/troeger-services.com\/fr\/wp-json\/wp\/v2\/tags?post=2550"}],"curies":[{"name":"wp","href":"https:\/\/api.w.org\/{rel}","templated":true}]}}