{"id":2572,"date":"2023-12-15T02:08:59","date_gmt":"2023-12-15T01:08:59","guid":{"rendered":"https:\/\/troeger-services.com\/?page_id=2572"},"modified":"2024-07-05T05:12:42","modified_gmt":"2024-07-05T03:12:42","slug":"objectif-ameliorer-lexperience-de-service","status":"publish","type":"page","link":"https:\/\/troeger-services.com\/fr\/objectif-ameliorer-lexperience-de-service\/","title":{"rendered":"D\u00e9couvrir une am\u00e9lioration de l'exp\u00e9rience de service gr\u00e2ce \u00e0 l'ITSM"},"content":{"rendered":"<div class=\"row-full py-5 mb-12 eplus-wrapper wp-block-group is-layout-flow wp-block-group-is-layout-flow\">\n<div class=\"eplus-wrapper wp-block-group is-layout-flow wp-block-group-is-layout-flow\"><div class=\"container mx-auto py-6 grid grid-cols-1 md:grid-cols-2 eplus-wrapper wp-block-columns is-layout-flex wp-container-core-columns-is-layout-9d6595d7 wp-block-columns-is-layout-flex eplus-styles-uid-ffa728\">\n<div class=\"lg:pr-8 xl:pr-12 order-2 md:order-1 eplus-wrapper wp-block-column is-vertically-aligned-center is-layout-flow wp-block-column-is-layout-flow\"><p class=\"sub-heading d-inline eplus-wrapper eplus-styles-uid-a62243\">D\u00e9couvrir une am\u00e9lioration de l'exp\u00e9rience de service gr\u00e2ce \u00e0 l'ITSM<\/p>\n\n\n<h1 class=\"text-2xl sm:text-3xl md:text-4xl mt-1 eplus-wrapper wp-block-heading\">D\u00e9couvrez une meilleure exp\u00e9rience de service pour vos clients, vos collaborateurs et vos fournisseurs. Gr\u00e2ce \u00e0 un processus efficace et coordonn\u00e9, vous posez les bases de votre croissance. ITSM, ITOM et ESM le font pour vous<\/h1>\n\n\n\n<p class=\"eplus-wrapper\"><\/p>\n\n\n\n<div class=\"eplus-wrapper wp-block-buttons is-layout-flex wp-block-buttons-is-layout-flex\"><div class=\"my-5 shadow-xl hover:shadow-lg btn-secondary bg-secondary eplus-wrapper wp-block-button eplus-styles-uid-0c3097\"><a class=\"wp-block-button__link wp-element-button\" href=\"https:\/\/outlook.office365.com\/owa\/calendar\/TITBCGesprchsanfragemitAndrTrger@titbc.onmicrosoft.com\/bookings\/\" style=\"border-radius:0px\" target=\"_blank\" rel=\"noreferrer noopener\">Demander un premier entretien<\/a><\/div><\/div>\n<\/div>\n\n\n\n<div class=\"flex justify-center py-12 order-1 md:order-2 eplus-wrapper wp-block-column is-layout-flow wp-block-column-is-layout-flow\">\n<figure class=\"eplus-wrapper wp-block-image size-full\"><img loading=\"lazy\" decoding=\"async\" width=\"545\" height=\"253\" src=\"https:\/\/troeger-services.com\/wp-content\/uploads\/2021\/10\/analysen.png\" alt=\"analyses pertinentes pour l&#039;action Graphique\" class=\"wp-image-1493\" title=\"\" srcset=\"https:\/\/troeger-services.com\/wp-content\/uploads\/2021\/10\/analysen.png 545w, https:\/\/troeger-services.com\/wp-content\/uploads\/2021\/10\/analysen-300x139.png 300w\" sizes=\"auto, (max-width: 545px) 100vw, 545px\" \/><figcaption><\/figcaption><\/figure>\n<\/div>\n<\/div><\/div>\n<\/div>\n\n\n\n<div class=\"eplus-wrapper wp-block-group is-layout-constrained wp-block-group-is-layout-constrained\">\n<p class=\"eplus-wrapper\"><\/p>\n\n\n<h2 class=\"eplus-wrapper wp-block-heading has-text-align-center eplus-styles-uid-5ad16f\">Les \u00e9quipes informatiques sont submerg\u00e9es de demandes de service. Redonnez-leur la responsabilit\u00e9 du service et assurez une meilleure exp\u00e9rience pour tous.Les \u00e9quipes informatiques sont submerg\u00e9es de demandes de service. Redonnez-leur la responsabilit\u00e9 du service et assurez une meilleure exp\u00e9rience pour tous.<\/h2>\n\n\n<p class=\"eplus-wrapper\"><\/p>\n<\/div>\n\n\n<div class=\"iconblock grid grid-cols-1 gap-12 sm:gap-20 md:grid-cols-3 md:gap-8 lg:gap-24 xl:gap-44 mt-8 eplus-wrapper wp-block-columns has-white-color has-blau-background-color has-text-color has-background has-link-color wp-elements-475950bb4b85d0f412886d76fe02b994 is-layout-flex wp-container-core-columns-is-layout-9d6595d7 wp-block-columns-is-layout-flex eplus-styles-uid-752759\">\n<div class=\"eplus-wrapper wp-block-column is-layout-flow wp-block-column-is-layout-flow\">\n<figure class=\"eplus-wrapper wp-block-image aligncenter size-full\"><img loading=\"lazy\" decoding=\"async\" width=\"80\" height=\"80\" src=\"https:\/\/troeger-services.com\/wp-content\/uploads\/2021\/07\/icon-industry.png\" alt=\"\u00c9tude de cas Icon Industry\" class=\"wp-image-902\" title=\"\"><figcaption><\/figcaption><\/figure>\n\n\n\n<p class=\"mb-2 mt-6 text-2xl has-text-align-center eplus-wrapper\"><strong>Automatiser les services<\/strong><meta charset=\"utf-8\"><meta charset=\"utf-8\"><\/p>\n\n\n\n<p class=\"text-xl eplus-wrapper has-text-align-center has-white-color has-text-color has-link-color wp-elements-2a2628959ad879ed43921b2ef06f9735\">Avec l'automatisation en libre-service, vous prenez la responsabilit\u00e9 de votre technique et vous avez plus de temps pour l'essentiel.<\/p>\n<\/div>\n\n\n\n<div class=\"eplus-wrapper wp-block-column is-layout-flow wp-block-column-is-layout-flow\">\n<figure class=\"eplus-wrapper wp-block-image aligncenter size-full\"><img loading=\"lazy\" decoding=\"async\" width=\"80\" height=\"84\" src=\"https:\/\/troeger-services.com\/wp-content\/uploads\/2021\/07\/icon-use-case.png\" alt=\"Cas d&#039;utilisation de l&#039;ic\u00f4ne\" class=\"wp-image-904\" title=\"\"><figcaption><\/figcaption><\/figure>\n\n\n\n<p class=\"mb-2 mt-6 text-2xl has-text-align-center eplus-wrapper\"><meta charset=\"utf-8\"><strong>Permettre l'innovation<\/strong><\/p>\n\n\n\n<p class=\"text-xl eplus-wrapper has-text-align-center has-white-color has-text-color has-link-color wp-elements-a35fbe45273d63f101730ac86757637a\">Laissez aux utilisateurs finaux la responsabilit\u00e9 de leurs propres outils et technologies et d\u00e9mocratisez l'innovation.<\/p>\n<\/div>\n\n\n\n<div class=\"eplus-wrapper wp-block-column is-layout-flow wp-block-column-is-layout-flow\">\n<figure class=\"eplus-wrapper wp-block-image aligncenter size-full\"><img loading=\"lazy\" decoding=\"async\" width=\"80\" height=\"80\" src=\"https:\/\/troeger-services.com\/wp-content\/uploads\/2021\/07\/icon-zeitraum.png\" alt=\"Ic\u00f4ne P\u00e9riode de projet\" class=\"wp-image-905\" title=\"\"><figcaption><\/figcaption><\/figure>\n\n\n\n<p class=\"mb-2 mt-6 text-2xl has-text-align-center eplus-wrapper\"><meta charset=\"utf-8\"><strong>Simplifier l'administration<\/strong><meta charset=\"utf-8\"><\/p>\n\n\n\n<p class=\"text-xl eplus-wrapper has-text-align-center has-white-color has-text-color has-link-color wp-elements-e1cda33c6cc0291b52d57506d946ff44\">D\u00e9chargez-vous des processus quotidiens tels que la conformit\u00e9 et la facturation. Concentrez-vous sur l'essentiel.<\/p>\n<\/div>\n<\/div>\n\n\n<div class=\"wp-block-group eplus-wrapper is-layout-constrained wp-block-group-is-layout-constrained\">\n<div style=\"height:21px\" aria-hidden=\"true\" class=\"wp-block-spacer eplus-wrapper\"><\/div>\n\n\n\n<figure class=\"wp-block-image aligncenter size-full is-resized eplus-wrapper\"><img loading=\"lazy\" decoding=\"async\" width=\"147\" height=\"150\" src=\"https:\/\/troeger-services.com\/wp-content\/uploads\/2023\/12\/tibc_logo_1zeilig_rgb-1-e1702089590391.png\" alt=\"Le logo de la soci\u00e9t\u00e9 TITBC, les experts en ITSM, ITOM, ESM. Les seuls experts qui prennent en compte toutes les perspectives, pour votre succ\u00e8s garanti.\" class=\"wp-image-1985\" style=\"object-fit:cover;width:75px;height:75px\" title=\"\"><\/figure>\n<\/div>\n\n\n\n<div style=\"height:32px\" aria-hidden=\"true\" class=\"wp-block-spacer eplus-wrapper\"><\/div>\n\n\n\n\n\n\n\n\n<\/p>\n\n\n\n<div class=\"eplus-wrapper wp-block-media-text is-stacked-on-mobile\"><figure class=\"wp-block-media-text__media\"><video controls src=\"https:\/\/troeger-services.com\/wp-content\/uploads\/2023\/12\/TITBC_INTRO_SM_FR_2023_11.mp4\"><\/video><\/figure><div class=\"wp-block-media-text__content\"><p class=\"sub-heading d-inline eplus-wrapper eplus-styles-uid-a62243\"><strong>Ce que TITBC peut faire pour vous !<\/strong><\/p>\n\n\n<p class=\"eplus-wrapper\"><\/p>\n\n\n<p class=\"text-lg eplus-wrapper eplus-styles-uid-fe641a\">Gr\u00e2ce \u00e0 notre conseil ind\u00e9pendant en mati\u00e8re de solutions, bas\u00e9 sur des perspectives techniques, de processus et d'affaires, nous avons obtenu \u00e0 quatre reprises la distinction de conseiller TOP 100, en tant qu'entreprise.\u00a0<\/p>\n\n<p class=\"text-lg eplus-wrapper eplus-styles-uid-fe641a\">Nos 25 ans d'exp\u00e9rience dans l'ITSM, l'ITOM et la gestion du redressement d'entreprise nous permettent de proposer des solutions informatiques adapt\u00e9es \u00e0 votre mod\u00e8le d'entreprise, d'am\u00e9liorer l'efficacit\u00e9 et de mettre les personnes au premier plan.<\/p><\/div><\/div>\n\n\n<p>\n\n\n\n\n\n\n\n\n\n\n\n\n<div class=\"wp-block-group eplus-wrapper is-layout-constrained wp-block-group-is-layout-constrained\">\n<div style=\"height:21px\" aria-hidden=\"true\" class=\"wp-block-spacer eplus-wrapper\"><\/div>\n\n\n\n<figure class=\"wp-block-image aligncenter size-full is-resized eplus-wrapper\"><img loading=\"lazy\" decoding=\"async\" width=\"147\" height=\"150\" src=\"https:\/\/troeger-services.com\/wp-content\/uploads\/2023\/12\/tibc_logo_1zeilig_rgb-1-e1702089590391.png\" alt=\"Le logo de la soci\u00e9t\u00e9 TITBC, les experts en ITSM, ITOM, ESM. Les seuls experts qui prennent en compte toutes les perspectives, pour votre succ\u00e8s garanti.\" class=\"wp-image-1985\" style=\"object-fit:cover;width:75px;height:75px\" title=\"\"><\/figure>\n<\/div>\n\n\n\n<div style=\"height:32px\" aria-hidden=\"true\" class=\"wp-block-spacer eplus-wrapper\"><\/div>\n\n\n\n<p class=\"eplus-wrapper\"><\/p>\n\n\n<h2 class=\"eplus-wrapper wp-block-heading has-text-align-center eplus-styles-uid-5ad16f\">Aider les clients \u00e0 atteindre leurs objectifs commerciaux !<\/h2>\n\n\n<p class=\"eplus-wrapper\"><\/p>\n\n\n\n<div class=\"wp-block-group eplus-wrapper is-layout-constrained wp-block-group-is-layout-constrained\">\n<div style=\"height:21px\" aria-hidden=\"true\" class=\"wp-block-spacer eplus-wrapper\"><\/div>\n\n\n\n<figure class=\"wp-block-image aligncenter size-full is-resized eplus-wrapper\"><img loading=\"lazy\" decoding=\"async\" width=\"147\" height=\"150\" src=\"https:\/\/troeger-services.com\/wp-content\/uploads\/2023\/12\/tibc_logo_1zeilig_rgb-1-e1702089590391.png\" alt=\"Le logo de la soci\u00e9t\u00e9 TITBC, les experts en ITSM, ITOM, ESM. Les seuls experts qui prennent en compte toutes les perspectives, pour votre succ\u00e8s garanti.\" class=\"wp-image-1985\" style=\"object-fit:cover;width:75px;height:75px\" title=\"\"><\/figure>\n<\/div>\n\n\n\n<div style=\"height:32px\" aria-hidden=\"true\" class=\"wp-block-spacer eplus-wrapper\"><\/div>\n\n\n\n<div class=\"eplus-wrapper wp-block-group is-layout-constrained wp-block-group-is-layout-constrained\">\n<div style=\"height:74px\" aria-hidden=\"true\" class=\"eplus-wrapper wp-block-spacer\"><\/div>\n\n\n<div class=\"grid grid-cols-1 md:grid-cols-2 md:gap-4 eplus-wrapper wp-block-columns are-vertically-aligned-bottom is-layout-flex wp-container-core-columns-is-layout-9d6595d7 wp-block-columns-is-layout-flex eplus-styles-uid-7aa441\">\n<div class=\"order-2 md:order-1 eplus-wrapper wp-block-column is-vertically-aligned-center is-layout-flow wp-block-column-is-layout-flow\">\n<figure class=\"eplus-wrapper wp-block-image size-medium is-resized\"><img loading=\"lazy\" decoding=\"async\" width=\"300\" height=\"169\" alt=\"a group of gears on a black surface\" src=\"https:\/\/troeger-services.com\/wp-content\/uploads\/2023\/12\/tl-7-300x169.jpg\" class=\"wp-image-2066\" style=\"object-fit:cover;width:425px;height:284px\" title=\"\" srcset=\"https:\/\/troeger-services.com\/wp-content\/uploads\/2023\/12\/tl-7-300x169.jpg 300w, https:\/\/troeger-services.com\/wp-content\/uploads\/2023\/12\/tl-7-18x10.jpg 18w, https:\/\/troeger-services.com\/wp-content\/uploads\/2023\/12\/tl-7.jpg 550w\" sizes=\"auto, (max-width: 300px) 100vw, 300px\" \/><figcaption><\/figcaption><\/figure>\n<\/div>\n\n\n\n<div class=\"order-2 md:order-1 eplus-wrapper wp-block-column is-vertically-aligned-center is-layout-flow wp-block-column-is-layout-flow\"><p class=\"sub-heading d-inline eplus-wrapper has-medium-font-size eplus-styles-uid-a62243\"><strong>Comment am\u00e9liorer l'exp\u00e9rience de service avec TITBC<\/strong><\/p>\n\n\n<p class=\"eplus-wrapper\"><\/p>\n\n\n<h2 class=\"eplus-wrapper wp-block-heading has-medium-font-size eplus-styles-uid-a62243\"><strong>La cl\u00e9, c'est l'approche int\u00e9gr\u00e9e de TITBC avec tous nos fabricants ! <\/strong><\/h2>\n\n<p class=\"text-lg eplus-wrapper has-text-align-left eplus-styles-uid-fe641a\">Dans l'\u00e9conomie d'aujourd'hui, qui \u00e9volue rapidement, il est plus important que jamais d'atteindre l'excellence. Les fabricants sont confront\u00e9s \u00e0 des d\u00e9fis en termes d'efficacit\u00e9, de conformit\u00e9 et de maintien d'une qualit\u00e9 \u00e9lev\u00e9e. Dans cet environnement, TITBC et la collaboration innovante avec nos partenaires, sont \u00e0 la pointe du secteur et r\u00e9volutionnent les processus de votre entreprise.<\/p><\/div>\n<\/div>\n\n\n<figure class=\"eplus-wrapper wp-block-image aligncenter size-full is-resized\"><img loading=\"lazy\" decoding=\"async\" width=\"147\" height=\"150\" src=\"https:\/\/troeger-services.com\/wp-content\/uploads\/2023\/12\/tibc_logo_1zeilig_rgb-1-e1702089590391.png\" alt=\"Le logo de la soci\u00e9t\u00e9 TITBC, les experts en ITSM, ITOM, ESM. Les seuls experts qui prennent en compte toutes les perspectives, pour votre succ\u00e8s garanti.\" class=\"wp-image-1985\" style=\"object-fit:cover;width:75px;height:75px\" title=\"\"><figcaption><\/figcaption><\/figure>\n<\/div>\n\n\n\n<div class=\"eplus-wrapper wp-block-group is-layout-constrained wp-block-group-is-layout-constrained\"><div class=\"grid grid-cols-1 md:grid-cols-2 md:gap-4 eplus-wrapper wp-block-columns are-vertically-aligned-bottom is-layout-flex wp-container-core-columns-is-layout-9d6595d7 wp-block-columns-is-layout-flex eplus-styles-uid-8f9092\">\n<div class=\"order-2 md:order-1 eplus-wrapper wp-block-column is-vertically-aligned-center is-layout-flow wp-block-column-is-layout-flow\"><p class=\"sub-heading d-inline eplus-wrapper has-medium-font-size eplus-styles-uid-a62243\"><strong>Concentrez-vous sur le travail qui est vraiment important<\/strong><\/p>\n\n\n<p class=\"eplus-wrapper\"><\/p>\n\n\n<h2 class=\"eplus-wrapper wp-block-heading has-medium-font-size eplus-styles-uid-a62243\"><strong>Mise au point <\/strong>vous vous concentrez sur votre travail<\/h2>\n\n<p class=\"text-lg eplus-wrapper has-text-align-left eplus-styles-uid-fe641a\">Les \u00e9quipes de services informatiques sont souvent occup\u00e9es \u00e0 \u00e9teindre des incendies ou \u00e0 traiter des probl\u00e8mes r\u00e9p\u00e9titifs. Les solutions IT et Enterprise Service Management, vous lib\u00e8rent de ces t\u00e2ches chronophages et aident vos collaborateurs \u00e0 se concentrer \u00e0 nouveau sur les aspects strat\u00e9giques de leurs t\u00e2ches.<\/p><\/div>\n\n\n\n<div class=\"flex justify-center py-12 order-1 md:order-2 eplus-wrapper wp-block-column is-vertically-aligned-center is-layout-flow wp-block-column-is-layout-flow\">\n<figure class=\"eplus-wrapper wp-block-image size-medium is-resized\"><img loading=\"lazy\" decoding=\"async\" width=\"300\" height=\"107\" alt=\"a machine with gears and wires\" src=\"https:\/\/troeger-services.com\/wp-content\/uploads\/2023\/12\/thumbnail_large-1-4-300x107.jpg\" class=\"wp-image-2044\" style=\"object-fit:cover;width:425px;height:284px\" title=\"\" srcset=\"https:\/\/troeger-services.com\/wp-content\/uploads\/2023\/12\/thumbnail_large-1-4-300x107.jpg 300w, https:\/\/troeger-services.com\/wp-content\/uploads\/2023\/12\/thumbnail_large-1-4-18x6.jpg 18w, https:\/\/troeger-services.com\/wp-content\/uploads\/2023\/12\/thumbnail_large-1-4.jpg 550w\" sizes=\"auto, (max-width: 300px) 100vw, 300px\" \/><figcaption><\/figcaption><\/figure>\n<\/div>\n<\/div>\n\n\n<figure class=\"eplus-wrapper wp-block-image aligncenter size-full is-resized\"><img loading=\"lazy\" decoding=\"async\" width=\"147\" height=\"150\" src=\"https:\/\/troeger-services.com\/wp-content\/uploads\/2023\/12\/tibc_logo_1zeilig_rgb-1-e1702089590391.png\" alt=\"Le logo de la soci\u00e9t\u00e9 TITBC, les experts en ITSM, ITOM, ESM. Les seuls experts qui prennent en compte toutes les perspectives, pour votre succ\u00e8s garanti.\" class=\"wp-image-1985\" style=\"object-fit:cover;width:75px;height:75px\" title=\"Logo TITBC\"\/><figcaption><\/figcaption><\/figure>\n<\/div>\n\n\n\n<div class=\"eplus-wrapper wp-block-group is-layout-constrained wp-block-group-is-layout-constrained\">\n<div style=\"height:74px\" aria-hidden=\"true\" class=\"eplus-wrapper wp-block-spacer\"><\/div>\n\n\n<div class=\"grid grid-cols-1 md:grid-cols-2 md:gap-4 eplus-wrapper wp-block-columns are-vertically-aligned-bottom is-layout-flex wp-container-core-columns-is-layout-9d6595d7 wp-block-columns-is-layout-flex eplus-styles-uid-6b4bc1\">\n<div class=\"order-2 md:order-1 eplus-wrapper wp-block-column is-vertically-aligned-center is-layout-flow wp-block-column-is-layout-flow\">\n<figure class=\"eplus-wrapper wp-block-image size-medium is-resized\"><img loading=\"lazy\" decoding=\"async\" width=\"300\" height=\"200\" alt=\"a man wearing headphones giving a thumbs up\" src=\"https:\/\/troeger-services.com\/wp-content\/uploads\/2023\/12\/thumbnail_large-1-3-300x200.webp\" class=\"wp-image-2070\" style=\"object-fit:cover;width:425px;height:284px\" title=\"\" srcset=\"https:\/\/troeger-services.com\/wp-content\/uploads\/2023\/12\/thumbnail_large-1-3-300x200.webp 300w, https:\/\/troeger-services.com\/wp-content\/uploads\/2023\/12\/thumbnail_large-1-3-18x12.webp 18w, https:\/\/troeger-services.com\/wp-content\/uploads\/2023\/12\/thumbnail_large-1-3.webp 550w\" sizes=\"auto, (max-width: 300px) 100vw, 300px\" \/><figcaption><\/figcaption><\/figure>\n<\/div>\n\n\n\n<div class=\"order-2 md:order-1 eplus-wrapper wp-block-column is-vertically-aligned-center is-layout-flow wp-block-column-is-layout-flow\"><p class=\"sub-heading d-inline eplus-wrapper has-medium-font-size eplus-styles-uid-a62243\"><strong>Une exp\u00e9rience informatique moderne et conviviale<\/strong><\/p>\n\n\n<p class=\"eplus-wrapper\"><\/p>\n\n\n<h2 class=\"eplus-wrapper wp-block-heading has-medium-font-size eplus-styles-uid-a62243\"><strong>Permettez \u00e0 vos collaborateurs de s'aider eux-m\u00eames !<\/strong><\/h2>\n\n<p class=\"text-lg eplus-wrapper has-text-align-left eplus-styles-uid-fe641a\">Une base de connaissances facile \u00e0 utiliser favorise la collaboration en temps r\u00e9el entre les membres d'une \u00e9quipe pour la r\u00e9solution de probl\u00e8mes. En rassemblant les connaissances collectives et en \u00e9changeant des id\u00e9es et des informations, les utilisateurs finaux peuvent travailler ensemble \u00e0 la r\u00e9solution de leurs probl\u00e8mes.<\/p><\/div>\n<\/div>\n\n\n<figure class=\"eplus-wrapper wp-block-image aligncenter size-full is-resized\"><img loading=\"lazy\" decoding=\"async\" width=\"147\" height=\"150\" src=\"https:\/\/troeger-services.com\/wp-content\/uploads\/2023\/12\/tibc_logo_1zeilig_rgb-1-e1702089590391.png\" alt=\"Le logo de la soci\u00e9t\u00e9 TITBC, les experts en ITSM, ITOM, ESM. Les seuls experts qui prennent en compte toutes les perspectives, pour votre succ\u00e8s garanti.\" class=\"wp-image-1985\" style=\"object-fit:cover;width:75px;height:75px\" title=\"\"><figcaption><\/figcaption><\/figure>\n<\/div>\n\n\n\n<div class=\"eplus-wrapper wp-block-group is-layout-constrained wp-block-group-is-layout-constrained\"><div class=\"grid grid-cols-1 md:grid-cols-2 md:gap-4 eplus-wrapper wp-block-columns are-vertically-aligned-bottom is-layout-flex wp-container-core-columns-is-layout-9d6595d7 wp-block-columns-is-layout-flex eplus-styles-uid-65dbf7\">\n<div class=\"order-2 md:order-1 eplus-wrapper wp-block-column is-vertically-aligned-center is-layout-flow wp-block-column-is-layout-flow\"><p class=\"sub-heading d-inline eplus-wrapper has-medium-font-size eplus-styles-uid-a62243\"><strong>Les informations dont vous avez besoin - \u00e0 l'endroit o\u00f9 vous en avez besoin<\/strong><\/p>\n\n\n<p class=\"eplus-wrapper\"><\/p>\n\n\n<h2 class=\"eplus-wrapper wp-block-heading has-medium-font-size eplus-styles-uid-a62243\"><strong>Driving Manufacturing Excellence : l'approche int\u00e9gr\u00e9e d'IFS et de TITBC<\/strong><\/h2>\n\n<p class=\"text-lg eplus-wrapper has-text-align-left eplus-styles-uid-fe641a\">Avec nous, il n'y a plus de silos d'information ou de double saisie de donn\u00e9es. Avec une seule source de v\u00e9rit\u00e9, il est plus facile d'avoir une vue compl\u00e8te de vos processus cl\u00e9s et d'assurer la conformit\u00e9 r\u00e9glementaire.<\/p><\/div>\n\n\n\n<div class=\"flex justify-center py-12 order-1 md:order-2 eplus-wrapper wp-block-column is-vertically-aligned-center is-layout-flow wp-block-column-is-layout-flow\">\n<figure class=\"eplus-wrapper wp-block-image size-medium is-resized\"><img loading=\"lazy\" decoding=\"async\" width=\"300\" height=\"200\" alt=\"a blue screen with white icons\" src=\"https:\/\/troeger-services.com\/wp-content\/uploads\/2023\/12\/thumbnail_large-300x200.jpg\" class=\"wp-image-2063\" style=\"object-fit:cover;width:425px;height:284px\" title=\"\" srcset=\"https:\/\/troeger-services.com\/wp-content\/uploads\/2023\/12\/thumbnail_large-300x200.jpg 300w, https:\/\/troeger-services.com\/wp-content\/uploads\/2023\/12\/thumbnail_large-18x12.jpg 18w, https:\/\/troeger-services.com\/wp-content\/uploads\/2023\/12\/thumbnail_large.jpg 550w\" sizes=\"auto, (max-width: 300px) 100vw, 300px\" \/><figcaption><\/figcaption><\/figure>\n<\/div>\n<\/div>\n\n\n<div class=\"eplus-wrapper wp-block-buttons is-layout-flex wp-block-buttons-is-layout-flex\"><div class=\"my-5 shadow-xl hover:shadow-lg btn-secondary bg-secondary eplus-wrapper wp-block-button eplus-styles-uid-126db8\"><a class=\"wp-block-button__link wp-element-button\" href=\"https:\/\/outlook.office365.com\/owa\/calendar\/TITBCGesprchsanfragemitAndrTrger@titbc.onmicrosoft.com\/bookings\/\" style=\"border-radius:0px\" target=\"_blank\" rel=\"noreferrer noopener\">Demander un premier entretien<\/a><\/div>\n\n<div class=\"my-5 shadow-xl hover:shadow-lg btn-secondary bg-secondary eplus-wrapper wp-block-button eplus-styles-uid-1e7016\"><a class=\"wp-block-button__link wp-element-button\" href=\"https:\/\/troeger-services.com\/fr\/wir-stellen-unsere-partner-vor\/\" style=\"border-radius:0px\">Nos partenaires<\/a><\/div><\/div>\n\n\n\n<figure class=\"eplus-wrapper wp-block-image aligncenter size-full is-resized\"><img loading=\"lazy\" decoding=\"async\" width=\"147\" height=\"150\" src=\"https:\/\/troeger-services.com\/wp-content\/uploads\/2023\/12\/tibc_logo_1zeilig_rgb-1-e1702089590391.png\" alt=\"Le logo de la soci\u00e9t\u00e9 TITBC, les experts en ITSM, ITOM, ESM. Les seuls experts qui prennent en compte toutes les perspectives, pour votre succ\u00e8s garanti.\" class=\"wp-image-1985\" style=\"object-fit:cover;width:75px;height:75px\" title=\"Logo TITBC\"\/><figcaption><\/figcaption><\/figure>\n<\/div>","protected":false},"excerpt":{"rendered":"<p>Entdecken Sie eine Verbesserung der Service Erfahrung durch ITSM Entdecken Sie ein besseres Service Erlebnis f\u00fcr Ihre Kunden, Mitarbeiter und Lieferanten. Durch einen effizienten und abgestimmten Ablauf, legen Sie die Grundlage f\u00fcr Ihr Wachstum. ITSM, ITOM und ESM erledigen das f\u00fcr Sie IT-Teams werden mit Serviceanfragen \u00fcberschwemmt. Geben Sie ihnen die Verantwortung f\u00fcr den Service [&hellip;]<\/p>\n","protected":false},"author":4,"featured_media":2078,"parent":0,"menu_order":0,"comment_status":"closed","ping_status":"closed","template":"","meta":{"editor_plus_copied_stylings":"{}","_themeisle_gutenberg_block_has_review":false,"footnotes":"","_links_to":"","_links_to_target":""},"categories":[1,14],"tags":[20,23,45,21,47,49,51,42,22,53,57,43,41,19,18,59,44,46,25,55,48,50,52,54,61,58,60,56,26],"class_list":["post-2572","page","type-page","status-publish","has-post-thumbnail","hentry","category-allgemein","category-blog","tag-esm","tag-assyst","tag-availability-management","tag-blog","tag-capacity-and-performance-management","tag-change-enablement","tag-deployment-management","tag-enterprise-service-management","tag-ifs","tag-incident-management","tag-it-asset-management","tag-it-operations-management","tag-it-service-management","tag-itom","tag-itsm","tag-knowledge-management","tag-micro-focus","tag-monitoring-and-event-management","tag-opentext","tag-problem-management","tag-release-management","tag-service-catalog-management","tag-service-configuration-management","tag-service-continuity-management","tag-service-desk","tag-service-financial-management","tag-service-level-management","tag-service-request-management","tag-smax"],"_links":{"self":[{"href":"https:\/\/troeger-services.com\/fr\/wp-json\/wp\/v2\/pages\/2572","targetHints":{"allow":["GET"]}}],"collection":[{"href":"https:\/\/troeger-services.com\/fr\/wp-json\/wp\/v2\/pages"}],"about":[{"href":"https:\/\/troeger-services.com\/fr\/wp-json\/wp\/v2\/types\/page"}],"author":[{"embeddable":true,"href":"https:\/\/troeger-services.com\/fr\/wp-json\/wp\/v2\/users\/4"}],"replies":[{"embeddable":true,"href":"https:\/\/troeger-services.com\/fr\/wp-json\/wp\/v2\/comments?post=2572"}],"version-history":[{"count":0,"href":"https:\/\/troeger-services.com\/fr\/wp-json\/wp\/v2\/pages\/2572\/revisions"}],"wp:featuredmedia":[{"embeddable":true,"href":"https:\/\/troeger-services.com\/fr\/wp-json\/wp\/v2\/media\/2078"}],"wp:attachment":[{"href":"https:\/\/troeger-services.com\/fr\/wp-json\/wp\/v2\/media?parent=2572"}],"wp:term":[{"taxonomy":"category","embeddable":true,"href":"https:\/\/troeger-services.com\/fr\/wp-json\/wp\/v2\/categories?post=2572"},{"taxonomy":"post_tag","embeddable":true,"href":"https:\/\/troeger-services.com\/fr\/wp-json\/wp\/v2\/tags?post=2572"}],"curies":[{"name":"wp","href":"https:\/\/api.w.org\/{rel}","templated":true}]}}