{"id":3553,"date":"2023-12-19T23:02:03","date_gmt":"2023-12-19T22:02:03","guid":{"rendered":"https:\/\/troeger-services.com\/?page_id=3553"},"modified":"2024-07-04T21:09:42","modified_gmt":"2024-07-04T19:09:42","slug":"wir-stellen-unsere-partner-vor","status":"publish","type":"page","link":"https:\/\/troeger-services.com\/fr\/wir-stellen-unsere-partner-vor\/","title":{"rendered":"Nos partenaires"},"content":{"rendered":"<div class=\"row-full py-5 mb-12 wp-block-group eplus-wrapper is-layout-flow wp-block-group-is-layout-flow\">\n<div class=\"wp-block-group eplus-wrapper is-layout-flow wp-block-group-is-layout-flow\"><div class=\"container mx-auto py-6 grid grid-cols-1 md:grid-cols-2 wp-block-columns eplus-wrapper is-layout-flex wp-container-core-columns-is-layout-9d6595d7 wp-block-columns-is-layout-flex eplus-styles-uid-2b1698\">\n<div class=\"lg:pr-8 xl:pr-12 order-2 md:order-1 wp-block-column is-vertically-aligned-center eplus-wrapper is-layout-flow wp-block-column-is-layout-flow\"><p class=\"sub-heading d-inline eplus-wrapper eplus-styles-uid-a62243\">Ce n'est que gr\u00e2ce \u00e0 nos partenaires et \u00e0 une collaboration intensive de longue date que nous pouvons cr\u00e9er quelque chose d'exceptionnel.<\/p>\n\n\n<h1 class=\"text-2xl sm:text-3xl md:text-4xl mt-1 wp-block-heading eplus-wrapper\">Nous vous pr\u00e9sentons nos partenaires. Gr\u00e2ce \u00e0 notre collaboration de longue date, vous en profitez avec succ\u00e8s. Notre approche d'ind\u00e9pendance vis-\u00e0-vis des fabricants est \u00e9galement prise en compte dans votre projet.<\/h1>\n\n\n\n<p class=\"eplus-wrapper\">Exploitez la valeur de toutes vos donn\u00e9es, quelle que soit leur taille.<\/p>\n\n\n\n<div class=\"wp-block-buttons eplus-wrapper is-layout-flex wp-block-buttons-is-layout-flex\"><div class=\"my-5 shadow-xl hover:shadow-lg btn-secondary bg-secondary wp-block-button eplus-wrapper eplus-styles-uid-da9a56\"><a class=\"wp-block-button__link wp-element-button\" href=\"https:\/\/outlook.office365.com\/owa\/calendar\/TITBCGesprchsanfragemitAndrTrger@titbc.onmicrosoft.com\/bookings\/\" style=\"border-radius:0px\" target=\"_blank\" rel=\"noreferrer noopener\">Demander un premier entretien<\/a><\/div><\/div>\n<\/div>\n\n\n\n<div class=\"flex justify-center py-12 order-1 md:order-2 wp-block-column eplus-wrapper is-layout-flow wp-block-column-is-layout-flow\">\n<figure class=\"wp-block-image size-full eplus-wrapper\"><img loading=\"lazy\" decoding=\"async\" width=\"545\" height=\"253\" src=\"https:\/\/troeger-services.com\/wp-content\/uploads\/2021\/10\/analysen.png\" alt=\"analyses pertinentes pour l&#039;action Graphique\" class=\"wp-image-1493\" title=\"\" srcset=\"https:\/\/troeger-services.com\/wp-content\/uploads\/2021\/10\/analysen.png 545w, https:\/\/troeger-services.com\/wp-content\/uploads\/2021\/10\/analysen-300x139.png 300w\" sizes=\"auto, (max-width: 545px) 100vw, 545px\" \/><\/figure>\n<\/div>\n<\/div><\/div>\n<\/div>\n\n\n\n<div class=\"wp-block-group eplus-wrapper is-layout-constrained wp-block-group-is-layout-constrained\">\n<div style=\"height:21px\" aria-hidden=\"true\" class=\"wp-block-spacer eplus-wrapper\"><\/div>\n\n\n\n<figure class=\"wp-block-image aligncenter size-full is-resized eplus-wrapper\"><img loading=\"lazy\" decoding=\"async\" width=\"147\" height=\"150\" src=\"https:\/\/troeger-services.com\/wp-content\/uploads\/2023\/12\/tibc_logo_1zeilig_rgb-1-e1702089590391.png\" alt=\"Le logo de la soci\u00e9t\u00e9 TITBC, les experts en ITSM, ITOM, ESM. Les seuls experts qui prennent en compte toutes les perspectives, pour votre succ\u00e8s garanti.\" class=\"wp-image-1985\" style=\"object-fit:cover;width:75px;height:75px\" title=\"\"><\/figure>\n<\/div>\n\n\n\n<div style=\"height:32px\" aria-hidden=\"true\" class=\"wp-block-spacer eplus-wrapper\"><\/div>\n\n\n\n<p class=\"sub-heading d-inline has-large-font-size eplus-wrapper\">L'avantage concurrentiel d'un \u00e9tat d'esprit ax\u00e9 sur le service<\/p>\n\n\n\n<div style=\"height:50px\" aria-hidden=\"true\" class=\"wp-block-spacer eplus-wrapper\"><\/div>\n\n\n\n<div style=\"height:50px\" aria-hidden=\"true\" class=\"wp-block-spacer eplus-wrapper\"><\/div>\n\n\n\n<p class=\"eplus-wrapper\"><\/p>\n\n\n\n<p class=\"eplus-wrapper\"><\/p>\n\n\n<div class=\"wp-block-columns eplus-wrapper is-layout-flex wp-container-core-columns-is-layout-9d6595d7 wp-block-columns-is-layout-flex eplus-styles-uid-b14cdc\">\n<div class=\"wp-block-column eplus-wrapper is-layout-flow wp-block-column-is-layout-flow\"><p class=\"text-lg eplus-wrapper eplus-styles-uid-fe641a\">Nous sommes en train de passer d'une approche ax\u00e9e sur les produits \u00e0 une approche ax\u00e9e sur les services. Pendant des d\u00e9cennies, la fabrication a \u00e9t\u00e9 synonyme de production de biens mat\u00e9riels - voitures, appareils et widgets de toutes les couleurs, formes et tailles.<\/p>\n\n\n<p class=\"text-lg eplus-wrapper\"><\/p>\n\n\n\n<p class=\"text-lg eplus-wrapper\"><\/p>\n\n\n\n<p class=\"text-lg eplus-wrapper\"><\/p>\n\n\n\n<p class=\"text-lg eplus-wrapper\"><\/p>\n\n\n\n<p class=\"text-lg eplus-wrapper\"><\/p>\n<\/div>\n\n\n\n<div class=\"wp-block-column eplus-wrapper is-layout-flow wp-block-column-is-layout-flow\"><p class=\"text-lg eplus-wrapper eplus-styles-uid-fe641a\">Le succ\u00e8s se mesurait souvent \u00e0 la quantit\u00e9 de produits qui sortaient des cha\u00eenes de montage. Les entreprises se faisaient une concurrence f\u00e9roce sur la base des caract\u00e9ristiques des produits, de la rentabilit\u00e9 et de la performance de la cha\u00eene d'approvisionnement. C'\u00e9tait l'\u00e9poque des r\u00e9sultats visibles ! Mais les temps ont chang\u00e9, tout comme les march\u00e9s et les pr\u00e9f\u00e9rences des consommateurs.<\/p>\n\n\n<p class=\"text-lg eplus-wrapper\">\u00a0<\/p>\n\n\n\n<figure class=\"wp-block-image aligncenter size-full is-resized eplus-wrapper\"><img loading=\"lazy\" decoding=\"async\" width=\"147\" height=\"150\" src=\"https:\/\/troeger-services.com\/wp-content\/uploads\/2023\/12\/tibc_logo_1zeilig_rgb-1-e1702089590391.png\" alt=\"Le logo de la soci\u00e9t\u00e9 TITBC, les experts en ITSM, ITOM, ESM. Les seuls experts qui prennent en compte toutes les perspectives, pour votre succ\u00e8s garanti.\" class=\"wp-image-1985\" style=\"object-fit:cover;width:75px;height:75px\" title=\"\"><\/figure>\n<\/div>\n\n\n\n<div class=\"wp-block-column eplus-wrapper is-layout-flow wp-block-column-is-layout-flow\"><p class=\"text-lg eplus-wrapper eplus-styles-uid-fe641a\">Nous sommes \u00e0 une \u00e9poque o\u00f9 les consommateurs appr\u00e9cient de plus en plus non seulement le produit lui-m\u00eame, mais aussi l'exp\u00e9rience globale qui l'entoure. Ce changement est plus qu'une simple tendance, il s'agit d'un changement sismique ! Les fabricants ne pourront plus l'ignorer !\u00a0<\/p><\/div>\n<\/div>\n\n<div class=\"wp-block-columns eplus-wrapper is-layout-flex wp-container-core-columns-is-layout-9d6595d7 wp-block-columns-is-layout-flex eplus-styles-uid-0c41cb\">\n<div class=\"wp-block-column eplus-wrapper is-layout-flow wp-block-column-is-layout-flow\"><p class=\"text-lg eplus-wrapper eplus-styles-uid-fe641a\">Les changements sont d\u00e9j\u00e0 \u00e9vidents et se produisent actuellement \u00e0 une vitesse sans pr\u00e9c\u00e9dent, ce qui laisse supposer qu'ils ne sont que les signes avant-coureurs d'une \u00e9conomie fondamentalement diff\u00e9rente de celle que nous avons connue jusqu'\u00e0 pr\u00e9sent.<\/p><\/div>\n<\/div>\n\n\n\n\n\n\n\n<\/p>\n\n\n<div class=\"grid grid-cols-1 md:grid-cols-2 md:gap-4 wp-block-columns are-vertically-aligned-bottom eplus-wrapper is-layout-flex wp-container-core-columns-is-layout-9d6595d7 wp-block-columns-is-layout-flex eplus-styles-uid-617c0a\">\n<div class=\"order-2 md:order-1 wp-block-column is-vertically-aligned-center eplus-wrapper is-layout-flow wp-block-column-is-layout-flow\">\n<p class=\"sub-heading d-inline eplus-wrapper\" style=\"font-size:28px\">Notre partenaire IFS <\/p>\n\n\n\n<p class=\"eplus-wrapper\"><\/p>\n\n\n<h2 class=\"wp-block-heading has-medium-font-size eplus-wrapper eplus-styles-uid-fe641a\"><strong>Utiliser l'orientation service pour votre avantage concurrentiel<\/strong><\/h2>\n\n\n<p class=\"eplus-wrapper\"><\/p>\n\n\n\n<p class=\"eplus-wrapper\">Accrochez-vous, car nous sommes en train de changer la donne pour vous dans le domaine de l'IT &amp; Enterprise Service Management et de votre Moment of Service, sans longue dur\u00e9e de projet, de mani\u00e8re pragmatique et adapt\u00e9e \u00e0 vos besoins individuels ! !!<\/p>\n\n\n\n<p class=\"eplus-wrapper\">Tr\u00f6ger IT Business Consulting, est heureux d'annoncer un partenariat r\u00e9volutionnaire avec IFS, avec une approche radicalement nouvelle !<\/p>\n\n\n\n<p class=\"eplus-wrapper\">IFS Assyst est l'un des fondateurs initiaux qui a \u00e9t\u00e9 le premier \u00e0 transformer l'ITIL en un outil !<\/p>\n\n\n\n<p class=\"eplus-wrapper\">\u00c0 une \u00e9poque o\u00f9 la gestion des services informatiques et la gestion des services d'entreprise sont au premier plan des op\u00e9rations commerciales, nous nous associons \u00e0 IFS pour fournir quelque chose d'extraordinaire !<\/p>\n\n\n\n<p class=\"eplus-wrapper\"><\/p>\n<\/div>\n\n\n\n<div class=\"flex justify-center py-12 order-1 md:order-2 wp-block-column is-vertically-aligned-center eplus-wrapper is-layout-flow wp-block-column-is-layout-flow\">\n<figure class=\"wp-block-video eplus-wrapper\"><video height=\"1080\" style=\"aspect-ratio: 1920 \/ 1080;\" width=\"1920\" controls src=\"https:\/\/troeger-services.com\/wp-content\/uploads\/2023\/12\/IFS-Partner-Announcment-FR.mp4\"><\/video><\/figure>\n<\/div>\n<\/div>\n\n<p>\n\n\n\n\n\n\n\n\n\n\n\n\n<div class=\"wp-block-group eplus-wrapper is-layout-constrained wp-block-group-is-layout-constrained\">\n<figure class=\"wp-block-image aligncenter size-full is-resized eplus-wrapper\"><img loading=\"lazy\" decoding=\"async\" width=\"147\" height=\"150\" src=\"https:\/\/troeger-services.com\/wp-content\/uploads\/2023\/12\/tibc_logo_1zeilig_rgb-1-e1702089590391.png\" alt=\"Le logo de la soci\u00e9t\u00e9 TITBC, les experts en ITSM, ITOM, ESM. Les seuls experts qui prennent en compte toutes les perspectives, pour votre succ\u00e8s garanti.\" class=\"wp-image-1985\" style=\"object-fit:cover;width:75px;height:75px\" title=\"Logo TITBC\"\/><\/figure>\n<\/div>\n\n\n\n<div class=\"wp-block-group eplus-wrapper is-layout-constrained wp-block-group-is-layout-constrained\">\n<div style=\"height:74px\" aria-hidden=\"true\" class=\"wp-block-spacer eplus-wrapper\"><\/div>\n\n\n\n\n\n\n\n\n<\/p>\n\n\n<div class=\"grid grid-cols-1 md:grid-cols-2 md:gap-4 wp-block-columns are-vertically-aligned-bottom eplus-wrapper is-layout-flex wp-container-core-columns-is-layout-9d6595d7 wp-block-columns-is-layout-flex eplus-styles-uid-462bdd\">\n<div class=\"order-2 md:order-1 wp-block-column is-vertically-aligned-center eplus-wrapper is-layout-flow wp-block-column-is-layout-flow\">\n<figure class=\"wp-block-video eplus-wrapper\"><video height=\"1080\" style=\"aspect-ratio: 1920 \/ 1080;\" width=\"1920\" controls src=\"https:\/\/troeger-services.com\/wp-content\/uploads\/2023\/12\/OpenText-OpsBridge-Intro-FR.mp4\"><\/video><\/figure>\n<\/div>\n\n\n\n<div class=\"order-2 md:order-1 wp-block-column is-vertically-aligned-center eplus-wrapper is-layout-flow wp-block-column-is-layout-flow\">\n<p class=\"sub-heading d-inline eplus-wrapper\" style=\"font-size:28px\">Notre partenaire OpenText<\/p>\n\n\n\n<p class=\"eplus-wrapper\"><\/p>\n\n\n\n<h2 class=\"wp-block-heading has-medium-font-size eplus-wrapper\"><strong>Transformation gr\u00e2ce \u00e0 un conseil centr\u00e9 sur le service<\/strong><\/h2>\n\n\n\n<p class=\"eplus-wrapper\"><\/p>\n\n\n\n<p class=\"eplus-wrapper\">ne vid\u00e9o de 2-3 minutes pr\u00e9sente un partenariat de longue date de 20 ans, qui comprend de nombreux projets communs et novateurs. Le partenariat met en \u00e9vidence une approche innovante unique pour r\u00e9aliser des projets rapidement, de mani\u00e8re pragmatique et avec succ\u00e8s, en prenant en compte tous les domaines n\u00e9cessaires pour fournir des solutions r\u00e9ussies aux clients. Le voyage a commenc\u00e9 avec la soci\u00e9t\u00e9 Mercury et ses produits r\u00e9volutionnaires de l'\u00e9poque, consid\u00e9r\u00e9s aujourd'hui comme l'\u00e9tat de l'art. Au fil des ann\u00e9es, diff\u00e9rentes entreprises sont pass\u00e9es par l\u00e0, jusqu'au partenariat actuel avec OpenText.<\/p>\n\n\n\n<p class=\"eplus-wrapper\">Le soutien r\u00e9ussi des entreprises clientes a \u00e9t\u00e9 obtenu gr\u00e2ce \u00e0 une collaboration \u00e9troite avec diff\u00e9rents d\u00e9partements tels que la gestion des produits, la recherche et le d\u00e9veloppement, les ventes et l'ensemble de l'organisation. OpenText est recommand\u00e9 comme un partenaire solide sur le march\u00e9, qui a construit son impressionnant portefeuille gr\u00e2ce \u00e0 des acquisitions de fournisseurs de logiciels leaders et \u00e0 une strat\u00e9gie innovante.<\/p>\n\n\n\n<p class=\"eplus-wrapper\">Ce portefeuille est id\u00e9al pour cr\u00e9er un centre de contr\u00f4le num\u00e9rique avec une int\u00e9gration transparente. Il comprend des produits pour les tests de charge et de r\u00e9gression, l'infrastructure d'exploitation informatique, l'automatisation, la surveillance des applications, les produits de services informatiques et d'entreprise, ainsi que des acquisitions r\u00e9centes de fournisseurs de cybers\u00e9curit\u00e9. Les produits OpenText se distinguent par leur int\u00e9gration et leur aptitude \u00e0 fonctionner dans des environnements h\u00e9t\u00e9rog\u00e8nes.<\/p>\n\n\n\n<p class=\"eplus-wrapper\">La vid\u00e9o se termine par une invitation \u00e0 prendre rendez-vous pour une consultation gratuite afin d'obtenir une feuille de route ind\u00e9pendante des fabricants pour r\u00e9pondre aux besoins individuels. Le partenariat vise \u00e0 mettre en \u0153uvre ensemble des projets r\u00e9ussis et \u00e0 faire progresser la transformation num\u00e9rique.<\/p>\n<\/div>\n<\/div>\n\n<p>\n\n\n\n\n\n\n\n\n\n\n\n\n<figure class=\"wp-block-image aligncenter size-full is-resized eplus-wrapper\"><img loading=\"lazy\" decoding=\"async\" width=\"147\" height=\"150\" src=\"https:\/\/troeger-services.com\/wp-content\/uploads\/2023\/12\/tibc_logo_1zeilig_rgb-1-e1702089590391.png\" alt=\"Le logo de la soci\u00e9t\u00e9 TITBC, les experts en ITSM, ITOM, ESM. Les seuls experts qui prennent en compte toutes les perspectives, pour votre succ\u00e8s garanti.\" class=\"wp-image-1985\" style=\"object-fit:cover;width:75px;height:75px\" title=\"\"><\/figure>\n<\/div>\n\n\n\n\n\n\n\n\n<\/p>\n\n\n<div class=\"grid grid-cols-1 md:grid-cols-2 md:gap-4 wp-block-columns are-vertically-aligned-bottom eplus-wrapper is-layout-flex wp-container-core-columns-is-layout-9d6595d7 wp-block-columns-is-layout-flex eplus-styles-uid-886f75\">\n<div class=\"order-2 md:order-1 wp-block-column is-vertically-aligned-center eplus-wrapper is-layout-flow wp-block-column-is-layout-flow\">\n<p class=\"sub-heading d-inline eplus-wrapper\" style=\"font-size:28px\">Notre partenaire New Relic<\/p>\n\n\n\n<p class=\"eplus-wrapper\"><\/p>\n\n\n\n<h2 class=\"wp-block-heading has-medium-font-size eplus-wrapper\"><strong>Relever les d\u00e9fis en \u00e9tant orient\u00e9 vers le service<\/strong><\/h2>\n\n\n\n<p class=\"eplus-wrapper\"><\/p>\n\n\n\n<p class=\"eplus-wrapper\">ans cette vid\u00e9o de 2-3 minutes, nous pr\u00e9sentons notre partenariat strat\u00e9gique avec le fournisseur de logiciels New Relic et expliquons les raisons de son importance pour nous. Ce partenariat souligne une approche fortement ax\u00e9e sur le client, qui se concentre sur la fourniture de solutions en temps voulu et de la plus haute qualit\u00e9, et sur la garantie du succ\u00e8s, en particulier dans les situations difficiles.<br>Notre partenariat avec New Relic s'est construit sur la base d'une collaboration r\u00e9ussie et de projets communs, et notre engagement en faveur de la satisfaction du client reste intact. Nous insistons sur le fait que New Relic n'est pas seulement un fournisseur de logiciels, mais un partenaire fiable qui, comme nous, place les besoins du client au centre de ses pr\u00e9occupations.<br>La vid\u00e9o montre que nous sommes en mesure de fournir des solutions qui r\u00e9pondent aux besoins de nos clients et met en \u00e9vidence nos points de vente uniques (USP), qui nous distinguent des autres fournisseurs. Nous proposons des solutions compl\u00e8tes qui couvrent tout, de la planification \u00e0 la mise en \u0153uvre, et nous veillons \u00e0 ce que nos clients b\u00e9n\u00e9ficient d'un soutien total \u00e0 chaque \u00e9tape.<br>Les technologies innovantes de New Relic enrichissent notre partenariat et permettent \u00e0 nos clients d'optimiser leurs performances num\u00e9riques et d'obtenir des informations pr\u00e9cieuses sur les processus commerciaux critiques. Nous sommes fiers d'\u00eatre le moteur de la transformation num\u00e9rique de nos clients et d'am\u00e9liorer leur comp\u00e9titivit\u00e9 gr\u00e2ce \u00e0 notre collaboration avec New Relic.<br>Lorsque nous sommes confront\u00e9s \u00e0 des d\u00e9fis, nous soulignons notre engagement in\u00e9branlable \u00e0 fournir des solutions aux clients dans les d\u00e9lais, avec une qualit\u00e9 exceptionnelle et un historique de r\u00e9ussite av\u00e9r\u00e9. La vid\u00e9o se termine par un<\/p>\n\n\n\n<p class=\"eplus-wrapper\">Traduit avec DeepL.com (version gratuite)<\/p>\n<\/div>\n\n\n\n<div class=\"flex justify-center py-12 order-1 md:order-2 wp-block-column is-vertically-aligned-center eplus-wrapper is-layout-flow wp-block-column-is-layout-flow\">\n<figure class=\"wp-block-video eplus-wrapper\"><video height=\"1080\" style=\"aspect-ratio: 1920 \/ 1080;\" width=\"1920\" controls src=\"https:\/\/troeger-services.com\/wp-content\/uploads\/2023\/12\/NewRelic-Partner-Announcement-FR.mp4\"><\/video><\/figure>\n<\/div>\n<\/div>\n\n<p>\n\n\n\n\n\n\n\n\n\n\n\n\n<div class=\"wp-block-group eplus-wrapper is-layout-constrained wp-block-group-is-layout-constrained\">\n<figure class=\"wp-block-image aligncenter size-full is-resized eplus-wrapper\"><img loading=\"lazy\" decoding=\"async\" width=\"147\" height=\"150\" src=\"https:\/\/troeger-services.com\/wp-content\/uploads\/2023\/12\/tibc_logo_1zeilig_rgb-1-e1702089590391.png\" alt=\"Le logo de la soci\u00e9t\u00e9 TITBC, les experts en ITSM, ITOM, ESM. Les seuls experts qui prennent en compte toutes les perspectives, pour votre succ\u00e8s garanti.\" class=\"wp-image-1985\" style=\"object-fit:cover;width:75px;height:75px\" title=\"Logo TITBC\"\/><\/figure>\n<\/div>\n\n\n\n<div class=\"wp-block-group eplus-wrapper is-layout-constrained wp-block-group-is-layout-constrained\">\n<div style=\"height:74px\" aria-hidden=\"true\" class=\"wp-block-spacer eplus-wrapper\"><\/div>\n<\/div>\n\n\n\n<div class=\"wp-block-group eplus-wrapper is-layout-constrained wp-block-group-is-layout-constrained\"><\/div>","protected":false},"excerpt":{"rendered":"<p>Nur durch unsere Partner und langj\u00e4hriger und intensiver Zusammenarbeit, kann etwas au\u015bergew\u00f6hnliches entstehen Wir stellen Ihnen unsere Partner vor. Durch unsere langj\u00e4hrige Zusammenarbeit, profitieren Sie mit Erfolg. Unser Ansatz der Herstellerunabh\u00e4ngigkeit, flie\u00dft ebenso in Ihr Projekt mit ein. Nutzen Sie den Wert aus allen Ihren Daten, unabh\u00e4ngig vom Datenausma\u00df. Der Wettbewerbsvorteil einer Serviceorientierten Denkweise Wir [&hellip;]<\/p>\n","protected":false},"author":4,"featured_media":4397,"parent":0,"menu_order":0,"comment_status":"closed","ping_status":"closed","template":"","meta":{"editor_plus_copied_stylings":"{}","_themeisle_gutenberg_block_has_review":false,"footnotes":"","_links_to":"","_links_to_target":""},"categories":[1,14],"tags":[73],"class_list":["post-3553","page","type-page","status-publish","has-post-thumbnail","hentry","category-allgemein","category-blog","tag-classnamefont-sans-font-bold-mb-2-mt-6"],"_links":{"self":[{"href":"https:\/\/troeger-services.com\/fr\/wp-json\/wp\/v2\/pages\/3553","targetHints":{"allow":["GET"]}}],"collection":[{"href":"https:\/\/troeger-services.com\/fr\/wp-json\/wp\/v2\/pages"}],"about":[{"href":"https:\/\/troeger-services.com\/fr\/wp-json\/wp\/v2\/types\/page"}],"author":[{"embeddable":true,"href":"https:\/\/troeger-services.com\/fr\/wp-json\/wp\/v2\/users\/4"}],"replies":[{"embeddable":true,"href":"https:\/\/troeger-services.com\/fr\/wp-json\/wp\/v2\/comments?post=3553"}],"version-history":[{"count":0,"href":"https:\/\/troeger-services.com\/fr\/wp-json\/wp\/v2\/pages\/3553\/revisions"}],"wp:featuredmedia":[{"embeddable":true,"href":"https:\/\/troeger-services.com\/fr\/wp-json\/wp\/v2\/media\/4397"}],"wp:attachment":[{"href":"https:\/\/troeger-services.com\/fr\/wp-json\/wp\/v2\/media?parent=3553"}],"wp:term":[{"taxonomy":"category","embeddable":true,"href":"https:\/\/troeger-services.com\/fr\/wp-json\/wp\/v2\/categories?post=3553"},{"taxonomy":"post_tag","embeddable":true,"href":"https:\/\/troeger-services.com\/fr\/wp-json\/wp\/v2\/tags?post=3553"}],"curies":[{"name":"wp","href":"https:\/\/api.w.org\/{rel}","templated":true}]}}