{"id":3837,"date":"2025-05-17T08:36:34","date_gmt":"2025-05-17T06:36:34","guid":{"rendered":"https:\/\/troeger-services.com\/?page_id=3837"},"modified":"2025-12-01T15:14:26","modified_gmt":"2025-12-01T14:14:26","slug":"titbc-linkedin-feed-itsm-itom-esm","status":"publish","type":"page","link":"https:\/\/troeger-services.com\/fr\/titbc-linkedin-feed-itsm-itom-esm\/","title":{"rendered":"TITBC LinkedIn Feed"},"content":{"rendered":"<p class=\"eplus-wrapper\"><\/p>\n\n\n\n<div style=\"height:53px\" aria-hidden=\"true\" class=\"wp-block-spacer eplus-wrapper\"><\/div>\n\n\n\n<h2 class=\"wp-block-heading eplus-wrapper\"><strong>Willkommen auf der Seite unseres LinkedIn Feeds<\/strong><\/h2>\n\n\n\n<p class=\"eplus-wrapper\"><\/p>\n\n\n\n<div style=\"height:54px\" aria-hidden=\"true\" class=\"wp-block-spacer eplus-wrapper\"><\/div>\n\n\n\n<p class=\"eplus-wrapper\"><\/p>\n\n\n\n<p class=\"eplus-wrapper\"><\/p>\n\n\n\n<p class=\"eplus-wrapper\"><\/p>\n\n\n\n<p class=\"eplus-wrapper\">Sehr geehrter Besucher,<\/p>\n\n\n\n<p class=\"eplus-wrapper\"><\/p>\n\n\n\n<p class=\"eplus-wrapper\">Digitalisierung, Kosteneinsparung, Kontrolle, Mitarbeiter- und Kundenzufriedenheit \u2013 das sind Themen, die uns alle besch\u00e4ftigen. Hier finden Sie regelm\u00e4\u00dfig hilfreiche Tipps und praxisorientierte L\u00f6sungsans\u00e4tze, die Ihnen und Ihrem Unternehmen einen erheblichen Mehrwert bieten k\u00f6nnen.<\/p>\n\n\n\n<p class=\"eplus-wrapper\"><\/p>\n\n\n\n<p class=\"eplus-wrapper\">Mit \u00fcber 20 Jahren Erfahrung im IT-Management (ITSM, ESM, ITOM) und unabh\u00e4ngig von Herstellern, teile ich, Andr\u00e9 Tr\u00f6ger, Gesch\u00e4ftsf\u00fchrer der Tr\u00f6ger IT Business Consulting GmbH, wertvolle Einblicke und bew\u00e4hrte L\u00f6sungen zur Optimierung Ihrer IT-Prozesse.<\/p>\n\n\n\n<p class=\"eplus-wrapper\"><\/p>\n\n\n\n<p class=\"eplus-wrapper\">Zus\u00e4tzlich empfehlen wir Ihnen den IFS Assyst und Opentext ITOM Blog. Diese widmen sich umfassend den Themen IT-Service-Management, IT-Betriebsmanagement und Enterprise Service Management. <\/p>\n\n\n\n<p class=\"eplus-wrapper\"><\/p>\n\n\n\n<p class=\"eplus-wrapper\">Profitieren Sie von regelm\u00e4\u00dfigen Updates und Fachartikeln zu wichtigen IT-Strategiebereichen. Lassen Sie sich von unseren Experten inspirieren und optimieren Sie Ihre IT-Prozesse f\u00fcr maximale Effizienz und Kundenzufriedenheit.<\/p>\n\n\n\n<p class=\"eplus-wrapper\"><\/p>\n\n\n\n<p class=\"eplus-wrapper\">Besuchen Sie uns auch auf LinkedIn, um keine wertvollen Updates zu verpassen und sich mit Gleichgesinnten auszutauschen. Kein Abo, unverbindlich, wertvoll.<\/p>\n\n\n\n<p class=\"eplus-wrapper\"><\/p>\n\n\n\n<p class=\"eplus-wrapper\"><\/p>\n\n\n\n<p class=\"eplus-wrapper\"> Besuchen Sie auch unser LinkedIn-Profil und bleiben Sie auf dem neuesten Stand! <\/p>\n\n\n\n<p class=\"eplus-wrapper\"><\/p>\n\n\n\n<p class=\"eplus-wrapper\">&gt;&gt; https:\/\/www.linkedin.com\/in\/andretroeger\/ &lt;&lt;<\/p>\n\n\n\n<hr class=\"wp-block-separator has-alpha-channel-opacity eplus-wrapper\"\/>\n\n\n\n<p class=\"eplus-wrapper\"><\/p>\n\n\n\n<div style=\"height:38px\" aria-hidden=\"true\" class=\"wp-block-spacer eplus-wrapper\"><\/div>\n\n\n\n<p class=\"eplus-wrapper\"><\/p>\n\n\n\n<!-- Elfsight LinkedIn Feed | Untitled LinkedIn Feed -->\n<script src=\"https:\/\/elfsightcdn.com\/platform.js\" async><\/script>\n<div class=\"elfsight-app-381a8199-994d-409b-bc64-7a7326849b67\" data-elfsight-app-lazy><\/div>\n\n\n\n<p class=\"eplus-wrapper\"><\/p>\n\n\n\n<p class=\"eplus-wrapper\"><\/p>\n\n\n\n<p class=\"eplus-wrapper\"><\/p>\n\n\n\n<p class=\"eplus-wrapper\"><\/p>\n\n\n\n<p class=\"eplus-wrapper\"><\/p>\n\n\n\n<p class=\"eplus-wrapper\"><\/p>\n\n\n\n<p class=\"eplus-wrapper\"><\/p>\n\n\n\n<p class=\"eplus-wrapper\"><\/p>\n\n\n\n<p class=\"eplus-wrapper\"><\/p>\n\n\n\n<p class=\"eplus-wrapper\"><\/p>\n\n\n\n<p class=\"eplus-wrapper\"><\/p>","protected":false},"excerpt":{"rendered":"<p>Willkommen auf der Seite unseres LinkedIn Feeds Sehr geehrter Besucher, Digitalisierung, Kosteneinsparung, Kontrolle, Mitarbeiter- und Kundenzufriedenheit \u2013 das sind Themen, die uns alle besch\u00e4ftigen. Hier finden Sie regelm\u00e4\u00dfig hilfreiche Tipps und praxisorientierte L\u00f6sungsans\u00e4tze, die Ihnen und Ihrem Unternehmen einen erheblichen Mehrwert bieten k\u00f6nnen. Mit \u00fcber 20 Jahren Erfahrung im IT-Management (ITSM, ESM, ITOM) und unabh\u00e4ngig [&hellip;]<\/p>\n","protected":false},"author":4,"featured_media":2929,"parent":0,"menu_order":0,"comment_status":"closed","ping_status":"closed","template":"","meta":{"editor_plus_copied_stylings":"{}","_themeisle_gutenberg_block_has_review":false,"footnotes":"","_links_to":"","_links_to_target":""},"categories":[1,14],"tags":[20,101,21,18,99,102,100,103],"class_list":["post-3837","page","type-page","status-publish","has-post-thumbnail","hentry","category-allgemein","category-blog","tag-esm","tag-benefit","tag-blog","tag-itsm","tag-linkedin-feed","tag-training","tag-use-cases","tag-value"],"_links":{"self":[{"href":"https:\/\/troeger-services.com\/fr\/wp-json\/wp\/v2\/pages\/3837","targetHints":{"allow":["GET"]}}],"collection":[{"href":"https:\/\/troeger-services.com\/fr\/wp-json\/wp\/v2\/pages"}],"about":[{"href":"https:\/\/troeger-services.com\/fr\/wp-json\/wp\/v2\/types\/page"}],"author":[{"embeddable":true,"href":"https:\/\/troeger-services.com\/fr\/wp-json\/wp\/v2\/users\/4"}],"replies":[{"embeddable":true,"href":"https:\/\/troeger-services.com\/fr\/wp-json\/wp\/v2\/comments?post=3837"}],"version-history":[{"count":0,"href":"https:\/\/troeger-services.com\/fr\/wp-json\/wp\/v2\/pages\/3837\/revisions"}],"wp:featuredmedia":[{"embeddable":true,"href":"https:\/\/troeger-services.com\/fr\/wp-json\/wp\/v2\/media\/2929"}],"wp:attachment":[{"href":"https:\/\/troeger-services.com\/fr\/wp-json\/wp\/v2\/media?parent=3837"}],"wp:term":[{"taxonomy":"category","embeddable":true,"href":"https:\/\/troeger-services.com\/fr\/wp-json\/wp\/v2\/categories?post=3837"},{"taxonomy":"post_tag","embeddable":true,"href":"https:\/\/troeger-services.com\/fr\/wp-json\/wp\/v2\/tags?post=3837"}],"curies":[{"name":"wp","href":"https:\/\/api.w.org\/{rel}","templated":true}]}}