{"id":759,"date":"2021-07-20T08:37:04","date_gmt":"2021-07-20T06:37:04","guid":{"rendered":"https:\/\/troeger-services.com\/?page_id=759"},"modified":"2024-07-05T01:53:51","modified_gmt":"2024-07-04T23:53:51","slug":"directeur-informatique","status":"publish","type":"page","link":"https:\/\/troeger-services.com\/fr\/directeur-informatique\/","title":{"rendered":"F\u00fcr IT-Manager und ITSM, ITOM und ESM"},"content":{"rendered":"<div class=\"row-full py-5 mb-12 wp-block-group eplus-wrapper is-layout-flow wp-block-group-is-layout-flow\">\n<div class=\"wp-block-group eplus-wrapper is-layout-flow wp-block-group-is-layout-flow\"><div class=\"container mx-auto py-6 grid grid-cols-1 md:grid-cols-2 wp-block-columns eplus-wrapper is-layout-flex wp-container-core-columns-is-layout-9d6595d7 wp-block-columns-is-layout-flex eplus-styles-uid-e03286\">\n<div class=\"lg:pr-8 xl:pr-12 order-2 md:order-1 wp-block-column is-vertically-aligned-center eplus-wrapper is-layout-flow wp-block-column-is-layout-flow\">\n<p class=\"sub-heading d-inline eplus-wrapper\">Pour les responsables informatiques et l'ITSM - ITOM et ESM<\/p>\n\n\n\n<h1 class=\"text-2xl sm:text-3xl md:text-4xl mt-1 wp-block-heading eplus-wrapper\">Minimiser les pannes de syst\u00e8me et garantir la satisfaction des clients qui en d\u00e9coule<\/h1>\n\n\n\n<p class=\"eplus-wrapper\">Enfin, loin des task-forces et des situations de pression permanente, une harmonisation au sein de votre \u00e9quipe gr\u00e2ce \u00e0 une optimisation informatique durable et \u00e0 l'introduction d'un centre de contr\u00f4le num\u00e9rique.<\/p>\n\n\n\n<div class=\"wp-block-buttons eplus-wrapper is-layout-flex wp-block-buttons-is-layout-flex\"><div class=\"my-5 shadow-xl hover:shadow-lg btn-secondary bg-secondary wp-block-button eplus-wrapper eplus-styles-uid-3aebeb\"><a class=\"wp-block-button__link wp-element-button\" href=\"https:\/\/troeger-services.com\/fr\/erstgespraech\/\" style=\"border-radius:0px\">Demander un premier entretien<\/a><\/div><\/div>\n<\/div>\n\n\n\n<div class=\"flex justify-center py-8 order-1 md:order-2 wp-block-column eplus-wrapper is-layout-flow wp-block-column-is-layout-flow\">\n<figure class=\"wp-block-image size-full eplus-wrapper\"><img loading=\"lazy\" decoding=\"async\" width=\"515\" height=\"260\" src=\"https:\/\/troeger-services.com\/wp-content\/uploads\/2021\/07\/ausfaelle-minimieren.png\" alt=\"\" class=\"wp-image-857\" title=\"\" srcset=\"https:\/\/troeger-services.com\/wp-content\/uploads\/2021\/07\/ausfaelle-minimieren.png 515w, https:\/\/troeger-services.com\/wp-content\/uploads\/2021\/07\/ausfaelle-minimieren-300x151.png 300w\" sizes=\"auto, (max-width: 515px) 100vw, 515px\" \/><\/figure>\n<\/div>\n<\/div><\/div>\n<\/div>\n\n\n\n<div class=\"py-12 grid grid-cols-1 md:grid-cols-2 wp-block-group eplus-wrapper is-layout-flow wp-block-group-is-layout-flow\">\n<div class=\"wp-block-group eplus-wrapper is-layout-flow wp-block-group-is-layout-flow\">\n<p class=\"sub-heading d-inline eplus-wrapper\">Nos services<\/p>\n\n\n\n<h1 class=\"text-2xl sm:text-2xl md:text-3xl mt-1 wp-block-heading eplus-wrapper\">R\u00e9duire la complexit\u00e9, augmenter la vitesse de r\u00e9action<\/h1>\n\n\n\n<p class=\"text-lg mt-2 eplus-wrapper\">Offrez aux utilisateurs professionnels et informatiques la possibilit\u00e9 de travailler sans attendre gr\u00e2ce \u00e0 l'automatisation, aux agents virtuels et \u00e0 une approche intuitive en libre-service. Avec les solutions de Tr\u00f6ger IT, les utilisateurs obtiennent rapidement ce qu'ils veulent sans surcharger votre personnel informatique.<\/p>\n<\/div>\n<\/div>\n\n\n\n<div class=\"vorteile my-24 wp-block-group eplus-wrapper is-layout-flow wp-block-group-is-layout-flow\"><div class=\"iconblock grid grid-cols-1 gap-12 sm:gap-20 md:grid-cols-2 md:gap-8 lg:gap-24 xl:gap-44 wp-block-columns eplus-wrapper is-layout-flex wp-container-core-columns-is-layout-9d6595d7 wp-block-columns-is-layout-flex eplus-styles-uid-2d058e\">\n<div class=\"pt-5 wp-block-column is-vertically-aligned-top eplus-wrapper is-layout-flow wp-block-column-is-layout-flow\">\n<figure class=\"wp-block-image alignleft size-full eplus-wrapper\"><img loading=\"lazy\" decoding=\"async\" width=\"200\" height=\"115\" src=\"https:\/\/troeger-services.com\/wp-content\/uploads\/2021\/07\/performance-quality-management.png\" alt=\"\" class=\"wp-image-749\" title=\"\"><\/figure>\n\n\n\n<h3 class=\"font-sans mb-2 mt-6 wp-block-heading eplus-wrapper\"><meta charset=\"utf-8\"><strong>Gestion de la qualit\u00e9 des performances<\/strong><\/h3>\n\n\n\n<p class=\"eplus-wrapper\">Nous r\u00e9alisons des mesures de performance, des analyses de performance et des optimisations de performance de vos syst\u00e8mes informatiques au niveau conceptuel et op\u00e9rationnel.<\/p>\n<\/div>\n\n\n\n<div class=\"pt-5 wp-block-column is-vertically-aligned-top eplus-wrapper is-layout-flow wp-block-column-is-layout-flow\">\n<figure class=\"object-scale-down wp-block-image alignleft size-full eplus-wrapper\"><img loading=\"lazy\" decoding=\"async\" width=\"200\" height=\"115\" src=\"https:\/\/troeger-services.com\/wp-content\/uploads\/2021\/07\/business-service-management.png\" alt=\"\" class=\"wp-image-748\" title=\"\"><\/figure>\n\n\n\n<h3 class=\"font-sans mb-2 mt-6 wp-block-heading eplus-wrapper\"><meta charset=\"utf-8\"><strong>Gestion des services aux entreprises<\/strong><\/h3>\n\n\n\n<p class=\"eplus-wrapper\">Nous vous soutenons dans la mise en place et le d\u00e9veloppement d'une gestion efficace des services commerciaux, y compris le suivi des performances, la surveillance des niveaux de service, le reporting et les alertes.<\/p>\n<\/div>\n<\/div><\/div>\n\n\n\n<div style=\"height:25px\" aria-hidden=\"true\" class=\"wp-block-spacer eplus-wrapper\"><\/div>\n\n\n\n<div class=\"vorteile row-wide py-10 my-12 bg-primary-light wp-block-group eplus-wrapper is-layout-flow wp-block-group-is-layout-flow\">\n<div class=\"container mx-auto wp-block-group eplus-wrapper is-layout-flow wp-block-group-is-layout-flow\"><div class=\"iconblock grid grid-cols-1 gap-12 sm:gap-20 md:grid-cols-2 md:gap-8 lg:gap-24 xl:gap-44 wp-block-columns eplus-wrapper is-layout-flex wp-container-core-columns-is-layout-9d6595d7 wp-block-columns-is-layout-flex eplus-styles-uid-cd4e28\">\n<div class=\"pt-5 wp-block-column is-vertically-aligned-top eplus-wrapper is-layout-flow wp-block-column-is-layout-flow\">\n<figure class=\"wp-block-image alignleft size-full is-resized\"><img loading=\"lazy\" decoding=\"async\" width=\"80\" height=\"80\" src=\"https:\/\/troeger-services.com\/wp-content\/uploads\/2021\/07\/entwicklung.png\" alt=\"\" class=\"wp-image-623\" style=\"width:80px;height:80px\" title=\"\"><\/figure>\n\n\n\n<p class=\"mb-2 mt-2 eplus-wrapper\"><strong>D\u00e9veloppement et v\u00e9rification de concepts informatiques<\/strong><\/p>\n\n\n\n<p class=\"eplus-wrapper\">Nous \u00e9valuons vos processus d'entreprise et leur mise en \u0153uvre en ce qui concerne les questions li\u00e9es \u00e0 la performance pour la repr\u00e9sentation dans votre environnement informatique.<\/p>\n<\/div>\n\n\n\n<div class=\"pt-5 wp-block-column is-vertically-aligned-top eplus-wrapper is-layout-flow wp-block-column-is-layout-flow\">\n<figure class=\"object-scale-down wp-block-image alignleft size-full eplus-wrapper\"><img loading=\"lazy\" decoding=\"async\" width=\"80\" height=\"80\" src=\"https:\/\/troeger-services.com\/wp-content\/uploads\/2021\/07\/konzeption.png\" alt=\"\" class=\"wp-image-624\" title=\"\"><\/figure>\n\n\n\n<p class=\"mb-2 eplus-wrapper\"><strong>Conception et dimensionnement d'architectures d'applications hautement performantes<\/strong><\/p>\n\n\n\n<p class=\"eplus-wrapper\">Nous planifions une infrastructure informatique parfaitement adapt\u00e9e \u00e0 votre activit\u00e9 et vous aidons \u00e0 \u00e9viter les goulots d'\u00e9tranglement en mati\u00e8re de performance en amont.<\/p>\n<\/div>\n<\/div>\n\n<div class=\"grid grid-cols-1 gap-12 sm:gap-20 md:grid-cols-2 md:gap-8 lg:gap-24 xl:gap-44 wp-block-columns eplus-wrapper is-layout-flex wp-container-core-columns-is-layout-9d6595d7 wp-block-columns-is-layout-flex eplus-styles-uid-6807a2\">\n<div class=\"pt-5 wp-block-column is-vertically-aligned-top eplus-wrapper is-layout-flow wp-block-column-is-layout-flow\">\n<figure class=\"object-contain wp-block-image alignleft size-full eplus-wrapper\"><img loading=\"lazy\" decoding=\"async\" width=\"80\" height=\"80\" src=\"https:\/\/troeger-services.com\/wp-content\/uploads\/2021\/07\/optimierung.png\" alt=\"\" class=\"wp-image-625\" title=\"\"><\/figure>\n\n\n\n<p class=\"mb-2 eplus-wrapper\"><strong>\u00c9valuations et optimisations des performances<\/strong><\/p>\n\n\n\n<p class=\"eplus-wrapper\">Nous \u00e9tablissons des profils de performance complets bas\u00e9s sur des tests de performance de pointe - sur site ou dans le cloud - et identifions les goulets d'\u00e9tranglement existants en mati\u00e8re de performance. Sur cette base, nous mettons en \u0153uvre une strat\u00e9gie d'optimisation.<\/p>\n<\/div>\n\n\n\n<div class=\"pt-5 wp-block-column is-vertically-aligned-top eplus-wrapper is-layout-flow wp-block-column-is-layout-flow\">\n<figure class=\"object-scale-down wp-block-image alignleft size-full eplus-wrapper\"><img loading=\"lazy\" decoding=\"async\" width=\"80\" height=\"80\" src=\"https:\/\/troeger-services.com\/wp-content\/uploads\/2021\/07\/schulung.png\" alt=\"\" class=\"wp-image-626\" title=\"\"><\/figure>\n\n\n\n<p class=\"mb-2 eplus-wrapper\"><strong>Formation et logiciels<\/strong><\/p>\n\n\n\n<p class=\"eplus-wrapper\">Nous vous transmettons les connaissances pratiques, th\u00e9oriques et techniques n\u00e9cessaires pour planifier et r\u00e9aliser de mani\u00e8re autonome vos mesures de performance et d'assurance qualit\u00e9. Nos produits logiciels vous aident \u00e0 comprendre, \u00e0 pr\u00e9voir et \u00e0 analyser - en temps r\u00e9el.<\/p>\n<\/div>\n<\/div><\/div>\n<\/div>\n\n\n\n<div style=\"height:25px\" aria-hidden=\"true\" class=\"wp-block-spacer eplus-wrapper\"><\/div>\n\n\n\n<div class=\"my-24 wp-block-group eplus-wrapper is-layout-flow wp-block-group-is-layout-flow\">\n<p class=\"sub-heading d-inline eplus-wrapper\">\u00c9tude de cas<\/p>\n\n\n\n<h4 class=\"text-2xl sm:text-2xl md:text-3xl mt-1 wp-block-heading eplus-wrapper\" id=\"was-unsere-kunden-sagen\">Ce que disent nos clients<\/h4>\n\n\n<div class=\"mt-8 grid grid-cols-1 md:grid-cols-2 wp-block-columns eplus-wrapper is-layout-flex wp-container-core-columns-is-layout-9d6595d7 wp-block-columns-is-layout-flex eplus-styles-uid-00e55c\">\n<div class=\"self-stretch wp-block-column is-vertically-aligned-top eplus-wrapper is-layout-flow wp-block-column-is-layout-flow\">\n<div class=\"relative pt-64 pb-10 overflow-hidden wp-block-group eplus-wrapper is-layout-flow wp-block-group-is-layout-flow\">\n<figure class=\"absolute inset-0 h-full w-full object-cover wp-block-image size-full eplus-wrapper\"><img loading=\"lazy\" decoding=\"async\" width=\"675\" height=\"850\" src=\"https:\/\/troeger-services.com\/wp-content\/uploads\/2021\/08\/einfuehrung-digitalen-leitstand.jpg\" alt=\"R\u00e9union sur l&#039;introduction du poste de contr\u00f4le num\u00e9rique\" class=\"wp-image-1240\" title=\"\" srcset=\"https:\/\/troeger-services.com\/wp-content\/uploads\/2021\/08\/einfuehrung-digitalen-leitstand.jpg 675w, https:\/\/troeger-services.com\/wp-content\/uploads\/2021\/08\/einfuehrung-digitalen-leitstand-238x300.jpg 238w, https:\/\/troeger-services.com\/wp-content\/uploads\/2021\/08\/einfuehrung-digitalen-leitstand-572x720.jpg 572w\" sizes=\"auto, (max-width: 675px) 100vw, 675px\" \/><\/figure>\n\n\n\n<div class=\"absolute inset-0 mix-blend-multiply bg-primary opacity-70 wp-block-group eplus-wrapper is-layout-flow wp-block-group-is-layout-flow\"><\/div>\n\n\n\n<div class=\"relative px-8 wp-block-group eplus-wrapper is-layout-flow wp-block-group-is-layout-flow\">\n<p class=\"text-white eplus-wrapper\">\u00c9tude de cas Constructeur automobile haut de gamme<\/p>\n<\/div>\n<\/div>\n<\/div>\n\n\n\n<div class=\"border p-8 self-stretch wp-block-column is-vertically-aligned-top eplus-wrapper is-layout-flow wp-block-column-is-layout-flow\"><p class=\"mb-2 eplus-wrapper eplus-styles-uid-a62243\"><strong>Comment un grand constructeur automobile allemand haut de gamme a introduit le poste de contr\u00f4le num\u00e9rique<\/strong><\/p>\n\n<p class=\"eplus-wrapper eplus-styles-uid-a62243\"><meta charset=\"utf-8\"><meta charset=\"utf-8\">Apr\u00e8s trois mois de projet, les donn\u00e9es ont \u00e9t\u00e9 saisies en temps r\u00e9el et, gr\u00e2ce \u00e0 un benchmarking des performances jusqu'au sixi\u00e8me mois, les processus ont \u00e9t\u00e9 optimis\u00e9s de telle sorte que des \u00e9conomies \u00e0 six chiffres, voire \u00e0 plusieurs millions, ont \u00e9t\u00e9 imm\u00e9diatement perceptibles.<\/p>\n\n\n<p class=\"mt-5 text-base font-medium text-secondary eplus-wrapper\"><a href=\"https:\/\/troeger-services.com\/fr\/kontakt\/\" data-type=\"page\" data-id=\"13\"><\/a><a href=\"https:\/\/troeger-services.com\/fr\/automobile\/\" data-type=\"post\" data-id=\"891\">\u2192 En savoir plus<\/a><\/p>\n<\/div>\n<\/div><\/div>\n\n\n\n<div class=\"wp-block-group eplus-wrapper is-layout-constrained wp-block-group-is-layout-constrained\">\n<div class=\"my-24 wp-block-group eplus-wrapper is-layout-flow wp-block-group-is-layout-flow\"><div class=\"grid grid-cols-1 md:grid-cols-2 md:gap-4 wp-block-columns eplus-wrapper is-layout-flex wp-container-core-columns-is-layout-9d6595d7 wp-block-columns-is-layout-flex eplus-styles-uid-daae7d\">\n<div class=\"order-2 md:order-1 wp-block-column is-vertically-aligned-center eplus-wrapper is-layout-flow wp-block-column-is-layout-flow\">\n<p class=\"sub-heading d-inline eplus-wrapper\">T\u00c9L\u00c9CHARGER MAINTENANT<\/p>\n\n\n\n<h2 class=\"wp-block-heading has-large-font-size eplus-wrapper\" id=\"35-seiten-fachwissen\">35 pages d'expertise<br><\/h2>\n\n\n\n<p class=\"text-lg eplus-wrapper\">Ce livre \u00e9lectronique vous aide \u00e0 mettre en place la bonne solution de gestion des services informatiques et de gestion des services d'entreprise dans votre entreprise.<\/p>\n\n\n\n<div style=\"height:62px\" aria-hidden=\"true\" class=\"wp-block-spacer eplus-wrapper\"><\/div>\n\n\n\n<h3 class=\"wp-block-heading has-medium-font-size eplus-wrapper\" id=\"35-seiten-geballtes-wissen-damit-sie-nicht-die-falsche-entscheidung-bei-der-auswahl-ihrer-itsm-esm-losung-treffen\"><strong>35 pages de connaissances concentr\u00e9es pour ne pas prendre la mauvaise d\u00e9cision en choisissant votre<\/strong> <strong>Rencontrer la solution ITSM &amp; ESM.\u00a0<\/strong><\/h3>\n\n\n\n<p class=\"eplus-wrapper\"><\/p>\n\n\n\n<p class=\"eplus-wrapper\">Prenez une longueur d'avance et apprenez \u00e0 choisir la bonne solution de gestion des services informatiques et de gestion des services d'entreprise pour votre entreprise avant d'investir.<\/p>\n\n\n\n<div class=\"wp-block-buttons eplus-wrapper is-layout-flex wp-block-buttons-is-layout-flex\"><div class=\"is-style-fill wp-block-button eplus-wrapper eplus-styles-uid-8b7c40\"><a class=\"wp-block-button__link has-orange-background-color has-background wp-element-button\" href=\"https:\/\/troeger-services.ac-page.com\/itsm-einkaufsfuehrer-e-book\" target=\"_blank\" rel=\"noreferrer noopener\"><strong>T\u00c9L\u00c9CHARGER MAINTENANT<\/strong><\/a><\/div><\/div>\n<\/div>\n\n\n\n<div class=\"flex justify-center py-12 order-1 md:order-2 wp-block-column is-vertically-aligned-center eplus-wrapper is-layout-flow wp-block-column-is-layout-flow\">\n<figure class=\"wp-block-image size-full eplus-wrapper\"><img loading=\"lazy\" decoding=\"async\" width=\"800\" height=\"600\" src=\"https:\/\/troeger-services.com\/wp-content\/uploads\/2022\/11\/95868af5-a93d-405b-a545-37576a6b6136.png\" alt=\"\" class=\"wp-image-1828\" title=\"\" srcset=\"https:\/\/troeger-services.com\/wp-content\/uploads\/2022\/11\/95868af5-a93d-405b-a545-37576a6b6136.png 800w, https:\/\/troeger-services.com\/wp-content\/uploads\/2022\/11\/95868af5-a93d-405b-a545-37576a6b6136-300x225.png 300w, https:\/\/troeger-services.com\/wp-content\/uploads\/2022\/11\/95868af5-a93d-405b-a545-37576a6b6136-768x576.png 768w\" sizes=\"auto, (max-width: 800px) 100vw, 800px\" \/><\/figure>\n<\/div>\n<\/div>\n\n\n<div class=\"py-12 grid grid-cols-1 md:grid-cols-2 wp-block-group eplus-wrapper is-layout-flow wp-block-group-is-layout-flow\">\n<div class=\"wp-block-group eplus-wrapper is-layout-flow wp-block-group-is-layout-flow\">\n<p class=\"sub-heading d-inline eplus-wrapper\"><strong>CONSEIL PROFESSIONNEL<\/strong><\/p>\n\n\n\n<h3 class=\"text-2xl sm:text-2xl md:text-3xl mt-1 wp-block-heading eplus-wrapper\" id=\"it-service-management-mit-itsm-kaufberatung\">Gestion des services informatiques avec ITSM Guide d'achat<\/h3>\n\n\n\n<p class=\"eplus-wrapper\">Vous avez besoin de conseils professionnels pour la planification et la mise en \u0153uvre de votre gestion des services informatiques ?<\/p>\n\n\n\n<p class=\"eplus-wrapper\"><strong><a href=\"https:\/\/troeger-services.ac-page.com\/itsm-einkaufsfuehrer-e-book\" target=\"_blank\" rel=\"noopener\" title=\"Le livre \u00e9lectronique &quot;Guide d&#039;achat ITSM &amp; ESM\">Le livre \u00e9lectronique \"Guide d'achat ITSM &amp; ESM<\/a><\/strong> vous aide \u00e0 faire le bon choix.<\/p>\n<\/div>\n<\/div>\n\n\n\n<div class=\"py-12 grid grid-cols-1 md:grid-cols-2 wp-block-group eplus-wrapper is-layout-flow wp-block-group-is-layout-flow\">\n<div class=\"wp-block-group eplus-wrapper is-layout-flow wp-block-group-is-layout-flow\">\n<p class=\"sub-heading d-inline eplus-wrapper\"><strong>CES INFORMATIONS VOUS AIDERONT<\/strong><\/p>\n\n\n\n<h4 class=\"text-2xl sm:text-2xl md:text-3xl mt-1 wp-block-heading eplus-wrapper\" id=\"zeit-sparen-mit-unserer-itsm-kaufberatung\">Gagner du temps avec notre guide d'achat ITSM<\/h4>\n\n\n\n<p class=\"eplus-wrapper\">Votre entreprise a besoin d'un outil de gestion des services informatiques ?<\/p>\n\n\n\n<p class=\"eplus-wrapper\"><strong>Alors vous devriez lire notre livre \u00e9lectronique.<\/strong><\/p>\n\n\n\n<p class=\"eplus-wrapper\">Vous trouverez ici <strong>Des informations pour vous aider<\/strong> peuvent \u00eatre <strong>la bonne<\/strong> Gestion des services informatiques et gestion des services d'entreprise<strong> solution pour votre entreprise.<\/strong><\/p>\n\n\n\n<div class=\"wp-block-buttons eplus-wrapper is-layout-flex wp-block-buttons-is-layout-flex\"><div class=\"is-style-fill wp-block-button eplus-wrapper eplus-styles-uid-d8544b\"><a class=\"wp-block-button__link has-orange-background-color has-background wp-element-button\" href=\"https:\/\/troeger-services.ac-page.com\/itsm-einkaufsfuehrer-e-book\" target=\"_blank\" rel=\"noreferrer noopener\"><strong>T\u00c9L\u00c9CHARGER MAINTENANT<\/strong><\/a><\/div>\n\n<div class=\"is-style-fill wp-block-button eplus-wrapper eplus-styles-uid-615eb4\"><a class=\"wp-block-button__link has-orange-background-color has-background wp-element-button\" href=\"https:\/\/troeger-services.com\/fr\/wir-stellen-unsere-partner-vor\/\">Nos partenaires<\/a><\/div>\n\n<div class=\"is-style-fill wp-block-button eplus-wrapper eplus-styles-uid-cbbc41\"><a class=\"wp-block-button__link has-orange-background-color has-background wp-element-button\" href=\"https:\/\/www.ifs.com\/de\/industries\/service-industries\/retail-aftermarket-services\" target=\"_blank\" rel=\"noopener\">IFS Retail<\/a><\/div>\n\n<div class=\"is-style-fill wp-block-button eplus-wrapper eplus-styles-uid-56a752\"><a class=\"wp-block-button__link has-orange-background-color has-background wp-element-button\" href=\"https:\/\/www.opentext.com\/solutions\/industry\/retail\" target=\"_blank\" rel=\"noopener\">Opentext Retail<\/a><\/div><\/div>\n<\/div>\n<\/div>\n\n\n\n<div class=\"wp-block-group eplus-wrapper is-layout-constrained wp-block-group-is-layout-constrained\">\n<div style=\"height:21px\" aria-hidden=\"true\" class=\"wp-block-spacer eplus-wrapper\"><\/div>\n\n\n\n<figure class=\"wp-block-image aligncenter size-full is-resized eplus-wrapper\"><img loading=\"lazy\" decoding=\"async\" width=\"147\" height=\"150\" src=\"https:\/\/troeger-services.com\/wp-content\/uploads\/2023\/12\/tibc_logo_1zeilig_rgb-1-e1702089590391.png\" alt=\"Le logo de la soci\u00e9t\u00e9 TITBC, les experts en ITSM, ITOM, ESM. Les seuls experts qui prennent en compte toutes les perspectives, pour votre succ\u00e8s garanti.\" class=\"wp-image-1985\" style=\"object-fit:cover;width:75px;height:75px\" title=\"\"><\/figure>\n<\/div>\n\n\n\n<div style=\"height:32px\" aria-hidden=\"true\" class=\"wp-block-spacer eplus-wrapper\"><\/div>\n\n\n\n<div class=\"wp-block-group eplus-wrapper is-layout-flow wp-block-group-is-layout-flow\"><div class=\"grid grid-cols-1 md:grid-cols-2 md:gap-4 wp-block-columns eplus-wrapper is-layout-flex wp-container-core-columns-is-layout-9d6595d7 wp-block-columns-is-layout-flex eplus-styles-uid-0d9af5\">\n<div class=\"flex justify-center py-12 wp-block-column eplus-wrapper is-layout-flow wp-block-column-is-layout-flow\">\n<figure class=\"wp-block-image size-full eplus-wrapper\"><img loading=\"lazy\" decoding=\"async\" width=\"500\" height=\"500\" src=\"https:\/\/troeger-services.com\/wp-content\/uploads\/2022\/11\/31c5c9ef-04d5-4b4c-8fa7-d98840f3cb5a.jpg\" alt=\"\" class=\"wp-image-1832\" title=\"\" srcset=\"https:\/\/troeger-services.com\/wp-content\/uploads\/2022\/11\/31c5c9ef-04d5-4b4c-8fa7-d98840f3cb5a.jpg 500w, https:\/\/troeger-services.com\/wp-content\/uploads\/2022\/11\/31c5c9ef-04d5-4b4c-8fa7-d98840f3cb5a-300x300.jpg 300w, https:\/\/troeger-services.com\/wp-content\/uploads\/2022\/11\/31c5c9ef-04d5-4b4c-8fa7-d98840f3cb5a-150x150.jpg 150w\" sizes=\"auto, (max-width: 500px) 100vw, 500px\" \/><\/figure>\n<\/div>\n\n\n\n<div class=\"wp-block-column is-vertically-aligned-center eplus-wrapper is-layout-flow wp-block-column-is-layout-flow\">\n<h4 class=\"text-lg wp-block-heading eplus-wrapper\" id=\"andre-troger-ceo\">Andr\u00e9 Tr\u00f6ger - PDG<\/h4>\n\n\n\n<p class=\"eplus-wrapper\">TR\u00d6GER IT BUSINESS CONSULTING<\/p>\n\n\n\n<p class=\"has-orange-color has-text-color has-medium-font-size eplus-wrapper\">\"Choisir le bon outil ITSM ne doit pas \u00eatre difficile.<\/p>\n\n\n\n<p class=\"has-orange-color has-text-color has-medium-font-size eplus-wrapper\">Facilitez-vous la vie avec notre <a href=\"https:\/\/troeger-services.ac-page.com\/itsm-einkaufsfuehrer-e-book\" target=\"_blank\" rel=\"noopener\" title=\"E-book &quot;ITSM CONSEIL D&#039;ACHAT&quot;.\">E-book \"ITSM CONSEIL D'ACHAT\".<\/a><\/p>\n\n\n\n<div class=\"wp-block-buttons eplus-wrapper is-layout-flex wp-block-buttons-is-layout-flex\"><div class=\"is-style-outline wp-block-button eplus-wrapper is-style-outline--1 eplus-styles-uid-45daa5\"><a class=\"wp-block-button__link wp-element-button\" href=\"https:\/\/troeger-services.ac-page.com\/itsm-einkaufsfuehrer-e-book\" target=\"_blank\" rel=\"noreferrer noopener\"><strong>T\u00c9L\u00c9CHARGER MAINTENANT<\/strong><\/a><\/div><\/div>\n<\/div>\n<\/div><\/div>\n<\/div>\n<\/div>","protected":false},"excerpt":{"rendered":"<p>F\u00fcr IT-Manager und ITSM &#8211; ITOM und ESM Systemausf\u00e4lle minimieren und die damit verbundene Kundenzufriedenheit sichern Endlich weg von Task-Forces und dauerhaften Drucksituationen hin zu einer Harmonisierung in Ihrem Team durch dauerhafte IT-Optimierung und Einf\u00fchrung eines digitalen Leitstands. Unsere Leistungen Komplexit\u00e4t reduzieren, Reaktionsschnelligkeit steigern Bieten Sie Business- und IT Benutzern die M\u00f6glichkeit mithilfe von Automatisierung, [&hellip;]<\/p>\n","protected":false},"author":4,"featured_media":3399,"parent":0,"menu_order":0,"comment_status":"closed","ping_status":"closed","template":"","meta":{"editor_plus_copied_stylings":"{}","_themeisle_gutenberg_block_has_review":false,"footnotes":"","_links_to":"","_links_to_target":""},"categories":[],"tags":[20,23,45,21,47,49,51,42,22,53,57,43,41,19,18,59,44,46,25,55,48,50,52,54,61,58,60,56,26],"class_list":["post-759","page","type-page","status-publish","has-post-thumbnail","hentry","tag-esm","tag-assyst","tag-availability-management","tag-blog","tag-capacity-and-performance-management","tag-change-enablement","tag-deployment-management","tag-enterprise-service-management","tag-ifs","tag-incident-management","tag-it-asset-management","tag-it-operations-management","tag-it-service-management","tag-itom","tag-itsm","tag-knowledge-management","tag-micro-focus","tag-monitoring-and-event-management","tag-opentext","tag-problem-management","tag-release-management","tag-service-catalog-management","tag-service-configuration-management","tag-service-continuity-management","tag-service-desk","tag-service-financial-management","tag-service-level-management","tag-service-request-management","tag-smax"],"_links":{"self":[{"href":"https:\/\/troeger-services.com\/fr\/wp-json\/wp\/v2\/pages\/759","targetHints":{"allow":["GET"]}}],"collection":[{"href":"https:\/\/troeger-services.com\/fr\/wp-json\/wp\/v2\/pages"}],"about":[{"href":"https:\/\/troeger-services.com\/fr\/wp-json\/wp\/v2\/types\/page"}],"author":[{"embeddable":true,"href":"https:\/\/troeger-services.com\/fr\/wp-json\/wp\/v2\/users\/4"}],"replies":[{"embeddable":true,"href":"https:\/\/troeger-services.com\/fr\/wp-json\/wp\/v2\/comments?post=759"}],"version-history":[{"count":0,"href":"https:\/\/troeger-services.com\/fr\/wp-json\/wp\/v2\/pages\/759\/revisions"}],"wp:featuredmedia":[{"embeddable":true,"href":"https:\/\/troeger-services.com\/fr\/wp-json\/wp\/v2\/media\/3399"}],"wp:attachment":[{"href":"https:\/\/troeger-services.com\/fr\/wp-json\/wp\/v2\/media?parent=759"}],"wp:term":[{"taxonomy":"category","embeddable":true,"href":"https:\/\/troeger-services.com\/fr\/wp-json\/wp\/v2\/categories?post=759"},{"taxonomy":"post_tag","embeddable":true,"href":"https:\/\/troeger-services.com\/fr\/wp-json\/wp\/v2\/tags?post=759"}],"curies":[{"name":"wp","href":"https:\/\/api.w.org\/{rel}","templated":true}]}}