{"id":1478,"date":"2021-11-02T17:22:19","date_gmt":"2021-11-02T16:22:19","guid":{"rendered":"https:\/\/troeger-services.com\/?page_id=1478"},"modified":"2024-07-04T21:23:55","modified_gmt":"2024-07-04T19:23:55","slug":"analisi-rilevanti-per-lazione","status":"publish","type":"page","link":"https:\/\/troeger-services.com\/it\/analisi-rilevanti-per-lazione\/","title":{"rendered":"Ottenere analisi rilevanti per l'azione attraverso ITSM, ITOM e ESM."},"content":{"rendered":"<div class=\"row-full py-5 mb-12 wp-block-group eplus-wrapper is-layout-flow wp-block-group-is-layout-flow\">\n<div class=\"wp-block-group eplus-wrapper is-layout-flow wp-block-group-is-layout-flow\"><div class=\"container mx-auto py-6 grid grid-cols-1 md:grid-cols-2 wp-block-columns eplus-wrapper is-layout-flex wp-container-core-columns-is-layout-9d6595d7 wp-block-columns-is-layout-flex eplus-styles-uid-1717c4\">\n<div class=\"lg:pr-8 xl:pr-12 order-2 md:order-1 wp-block-column is-vertically-aligned-center eplus-wrapper is-layout-flow wp-block-column-is-layout-flow\"><p class=\"sub-heading d-inline eplus-wrapper eplus-styles-uid-a62243\">Maggiore accuratezza delle previsioni grazie ad analisi rilevanti per l'azione<\/p>\n\n\n<h1 class=\"text-2xl sm:text-3xl md:text-4xl mt-1 wp-block-heading eplus-wrapper\">... vi aiuta a completare i vostri compiti in modo proattivo. Vedete in anticipo dove e cosa \u00e8 necessario fare prima che le cose si aggravino. ITSM, ITOM e ESM sono gli strumenti perfetti per il successo.<\/h1>\n\n\n\n<p class=\"eplus-wrapper\"><\/p>\n\n\n\n<p class=\"eplus-wrapper\">Sfruttate il valore di tutti i vostri dati, indipendentemente dalla loro dimensione.<\/p>\n\n\n\n<div class=\"wp-block-buttons eplus-wrapper is-layout-flex wp-block-buttons-is-layout-flex\"><div class=\"my-5 shadow-xl hover:shadow-lg btn-secondary bg-secondary wp-block-button eplus-wrapper eplus-styles-uid-915350\"><a class=\"wp-block-button__link wp-element-button\" href=\"https:\/\/outlook.office365.com\/owa\/calendar\/TITBCGesprchsanfragemitAndrTrger@titbc.onmicrosoft.com\/bookings\/\" style=\"border-radius:0px\" target=\"_blank\" rel=\"noreferrer noopener\">Richiedi una prima consulenza<\/a><\/div><\/div>\n<\/div>\n\n\n\n<div class=\"flex justify-center py-12 order-1 md:order-2 wp-block-column eplus-wrapper is-layout-flow wp-block-column-is-layout-flow\">\n<figure class=\"wp-block-image size-full eplus-wrapper\"><img loading=\"lazy\" decoding=\"async\" width=\"545\" height=\"253\" src=\"https:\/\/troeger-services.com\/wp-content\/uploads\/2021\/10\/analysen.png\" alt=\"Analisi rilevanti per l&#039;azione Grafico\" class=\"wp-image-1493\" title=\"\" srcset=\"https:\/\/troeger-services.com\/wp-content\/uploads\/2021\/10\/analysen.png 545w, https:\/\/troeger-services.com\/wp-content\/uploads\/2021\/10\/analysen-300x139.png 300w\" sizes=\"auto, (max-width: 545px) 100vw, 545px\" \/><\/figure>\n<\/div>\n<\/div><\/div>\n<\/div>\n\n\n\n<div class=\"vorteile row-wide py-12 my-24 bg-primary-light wp-block-group eplus-wrapper is-layout-flow wp-block-group-is-layout-flow\">\n<div class=\"container mx-auto wp-block-group eplus-wrapper is-layout-flow wp-block-group-is-layout-flow\"><div class=\"iconblock grid grid-cols-1 gap-12 sm:gap-20 md:grid-cols-3 md:gap-8 lg:gap-24 xl:gap-44 wp-block-columns eplus-wrapper is-layout-flex wp-container-core-columns-is-layout-9d6595d7 wp-block-columns-is-layout-flex eplus-styles-uid-8011e1\">\n<div class=\"pt-5 wp-block-column is-vertically-aligned-top eplus-wrapper is-layout-flow wp-block-column-is-layout-flow\">\n<figure class=\"wp-block-image alignleft size-full eplus-wrapper\"><img loading=\"lazy\" decoding=\"async\" width=\"80\" height=\"80\" src=\"https:\/\/troeger-services.com\/wp-content\/uploads\/2021\/07\/konzeption.png\" alt=\"Concezione tecnica dell&#039;icona\" class=\"wp-image-624\" title=\"\"><\/figure>\n\n\n\n<p class=\"mb-2 mt-2 eplus-wrapper\"><strong>Previsioni<\/strong><\/p>\n\n\n<p class=\"eplus-wrapper eplus-styles-uid-fe641a\">\u00c8 possibile sviluppare modelli di previsione altamente accurati e continuamente aggiornati a partire da quantit\u00e0 illimitate di dati e ricavare dichiarazioni per informazioni in tempo reale.<\/p><\/div>\n\n\n\n<div class=\"pt-5 wp-block-column is-vertically-aligned-top eplus-wrapper is-layout-flow wp-block-column-is-layout-flow\">\n<figure class=\"object-scale-down wp-block-image alignleft size-full eplus-wrapper\"><img loading=\"lazy\" decoding=\"async\" width=\"80\" height=\"80\" src=\"https:\/\/troeger-services.com\/wp-content\/uploads\/2021\/07\/icon-ausgangssituation.png\" alt=\"Icona Situazione iniziale\" class=\"wp-image-900\" title=\"\"><\/figure>\n\n\n\n<p class=\"mb-2 eplus-wrapper\"><strong>Approfondimenti<\/strong><\/p>\n\n\n<p class=\"eplus-wrapper eplus-styles-uid-fe641a\">Per prendere decisioni alla velocit\u00e0 del business, scoprite le tendenze, le relazioni e i modelli attraverso le previsioni dirette.<\/p><\/div>\n\n\n\n<div class=\"pt-5 wp-block-column eplus-wrapper is-layout-flow wp-block-column-is-layout-flow\">\n<figure class=\"object-scale-down wp-block-image size-full eplus-wrapper\"><img loading=\"lazy\" decoding=\"async\" width=\"80\" height=\"80\" src=\"https:\/\/troeger-services.com\/wp-content\/uploads\/2021\/07\/icon-beratungsphase.png\" alt=\"Icona dopo la fase di consultazione\" class=\"wp-image-901\" title=\"\"><\/figure>\n\n\n\n<p class=\"mb-2 mt-2 eplus-wrapper\"><strong>Automazione<\/strong><meta charset=\"utf-8\"><\/p>\n\n\n<p class=\"eplus-wrapper eplus-styles-uid-fe641a\">Ridurre i rischi e realizzare le opportunit\u00e0 di business attraverso il monitoraggio, il rilevamento, l'analisi e la risoluzione dei problemi automatizzati.<\/p><\/div>\n<\/div><\/div>\n<\/div>\n\n\n\n<div class=\"vorteile my-24 wp-block-group eplus-wrapper is-layout-flow wp-block-group-is-layout-flow\"><div class=\"iconblock grid grid-cols-1 gap-12 sm:gap-20 md:grid-cols-2 md:gap-8 lg:gap-24 xl:gap-44 wp-block-columns eplus-wrapper is-layout-flex wp-container-core-columns-is-layout-9d6595d7 wp-block-columns-is-layout-flex eplus-styles-uid-e05b68\">\n<div class=\"pt-5 wp-block-column is-vertically-aligned-top eplus-wrapper is-layout-flow wp-block-column-is-layout-flow\">\n<figure class=\"wp-block-image alignleft size-full eplus-wrapper\"><img loading=\"lazy\" decoding=\"async\" width=\"200\" height=\"115\" src=\"https:\/\/troeger-services.com\/wp-content\/uploads\/2021\/11\/sicherheitsanalysen.png\" alt=\"Analisi grafiche di sicurezza\" class=\"wp-image-1532\" title=\"\"><\/figure>\n\n\n<h3 class=\"wp-block-heading eplus-wrapper eplus-styles-uid-a62243\"><strong>Analisi del comportamento dei clienti<\/strong><\/h3>\n\n<p class=\"eplus-wrapper eplus-styles-uid-a62243\"><meta charset=\"utf-8\">Ottenere una visione a 360 gradi delle interazioni con i clienti attraverso organizzazioni basate sui dati. Gestite e analizzate rapidamente enormi volumi di dati sui clienti provenienti da pi\u00f9 fonti per aiutarvi a identificare il comportamento dei clienti.<\/p><\/div>\n\n\n\n<div class=\"pt-5 wp-block-column is-vertically-aligned-top eplus-wrapper is-layout-flow wp-block-column-is-layout-flow\">\n<figure class=\"object-scale-down wp-block-image alignleft size-full eplus-wrapper\"><img loading=\"lazy\" decoding=\"async\" width=\"200\" height=\"115\" src=\"https:\/\/troeger-services.com\/wp-content\/uploads\/2021\/11\/kognitive-suche.png\" alt=\"Grafico Ricerca cognitiva e acquisizione di conoscenza\" class=\"wp-image-1530\" title=\"\"><\/figure>\n\n\n<h3 class=\"wp-block-heading eplus-wrapper eplus-styles-uid-a62243\"><strong><meta charset=\"utf-8\">Ricerca cognitiva e acquisizione di conoscenza<\/strong><\/h3>\n\n<p class=\"eplus-wrapper eplus-styles-uid-a62243\"><meta charset=\"utf-8\">Comprendete le intenzioni dell'utente e i modelli e le relazioni tra i dati. Con il supporto della ricerca cognitiva dell'intelligenza artificiale, troverete informazioni altamente pertinenti e legate al contesto dei vostri utenti.<\/p><\/div>\n<\/div><\/div>\n\n\n\n<div class=\"vorteile my-24 wp-block-group eplus-wrapper is-layout-flow wp-block-group-is-layout-flow\"><div class=\"iconblock grid grid-cols-1 gap-12 sm:gap-20 md:grid-cols-2 md:gap-8 lg:gap-24 xl:gap-44 wp-block-columns eplus-wrapper is-layout-flex wp-container-core-columns-is-layout-9d6595d7 wp-block-columns-is-layout-flex eplus-styles-uid-cb7382\">\n<div class=\"pt-5 wp-block-column is-vertically-aligned-top eplus-wrapper is-layout-flow wp-block-column-is-layout-flow\">\n<figure class=\"wp-block-image alignleft size-full eplus-wrapper\"><img loading=\"lazy\" decoding=\"async\" width=\"200\" height=\"115\" src=\"https:\/\/troeger-services.com\/wp-content\/uploads\/2021\/11\/iot-analysen.png\" alt=\"Analisi grafiche IoT\" class=\"wp-image-1529\" title=\"\"><\/figure>\n\n\n<h3 class=\"wp-block-heading eplus-wrapper eplus-styles-uid-a62243\"><strong><meta charset=\"utf-8\">Analisi IoT<\/strong><\/h3>\n\n<p class=\"eplus-wrapper eplus-styles-uid-a62243\"><meta charset=\"utf-8\">Riducete i costi di assistenza e migliorate la soddisfazione dei clienti analizzando tutti i vostri dati alla velocit\u00e0 della luce. Ricavate informazioni utili da enormi volumi di dati, che si tratti di manutenzione predittiva, produzione intelligente e altro ancora.<\/p><\/div>\n\n\n\n<div class=\"pt-5 wp-block-column is-vertically-aligned-top eplus-wrapper is-layout-flow wp-block-column-is-layout-flow\">\n<figure class=\"object-scale-down wp-block-image alignleft size-full eplus-wrapper\"><img loading=\"lazy\" decoding=\"async\" width=\"200\" height=\"115\" src=\"https:\/\/troeger-services.com\/wp-content\/uploads\/2021\/11\/operations-analytics.png\" alt=\"Analisi delle operazioni grafiche\" class=\"wp-image-1531\" title=\"\"><\/figure>\n\n\n<h3 class=\"wp-block-heading eplus-wrapper eplus-styles-uid-a62243\"><strong><meta charset=\"utf-8\">Analisi delle operazioni<\/strong><\/h3>\n\n<p class=\"eplus-wrapper eplus-styles-uid-a62243\"><meta charset=\"utf-8\">Per ridurre i costi IT e rispondere pi\u00f9 rapidamente, l'intelligenza artificiale per le operazioni IT offre approfondimenti end-to-end in tempo reale.<\/p><\/div>\n<\/div><\/div>\n\n\n\n<div class=\"vorteile my-24 wp-block-group eplus-wrapper is-layout-flow wp-block-group-is-layout-flow\"><div class=\"iconblock grid grid-cols-1 gap-12 sm:gap-20 md:grid-cols-2 md:gap-8 lg:gap-24 xl:gap-44 wp-block-columns eplus-wrapper is-layout-flex wp-container-core-columns-is-layout-9d6595d7 wp-block-columns-is-layout-flex eplus-styles-uid-311590\">\n<div class=\"pt-5 wp-block-column is-vertically-aligned-top eplus-wrapper is-layout-flow wp-block-column-is-layout-flow\">\n<figure class=\"wp-block-image alignleft size-full eplus-wrapper\"><img loading=\"lazy\" decoding=\"async\" width=\"200\" height=\"115\" src=\"https:\/\/troeger-services.com\/wp-content\/uploads\/2021\/11\/sicherheitsanalysen.png\" alt=\"Analisi grafiche di sicurezza\" class=\"wp-image-1532\" title=\"\"><\/figure>\n\n\n<h3 class=\"wp-block-heading eplus-wrapper eplus-styles-uid-a62243\"><strong><meta charset=\"utf-8\">Analisi della sicurezza<\/strong><\/h3>\n\n<p class=\"eplus-wrapper eplus-styles-uid-a62243\"><meta charset=\"utf-8\">Convalidate gli incidenti di sicurezza e accelerate il rilevamento di minacce note e sconosciute con le analisi di sicurezza.<\/p><\/div>\n<\/div><\/div>\n\n\n\n<div style=\"height:50px\" aria-hidden=\"true\" class=\"wp-block-spacer eplus-wrapper\"><\/div>\n\n\n\n<div class=\"my-24 wp-block-group eplus-wrapper is-layout-flow wp-block-group-is-layout-flow\">\n<p class=\"sub-heading d-inline eplus-wrapper\">Studio di caso<\/p>\n\n\n\n<h4 class=\"text-2xl sm:text-2xl md:text-3xl mt-1 wp-block-heading eplus-wrapper\" id=\"was-unsere-kunden-sagen\">Cosa dicono i nostri clienti<\/h4>\n\n\n<div class=\"mt-8 grid grid-cols-1 md:grid-cols-2 wp-block-columns eplus-wrapper is-layout-flex wp-container-core-columns-is-layout-9d6595d7 wp-block-columns-is-layout-flex eplus-styles-uid-00e55c\">\n<div class=\"self-stretch wp-block-column is-vertically-aligned-top eplus-wrapper is-layout-flow wp-block-column-is-layout-flow\">\n<div class=\"relative pt-64 pb-10 overflow-hidden wp-block-group eplus-wrapper is-layout-flow wp-block-group-is-layout-flow\">\n<figure class=\"absolute inset-0 h-full w-full object-cover wp-block-image size-full eplus-wrapper\"><img loading=\"lazy\" decoding=\"async\" width=\"675\" height=\"850\" src=\"https:\/\/troeger-services.com\/wp-content\/uploads\/2021\/08\/einfuehrung-digitalen-leitstand.jpg\" alt=\"Incontro sull&#039;introduzione del centro di controllo digitale\" class=\"wp-image-1240\" title=\"\" srcset=\"https:\/\/troeger-services.com\/wp-content\/uploads\/2021\/08\/einfuehrung-digitalen-leitstand.jpg 675w, https:\/\/troeger-services.com\/wp-content\/uploads\/2021\/08\/einfuehrung-digitalen-leitstand-238x300.jpg 238w, https:\/\/troeger-services.com\/wp-content\/uploads\/2021\/08\/einfuehrung-digitalen-leitstand-572x720.jpg 572w\" sizes=\"auto, (max-width: 675px) 100vw, 675px\" \/><\/figure>\n\n\n\n<div class=\"absolute inset-0 mix-blend-multiply bg-primary opacity-70 wp-block-group eplus-wrapper is-layout-flow wp-block-group-is-layout-flow\"><\/div>\n\n\n\n<div class=\"relative px-8 wp-block-group eplus-wrapper is-layout-flow wp-block-group-is-layout-flow\">\n<p class=\"text-white eplus-wrapper\">Caso di studio di un produttore di auto premium<\/p>\n<\/div>\n<\/div>\n<\/div>\n\n\n\n<div class=\"border p-8 self-stretch wp-block-column is-vertically-aligned-top eplus-wrapper is-layout-flow wp-block-column-is-layout-flow\"><p class=\"mb-2 eplus-wrapper eplus-styles-uid-a62243\"><strong>Come un'importante casa automobilistica tedesca ha introdotto il centro di controllo digitale<\/strong><\/p>\n\n<p class=\"eplus-wrapper eplus-styles-uid-a62243\"><meta charset=\"utf-8\"><meta charset=\"utf-8\">Dopo tre mesi di progetto, i dati sono stati registrati in tempo reale e, grazie al benchmarking delle prestazioni fino al sesto mese, i processi sono stati ottimizzati in modo tale da rendere immediatamente visibili risparmi a sei cifre o a un milione.<\/p>\n\n\n<p class=\"mt-5 text-base font-medium text-secondary eplus-wrapper\"><a href=\"https:\/\/troeger-services.com\/it\/kontakt\/\" data-type=\"page\" data-id=\"13\"><\/a><a href=\"https:\/\/troeger-services.com\/it\/automobilistico\/\" data-type=\"post\" data-id=\"891\">\u2192 Leggi tutto<\/a><\/p>\n<\/div>\n<\/div><\/div>","protected":false},"excerpt":{"rendered":"<p>H\u00f6here Prognosegenauigkeit durch Handlungsrelevante Analysen &#8230;helfen Ihnen Proaktiv Ihre Aufgaben zu erledigen. Sehen Sie im Vorfeld bevor etwas eskaliert, wo und was zu tun ist. ITSM, ITOM und ESM sind Ihre perfekten Werkzeuge f\u00fcr Ihren Erfolg. Nutzen Sie den Wert aus allen Ihren Daten, unabh\u00e4ngig vom Datenausma\u00df. Prognosen Aus unbegrenzten Mengen Ihrer Daten k\u00f6nnen Sie [&hellip;]<\/p>\n","protected":false},"author":4,"featured_media":1492,"parent":0,"menu_order":0,"comment_status":"closed","ping_status":"closed","template":"","meta":{"editor_plus_copied_stylings":"{}","_themeisle_gutenberg_block_has_review":false,"footnotes":"","_links_to":"","_links_to_target":""},"categories":[],"tags":[20,23,45,21,47,49,51,42,22,53,57,43,41,19,18,59,44,46,25,55,48,50,52,54,61,58,60,56,26],"class_list":["post-1478","page","type-page","status-publish","has-post-thumbnail","hentry","tag-esm","tag-assyst","tag-availability-management","tag-blog","tag-capacity-and-performance-management","tag-change-enablement","tag-deployment-management","tag-enterprise-service-management","tag-ifs","tag-incident-management","tag-it-asset-management","tag-it-operations-management","tag-it-service-management","tag-itom","tag-itsm","tag-knowledge-management","tag-micro-focus","tag-monitoring-and-event-management","tag-opentext","tag-problem-management","tag-release-management","tag-service-catalog-management","tag-service-configuration-management","tag-service-continuity-management","tag-service-desk","tag-service-financial-management","tag-service-level-management","tag-service-request-management","tag-smax"],"_links":{"self":[{"href":"https:\/\/troeger-services.com\/it\/wp-json\/wp\/v2\/pages\/1478","targetHints":{"allow":["GET"]}}],"collection":[{"href":"https:\/\/troeger-services.com\/it\/wp-json\/wp\/v2\/pages"}],"about":[{"href":"https:\/\/troeger-services.com\/it\/wp-json\/wp\/v2\/types\/page"}],"author":[{"embeddable":true,"href":"https:\/\/troeger-services.com\/it\/wp-json\/wp\/v2\/users\/4"}],"replies":[{"embeddable":true,"href":"https:\/\/troeger-services.com\/it\/wp-json\/wp\/v2\/comments?post=1478"}],"version-history":[{"count":0,"href":"https:\/\/troeger-services.com\/it\/wp-json\/wp\/v2\/pages\/1478\/revisions"}],"wp:featuredmedia":[{"embeddable":true,"href":"https:\/\/troeger-services.com\/it\/wp-json\/wp\/v2\/media\/1492"}],"wp:attachment":[{"href":"https:\/\/troeger-services.com\/it\/wp-json\/wp\/v2\/media?parent=1478"}],"wp:term":[{"taxonomy":"category","embeddable":true,"href":"https:\/\/troeger-services.com\/it\/wp-json\/wp\/v2\/categories?post=1478"},{"taxonomy":"post_tag","embeddable":true,"href":"https:\/\/troeger-services.com\/it\/wp-json\/wp\/v2\/tags?post=1478"}],"curies":[{"name":"wp","href":"https:\/\/api.w.org\/{rel}","templated":true}]}}