{"id":2542,"date":"2023-12-14T23:20:48","date_gmt":"2023-12-14T22:20:48","guid":{"rendered":"https:\/\/troeger-services.com\/?page_id=2542"},"modified":"2024-07-04T23:28:50","modified_gmt":"2024-07-04T21:28:50","slug":"il-vostro-ruolo-di-it-manager","status":"publish","type":"page","link":"https:\/\/troeger-services.com\/it\/il-vostro-ruolo-di-it-manager\/","title":{"rendered":"Il vostro ruolo\/posizione IT Manager e ITSM, ITOM e ESM."},"content":{"rendered":"<div class=\"row-full py-5 mb-12 wp-block-group eplus-wrapper is-layout-flow wp-block-group-is-layout-flow\">\n<div class=\"wp-block-group eplus-wrapper is-layout-flow wp-block-group-is-layout-flow\"><div class=\"container mx-auto py-6 grid grid-cols-1 md:grid-cols-2 wp-block-columns eplus-wrapper is-layout-flex wp-container-core-columns-is-layout-9d6595d7 wp-block-columns-is-layout-flex eplus-styles-uid-1df82f\">\n<div class=\"lg:pr-8 xl:pr-12 order-2 md:order-1 wp-block-column is-vertically-aligned-center eplus-wrapper is-layout-flow wp-block-column-is-layout-flow\">\n<p class=\"sub-heading d-inline eplus-wrapper\">Il vostro ruolo\/posizione Responsabile IT e ITSM, ITOM e ESM<\/p>\n\n\n\n<h1 class=\"text-2xl sm:text-3xl md:text-4xl mt-1 wp-block-heading eplus-wrapper\">Dite addio ai silos e promuovete la collaborazione nell'IT attraverso una perfetta integrazione - per tutte le vostre attivit\u00e0 - con ITSM, ITOM, ESM.<\/h1>\n\n\n\n<p class=\"eplus-wrapper\"><\/p>\n\n\n\n<div class=\"wp-block-buttons eplus-wrapper is-layout-flex wp-block-buttons-is-layout-flex\"><div class=\"my-5 shadow-xl hover:shadow-lg btn-secondary bg-secondary wp-block-button eplus-wrapper eplus-styles-uid-d587f8\"><a class=\"wp-block-button__link wp-element-button\" href=\"https:\/\/outlook.office365.com\/owa\/calendar\/TITBCGesprchsanfragemitAndrTrger@titbc.onmicrosoft.com\/bookings\/\" style=\"border-radius:0px\" target=\"_blank\" rel=\"noreferrer noopener\">Richiedi una prima consulenza<\/a><\/div><\/div>\n<\/div>\n\n\n\n<div class=\"flex justify-center py-12 order-1 md:order-2 wp-block-column eplus-wrapper is-layout-flow wp-block-column-is-layout-flow\">\n<figure class=\"wp-block-image size-full eplus-wrapper\"><img loading=\"lazy\" decoding=\"async\" width=\"545\" height=\"253\" src=\"https:\/\/troeger-services.com\/wp-content\/uploads\/2021\/10\/analysen.png\" alt=\"Analisi rilevanti per l&#039;azione Grafico\" class=\"wp-image-1493\" title=\"\" srcset=\"https:\/\/troeger-services.com\/wp-content\/uploads\/2021\/10\/analysen.png 545w, https:\/\/troeger-services.com\/wp-content\/uploads\/2021\/10\/analysen-300x139.png 300w\" sizes=\"auto, (max-width: 545px) 100vw, 545px\" \/><\/figure>\n<\/div>\n<\/div><\/div>\n<\/div>\n\n\n\n<div class=\"wp-block-group eplus-wrapper is-layout-constrained wp-block-group-is-layout-constrained\">\n<p class=\"eplus-wrapper\"><\/p>\n\n\n<h2 class=\"wp-block-heading has-text-align-center eplus-wrapper eplus-styles-uid-b40465\">I responsabili IT devono affrontare le stesse sfide ovunque<\/h2>\n\n\n<p class=\"eplus-wrapper\"><\/p>\n\n\n\n<p class=\"eplus-wrapper\"><\/p>\n\n\n\n<p class=\"eplus-wrapper\">Il ruolo dei responsabili IT nelle organizzazioni \u00e8 fondamentale per il successo nell'odierno ambiente aziendale guidato dalla tecnologia. In qualit\u00e0 di manager IT, siete responsabili della gestione e del coordinamento di tutte le attivit\u00e0 IT della vostra organizzazione. Contribuite a garantire che l'infrastruttura IT funzioni senza problemi e soddisfi i requisiti dell'azienda. Non siete solo un esperto tecnico, ma anche un partner strategico che comprende gli obiettivi aziendali e allinea la strategia IT di conseguenza. Sostenete il vostro team IT fissando obiettivi chiari, utilizzando le risorse in modo efficiente e promuovendo l'ulteriore sviluppo del personale IT. Grazie alla vostra leadership e alle vostre competenze, darete un contributo significativo al successo e alla crescita dell'azienda. Il ruolo dei leader IT nelle organizzazioni \u00e8 fondamentale per il successo nell'attuale ambiente aziendale guidato dalla tecnologia. In qualit\u00e0 di manager IT, siete responsabili della gestione e del coordinamento di tutte le attivit\u00e0 IT della vostra organizzazione. Contribuite a garantire che l'infrastruttura IT funzioni senza problemi e soddisfi i requisiti dell'azienda. Non siete solo un esperto tecnico, ma anche un partner strategico che comprende gli obiettivi aziendali e allinea la strategia IT di conseguenza. Sostenete il vostro team IT fissando obiettivi chiari, utilizzando le risorse in modo efficiente e promuovendo l'ulteriore sviluppo del personale IT. Grazie alla vostra leadership e alle vostre competenze, darete un contributo significativo al successo e alla crescita dell'azienda.<\/p>\n<\/div>\n\n\n<div class=\"iconblock grid grid-cols-1 gap-12 sm:gap-20 md:grid-cols-3 md:gap-8 lg:gap-24 xl:gap-44 mt-8 wp-block-columns has-white-color has-blau-background-color has-text-color has-background has-link-color eplus-wrapper wp-elements-7306dc33ce3bc644b607fc08793f9c83 is-layout-flex wp-container-core-columns-is-layout-9d6595d7 wp-block-columns-is-layout-flex eplus-styles-uid-5dacc0\">\n<div class=\"wp-block-column eplus-wrapper is-layout-flow wp-block-column-is-layout-flow\">\n<figure class=\"wp-block-image aligncenter size-full eplus-wrapper\"><img loading=\"lazy\" decoding=\"async\" width=\"101\" height=\"101\" src=\"https:\/\/troeger-services.com\/wp-content\/uploads\/2023\/12\/TITBC_Icons_General-Dark-Purple_Caution.png\" alt=\"\" class=\"wp-image-2503\" title=\"\" srcset=\"https:\/\/troeger-services.com\/wp-content\/uploads\/2023\/12\/TITBC_Icons_General-Dark-Purple_Caution.png 101w, https:\/\/troeger-services.com\/wp-content\/uploads\/2023\/12\/TITBC_Icons_General-Dark-Purple_Caution-12x12.png 12w\" sizes=\"auto, (max-width: 101px) 100vw, 101px\" \/><\/figure>\n\n\n\n<p class=\"mb-2 mt-6 text-2xl has-text-align-center eplus-wrapper\"><strong>Mancanza di organizzazione<\/strong>n<strong><br><\/strong><meta charset=\"utf-8\"><meta charset=\"utf-8\"><\/p>\n\n\n\n<p class=\"text-xl has-text-align-center has-white-color has-text-color has-link-color eplus-wrapper wp-elements-b143fa23eb73b8d57d09ae90a22390e0\">Sistemi obsoleti e file confusi fanno s\u00ec che i dipendenti abbiano difficolt\u00e0 a trovare e condividere le conoscenze all'interno dell'organizzazione.<\/p>\n<\/div>\n\n\n\n<div class=\"wp-block-column eplus-wrapper is-layout-flow wp-block-column-is-layout-flow\">\n<figure class=\"wp-block-image aligncenter size-full eplus-wrapper\"><img loading=\"lazy\" decoding=\"async\" width=\"101\" height=\"100\" src=\"https:\/\/troeger-services.com\/wp-content\/uploads\/2023\/12\/TITBC_Icons_General-Dark-Purple_Segmented.png\" alt=\"\" class=\"wp-image-2486\" title=\"\" srcset=\"https:\/\/troeger-services.com\/wp-content\/uploads\/2023\/12\/TITBC_Icons_General-Dark-Purple_Segmented.png 101w, https:\/\/troeger-services.com\/wp-content\/uploads\/2023\/12\/TITBC_Icons_General-Dark-Purple_Segmented-12x12.png 12w\" sizes=\"auto, (max-width: 101px) 100vw, 101px\" \/><\/figure>\n\n\n\n<p class=\"mb-2 mt-6 text-2xl has-text-align-center eplus-wrapper\"><meta charset=\"utf-8\"><strong>Integrazioni mancanti<\/strong><\/p>\n\n\n\n<p class=\"text-xl has-text-align-center has-white-color has-text-color has-link-color eplus-wrapper wp-elements-37df4bb849958dc7e2752429210bf22c\">Gli strumenti informatici sono spesso scollegati, il che porta a modalit\u00e0 di lavoro siloidali e inefficienti, con conseguente riduzione della produttivit\u00e0 per tutti.<\/p>\n<\/div>\n\n\n\n<div class=\"wp-block-column eplus-wrapper is-layout-flow wp-block-column-is-layout-flow\">\n<figure class=\"wp-block-image aligncenter size-full eplus-wrapper\"><img loading=\"lazy\" decoding=\"async\" width=\"100\" height=\"101\" src=\"https:\/\/troeger-services.com\/wp-content\/uploads\/2023\/12\/TITBC_Icons_General-Dark-Purple_Thumbs-Down.png\" alt=\"\" class=\"wp-image-2483\" title=\"\" srcset=\"https:\/\/troeger-services.com\/wp-content\/uploads\/2023\/12\/TITBC_Icons_General-Dark-Purple_Thumbs-Down.png 100w, https:\/\/troeger-services.com\/wp-content\/uploads\/2023\/12\/TITBC_Icons_General-Dark-Purple_Thumbs-Down-12x12.png 12w\" sizes=\"auto, (max-width: 100px) 100vw, 100px\" \/><\/figure>\n\n\n\n<p class=\"mb-2 mt-6 text-2xl has-text-align-center eplus-wrapper\"><meta charset=\"utf-8\"><strong>Scarso servizio clienti<br><\/strong><meta charset=\"utf-8\"><\/p>\n\n\n\n<p class=\"text-xl has-text-align-center has-white-color has-text-color has-link-color eplus-wrapper wp-elements-8f60f2b0ce46c3fdc0e7a48a9b964f7f\">Il servizio clienti ne risente perch\u00e9 i dipendenti impiegano troppo tempo per trovare informazioni e rispondere alle richieste.<\/p>\n<\/div>\n<\/div>\n\n\n<div class=\"wp-block-group eplus-wrapper is-layout-constrained wp-block-group-is-layout-constrained\">\n<div style=\"height:21px\" aria-hidden=\"true\" class=\"wp-block-spacer eplus-wrapper\"><\/div>\n\n\n\n<figure class=\"wp-block-image aligncenter size-full is-resized eplus-wrapper\"><img loading=\"lazy\" decoding=\"async\" width=\"147\" height=\"150\" src=\"https:\/\/troeger-services.com\/wp-content\/uploads\/2023\/12\/tibc_logo_1zeilig_rgb-1-e1702089590391.png\" alt=\"Il logo aziendale TITBC, gli esperti di ITSM, ITOM, ESM. Gli unici esperti che incorporano tutte le prospettive per un successo garantito.\" class=\"wp-image-1985\" style=\"object-fit:cover;width:75px;height:75px\" title=\"\"><\/figure>\n<\/div>\n\n\n\n<div style=\"height:32px\" aria-hidden=\"true\" class=\"wp-block-spacer eplus-wrapper\"><\/div>\n\n\n\n\n\n\n\n\n\n\n\n\n\n\n<\/p>\n\n\n\n<div class=\"wp-block-media-text is-stacked-on-mobile eplus-wrapper\"><figure class=\"wp-block-media-text__media\"><video controls src=\"https:\/\/troeger-services.com\/wp-content\/uploads\/2023\/12\/unterschied-itsm-itom-esm-erklaert-en.mp4\"><\/video><\/figure><div class=\"wp-block-media-text__content\"><p class=\"sub-heading d-inline eplus-wrapper eplus-styles-uid-a62243\"><strong>LE DIFFERENZE TRA ITSM, ESM E ITOM SPIEGATE.<\/strong><\/p>\n\n\n<p class=\"eplus-wrapper\"><\/p>\n\n\n<p class=\"text-lg eplus-wrapper eplus-styles-uid-fe641a\">In questo video vorrei spiegare le differenze tra IT Service Management, Enterprise Service Management e IT Operations Management.<\/p><\/div><\/div>\n\n\n<p>\n\n\n\n\n\n\n<div class=\"wp-block-group eplus-wrapper is-layout-constrained wp-block-group-is-layout-constrained\">\n<div style=\"height:21px\" aria-hidden=\"true\" class=\"wp-block-spacer eplus-wrapper\"><\/div>\n\n\n\n<figure class=\"wp-block-image aligncenter size-full is-resized eplus-wrapper\"><img loading=\"lazy\" decoding=\"async\" width=\"147\" height=\"150\" src=\"https:\/\/troeger-services.com\/wp-content\/uploads\/2023\/12\/tibc_logo_1zeilig_rgb-1-e1702089590391.png\" alt=\"Il logo aziendale TITBC, gli esperti di ITSM, ITOM, ESM. Gli unici esperti che incorporano tutte le prospettive per un successo garantito.\" class=\"wp-image-1985\" style=\"object-fit:cover;width:75px;height:75px\" title=\"\"><\/figure>\n<\/div>\n\n\n\n<div style=\"height:32px\" aria-hidden=\"true\" class=\"wp-block-spacer eplus-wrapper\"><\/div>\n\n\n\n<p class=\"eplus-wrapper\"><\/p>\n\n\n<h2 class=\"wp-block-heading has-text-align-center eplus-wrapper eplus-styles-uid-b40465\">Supporto al team IT<\/h2>\n\n\n<p class=\"eplus-wrapper\"><\/p>\n\n\n<div class=\"iconblock grid grid-cols-1 gap-12 sm:gap-20 md:grid-cols-3 md:gap-8 lg:gap-24 xl:gap-44 mt-8 wp-block-columns has-white-color has-blau-background-color has-text-color has-background has-link-color eplus-wrapper wp-elements-a1f861641f94e593b612a95b8ef9e04b is-layout-flex wp-container-core-columns-is-layout-9d6595d7 wp-block-columns-is-layout-flex eplus-styles-uid-7321c7\">\n<div class=\"wp-block-column eplus-wrapper is-layout-flow wp-block-column-is-layout-flow\">\n<figure class=\"wp-block-image aligncenter size-full eplus-wrapper\"><img loading=\"lazy\" decoding=\"async\" width=\"101\" height=\"101\" src=\"https:\/\/troeger-services.com\/wp-content\/uploads\/2023\/12\/TITBC_Icons_General-Dark-Purple_Clock.png\" alt=\"\" class=\"wp-image-2502\" title=\"\" srcset=\"https:\/\/troeger-services.com\/wp-content\/uploads\/2023\/12\/TITBC_Icons_General-Dark-Purple_Clock.png 101w, https:\/\/troeger-services.com\/wp-content\/uploads\/2023\/12\/TITBC_Icons_General-Dark-Purple_Clock-12x12.png 12w\" sizes=\"auto, (max-width: 101px) 100vw, 101px\" \/><\/figure>\n\n\n\n<p class=\"mb-2 mt-6 text-2xl has-text-align-center eplus-wrapper\"><strong>Recuperate il vostro tempo<br><\/strong><meta charset=\"utf-8\"><\/p>\n\n\n\n<p class=\"text-xl has-text-align-center eplus-wrapper\"><meta charset=\"utf-8\">Automatizzate le attivit\u00e0 manuali in modo da avere tempo per le attivit\u00e0 veramente importanti.<\/p>\n<\/div>\n\n\n\n<div class=\"wp-block-column eplus-wrapper is-layout-flow wp-block-column-is-layout-flow\">\n<figure class=\"wp-block-image aligncenter size-full eplus-wrapper\"><img loading=\"lazy\" decoding=\"async\" width=\"100\" height=\"101\" src=\"https:\/\/troeger-services.com\/wp-content\/uploads\/2023\/12\/TITBC_Icons_General-Dark-Purple_Thumbs-Up.png\" alt=\"\" class=\"wp-image-2482\" title=\"\" srcset=\"https:\/\/troeger-services.com\/wp-content\/uploads\/2023\/12\/TITBC_Icons_General-Dark-Purple_Thumbs-Up.png 100w, https:\/\/troeger-services.com\/wp-content\/uploads\/2023\/12\/TITBC_Icons_General-Dark-Purple_Thumbs-Up-12x12.png 12w\" sizes=\"auto, (max-width: 100px) 100vw, 100px\" \/><\/figure>\n\n\n\n<p class=\"mb-2 mt-6 text-2xl has-text-align-center eplus-wrapper\"><meta charset=\"utf-8\"><strong>Migliorare l'esperienza di servizio<\/strong><\/p>\n\n\n\n<p class=\"text-xl has-text-align-center has-white-color has-text-color has-link-color eplus-wrapper wp-elements-ddcbb06e7f7340c7daa78d09cbc65c46\">Identificare, analizzare e risolvere i problemi dei clienti pi\u00f9 velocemente e con risultati migliori.<\/p>\n<\/div>\n\n\n\n<div class=\"wp-block-column eplus-wrapper is-layout-flow wp-block-column-is-layout-flow\">\n<figure class=\"wp-block-image aligncenter size-full eplus-wrapper\"><img loading=\"lazy\" decoding=\"async\" width=\"101\" height=\"101\" src=\"https:\/\/troeger-services.com\/wp-content\/uploads\/2023\/12\/TITBC_Icons_General-Dark-Purple_Reoccuring.png\" alt=\"\" class=\"wp-image-2490\" title=\"\" srcset=\"https:\/\/troeger-services.com\/wp-content\/uploads\/2023\/12\/TITBC_Icons_General-Dark-Purple_Reoccuring.png 101w, https:\/\/troeger-services.com\/wp-content\/uploads\/2023\/12\/TITBC_Icons_General-Dark-Purple_Reoccuring-12x12.png 12w\" sizes=\"auto, (max-width: 101px) 100vw, 101px\" \/><\/figure>\n\n\n\n<p class=\"mb-2 mt-6 text-2xl has-text-align-center eplus-wrapper\"><meta charset=\"utf-8\"><strong>Razionalizzare i processi<br><\/strong><meta charset=\"utf-8\"><\/p>\n\n\n\n<p class=\"text-xl has-text-align-center eplus-wrapper\">Riunite tutti i vostri processi per migliorare la collaborazione e lavorare in modo pi\u00f9 efficiente.<\/p>\n<\/div>\n<\/div>\n\n<div class=\"iconblock grid grid-cols-1 gap-12 sm:gap-20 md:grid-cols-3 md:gap-8 lg:gap-24 xl:gap-44 mt-8 wp-block-columns has-white-color has-blau-background-color has-text-color has-background has-link-color eplus-wrapper wp-elements-d74232ee83b5e50e50a55e2e53c34bb2 is-layout-flex wp-container-core-columns-is-layout-9d6595d7 wp-block-columns-is-layout-flex eplus-styles-uid-4a3bbe\">\n<div class=\"wp-block-column eplus-wrapper is-layout-flow wp-block-column-is-layout-flow\">\n<figure class=\"wp-block-image aligncenter size-full eplus-wrapper\"><img loading=\"lazy\" decoding=\"async\" width=\"101\" height=\"100\" src=\"https:\/\/troeger-services.com\/wp-content\/uploads\/2023\/12\/TITBC_Icons_General-Dark-Purple_Eye.png\" alt=\"\" class=\"wp-image-2500\" title=\"\" srcset=\"https:\/\/troeger-services.com\/wp-content\/uploads\/2023\/12\/TITBC_Icons_General-Dark-Purple_Eye.png 101w, https:\/\/troeger-services.com\/wp-content\/uploads\/2023\/12\/TITBC_Icons_General-Dark-Purple_Eye-12x12.png 12w\" sizes=\"auto, (max-width: 101px) 100vw, 101px\" \/><\/figure>\n\n\n\n<p class=\"mb-2 mt-6 text-2xl has-text-align-center eplus-wrapper\"><strong>Ottenere la massima trasparenza<br><\/strong><meta charset=\"utf-8\"><meta charset=\"utf-8\"><\/p>\n\n\n\n<p class=\"text-xl has-text-align-center has-white-color has-text-color has-link-color eplus-wrapper wp-elements-14f241572072a48e55380b7d9753f91a\">Riunite tutte le vostre richieste di assistenza in un unico posto, in modo che nulla vada perso.<\/p>\n<\/div>\n\n\n\n<div class=\"wp-block-column eplus-wrapper is-layout-flow wp-block-column-is-layout-flow\">\n<figure class=\"wp-block-image aligncenter size-full eplus-wrapper\"><img loading=\"lazy\" decoding=\"async\" width=\"100\" height=\"101\" src=\"https:\/\/troeger-services.com\/wp-content\/uploads\/2023\/12\/TITBC_Icons_General-Dark-Purple_Value-Decrease.png\" alt=\"\" class=\"wp-image-2479\" title=\"\" srcset=\"https:\/\/troeger-services.com\/wp-content\/uploads\/2023\/12\/TITBC_Icons_General-Dark-Purple_Value-Decrease.png 100w, https:\/\/troeger-services.com\/wp-content\/uploads\/2023\/12\/TITBC_Icons_General-Dark-Purple_Value-Decrease-12x12.png 12w\" sizes=\"auto, (max-width: 100px) 100vw, 100px\" \/><\/figure>\n\n\n\n<p class=\"mb-2 mt-6 text-2xl has-text-align-center eplus-wrapper\"><meta charset=\"utf-8\"><strong>Ridurre i costi<\/strong><\/p>\n\n\n\n<p class=\"text-xl has-text-align-center has-white-color has-text-color has-link-color eplus-wrapper wp-elements-a15ca95141b99a8042d7a20231c5ca47\">Tenete sotto controllo le spese con funzioni di monitoraggio dei costi granulari.<\/p>\n<\/div>\n\n\n\n<div class=\"wp-block-column eplus-wrapper is-layout-flow wp-block-column-is-layout-flow\">\n<figure class=\"wp-block-image aligncenter size-full eplus-wrapper\"><img loading=\"lazy\" decoding=\"async\" width=\"101\" height=\"100\" src=\"https:\/\/troeger-services.com\/wp-content\/uploads\/2023\/12\/TITBC_Icons_General-Dark-Purple_Hourglass.png\" alt=\"\" class=\"wp-image-2498\" title=\"\" srcset=\"https:\/\/troeger-services.com\/wp-content\/uploads\/2023\/12\/TITBC_Icons_General-Dark-Purple_Hourglass.png 101w, https:\/\/troeger-services.com\/wp-content\/uploads\/2023\/12\/TITBC_Icons_General-Dark-Purple_Hourglass-12x12.png 12w\" sizes=\"auto, (max-width: 101px) 100vw, 101px\" \/><\/figure>\n\n\n\n<p class=\"mb-2 mt-6 text-2xl has-text-align-center eplus-wrapper\"><meta charset=\"utf-8\"><strong>Migliorare la flessibilit\u00e0 dell'IT<br><\/strong><meta charset=\"utf-8\"><\/p>\n\n\n\n<p class=\"text-xl has-text-align-center has-white-color has-text-color has-link-color eplus-wrapper wp-elements-c6790245f4c8b311fed955bd15b15ba0\">L'ottimizzazione dei processi IT consente di affrontare progetti di miglioramento strategico.<\/p>\n<\/div>\n<\/div>\n\n\n<div class=\"wp-block-buttons eplus-wrapper is-layout-flex wp-block-buttons-is-layout-flex\"><div class=\"my-5 shadow-xl hover:shadow-lg btn-secondary bg-secondary wp-block-button eplus-wrapper eplus-styles-uid-f1ee2c\"><a class=\"wp-block-button__link wp-element-button\" href=\"https:\/\/outlook.office365.com\/owa\/calendar\/TITBCGesprchsanfragemitAndrTrger@titbc.onmicrosoft.com\/bookings\/\" style=\"border-radius:0px\" target=\"_blank\" rel=\"noreferrer noopener\">Richiedi una prima consulenza<\/a><\/div><\/div>\n\n\n\n<div class=\"wp-block-group eplus-wrapper is-layout-constrained wp-block-group-is-layout-constrained\"><\/div>","protected":false},"excerpt":{"rendered":"<p>Ihre Rolle\/ Position IT Manager und ITSM, ITOM und ESM Verabschieden Sie sich von Silos und f\u00f6rdern Sie die Zusammenarbeit in der IT durch eine nahtlose Integration &#8211; f\u00fcr alle Ihre Aufgaben &#8211; mit ITSM, ITOM, ESM IT Manager haben \u00fcberall mit den gleichen Herausforderungen zu k\u00e4mpfen Die Rolle von IT-F\u00fchrungskr\u00e4ften in Unternehmen ist von [&hellip;]<\/p>\n","protected":false},"author":4,"featured_media":3399,"parent":0,"menu_order":0,"comment_status":"closed","ping_status":"closed","template":"","meta":{"editor_plus_copied_stylings":"{}","_themeisle_gutenberg_block_has_review":false,"footnotes":"","_links_to":"","_links_to_target":""},"categories":[1,14],"tags":[20,23,45,21,47,49,51,42,22,53,57,43,41,19,18,59,44,46,25,55,48,50,52,54,61,58,60,56,26],"class_list":["post-2542","page","type-page","status-publish","has-post-thumbnail","hentry","category-allgemein","category-blog","tag-esm","tag-assyst","tag-availability-management","tag-blog","tag-capacity-and-performance-management","tag-change-enablement","tag-deployment-management","tag-enterprise-service-management","tag-ifs","tag-incident-management","tag-it-asset-management","tag-it-operations-management","tag-it-service-management","tag-itom","tag-itsm","tag-knowledge-management","tag-micro-focus","tag-monitoring-and-event-management","tag-opentext","tag-problem-management","tag-release-management","tag-service-catalog-management","tag-service-configuration-management","tag-service-continuity-management","tag-service-desk","tag-service-financial-management","tag-service-level-management","tag-service-request-management","tag-smax"],"_links":{"self":[{"href":"https:\/\/troeger-services.com\/it\/wp-json\/wp\/v2\/pages\/2542","targetHints":{"allow":["GET"]}}],"collection":[{"href":"https:\/\/troeger-services.com\/it\/wp-json\/wp\/v2\/pages"}],"about":[{"href":"https:\/\/troeger-services.com\/it\/wp-json\/wp\/v2\/types\/page"}],"author":[{"embeddable":true,"href":"https:\/\/troeger-services.com\/it\/wp-json\/wp\/v2\/users\/4"}],"replies":[{"embeddable":true,"href":"https:\/\/troeger-services.com\/it\/wp-json\/wp\/v2\/comments?post=2542"}],"version-history":[{"count":0,"href":"https:\/\/troeger-services.com\/it\/wp-json\/wp\/v2\/pages\/2542\/revisions"}],"wp:featuredmedia":[{"embeddable":true,"href":"https:\/\/troeger-services.com\/it\/wp-json\/wp\/v2\/media\/3399"}],"wp:attachment":[{"href":"https:\/\/troeger-services.com\/it\/wp-json\/wp\/v2\/media?parent=2542"}],"wp:term":[{"taxonomy":"category","embeddable":true,"href":"https:\/\/troeger-services.com\/it\/wp-json\/wp\/v2\/categories?post=2542"},{"taxonomy":"post_tag","embeddable":true,"href":"https:\/\/troeger-services.com\/it\/wp-json\/wp\/v2\/tags?post=2542"}],"curies":[{"name":"wp","href":"https:\/\/api.w.org\/{rel}","templated":true}]}}