{"id":2572,"date":"2023-12-15T02:08:59","date_gmt":"2023-12-15T01:08:59","guid":{"rendered":"https:\/\/troeger-services.com\/?page_id=2572"},"modified":"2024-07-05T05:12:42","modified_gmt":"2024-07-05T03:12:42","slug":"migliorare-lesperienza-del-servizio","status":"publish","type":"page","link":"https:\/\/troeger-services.com\/it\/migliorare-lesperienza-del-servizio\/","title":{"rendered":"Scoprire un'esperienza di servizio migliorata grazie all'ITSM"},"content":{"rendered":"<div class=\"row-full py-5 mb-12 eplus-wrapper wp-block-group is-layout-flow wp-block-group-is-layout-flow\">\n<div class=\"eplus-wrapper wp-block-group is-layout-flow wp-block-group-is-layout-flow\"><div class=\"container mx-auto py-6 grid grid-cols-1 md:grid-cols-2 eplus-wrapper wp-block-columns is-layout-flex wp-container-core-columns-is-layout-9d6595d7 wp-block-columns-is-layout-flex eplus-styles-uid-ffa728\">\n<div class=\"lg:pr-8 xl:pr-12 order-2 md:order-1 eplus-wrapper wp-block-column is-vertically-aligned-center is-layout-flow wp-block-column-is-layout-flow\"><p class=\"sub-heading d-inline eplus-wrapper eplus-styles-uid-a62243\">Scoprire un'esperienza di servizio migliorata grazie all'ITSM<\/p>\n\n\n<h1 class=\"text-2xl sm:text-3xl md:text-4xl mt-1 eplus-wrapper wp-block-heading\">Scoprite una migliore esperienza di servizio per i vostri clienti, dipendenti e fornitori. Gettate le basi per la vostra crescita con un processo efficiente e armonizzato. ITSM, ITOM e ESM lo fanno per voi<\/h1>\n\n\n\n<p class=\"eplus-wrapper\"><\/p>\n\n\n\n<div class=\"eplus-wrapper wp-block-buttons is-layout-flex wp-block-buttons-is-layout-flex\"><div class=\"my-5 shadow-xl hover:shadow-lg btn-secondary bg-secondary eplus-wrapper wp-block-button eplus-styles-uid-0c3097\"><a class=\"wp-block-button__link wp-element-button\" href=\"https:\/\/outlook.office365.com\/owa\/calendar\/TITBCGesprchsanfragemitAndrTrger@titbc.onmicrosoft.com\/bookings\/\" style=\"border-radius:0px\" target=\"_blank\" rel=\"noreferrer noopener\">Richiedi una prima consulenza<\/a><\/div><\/div>\n<\/div>\n\n\n\n<div class=\"flex justify-center py-12 order-1 md:order-2 eplus-wrapper wp-block-column is-layout-flow wp-block-column-is-layout-flow\">\n<figure class=\"eplus-wrapper wp-block-image size-full\"><img loading=\"lazy\" decoding=\"async\" width=\"545\" height=\"253\" src=\"https:\/\/troeger-services.com\/wp-content\/uploads\/2021\/10\/analysen.png\" alt=\"Analisi rilevanti per l&#039;azione Grafico\" class=\"wp-image-1493\" title=\"\" srcset=\"https:\/\/troeger-services.com\/wp-content\/uploads\/2021\/10\/analysen.png 545w, https:\/\/troeger-services.com\/wp-content\/uploads\/2021\/10\/analysen-300x139.png 300w\" sizes=\"auto, (max-width: 545px) 100vw, 545px\" \/><\/figure>\n<\/div>\n<\/div><\/div>\n<\/div>\n\n\n\n<div class=\"eplus-wrapper wp-block-group is-layout-constrained wp-block-group-is-layout-constrained\">\n<p class=\"eplus-wrapper\"><\/p>\n\n\n<h2 class=\"eplus-wrapper wp-block-heading has-text-align-center eplus-styles-uid-5ad16f\">I team IT sono sommersi da richieste di assistenza. Restituite loro la responsabilit\u00e0 dell'assistenza e garantite un'esperienza migliore per tutti.I team IT sono sommersi da richieste di assistenza. Restituite loro la responsabilit\u00e0 dell'assistenza e create un'esperienza migliore per tutti.<\/h2>\n\n\n<p class=\"eplus-wrapper\"><\/p>\n<\/div>\n\n\n<div class=\"iconblock grid grid-cols-1 gap-12 sm:gap-20 md:grid-cols-3 md:gap-8 lg:gap-24 xl:gap-44 mt-8 eplus-wrapper wp-block-columns has-white-color has-blau-background-color has-text-color has-background has-link-color wp-elements-475950bb4b85d0f412886d76fe02b994 is-layout-flex wp-container-core-columns-is-layout-9d6595d7 wp-block-columns-is-layout-flex eplus-styles-uid-752759\">\n<div class=\"eplus-wrapper wp-block-column is-layout-flow wp-block-column-is-layout-flow\">\n<figure class=\"eplus-wrapper wp-block-image aligncenter size-full\"><img loading=\"lazy\" decoding=\"async\" width=\"80\" height=\"80\" src=\"https:\/\/troeger-services.com\/wp-content\/uploads\/2021\/07\/icon-industry.png\" alt=\"Icona Caso di studio Industria\" class=\"wp-image-902\" title=\"\"><\/figure>\n\n\n\n<p class=\"mb-2 mt-6 text-2xl has-text-align-center eplus-wrapper\"><strong>Automatizzare i servizi<\/strong><meta charset=\"utf-8\"><meta charset=\"utf-8\"><\/p>\n\n\n\n<p class=\"text-xl eplus-wrapper has-text-align-center has-white-color has-text-color has-link-color wp-elements-2a2628959ad879ed43921b2ef06f9735\">Con l'automazione self-service, vi assumete la responsabilit\u00e0 della vostra tecnologia e avete pi\u00f9 tempo per le cose essenziali.<\/p>\n<\/div>\n\n\n\n<div class=\"eplus-wrapper wp-block-column is-layout-flow wp-block-column-is-layout-flow\">\n<figure class=\"eplus-wrapper wp-block-image aligncenter size-full\"><img loading=\"lazy\" decoding=\"async\" width=\"80\" height=\"84\" src=\"https:\/\/troeger-services.com\/wp-content\/uploads\/2021\/07\/icon-use-case.png\" alt=\"Caso d&#039;uso dell&#039;icona\" class=\"wp-image-904\" title=\"\"><\/figure>\n\n\n\n<p class=\"mb-2 mt-6 text-2xl has-text-align-center eplus-wrapper\"><meta charset=\"utf-8\"><strong>Consentire l'innovazione<\/strong><\/p>\n\n\n\n<p class=\"text-xl eplus-wrapper has-text-align-center has-white-color has-text-color has-link-color wp-elements-a35fbe45273d63f101730ac86757637a\">Mettere gli utenti finali a capo dei propri strumenti e tecnologie e democratizzare l'innovazione.<\/p>\n<\/div>\n\n\n\n<div class=\"eplus-wrapper wp-block-column is-layout-flow wp-block-column-is-layout-flow\">\n<figure class=\"eplus-wrapper wp-block-image aligncenter size-full\"><img loading=\"lazy\" decoding=\"async\" width=\"80\" height=\"80\" src=\"https:\/\/troeger-services.com\/wp-content\/uploads\/2021\/07\/icon-zeitraum.png\" alt=\"Icona Periodo del progetto\" class=\"wp-image-905\" title=\"\"><\/figure>\n\n\n\n<p class=\"mb-2 mt-6 text-2xl has-text-align-center eplus-wrapper\"><meta charset=\"utf-8\"><strong>Semplificare l'amministrazione<\/strong><meta charset=\"utf-8\"><\/p>\n\n\n\n<p class=\"text-xl eplus-wrapper has-text-align-center has-white-color has-text-color has-link-color wp-elements-e1cda33c6cc0291b52d57506d946ff44\">Liberatevi dei processi quotidiani, come la conformit\u00e0 e la fatturazione. Concentratevi sull'essenziale.<\/p>\n<\/div>\n<\/div>\n\n\n<div class=\"wp-block-group eplus-wrapper is-layout-constrained wp-block-group-is-layout-constrained\">\n<div style=\"height:21px\" aria-hidden=\"true\" class=\"wp-block-spacer eplus-wrapper\"><\/div>\n\n\n\n<figure class=\"wp-block-image aligncenter size-full is-resized eplus-wrapper\"><img loading=\"lazy\" decoding=\"async\" width=\"147\" height=\"150\" src=\"https:\/\/troeger-services.com\/wp-content\/uploads\/2023\/12\/tibc_logo_1zeilig_rgb-1-e1702089590391.png\" alt=\"Il logo aziendale TITBC, gli esperti di ITSM, ITOM, ESM. Gli unici esperti che incorporano tutte le prospettive per un successo garantito.\" class=\"wp-image-1985\" style=\"object-fit:cover;width:75px;height:75px\" title=\"\"><\/figure>\n<\/div>\n\n\n\n<div style=\"height:32px\" aria-hidden=\"true\" class=\"wp-block-spacer eplus-wrapper\"><\/div>\n\n\n\n\n\n\n\n\n\n\n\n\n\n\n<\/p>\n\n\n\n<div class=\"eplus-wrapper wp-block-media-text is-stacked-on-mobile\"><figure class=\"wp-block-media-text__media\"><video controls src=\"https:\/\/troeger-services.com\/wp-content\/uploads\/2023\/12\/TITBC_INTRO_SM_IT_2023_11.mp4\"><\/video><\/figure><div class=\"wp-block-media-text__content\"><p class=\"sub-heading d-inline eplus-wrapper eplus-styles-uid-a62243\"><strong>Cosa pu\u00f2 fare TITBC per voi!<\/strong><\/p>\n\n\n<p class=\"eplus-wrapper\"><\/p>\n\n\n<p class=\"text-lg eplus-wrapper eplus-styles-uid-fe641a\">Grazie alla nostra consulenza indipendente in materia di soluzioni da un punto di vista tecnico, di processo e di business, siamo stati riconosciuti per quattro volte come azienda TOP 100.\u00a0<\/p>\n\n<p class=\"text-lg eplus-wrapper eplus-styles-uid-fe641a\">I nostri 25 anni di esperienza nell'ITSM, nell'ITOM e nella gestione dei turnaround ci consentono di offrire soluzioni IT personalizzate in base al vostro modello di business, aumentando l'efficienza e mettendo le persone al primo posto.<\/p><\/div><\/div>\n\n\n<p>\n\n\n\n\n\n\n<div class=\"wp-block-group eplus-wrapper is-layout-constrained wp-block-group-is-layout-constrained\">\n<div style=\"height:21px\" aria-hidden=\"true\" class=\"wp-block-spacer eplus-wrapper\"><\/div>\n\n\n\n<figure class=\"wp-block-image aligncenter size-full is-resized eplus-wrapper\"><img loading=\"lazy\" decoding=\"async\" width=\"147\" height=\"150\" src=\"https:\/\/troeger-services.com\/wp-content\/uploads\/2023\/12\/tibc_logo_1zeilig_rgb-1-e1702089590391.png\" alt=\"Il logo aziendale TITBC, gli esperti di ITSM, ITOM, ESM. Gli unici esperti che incorporano tutte le prospettive per un successo garantito.\" class=\"wp-image-1985\" style=\"object-fit:cover;width:75px;height:75px\" title=\"\"><\/figure>\n<\/div>\n\n\n\n<div style=\"height:32px\" aria-hidden=\"true\" class=\"wp-block-spacer eplus-wrapper\"><\/div>\n\n\n\n<p class=\"eplus-wrapper\"><\/p>\n\n\n<h2 class=\"eplus-wrapper wp-block-heading has-text-align-center eplus-styles-uid-5ad16f\">Sostenete i clienti nel raggiungimento dei loro obiettivi aziendali!<\/h2>\n\n\n<p class=\"eplus-wrapper\"><\/p>\n\n\n\n<div class=\"wp-block-group eplus-wrapper is-layout-constrained wp-block-group-is-layout-constrained\">\n<div style=\"height:21px\" aria-hidden=\"true\" class=\"wp-block-spacer eplus-wrapper\"><\/div>\n\n\n\n<figure class=\"wp-block-image aligncenter size-full is-resized eplus-wrapper\"><img loading=\"lazy\" decoding=\"async\" width=\"147\" height=\"150\" src=\"https:\/\/troeger-services.com\/wp-content\/uploads\/2023\/12\/tibc_logo_1zeilig_rgb-1-e1702089590391.png\" alt=\"Il logo aziendale TITBC, gli esperti di ITSM, ITOM, ESM. Gli unici esperti che incorporano tutte le prospettive per un successo garantito.\" class=\"wp-image-1985\" style=\"object-fit:cover;width:75px;height:75px\" title=\"\"><\/figure>\n<\/div>\n\n\n\n<div style=\"height:32px\" aria-hidden=\"true\" class=\"wp-block-spacer eplus-wrapper\"><\/div>\n\n\n\n<div class=\"eplus-wrapper wp-block-group is-layout-constrained wp-block-group-is-layout-constrained\">\n<div style=\"height:74px\" aria-hidden=\"true\" class=\"eplus-wrapper wp-block-spacer\"><\/div>\n\n\n<div class=\"grid grid-cols-1 md:grid-cols-2 md:gap-4 eplus-wrapper wp-block-columns are-vertically-aligned-bottom is-layout-flex wp-container-core-columns-is-layout-9d6595d7 wp-block-columns-is-layout-flex eplus-styles-uid-7aa441\">\n<div class=\"order-2 md:order-1 eplus-wrapper wp-block-column is-vertically-aligned-center is-layout-flow wp-block-column-is-layout-flow\">\n<figure class=\"eplus-wrapper wp-block-image size-medium is-resized\"><img loading=\"lazy\" decoding=\"async\" width=\"300\" height=\"169\" alt=\"a group of gears on a black surface\" src=\"https:\/\/troeger-services.com\/wp-content\/uploads\/2023\/12\/tl-7-300x169.jpg\" class=\"wp-image-2066\" style=\"object-fit:cover;width:425px;height:284px\" title=\"\" srcset=\"https:\/\/troeger-services.com\/wp-content\/uploads\/2023\/12\/tl-7-300x169.jpg 300w, https:\/\/troeger-services.com\/wp-content\/uploads\/2023\/12\/tl-7-18x10.jpg 18w, https:\/\/troeger-services.com\/wp-content\/uploads\/2023\/12\/tl-7.jpg 550w\" sizes=\"auto, (max-width: 300px) 100vw, 300px\" \/><\/figure>\n<\/div>\n\n\n\n<div class=\"order-2 md:order-1 eplus-wrapper wp-block-column is-vertically-aligned-center is-layout-flow wp-block-column-is-layout-flow\"><p class=\"sub-heading d-inline eplus-wrapper has-medium-font-size eplus-styles-uid-a62243\"><strong>Come si pu\u00f2 migliorare l'esperienza di servizio con TITBC<\/strong><\/p>\n\n\n<p class=\"eplus-wrapper\"><\/p>\n\n\n<h2 class=\"eplus-wrapper wp-block-heading has-medium-font-size eplus-styles-uid-a62243\"><strong>La chiave \u00e8 l'approccio integrato di TITBC con tutti i nostri produttori! <\/strong><\/h2>\n\n<p class=\"text-lg eplus-wrapper has-text-align-left eplus-styles-uid-fe641a\">Nell'economia odierna, caratterizzata da ritmi serrati, raggiungere l'eccellenza \u00e8 pi\u00f9 importante che mai. I produttori devono affrontare sfide in termini di efficienza, conformit\u00e0 e mantenimento di un'elevata qualit\u00e0. In questo ambiente, TITBC e la collaborazione innovativa con i nostri partner sono all'avanguardia nel settore e rivoluzionano i vostri processi aziendali.<\/p><\/div>\n<\/div>\n\n\n<figure class=\"eplus-wrapper wp-block-image aligncenter size-full is-resized\"><img loading=\"lazy\" decoding=\"async\" width=\"147\" height=\"150\" src=\"https:\/\/troeger-services.com\/wp-content\/uploads\/2023\/12\/tibc_logo_1zeilig_rgb-1-e1702089590391.png\" alt=\"Il logo aziendale TITBC, gli esperti di ITSM, ITOM, ESM. Gli unici esperti che incorporano tutte le prospettive per un successo garantito.\" class=\"wp-image-1985\" style=\"object-fit:cover;width:75px;height:75px\" title=\"\"><\/figure>\n<\/div>\n\n\n\n<div class=\"eplus-wrapper wp-block-group is-layout-constrained wp-block-group-is-layout-constrained\"><div class=\"grid grid-cols-1 md:grid-cols-2 md:gap-4 eplus-wrapper wp-block-columns are-vertically-aligned-bottom is-layout-flex wp-container-core-columns-is-layout-9d6595d7 wp-block-columns-is-layout-flex eplus-styles-uid-8f9092\">\n<div class=\"order-2 md:order-1 eplus-wrapper wp-block-column is-vertically-aligned-center is-layout-flow wp-block-column-is-layout-flow\"><p class=\"sub-heading d-inline eplus-wrapper has-medium-font-size eplus-styles-uid-a62243\"><strong>Concentrarsi sul lavoro veramente importante<\/strong><\/p>\n\n\n<p class=\"eplus-wrapper\"><\/p>\n\n\n<h2 class=\"eplus-wrapper wp-block-heading has-medium-font-size eplus-styles-uid-a62243\"><strong>Focalizzazione <\/strong>Potete concentrarvi sul vostro lavoro<\/h2>\n\n<p class=\"text-lg eplus-wrapper has-text-align-left eplus-styles-uid-fe641a\">I team di assistenza IT sono spesso impegnati a spegnere gli incendi o a gestire problemi ripetitivi. Le soluzioni di gestione dei servizi IT e aziendali vi sollevano da questi compiti che richiedono tempo e aiutano i vostri dipendenti a concentrarsi nuovamente sugli aspetti strategici del loro lavoro.<\/p><\/div>\n\n\n\n<div class=\"flex justify-center py-12 order-1 md:order-2 eplus-wrapper wp-block-column is-vertically-aligned-center is-layout-flow wp-block-column-is-layout-flow\">\n<figure class=\"eplus-wrapper wp-block-image size-medium is-resized\"><img loading=\"lazy\" decoding=\"async\" width=\"300\" height=\"107\" alt=\"a machine with gears and wires\" src=\"https:\/\/troeger-services.com\/wp-content\/uploads\/2023\/12\/thumbnail_large-1-4-300x107.jpg\" class=\"wp-image-2044\" style=\"object-fit:cover;width:425px;height:284px\" title=\"\" srcset=\"https:\/\/troeger-services.com\/wp-content\/uploads\/2023\/12\/thumbnail_large-1-4-300x107.jpg 300w, https:\/\/troeger-services.com\/wp-content\/uploads\/2023\/12\/thumbnail_large-1-4-18x6.jpg 18w, https:\/\/troeger-services.com\/wp-content\/uploads\/2023\/12\/thumbnail_large-1-4.jpg 550w\" sizes=\"auto, (max-width: 300px) 100vw, 300px\" \/><\/figure>\n<\/div>\n<\/div>\n\n\n<figure class=\"eplus-wrapper wp-block-image aligncenter size-full is-resized\"><img loading=\"lazy\" decoding=\"async\" width=\"147\" height=\"150\" src=\"https:\/\/troeger-services.com\/wp-content\/uploads\/2023\/12\/tibc_logo_1zeilig_rgb-1-e1702089590391.png\" alt=\"Il logo aziendale TITBC, gli esperti di ITSM, ITOM, ESM. Gli unici esperti che incorporano tutte le prospettive per un successo garantito.\" class=\"wp-image-1985\" style=\"object-fit:cover;width:75px;height:75px\" title=\"Logo TITBC\"\/><\/figure>\n<\/div>\n\n\n\n<div class=\"eplus-wrapper wp-block-group is-layout-constrained wp-block-group-is-layout-constrained\">\n<div style=\"height:74px\" aria-hidden=\"true\" class=\"eplus-wrapper wp-block-spacer\"><\/div>\n\n\n<div class=\"grid grid-cols-1 md:grid-cols-2 md:gap-4 eplus-wrapper wp-block-columns are-vertically-aligned-bottom is-layout-flex wp-container-core-columns-is-layout-9d6595d7 wp-block-columns-is-layout-flex eplus-styles-uid-6b4bc1\">\n<div class=\"order-2 md:order-1 eplus-wrapper wp-block-column is-vertically-aligned-center is-layout-flow wp-block-column-is-layout-flow\">\n<figure class=\"eplus-wrapper wp-block-image size-medium is-resized\"><img loading=\"lazy\" decoding=\"async\" width=\"300\" height=\"200\" alt=\"a man wearing headphones giving a thumbs up\" src=\"https:\/\/troeger-services.com\/wp-content\/uploads\/2023\/12\/thumbnail_large-1-3-300x200.webp\" class=\"wp-image-2070\" style=\"object-fit:cover;width:425px;height:284px\" title=\"\" srcset=\"https:\/\/troeger-services.com\/wp-content\/uploads\/2023\/12\/thumbnail_large-1-3-300x200.webp 300w, https:\/\/troeger-services.com\/wp-content\/uploads\/2023\/12\/thumbnail_large-1-3-18x12.webp 18w, https:\/\/troeger-services.com\/wp-content\/uploads\/2023\/12\/thumbnail_large-1-3.webp 550w\" sizes=\"auto, (max-width: 300px) 100vw, 300px\" \/><\/figure>\n<\/div>\n\n\n\n<div class=\"order-2 md:order-1 eplus-wrapper wp-block-column is-vertically-aligned-center is-layout-flow wp-block-column-is-layout-flow\"><p class=\"sub-heading d-inline eplus-wrapper has-medium-font-size eplus-styles-uid-a62243\"><strong>Un'esperienza IT moderna e di facile utilizzo per il consumatore<\/strong><\/p>\n\n\n<p class=\"eplus-wrapper\"><\/p>\n\n\n<h2 class=\"eplus-wrapper wp-block-heading has-medium-font-size eplus-styles-uid-a62243\"><strong>Permettete ai vostri dipendenti di aiutarsi da soli!<\/strong><\/h2>\n\n<p class=\"text-lg eplus-wrapper has-text-align-left eplus-styles-uid-fe641a\">Una base di conoscenze facile da usare incoraggia la collaborazione in tempo reale tra i membri del team per risolvere i problemi. Mettendo in comune le conoscenze collettive e condividendo idee e informazioni, gli utenti finali possono lavorare insieme per risolvere i loro problemi.<\/p><\/div>\n<\/div>\n\n\n<figure class=\"eplus-wrapper wp-block-image aligncenter size-full is-resized\"><img loading=\"lazy\" decoding=\"async\" width=\"147\" height=\"150\" src=\"https:\/\/troeger-services.com\/wp-content\/uploads\/2023\/12\/tibc_logo_1zeilig_rgb-1-e1702089590391.png\" alt=\"Il logo aziendale TITBC, gli esperti di ITSM, ITOM, ESM. Gli unici esperti che incorporano tutte le prospettive per un successo garantito.\" class=\"wp-image-1985\" style=\"object-fit:cover;width:75px;height:75px\" title=\"\"><\/figure>\n<\/div>\n\n\n\n<div class=\"eplus-wrapper wp-block-group is-layout-constrained wp-block-group-is-layout-constrained\"><div class=\"grid grid-cols-1 md:grid-cols-2 md:gap-4 eplus-wrapper wp-block-columns are-vertically-aligned-bottom is-layout-flex wp-container-core-columns-is-layout-9d6595d7 wp-block-columns-is-layout-flex eplus-styles-uid-65dbf7\">\n<div class=\"order-2 md:order-1 eplus-wrapper wp-block-column is-vertically-aligned-center is-layout-flow wp-block-column-is-layout-flow\"><p class=\"sub-heading d-inline eplus-wrapper has-medium-font-size eplus-styles-uid-a62243\"><strong>Le informazioni di cui avete bisogno, nel luogo in cui ne avete bisogno<\/strong><\/p>\n\n\n<p class=\"eplus-wrapper\"><\/p>\n\n\n<h2 class=\"eplus-wrapper wp-block-heading has-medium-font-size eplus-styles-uid-a62243\"><strong>Guidare l'eccellenza produttiva: l'approccio integrato di IFS e TITBC<\/strong><\/h2>\n\n<p class=\"text-lg eplus-wrapper has-text-align-left eplus-styles-uid-fe641a\">Con noi non ci sono pi\u00f9 silos di informazioni o duplicazioni di dati. Con un'unica fonte di verit\u00e0, \u00e8 pi\u00f9 facile ottenere una panoramica completa dei processi chiave e garantire la conformit\u00e0.<\/p><\/div>\n\n\n\n<div class=\"flex justify-center py-12 order-1 md:order-2 eplus-wrapper wp-block-column is-vertically-aligned-center is-layout-flow wp-block-column-is-layout-flow\">\n<figure class=\"eplus-wrapper wp-block-image size-medium is-resized\"><img loading=\"lazy\" decoding=\"async\" width=\"300\" height=\"200\" alt=\"a blue screen with white icons\" src=\"https:\/\/troeger-services.com\/wp-content\/uploads\/2023\/12\/thumbnail_large-300x200.jpg\" class=\"wp-image-2063\" style=\"object-fit:cover;width:425px;height:284px\" title=\"\" srcset=\"https:\/\/troeger-services.com\/wp-content\/uploads\/2023\/12\/thumbnail_large-300x200.jpg 300w, https:\/\/troeger-services.com\/wp-content\/uploads\/2023\/12\/thumbnail_large-18x12.jpg 18w, https:\/\/troeger-services.com\/wp-content\/uploads\/2023\/12\/thumbnail_large.jpg 550w\" sizes=\"auto, (max-width: 300px) 100vw, 300px\" \/><\/figure>\n<\/div>\n<\/div>\n\n\n<div class=\"eplus-wrapper wp-block-buttons is-layout-flex wp-block-buttons-is-layout-flex\"><div class=\"my-5 shadow-xl hover:shadow-lg btn-secondary bg-secondary eplus-wrapper wp-block-button eplus-styles-uid-126db8\"><a class=\"wp-block-button__link wp-element-button\" href=\"https:\/\/outlook.office365.com\/owa\/calendar\/TITBCGesprchsanfragemitAndrTrger@titbc.onmicrosoft.com\/bookings\/\" style=\"border-radius:0px\" target=\"_blank\" rel=\"noreferrer noopener\">Richiedi una prima consulenza<\/a><\/div>\n\n<div class=\"my-5 shadow-xl hover:shadow-lg btn-secondary bg-secondary eplus-wrapper wp-block-button eplus-styles-uid-1e7016\"><a class=\"wp-block-button__link wp-element-button\" href=\"https:\/\/troeger-services.com\/it\/wir-stellen-unsere-partner-vor\/\" style=\"border-radius:0px\">I nostri partner<\/a><\/div><\/div>\n\n\n\n<figure class=\"eplus-wrapper wp-block-image aligncenter size-full is-resized\"><img loading=\"lazy\" decoding=\"async\" width=\"147\" height=\"150\" src=\"https:\/\/troeger-services.com\/wp-content\/uploads\/2023\/12\/tibc_logo_1zeilig_rgb-1-e1702089590391.png\" alt=\"Il logo aziendale TITBC, gli esperti di ITSM, ITOM, ESM. Gli unici esperti che incorporano tutte le prospettive per un successo garantito.\" class=\"wp-image-1985\" style=\"object-fit:cover;width:75px;height:75px\" title=\"Logo TITBC\"\/><\/figure>\n<\/div>","protected":false},"excerpt":{"rendered":"<p>Entdecken Sie eine Verbesserung der Service Erfahrung durch ITSM Entdecken Sie ein besseres Service Erlebnis f\u00fcr Ihre Kunden, Mitarbeiter und Lieferanten. Durch einen effizienten und abgestimmten Ablauf, legen Sie die Grundlage f\u00fcr Ihr Wachstum. ITSM, ITOM und ESM erledigen das f\u00fcr Sie IT-Teams werden mit Serviceanfragen \u00fcberschwemmt. Geben Sie ihnen die Verantwortung f\u00fcr den Service [&hellip;]<\/p>\n","protected":false},"author":4,"featured_media":2078,"parent":0,"menu_order":0,"comment_status":"closed","ping_status":"closed","template":"","meta":{"editor_plus_copied_stylings":"{}","_themeisle_gutenberg_block_has_review":false,"footnotes":"","_links_to":"","_links_to_target":""},"categories":[1,14],"tags":[20,23,45,21,47,49,51,42,22,53,57,43,41,19,18,59,44,46,25,55,48,50,52,54,61,58,60,56,26],"class_list":["post-2572","page","type-page","status-publish","has-post-thumbnail","hentry","category-allgemein","category-blog","tag-esm","tag-assyst","tag-availability-management","tag-blog","tag-capacity-and-performance-management","tag-change-enablement","tag-deployment-management","tag-enterprise-service-management","tag-ifs","tag-incident-management","tag-it-asset-management","tag-it-operations-management","tag-it-service-management","tag-itom","tag-itsm","tag-knowledge-management","tag-micro-focus","tag-monitoring-and-event-management","tag-opentext","tag-problem-management","tag-release-management","tag-service-catalog-management","tag-service-configuration-management","tag-service-continuity-management","tag-service-desk","tag-service-financial-management","tag-service-level-management","tag-service-request-management","tag-smax"],"_links":{"self":[{"href":"https:\/\/troeger-services.com\/it\/wp-json\/wp\/v2\/pages\/2572","targetHints":{"allow":["GET"]}}],"collection":[{"href":"https:\/\/troeger-services.com\/it\/wp-json\/wp\/v2\/pages"}],"about":[{"href":"https:\/\/troeger-services.com\/it\/wp-json\/wp\/v2\/types\/page"}],"author":[{"embeddable":true,"href":"https:\/\/troeger-services.com\/it\/wp-json\/wp\/v2\/users\/4"}],"replies":[{"embeddable":true,"href":"https:\/\/troeger-services.com\/it\/wp-json\/wp\/v2\/comments?post=2572"}],"version-history":[{"count":0,"href":"https:\/\/troeger-services.com\/it\/wp-json\/wp\/v2\/pages\/2572\/revisions"}],"wp:featuredmedia":[{"embeddable":true,"href":"https:\/\/troeger-services.com\/it\/wp-json\/wp\/v2\/media\/2078"}],"wp:attachment":[{"href":"https:\/\/troeger-services.com\/it\/wp-json\/wp\/v2\/media?parent=2572"}],"wp:term":[{"taxonomy":"category","embeddable":true,"href":"https:\/\/troeger-services.com\/it\/wp-json\/wp\/v2\/categories?post=2572"},{"taxonomy":"post_tag","embeddable":true,"href":"https:\/\/troeger-services.com\/it\/wp-json\/wp\/v2\/tags?post=2572"}],"curies":[{"name":"wp","href":"https:\/\/api.w.org\/{rel}","templated":true}]}}