{"id":3553,"date":"2023-12-19T23:02:03","date_gmt":"2023-12-19T22:02:03","guid":{"rendered":"https:\/\/troeger-services.com\/?page_id=3553"},"modified":"2024-07-04T21:09:42","modified_gmt":"2024-07-04T19:09:42","slug":"wir-stellen-unsere-partner-vor","status":"publish","type":"page","link":"https:\/\/troeger-services.com\/it\/wir-stellen-unsere-partner-vor\/","title":{"rendered":"I nostri partner"},"content":{"rendered":"<div class=\"row-full py-5 mb-12 wp-block-group eplus-wrapper is-layout-flow wp-block-group-is-layout-flow\">\n<div class=\"wp-block-group eplus-wrapper is-layout-flow wp-block-group-is-layout-flow\"><div class=\"container mx-auto py-6 grid grid-cols-1 md:grid-cols-2 wp-block-columns eplus-wrapper is-layout-flex wp-container-core-columns-is-layout-9d6595d7 wp-block-columns-is-layout-flex eplus-styles-uid-2b1698\">\n<div class=\"lg:pr-8 xl:pr-12 order-2 md:order-1 wp-block-column is-vertically-aligned-center eplus-wrapper is-layout-flow wp-block-column-is-layout-flow\"><p class=\"sub-heading d-inline eplus-wrapper eplus-styles-uid-a62243\">Solo grazie ai nostri partner e a molti anni di intensa collaborazione \u00e8 possibile creare qualcosa di straordinario.<\/p>\n\n\n<h1 class=\"text-2xl sm:text-3xl md:text-4xl mt-1 wp-block-heading eplus-wrapper\">Vi presentiamo i nostri partner. Potrete beneficiare della nostra pluriennale collaborazione. Il nostro approccio indipendente dal produttore si riflette anche nel vostro progetto.<\/h1>\n\n\n\n<p class=\"eplus-wrapper\">Sfruttate il valore di tutti i vostri dati, indipendentemente dalla loro dimensione.<\/p>\n\n\n\n<div class=\"wp-block-buttons eplus-wrapper is-layout-flex wp-block-buttons-is-layout-flex\"><div class=\"my-5 shadow-xl hover:shadow-lg btn-secondary bg-secondary wp-block-button eplus-wrapper eplus-styles-uid-da9a56\"><a class=\"wp-block-button__link wp-element-button\" href=\"https:\/\/outlook.office365.com\/owa\/calendar\/TITBCGesprchsanfragemitAndrTrger@titbc.onmicrosoft.com\/bookings\/\" style=\"border-radius:0px\" target=\"_blank\" rel=\"noreferrer noopener\">Richiedi una prima consulenza<\/a><\/div><\/div>\n<\/div>\n\n\n\n<div class=\"flex justify-center py-12 order-1 md:order-2 wp-block-column eplus-wrapper is-layout-flow wp-block-column-is-layout-flow\">\n<figure class=\"wp-block-image size-full eplus-wrapper\"><img loading=\"lazy\" decoding=\"async\" width=\"545\" height=\"253\" src=\"https:\/\/troeger-services.com\/wp-content\/uploads\/2021\/10\/analysen.png\" alt=\"Analisi rilevanti per l&#039;azione Grafico\" class=\"wp-image-1493\" title=\"\" srcset=\"https:\/\/troeger-services.com\/wp-content\/uploads\/2021\/10\/analysen.png 545w, https:\/\/troeger-services.com\/wp-content\/uploads\/2021\/10\/analysen-300x139.png 300w\" sizes=\"auto, (max-width: 545px) 100vw, 545px\" \/><\/figure>\n<\/div>\n<\/div><\/div>\n<\/div>\n\n\n\n<div class=\"wp-block-group eplus-wrapper is-layout-constrained wp-block-group-is-layout-constrained\">\n<div style=\"height:21px\" aria-hidden=\"true\" class=\"wp-block-spacer eplus-wrapper\"><\/div>\n\n\n\n<figure class=\"wp-block-image aligncenter size-full is-resized eplus-wrapper\"><img loading=\"lazy\" decoding=\"async\" width=\"147\" height=\"150\" src=\"https:\/\/troeger-services.com\/wp-content\/uploads\/2023\/12\/tibc_logo_1zeilig_rgb-1-e1702089590391.png\" alt=\"Il logo aziendale TITBC, gli esperti di ITSM, ITOM, ESM. Gli unici esperti che incorporano tutte le prospettive per un successo garantito.\" class=\"wp-image-1985\" style=\"object-fit:cover;width:75px;height:75px\" title=\"\"><\/figure>\n<\/div>\n\n\n\n<div style=\"height:32px\" aria-hidden=\"true\" class=\"wp-block-spacer eplus-wrapper\"><\/div>\n\n\n\n<p class=\"sub-heading d-inline has-large-font-size eplus-wrapper\">Il vantaggio competitivo di una mentalit\u00e0 orientata al servizio<\/p>\n\n\n\n<div style=\"height:50px\" aria-hidden=\"true\" class=\"wp-block-spacer eplus-wrapper\"><\/div>\n\n\n\n<div style=\"height:50px\" aria-hidden=\"true\" class=\"wp-block-spacer eplus-wrapper\"><\/div>\n\n\n\n<p class=\"eplus-wrapper\"><\/p>\n\n\n\n<p class=\"eplus-wrapper\"><\/p>\n\n\n<div class=\"wp-block-columns eplus-wrapper is-layout-flex wp-container-core-columns-is-layout-9d6595d7 wp-block-columns-is-layout-flex eplus-styles-uid-b14cdc\">\n<div class=\"wp-block-column eplus-wrapper is-layout-flow wp-block-column-is-layout-flow\"><p class=\"text-lg eplus-wrapper eplus-styles-uid-fe641a\">Attualmente stiamo vivendo un passaggio da un approccio incentrato sul prodotto a un approccio incentrato sul servizio. Per decenni, l'industria manifatturiera \u00e8 stata sinonimo di produzione di beni materiali - automobili, dispositivi e widget di tutti i colori, forme e dimensioni.<\/p>\n\n\n<p class=\"text-lg eplus-wrapper\"><\/p>\n\n\n\n<p class=\"text-lg eplus-wrapper\"><\/p>\n\n\n\n<p class=\"text-lg eplus-wrapper\"><\/p>\n\n\n\n<p class=\"text-lg eplus-wrapper\"><\/p>\n\n\n\n<p class=\"text-lg eplus-wrapper\"><\/p>\n<\/div>\n\n\n\n<div class=\"wp-block-column eplus-wrapper is-layout-flow wp-block-column-is-layout-flow\"><p class=\"text-lg eplus-wrapper eplus-styles-uid-fe641a\">Il successo era spesso misurato dalla quantit\u00e0 di prodotti che uscivano dalle catene di montaggio. Le aziende competevano ferocemente sulla base delle caratteristiche dei prodotti, dell'efficienza dei costi e delle prestazioni della catena di fornitura. Erano i tempi dei risultati visibili! Ma i tempi sono cambiati, cos\u00ec come i mercati e le preferenze dei consumatori.<\/p>\n\n\n<p class=\"text-lg eplus-wrapper\">\u00a0<\/p>\n\n\n\n<figure class=\"wp-block-image aligncenter size-full is-resized eplus-wrapper\"><img loading=\"lazy\" decoding=\"async\" width=\"147\" height=\"150\" src=\"https:\/\/troeger-services.com\/wp-content\/uploads\/2023\/12\/tibc_logo_1zeilig_rgb-1-e1702089590391.png\" alt=\"Il logo aziendale TITBC, gli esperti di ITSM, ITOM, ESM. Gli unici esperti che incorporano tutte le prospettive per un successo garantito.\" class=\"wp-image-1985\" style=\"object-fit:cover;width:75px;height:75px\" title=\"\"><\/figure>\n<\/div>\n\n\n\n<div class=\"wp-block-column eplus-wrapper is-layout-flow wp-block-column-is-layout-flow\"><p class=\"text-lg eplus-wrapper eplus-styles-uid-fe641a\">Siamo in un'epoca in cui i consumatori danno sempre pi\u00f9 valore non solo al prodotto in s\u00e9, ma all'intera esperienza che lo circonda. Questo cambiamento \u00e8 pi\u00f9 di una semplice tendenza: \u00e8 un cambiamento sismico! I produttori non potranno pi\u00f9 ignorarlo!\u00a0<\/p><\/div>\n<\/div>\n\n<div class=\"wp-block-columns eplus-wrapper is-layout-flex wp-container-core-columns-is-layout-9d6595d7 wp-block-columns-is-layout-flex eplus-styles-uid-0c41cb\">\n<div class=\"wp-block-column eplus-wrapper is-layout-flow wp-block-column-is-layout-flow\"><p class=\"text-lg eplus-wrapper eplus-styles-uid-fe641a\">I cambiamenti sono gi\u00e0 chiaramente visibili, oltre al fatto che si stanno verificando a una velocit\u00e0 senza precedenti, e si pu\u00f2 ipotizzare che siano solo forieri di un cambiamento radicale dell'economia come l'abbiamo conosciuta finora.<\/p><\/div>\n<\/div>\n\n\n\n\n\n\n\n\n\n\n\n\n\n<\/p>\n\n\n<div class=\"grid grid-cols-1 md:grid-cols-2 md:gap-4 wp-block-columns are-vertically-aligned-bottom eplus-wrapper is-layout-flex wp-container-core-columns-is-layout-9d6595d7 wp-block-columns-is-layout-flex eplus-styles-uid-fce19d\">\n<div class=\"order-2 md:order-1 wp-block-column is-vertically-aligned-center eplus-wrapper is-layout-flow wp-block-column-is-layout-flow\">\n<p class=\"sub-heading d-inline eplus-wrapper\" style=\"font-size:28px\">Il nostro partner IFS <\/p>\n\n\n\n<p class=\"eplus-wrapper\"><\/p>\n\n\n<h2 class=\"wp-block-heading has-medium-font-size eplus-wrapper eplus-styles-uid-fe641a\"><strong>Utilizzo orientato al servizio per il vostro vantaggio competitivo<\/strong><\/h2>\n\n\n<p class=\"eplus-wrapper\"><\/p>\n\n\n\n<p class=\"eplus-wrapper\">Tenetevi forte, perch\u00e9 stiamo per cambiare il gioco per voi nell'ambito dell'IT &amp; Enterprise Service Management e del vostro Moment of Service, senza una lunga durata del progetto, in modo pragmatico e su misura per voi!!!<\/p>\n\n\n\n<p class=\"eplus-wrapper\">Tr\u00f6ger IT Business Consulting \u00e8 lieta di annunciare una partnership innovativa con un approccio completamente nuovo insieme a IFS!<\/p>\n\n\n\n<p class=\"eplus-wrapper\">IFS Assyst \u00e8 uno dei fondatori iniziali che per primi hanno trasformato ITIL in uno strumento!<\/p>\n\n\n\n<p class=\"eplus-wrapper\">In un momento in cui l'IT Service Management e l'Enterprise Service Management sono in prima linea nelle operazioni aziendali, stiamo collaborando con IFS per offrire qualcosa di straordinario!<\/p>\n\n\n\n<p class=\"eplus-wrapper\"><\/p>\n<\/div>\n\n\n\n<div class=\"flex justify-center py-12 order-1 md:order-2 wp-block-column is-vertically-aligned-center eplus-wrapper is-layout-flow wp-block-column-is-layout-flow\">\n<figure class=\"wp-block-video eplus-wrapper\"><video height=\"1080\" style=\"aspect-ratio: 1920 \/ 1080;\" width=\"1920\" controls src=\"https:\/\/troeger-services.com\/wp-content\/uploads\/2023\/12\/IFS-Partner-Announcment-IT.mp4\"><\/video><\/figure>\n<\/div>\n<\/div>\n\n<p>\n\n\n\n\n\n\n<div class=\"wp-block-group eplus-wrapper is-layout-constrained wp-block-group-is-layout-constrained\">\n<figure class=\"wp-block-image aligncenter size-full is-resized eplus-wrapper\"><img loading=\"lazy\" decoding=\"async\" width=\"147\" height=\"150\" src=\"https:\/\/troeger-services.com\/wp-content\/uploads\/2023\/12\/tibc_logo_1zeilig_rgb-1-e1702089590391.png\" alt=\"Il logo aziendale TITBC, gli esperti di ITSM, ITOM, ESM. Gli unici esperti che incorporano tutte le prospettive per un successo garantito.\" class=\"wp-image-1985\" style=\"object-fit:cover;width:75px;height:75px\" title=\"Logo TITBC\"\/><\/figure>\n<\/div>\n\n\n\n<div class=\"wp-block-group eplus-wrapper is-layout-constrained wp-block-group-is-layout-constrained\">\n<div style=\"height:74px\" aria-hidden=\"true\" class=\"wp-block-spacer eplus-wrapper\"><\/div>\n\n\n\n\n\n\n\n\n\n\n\n\n\n\n<\/p>\n\n\n<div class=\"grid grid-cols-1 md:grid-cols-2 md:gap-4 wp-block-columns are-vertically-aligned-bottom eplus-wrapper is-layout-flex wp-container-core-columns-is-layout-9d6595d7 wp-block-columns-is-layout-flex eplus-styles-uid-d65068\">\n<div class=\"order-2 md:order-1 wp-block-column is-vertically-aligned-center eplus-wrapper is-layout-flow wp-block-column-is-layout-flow\">\n<figure class=\"wp-block-video eplus-wrapper\"><video height=\"1080\" style=\"aspect-ratio: 1920 \/ 1080;\" width=\"1920\" controls src=\"https:\/\/troeger-services.com\/wp-content\/uploads\/2023\/12\/OpenText-OpsBridge-Intro-IT.mp4\"><\/video><\/figure>\n<\/div>\n\n\n\n<div class=\"order-2 md:order-1 wp-block-column is-vertically-aligned-center eplus-wrapper is-layout-flow wp-block-column-is-layout-flow\">\n<p class=\"sub-heading d-inline eplus-wrapper\" style=\"font-size:28px\">Il nostro partner OpenText<\/p>\n\n\n\n<p class=\"eplus-wrapper\"><\/p>\n\n\n\n<h2 class=\"wp-block-heading has-medium-font-size eplus-wrapper\"><strong>Trasformazione attraverso la consulenza incentrata sul servizio<\/strong><\/h2>\n\n\n\n<p class=\"eplus-wrapper\"><\/p>\n\n\n\n<p class=\"eplus-wrapper\">l video, della durata di 2-3 minuti, presenta una partnership di lunga data, durata 20 anni, che ha incluso molti progetti congiunti e innovativi. La partnership pone l'accento su un approccio unico e innovativo per realizzare progetti in modo rapido, pragmatico e di successo, affrontando tutte le aree necessarie per fornire soluzioni di successo ai clienti. Il viaggio \u00e8 iniziato con Mercury e i suoi prodotti all'epoca innovativi, oggi considerati all'avanguardia. Nel corso degli anni, \u00e8 passato attraverso varie societ\u00e0 fino all'attuale partnership con OpenText.<\/p>\n\n\n\n<p class=\"eplus-wrapper\">Il successo del supporto ai clienti aziendali \u00e8 stato ottenuto grazie alla stretta collaborazione con vari dipartimenti come la gestione dei prodotti, la ricerca e lo sviluppo, le vendite e l'intera organizzazione. OpenText \u00e8 consigliata come partner forte nel mercato, avendo costruito il suo impressionante portafoglio attraverso acquisizioni di fornitori di software leader e una strategia innovativa.<\/p>\n\n\n\n<p class=\"eplus-wrapper\">Questo portafoglio \u00e8 ideale per costruire un centro di controllo digitale con una perfetta integrazione. Include prodotti per il test di carico e di regressione, l'infrastruttura operativa IT, l'automazione, il monitoraggio delle applicazioni, i prodotti per i servizi IT e aziendali e le recenti acquisizioni di fornitori di sicurezza informatica. I prodotti OpenText si distinguono per l'integrazione e l'adattabilit\u00e0 ad ambienti eterogenei.<\/p>\n\n\n\n<p class=\"eplus-wrapper\">Il video si conclude con l'invito a fissare una consulenza gratuita per ottenere una roadmap indipendente dal fornitore per le singole esigenze. La partnership mira a realizzare insieme progetti di successo e a portare avanti la trasformazione digitale.<\/p>\n<\/div>\n<\/div>\n\n<p>\n\n\n\n\n\n\n<figure class=\"wp-block-image aligncenter size-full is-resized eplus-wrapper\"><img loading=\"lazy\" decoding=\"async\" width=\"147\" height=\"150\" src=\"https:\/\/troeger-services.com\/wp-content\/uploads\/2023\/12\/tibc_logo_1zeilig_rgb-1-e1702089590391.png\" alt=\"Il logo aziendale TITBC, gli esperti di ITSM, ITOM, ESM. Gli unici esperti che incorporano tutte le prospettive per un successo garantito.\" class=\"wp-image-1985\" style=\"object-fit:cover;width:75px;height:75px\" title=\"\"><\/figure>\n<\/div>\n\n\n\n\n\n\n\n\n\n\n\n\n\n\n<\/p>\n\n\n<div class=\"grid grid-cols-1 md:grid-cols-2 md:gap-4 wp-block-columns are-vertically-aligned-bottom eplus-wrapper is-layout-flex wp-container-core-columns-is-layout-9d6595d7 wp-block-columns-is-layout-flex eplus-styles-uid-6416f5\">\n<div class=\"order-2 md:order-1 wp-block-column is-vertically-aligned-center eplus-wrapper is-layout-flow wp-block-column-is-layout-flow\">\n<p class=\"sub-heading d-inline eplus-wrapper\" style=\"font-size:28px\">Il nostro partner New Relic<\/p>\n\n\n\n<p class=\"eplus-wrapper\"><\/p>\n\n\n\n<h2 class=\"wp-block-heading has-medium-font-size eplus-wrapper\"><strong>Affrontare le sfide in modo orientato al servizio<\/strong><\/h2>\n\n\n\n<p class=\"eplus-wrapper\"><\/p>\n\n\n\n<p class=\"eplus-wrapper\">n questo video di 2-3 minuti, presentiamo la nostra partnership strategica con il fornitore di software New Relic e spieghiamo le ragioni della sua importanza per noi. La partnership pone l'accento su un forte approccio incentrato sul cliente, che si concentra sulla fornitura di soluzioni in modo tempestivo e con la massima qualit\u00e0 per garantire il successo, soprattutto in situazioni difficili.<br>La partnership con New Relic \u00e8 stata costruita su una base di collaborazioni e progetti comuni di successo e il nostro impegno per la soddisfazione dei clienti \u00e8 costante. Sottolineiamo che New Relic non \u00e8 solo un fornitore di software, ma un partner affidabile che, come noi, mette al centro le esigenze del cliente.<br>Il video dimostra la nostra capacit\u00e0 di fornire soluzioni che soddisfano i requisiti dei nostri clienti e mette in evidenza i nostri punti di forza (USP) che ci distinguono da altri fornitori. Offriamo soluzioni complete che coprono tutto, dalla pianificazione all'implementazione, garantendo ai nostri clienti un'assistenza completa in ogni fase.<br>Le tecnologie innovative di New Relic arricchiscono la nostra partnership e consentono ai nostri clienti di ottimizzare le loro prestazioni digitali e di ottenere preziose informazioni sui processi aziendali critici. Siamo orgogliosi di guidare la trasformazione digitale dei nostri clienti e di migliorare la loro competitivit\u00e0 grazie alla collaborazione con New Relic.<br>Di fronte alle sfide, sottolineiamo il nostro impegno costante nel fornire soluzioni ai clienti nei tempi previsti, con una qualit\u00e0 eccezionale e una comprovata esperienza. Il video si conclude con un<\/p>\n\n\n\n<p class=\"eplus-wrapper\">Tradotto con DeepL.com (versione gratuita)<\/p>\n<\/div>\n\n\n\n<div class=\"flex justify-center py-12 order-1 md:order-2 wp-block-column is-vertically-aligned-center eplus-wrapper is-layout-flow wp-block-column-is-layout-flow\">\n<figure class=\"wp-block-video eplus-wrapper\"><video height=\"1080\" style=\"aspect-ratio: 1920 \/ 1080;\" width=\"1920\" controls src=\"https:\/\/troeger-services.com\/wp-content\/uploads\/2023\/12\/NewRelic-Partner-Announcement-IT.mp4\"><\/video><\/figure>\n<\/div>\n<\/div>\n\n<p>\n\n\n\n\n\n\n<div class=\"wp-block-group eplus-wrapper is-layout-constrained wp-block-group-is-layout-constrained\">\n<figure class=\"wp-block-image aligncenter size-full is-resized eplus-wrapper\"><img loading=\"lazy\" decoding=\"async\" width=\"147\" height=\"150\" src=\"https:\/\/troeger-services.com\/wp-content\/uploads\/2023\/12\/tibc_logo_1zeilig_rgb-1-e1702089590391.png\" alt=\"Il logo aziendale TITBC, gli esperti di ITSM, ITOM, ESM. Gli unici esperti che incorporano tutte le prospettive per un successo garantito.\" class=\"wp-image-1985\" style=\"object-fit:cover;width:75px;height:75px\" title=\"Logo TITBC\"\/><\/figure>\n<\/div>\n\n\n\n<div class=\"wp-block-group eplus-wrapper is-layout-constrained wp-block-group-is-layout-constrained\">\n<div style=\"height:74px\" aria-hidden=\"true\" class=\"wp-block-spacer eplus-wrapper\"><\/div>\n<\/div>\n\n\n\n<div class=\"wp-block-group eplus-wrapper is-layout-constrained wp-block-group-is-layout-constrained\"><\/div>","protected":false},"excerpt":{"rendered":"<p>Nur durch unsere Partner und langj\u00e4hriger und intensiver Zusammenarbeit, kann etwas au\u015bergew\u00f6hnliches entstehen Wir stellen Ihnen unsere Partner vor. Durch unsere langj\u00e4hrige Zusammenarbeit, profitieren Sie mit Erfolg. Unser Ansatz der Herstellerunabh\u00e4ngigkeit, flie\u00dft ebenso in Ihr Projekt mit ein. Nutzen Sie den Wert aus allen Ihren Daten, unabh\u00e4ngig vom Datenausma\u00df. Der Wettbewerbsvorteil einer Serviceorientierten Denkweise Wir [&hellip;]<\/p>\n","protected":false},"author":4,"featured_media":4397,"parent":0,"menu_order":0,"comment_status":"closed","ping_status":"closed","template":"","meta":{"editor_plus_copied_stylings":"{}","_themeisle_gutenberg_block_has_review":false,"footnotes":"","_links_to":"","_links_to_target":""},"categories":[1,14],"tags":[73],"class_list":["post-3553","page","type-page","status-publish","has-post-thumbnail","hentry","category-allgemein","category-blog","tag-classnamefont-sans-font-bold-mb-2-mt-6"],"_links":{"self":[{"href":"https:\/\/troeger-services.com\/it\/wp-json\/wp\/v2\/pages\/3553","targetHints":{"allow":["GET"]}}],"collection":[{"href":"https:\/\/troeger-services.com\/it\/wp-json\/wp\/v2\/pages"}],"about":[{"href":"https:\/\/troeger-services.com\/it\/wp-json\/wp\/v2\/types\/page"}],"author":[{"embeddable":true,"href":"https:\/\/troeger-services.com\/it\/wp-json\/wp\/v2\/users\/4"}],"replies":[{"embeddable":true,"href":"https:\/\/troeger-services.com\/it\/wp-json\/wp\/v2\/comments?post=3553"}],"version-history":[{"count":0,"href":"https:\/\/troeger-services.com\/it\/wp-json\/wp\/v2\/pages\/3553\/revisions"}],"wp:featuredmedia":[{"embeddable":true,"href":"https:\/\/troeger-services.com\/it\/wp-json\/wp\/v2\/media\/4397"}],"wp:attachment":[{"href":"https:\/\/troeger-services.com\/it\/wp-json\/wp\/v2\/media?parent=3553"}],"wp:term":[{"taxonomy":"category","embeddable":true,"href":"https:\/\/troeger-services.com\/it\/wp-json\/wp\/v2\/categories?post=3553"},{"taxonomy":"post_tag","embeddable":true,"href":"https:\/\/troeger-services.com\/it\/wp-json\/wp\/v2\/tags?post=3553"}],"curies":[{"name":"wp","href":"https:\/\/api.w.org\/{rel}","templated":true}]}}