{"id":839,"date":"2021-07-20T10:15:30","date_gmt":"2021-07-20T08:15:30","guid":{"rendered":"https:\/\/troeger-services.com\/?page_id=839"},"modified":"2024-01-23T18:33:33","modified_gmt":"2024-01-23T17:33:33","slug":"impronta","status":"publish","type":"page","link":"https:\/\/troeger-services.com\/it\/impronta\/","title":{"rendered":"Impronta"},"content":{"rendered":"<div style=\"height:50px\" aria-hidden=\"true\" class=\"wp-block-spacer\"><\/div>\n\n\n\n<div class=\"wp-block-group mt-24 py-8 grid grid-cols-1 md:grid-cols-2 is-layout-flow wp-block-group-is-layout-flow\">\n<div class=\"wp-block-group is-layout-flow wp-block-group-is-layout-flow\">\n<p class=\"sub-heading d-inline\">Questioni legali<\/p>\n\n\n\n<h1 class=\"text-2xl sm:text-2xl md:text-3xl mt-1 wp-block-heading\">Impronta<\/h1>\n\n\n\n<p class=\"text-lg\">Tr\u00f6ger IT Business Consulting GmbH<br>Direttore generale: Andr\u00e9 Tr\u00f6ger<br>Tannenweg 4a<br>90522 Oberasbach<\/p>\n<\/div>\n<\/div>\n\n\n\n<div class=\"wp-block-group is-layout-flow wp-block-group-is-layout-flow\">\n<h3 class=\"text-2xl sm:text-2xl md:text-3xl mt-1 wp-block-heading\">Contatto:<\/h3>\n\n\n\n<p>Telefono: +49-160-94668937<br>Fax: +49-911-3400-449<br>E-mail: info (@) troeger-services.com<\/p>\n<\/div>\n\n\n\n<div class=\"wp-block-group my-12 is-layout-flow wp-block-group-is-layout-flow\">\n<h3 class=\"text-2xl sm:text-2xl md:text-3xl mt-1 wp-block-heading\">Codice fiscale delle vendite:<\/h3>\n\n\n\n<p>Numero di identificazione dell'imposta sulle vendite secondo il \u00a727 a della legge sull'imposta sulle vendite: DE294728181<\/p>\n<\/div>\n\n\n\n<h3 class=\"text-2xl sm:text-2xl md:text-3xl mt-1 wp-block-heading\">Codice fiscale:<\/h3>\n\n\n\n<p>218 \/ 140\/ 40507<\/p>\n\n\n\n<div class=\"wp-block-group my-12 is-layout-flow wp-block-group-is-layout-flow\">\n<h3 class=\"text-2xl sm:text-2xl md:text-3xl mt-1 wp-block-heading\">Iscrizione al registro:<\/h3>\n\n\n\n<p>Registrato nel registro delle imprese<br>Tribunale del registro: F\u00fcrth<br>Numero di registro: HRB 14456<\/p>\n<\/div>\n\n\n\n<div class=\"wp-block-group my-12 is-layout-flow wp-block-group-is-layout-flow\">\n<h3 class=\"text-2xl sm:text-2xl md:text-3xl mt-1 wp-block-heading\">Numero DUNS:<\/h3>\n\n\n\n<p>313075799<\/p>\n<\/div>\n\n\n\n<div class=\"wp-block-group my-12 is-layout-flow wp-block-group-is-layout-flow\">\n<h3 class=\"text-2xl sm:text-2xl md:text-3xl mt-1 wp-block-heading\">Responsabile del contenuto ai sensi del \u00a7 55 Abs. 2 RStV:<\/h3>\n\n\n\n<p>Andr\u00e9 Tr\u00f6ger<br>Tannenweg 4a<br>90522 Oberasbach<\/p>\n<\/div>","protected":false},"excerpt":{"rendered":"<p>Note legali Tr\u00f6ger IT Business Consulting GmbHDirettore generale: Andr\u00e9 Tr\u00f6gerTannenweg 4a90522 Oberasbach Contatto: Telefono: +49-160-94668937Telefax: +49-911-3400-449E-Mail: info (@) troeger-services.com Codice fiscale: Numero di identificazione dell'imposta sulle vendite ai sensi del \u00a727 a Umsatzsteuergesetz: DE294728181 Codice fiscale: 218 \/ 140\/ 40507 Iscrizione nel registro delle imprese Tribunale: F\u00fcrth Numero di registro: HRB 14456 Numero DUNS: 313075799 Responsabile del contenuto ai sensi del \u00a7 55 Abs. 2 RStV: Andr\u00e9 Tr\u00f6gerTannenweg 4a90522 Oberasbach<\/p>","protected":false},"author":4,"featured_media":3345,"parent":0,"menu_order":0,"comment_status":"closed","ping_status":"closed","template":"","meta":{"editor_plus_copied_stylings":"{}","_themeisle_gutenberg_block_has_review":false,"footnotes":"","_links_to":"","_links_to_target":""},"categories":[1,14],"tags":[109,108,110,17],"class_list":["post-839","page","type-page","status-publish","has-post-thumbnail","hentry","category-allgemein","category-blog","tag-impressum","tag-imprint","tag-legal","tag-titbc"],"_links":{"self":[{"href":"https:\/\/troeger-services.com\/it\/wp-json\/wp\/v2\/pages\/839","targetHints":{"allow":["GET"]}}],"collection":[{"href":"https:\/\/troeger-services.com\/it\/wp-json\/wp\/v2\/pages"}],"about":[{"href":"https:\/\/troeger-services.com\/it\/wp-json\/wp\/v2\/types\/page"}],"author":[{"embeddable":true,"href":"https:\/\/troeger-services.com\/it\/wp-json\/wp\/v2\/users\/4"}],"replies":[{"embeddable":true,"href":"https:\/\/troeger-services.com\/it\/wp-json\/wp\/v2\/comments?post=839"}],"version-history":[{"count":0,"href":"https:\/\/troeger-services.com\/it\/wp-json\/wp\/v2\/pages\/839\/revisions"}],"wp:featuredmedia":[{"embeddable":true,"href":"https:\/\/troeger-services.com\/it\/wp-json\/wp\/v2\/media\/3345"}],"wp:attachment":[{"href":"https:\/\/troeger-services.com\/it\/wp-json\/wp\/v2\/media?parent=839"}],"wp:term":[{"taxonomy":"category","embeddable":true,"href":"https:\/\/troeger-services.com\/it\/wp-json\/wp\/v2\/categories?post=839"},{"taxonomy":"post_tag","embeddable":true,"href":"https:\/\/troeger-services.com\/it\/wp-json\/wp\/v2\/tags?post=839"}],"curies":[{"name":"wp","href":"https:\/\/api.w.org\/{rel}","templated":true}]}}