{"id":1478,"date":"2021-11-02T17:22:19","date_gmt":"2021-11-02T16:22:19","guid":{"rendered":"https:\/\/troeger-services.com\/?page_id=1478"},"modified":"2024-07-04T21:23:55","modified_gmt":"2024-07-04T19:23:55","slug":"analizy-istotne-dla-dzialania","status":"publish","type":"page","link":"https:\/\/troeger-services.com\/pl\/analizy-istotne-dla-dzialania\/","title":{"rendered":"Uzyskiwanie analiz istotnych dla dzia\u0142ania poprzez ITSM, ITOM i ESM."},"content":{"rendered":"<div class=\"row-full py-5 mb-12 wp-block-group eplus-wrapper is-layout-flow wp-block-group-is-layout-flow\">\n<div class=\"wp-block-group eplus-wrapper is-layout-flow wp-block-group-is-layout-flow\"><div class=\"container mx-auto py-6 grid grid-cols-1 md:grid-cols-2 wp-block-columns eplus-wrapper is-layout-flex wp-container-core-columns-is-layout-9d6595d7 wp-block-columns-is-layout-flex eplus-styles-uid-1717c4\">\n<div class=\"lg:pr-8 xl:pr-12 order-2 md:order-1 wp-block-column is-vertically-aligned-center eplus-wrapper is-layout-flow wp-block-column-is-layout-flow\"><p class=\"sub-heading d-inline eplus-wrapper eplus-styles-uid-a62243\">Wy\u017csza dok\u0142adno\u015b\u0107 prognozowania dzi\u0119ki analizom istotnym dla dzia\u0142ania<\/p>\n\n\n<h1 class=\"text-2xl sm:text-3xl md:text-4xl mt-1 wp-block-heading eplus-wrapper\">...pomagaj\u0105 w proaktywnej realizacji zada\u0144. Zobacz z wyprzedzeniem, gdzie i co nale\u017cy zrobi\u0107, zanim dojdzie do eskalacji. ITSM, ITOM i ESM to doskona\u0142e narz\u0119dzia do osi\u0105gni\u0119cia sukcesu.<\/h1>\n\n\n\n<p class=\"eplus-wrapper\"><\/p>\n\n\n\n<p class=\"eplus-wrapper\">Wykorzystaj warto\u015b\u0107 wszystkich danych, niezale\u017cnie od ich rozmiaru.<\/p>\n\n\n\n<div class=\"wp-block-buttons eplus-wrapper is-layout-flex wp-block-buttons-is-layout-flex\"><div class=\"my-5 shadow-xl hover:shadow-lg btn-secondary bg-secondary wp-block-button eplus-wrapper eplus-styles-uid-915350\"><a class=\"wp-block-button__link wp-element-button\" href=\"https:\/\/outlook.office365.com\/owa\/calendar\/TITBCGesprchsanfragemitAndrTrger@titbc.onmicrosoft.com\/bookings\/\" style=\"border-radius:0px\" target=\"_blank\" rel=\"noreferrer noopener\">Popro\u015b o wst\u0119pn\u0105 konsultacj\u0119<\/a><\/div><\/div>\n<\/div>\n\n\n\n<div class=\"flex justify-center py-12 order-1 md:order-2 wp-block-column eplus-wrapper is-layout-flow wp-block-column-is-layout-flow\">\n<figure class=\"wp-block-image size-full eplus-wrapper\"><img loading=\"lazy\" decoding=\"async\" width=\"545\" height=\"253\" src=\"https:\/\/troeger-services.com\/wp-content\/uploads\/2021\/10\/analysen.png\" alt=\"Analizy istotne dla dzia\u0142ania Grafika\" class=\"wp-image-1493\" title=\"\" srcset=\"https:\/\/troeger-services.com\/wp-content\/uploads\/2021\/10\/analysen.png 545w, https:\/\/troeger-services.com\/wp-content\/uploads\/2021\/10\/analysen-300x139.png 300w\" sizes=\"auto, (max-width: 545px) 100vw, 545px\" \/><\/figure>\n<\/div>\n<\/div><\/div>\n<\/div>\n\n\n\n<div class=\"vorteile row-wide py-12 my-24 bg-primary-light wp-block-group eplus-wrapper is-layout-flow wp-block-group-is-layout-flow\">\n<div class=\"container mx-auto wp-block-group eplus-wrapper is-layout-flow wp-block-group-is-layout-flow\"><div class=\"iconblock grid grid-cols-1 gap-12 sm:gap-20 md:grid-cols-3 md:gap-8 lg:gap-24 xl:gap-44 wp-block-columns eplus-wrapper is-layout-flex wp-container-core-columns-is-layout-9d6595d7 wp-block-columns-is-layout-flex eplus-styles-uid-8011e1\">\n<div class=\"pt-5 wp-block-column is-vertically-aligned-top eplus-wrapper is-layout-flow wp-block-column-is-layout-flow\">\n<figure class=\"wp-block-image alignleft size-full eplus-wrapper\"><img loading=\"lazy\" decoding=\"async\" width=\"80\" height=\"80\" src=\"https:\/\/troeger-services.com\/wp-content\/uploads\/2021\/07\/konzeption.png\" alt=\"Koncepcja techniczna Icon\" class=\"wp-image-624\" title=\"\"><\/figure>\n\n\n\n<p class=\"mb-2 mt-2 eplus-wrapper\"><strong>Prognozy<\/strong><\/p>\n\n\n<p class=\"eplus-wrapper eplus-styles-uid-fe641a\">Mo\u017cesz opracowywa\u0107 bardzo dok\u0142adne i stale aktualizowane modele prognoz na podstawie nieograniczonej ilo\u015bci danych i uzyskiwa\u0107 zestawienia informacji w czasie rzeczywistym.<\/p><\/div>\n\n\n\n<div class=\"pt-5 wp-block-column is-vertically-aligned-top eplus-wrapper is-layout-flow wp-block-column-is-layout-flow\">\n<figure class=\"object-scale-down wp-block-image alignleft size-full eplus-wrapper\"><img loading=\"lazy\" decoding=\"async\" width=\"80\" height=\"80\" src=\"https:\/\/troeger-services.com\/wp-content\/uploads\/2021\/07\/icon-ausgangssituation.png\" alt=\"Ikona Sytuacja pocz\u0105tkowa\" class=\"wp-image-900\" title=\"\"><figcaption><\/figcaption><\/figure>\n\n\n\n<p class=\"mb-2 eplus-wrapper\"><strong>Spostrze\u017cenia<\/strong><\/p>\n\n\n<p class=\"eplus-wrapper eplus-styles-uid-fe641a\">Aby podejmowa\u0107 decyzje w tempie biznesowym, odkrywaj trendy, relacje i wzorce dzi\u0119ki bezpo\u015brednim prognozom.<\/p><\/div>\n\n\n\n<div class=\"pt-5 wp-block-column eplus-wrapper is-layout-flow wp-block-column-is-layout-flow\">\n<figure class=\"object-scale-down wp-block-image size-full eplus-wrapper\"><img loading=\"lazy\" decoding=\"async\" width=\"80\" height=\"80\" src=\"https:\/\/troeger-services.com\/wp-content\/uploads\/2021\/07\/icon-beratungsphase.png\" alt=\"Ikona po fazie konsultacji\" class=\"wp-image-901\" title=\"\"><figcaption><\/figcaption><\/figure>\n\n\n\n<p class=\"mb-2 mt-2 eplus-wrapper\"><strong>Automatyzacja<\/strong><meta charset=\"utf-8\"><\/p>\n\n\n<p class=\"eplus-wrapper eplus-styles-uid-fe641a\">Zmniejsz ryzyko i wykorzystaj mo\u017cliwo\u015bci biznesowe dzi\u0119ki zautomatyzowanemu monitorowaniu, wykrywaniu, analizie i rozwi\u0105zywaniu problem\u00f3w.<\/p><\/div>\n<\/div><\/div>\n<\/div>\n\n\n\n<div class=\"vorteile my-24 wp-block-group eplus-wrapper is-layout-flow wp-block-group-is-layout-flow\"><div class=\"iconblock grid grid-cols-1 gap-12 sm:gap-20 md:grid-cols-2 md:gap-8 lg:gap-24 xl:gap-44 wp-block-columns eplus-wrapper is-layout-flex wp-container-core-columns-is-layout-9d6595d7 wp-block-columns-is-layout-flex eplus-styles-uid-e05b68\">\n<div class=\"pt-5 wp-block-column is-vertically-aligned-top eplus-wrapper is-layout-flow wp-block-column-is-layout-flow\">\n<figure class=\"wp-block-image alignleft size-full eplus-wrapper\"><img loading=\"lazy\" decoding=\"async\" width=\"200\" height=\"115\" src=\"https:\/\/troeger-services.com\/wp-content\/uploads\/2021\/11\/sicherheitsanalysen.png\" alt=\"Graficzne analizy bezpiecze\u0144stwa\" class=\"wp-image-1532\" title=\"\"><\/figure>\n\n\n<h3 class=\"wp-block-heading eplus-wrapper eplus-styles-uid-a62243\"><strong>Analizy zachowa\u0144 klient\u00f3w<\/strong><\/h3>\n\n<p class=\"eplus-wrapper eplus-styles-uid-a62243\"><meta charset=\"utf-8\">Uzyskaj u\u017cyteczne, 360-stopniowe widoki interakcji z klientami dzi\u0119ki organizacjom opartym na danych. Szybko zarz\u0105dzaj i analizuj ogromne ilo\u015bci danych klient\u00f3w z wielu \u017ar\u00f3de\u0142, aby pom\u00f3c w identyfikacji zachowa\u0144 klient\u00f3w.<\/p><\/div>\n\n\n\n<div class=\"pt-5 wp-block-column is-vertically-aligned-top eplus-wrapper is-layout-flow wp-block-column-is-layout-flow\">\n<figure class=\"object-scale-down wp-block-image alignleft size-full eplus-wrapper\"><img loading=\"lazy\" decoding=\"async\" width=\"200\" height=\"115\" src=\"https:\/\/troeger-services.com\/wp-content\/uploads\/2021\/11\/kognitive-suche.png\" alt=\"Graficzne wyszukiwanie poznawcze i zdobywanie wiedzy\" class=\"wp-image-1530\" title=\"\"><figcaption><\/figcaption><\/figure>\n\n\n<h3 class=\"wp-block-heading eplus-wrapper eplus-styles-uid-a62243\"><strong><meta charset=\"utf-8\">Wyszukiwanie kognitywne i zdobywanie wiedzy<\/strong><\/h3>\n\n<p class=\"eplus-wrapper eplus-styles-uid-a62243\"><meta charset=\"utf-8\">Zrozum intencje u\u017cytkownika, a tak\u017ce wzorce i relacje mi\u0119dzy danymi. Wspierane przez kognitywne wyszukiwanie sztucznej inteligencji, znajdziesz bardzo istotne, powi\u0105zane z kontekstem informacje od swoich u\u017cytkownik\u00f3w.<\/p><\/div>\n<\/div><\/div>\n\n\n\n<div class=\"vorteile my-24 wp-block-group eplus-wrapper is-layout-flow wp-block-group-is-layout-flow\"><div class=\"iconblock grid grid-cols-1 gap-12 sm:gap-20 md:grid-cols-2 md:gap-8 lg:gap-24 xl:gap-44 wp-block-columns eplus-wrapper is-layout-flex wp-container-core-columns-is-layout-9d6595d7 wp-block-columns-is-layout-flex eplus-styles-uid-cb7382\">\n<div class=\"pt-5 wp-block-column is-vertically-aligned-top eplus-wrapper is-layout-flow wp-block-column-is-layout-flow\">\n<figure class=\"wp-block-image alignleft size-full eplus-wrapper\"><img loading=\"lazy\" decoding=\"async\" width=\"200\" height=\"115\" src=\"https:\/\/troeger-services.com\/wp-content\/uploads\/2021\/11\/iot-analysen.png\" alt=\"Graficzne analizy IoT\" class=\"wp-image-1529\" title=\"\"><\/figure>\n\n\n<h3 class=\"wp-block-heading eplus-wrapper eplus-styles-uid-a62243\"><strong><meta charset=\"utf-8\">Analizy IoT<\/strong><\/h3>\n\n<p class=\"eplus-wrapper eplus-styles-uid-a62243\"><meta charset=\"utf-8\">Zmniejsz koszty us\u0142ug i zwi\u0119ksz zadowolenie klient\u00f3w dzi\u0119ki b\u0142yskawicznej analizie wszystkich danych. Uzyskaj przydatne informacje z ogromnych ilo\u015bci danych, niezale\u017cnie od tego, czy chodzi o konserwacj\u0119 predykcyjn\u0105, inteligentn\u0105 produkcj\u0119 i nie tylko.<\/p><\/div>\n\n\n\n<div class=\"pt-5 wp-block-column is-vertically-aligned-top eplus-wrapper is-layout-flow wp-block-column-is-layout-flow\">\n<figure class=\"object-scale-down wp-block-image alignleft size-full eplus-wrapper\"><img loading=\"lazy\" decoding=\"async\" width=\"200\" height=\"115\" src=\"https:\/\/troeger-services.com\/wp-content\/uploads\/2021\/11\/operations-analytics.png\" alt=\"Analityka operacji graficznych\" class=\"wp-image-1531\" title=\"\"><figcaption><\/figcaption><\/figure>\n\n\n<h3 class=\"wp-block-heading eplus-wrapper eplus-styles-uid-a62243\"><strong><meta charset=\"utf-8\">Analityka operacyjna<\/strong><\/h3>\n\n<p class=\"eplus-wrapper eplus-styles-uid-a62243\"><meta charset=\"utf-8\">Aby obni\u017cy\u0107 koszty IT i szybciej reagowa\u0107, sztuczna inteligencja dla operacji IT zapewnia kompleksowy wgl\u0105d w czasie rzeczywistym.<\/p><\/div>\n<\/div><\/div>\n\n\n\n<div class=\"vorteile my-24 wp-block-group eplus-wrapper is-layout-flow wp-block-group-is-layout-flow\"><div class=\"iconblock grid grid-cols-1 gap-12 sm:gap-20 md:grid-cols-2 md:gap-8 lg:gap-24 xl:gap-44 wp-block-columns eplus-wrapper is-layout-flex wp-container-core-columns-is-layout-9d6595d7 wp-block-columns-is-layout-flex eplus-styles-uid-311590\">\n<div class=\"pt-5 wp-block-column is-vertically-aligned-top eplus-wrapper is-layout-flow wp-block-column-is-layout-flow\">\n<figure class=\"wp-block-image alignleft size-full eplus-wrapper\"><img loading=\"lazy\" decoding=\"async\" width=\"200\" height=\"115\" src=\"https:\/\/troeger-services.com\/wp-content\/uploads\/2021\/11\/sicherheitsanalysen.png\" alt=\"Graficzne analizy bezpiecze\u0144stwa\" class=\"wp-image-1532\" title=\"\"><\/figure>\n\n\n<h3 class=\"wp-block-heading eplus-wrapper eplus-styles-uid-a62243\"><strong><meta charset=\"utf-8\">Analizy bezpiecze\u0144stwa<\/strong><\/h3>\n\n<p class=\"eplus-wrapper eplus-styles-uid-a62243\"><meta charset=\"utf-8\">Weryfikuj incydenty bezpiecze\u0144stwa i przyspiesz wykrywanie znanych i nieznanych zagro\u017ce\u0144 dzi\u0119ki analizom bezpiecze\u0144stwa.<\/p><\/div>\n<\/div><\/div>\n\n\n\n<div style=\"height:50px\" aria-hidden=\"true\" class=\"wp-block-spacer eplus-wrapper\"><\/div>\n\n\n\n<div class=\"my-24 wp-block-group eplus-wrapper is-layout-flow wp-block-group-is-layout-flow\">\n<p class=\"sub-heading d-inline eplus-wrapper\">Studium przypadku<\/p>\n\n\n\n<h4 class=\"text-2xl sm:text-2xl md:text-3xl mt-1 wp-block-heading eplus-wrapper\" id=\"was-unsere-kunden-sagen\">Co m\u00f3wi\u0105 nasi klienci<\/h4>\n\n\n<div class=\"mt-8 grid grid-cols-1 md:grid-cols-2 wp-block-columns eplus-wrapper is-layout-flex wp-container-core-columns-is-layout-9d6595d7 wp-block-columns-is-layout-flex eplus-styles-uid-00e55c\">\n<div class=\"self-stretch wp-block-column is-vertically-aligned-top eplus-wrapper is-layout-flow wp-block-column-is-layout-flow\">\n<div class=\"relative pt-64 pb-10 overflow-hidden wp-block-group eplus-wrapper is-layout-flow wp-block-group-is-layout-flow\">\n<figure class=\"absolute inset-0 h-full w-full object-cover wp-block-image size-full eplus-wrapper\"><img loading=\"lazy\" decoding=\"async\" width=\"675\" height=\"850\" src=\"https:\/\/troeger-services.com\/wp-content\/uploads\/2021\/08\/einfuehrung-digitalen-leitstand.jpg\" alt=\"Spotkanie w sprawie wprowadzenia cyfrowego centrum kontroli\" class=\"wp-image-1240\" title=\"\" srcset=\"https:\/\/troeger-services.com\/wp-content\/uploads\/2021\/08\/einfuehrung-digitalen-leitstand.jpg 675w, https:\/\/troeger-services.com\/wp-content\/uploads\/2021\/08\/einfuehrung-digitalen-leitstand-238x300.jpg 238w, https:\/\/troeger-services.com\/wp-content\/uploads\/2021\/08\/einfuehrung-digitalen-leitstand-572x720.jpg 572w\" sizes=\"auto, (max-width: 675px) 100vw, 675px\" \/><figcaption><\/figcaption><\/figure>\n\n\n\n<div class=\"absolute inset-0 mix-blend-multiply bg-primary opacity-70 wp-block-group eplus-wrapper is-layout-flow wp-block-group-is-layout-flow\"><\/div>\n\n\n\n<div class=\"relative px-8 wp-block-group eplus-wrapper is-layout-flow wp-block-group-is-layout-flow\">\n<p class=\"text-white eplus-wrapper\">Studium przypadku producenta samochod\u00f3w premium<\/p>\n<\/div>\n<\/div>\n<\/div>\n\n\n\n<div class=\"border p-8 self-stretch wp-block-column is-vertically-aligned-top eplus-wrapper is-layout-flow wp-block-column-is-layout-flow\"><p class=\"mb-2 eplus-wrapper eplus-styles-uid-a62243\"><strong>Jak wiod\u0105cy niemiecki producent samochod\u00f3w klasy premium wprowadzi\u0142 cyfrowe centrum sterowania<\/strong><\/p>\n\n<p class=\"eplus-wrapper eplus-styles-uid-a62243\"><meta charset=\"utf-8\"><meta charset=\"utf-8\">Po trzech miesi\u0105cach fazy projektowej dane by\u0142y rejestrowane w czasie rzeczywistym, a dzi\u0119ki analizie por\u00f3wnawczej wydajno\u015bci do sz\u00f3stego miesi\u0105ca, procesy zosta\u0142y zoptymalizowane w taki spos\u00f3b, \u017ce oszcz\u0119dno\u015bci w przedziale od sze\u015bciu cyfr do miliona by\u0142y natychmiast zauwa\u017calne.<\/p>\n\n\n<p class=\"mt-5 text-base font-medium text-secondary eplus-wrapper\"><a href=\"https:\/\/troeger-services.com\/pl\/kontakt\/\" data-type=\"page\" data-id=\"13\"><\/a><a href=\"https:\/\/troeger-services.com\/pl\/motoryzacja\/\" data-type=\"post\" data-id=\"891\">\u2192 Czytaj wi\u0119cej<\/a><\/p>\n<\/div>\n<\/div><\/div>","protected":false},"excerpt":{"rendered":"<p>H\u00f6here Prognosegenauigkeit durch Handlungsrelevante Analysen &#8230;helfen Ihnen Proaktiv Ihre Aufgaben zu erledigen. Sehen Sie im Vorfeld bevor etwas eskaliert, wo und was zu tun ist. ITSM, ITOM und ESM sind Ihre perfekten Werkzeuge f\u00fcr Ihren Erfolg. Nutzen Sie den Wert aus allen Ihren Daten, unabh\u00e4ngig vom Datenausma\u00df. Prognosen Aus unbegrenzten Mengen Ihrer Daten k\u00f6nnen Sie [&hellip;]<\/p>\n","protected":false},"author":4,"featured_media":1492,"parent":0,"menu_order":0,"comment_status":"closed","ping_status":"closed","template":"","meta":{"editor_plus_copied_stylings":"{}","_themeisle_gutenberg_block_has_review":false,"footnotes":"","_links_to":"","_links_to_target":""},"categories":[],"tags":[20,23,45,21,47,49,51,42,22,53,57,43,41,19,18,59,44,46,25,55,48,50,52,54,61,58,60,56,26],"class_list":["post-1478","page","type-page","status-publish","has-post-thumbnail","hentry","tag-esm","tag-assyst","tag-availability-management","tag-blog","tag-capacity-and-performance-management","tag-change-enablement","tag-deployment-management","tag-enterprise-service-management","tag-ifs","tag-incident-management","tag-it-asset-management","tag-it-operations-management","tag-it-service-management","tag-itom","tag-itsm","tag-knowledge-management","tag-micro-focus","tag-monitoring-and-event-management","tag-opentext","tag-problem-management","tag-release-management","tag-service-catalog-management","tag-service-configuration-management","tag-service-continuity-management","tag-service-desk","tag-service-financial-management","tag-service-level-management","tag-service-request-management","tag-smax"],"_links":{"self":[{"href":"https:\/\/troeger-services.com\/pl\/wp-json\/wp\/v2\/pages\/1478","targetHints":{"allow":["GET"]}}],"collection":[{"href":"https:\/\/troeger-services.com\/pl\/wp-json\/wp\/v2\/pages"}],"about":[{"href":"https:\/\/troeger-services.com\/pl\/wp-json\/wp\/v2\/types\/page"}],"author":[{"embeddable":true,"href":"https:\/\/troeger-services.com\/pl\/wp-json\/wp\/v2\/users\/4"}],"replies":[{"embeddable":true,"href":"https:\/\/troeger-services.com\/pl\/wp-json\/wp\/v2\/comments?post=1478"}],"version-history":[{"count":0,"href":"https:\/\/troeger-services.com\/pl\/wp-json\/wp\/v2\/pages\/1478\/revisions"}],"wp:featuredmedia":[{"embeddable":true,"href":"https:\/\/troeger-services.com\/pl\/wp-json\/wp\/v2\/media\/1492"}],"wp:attachment":[{"href":"https:\/\/troeger-services.com\/pl\/wp-json\/wp\/v2\/media?parent=1478"}],"wp:term":[{"taxonomy":"category","embeddable":true,"href":"https:\/\/troeger-services.com\/pl\/wp-json\/wp\/v2\/categories?post=1478"},{"taxonomy":"post_tag","embeddable":true,"href":"https:\/\/troeger-services.com\/pl\/wp-json\/wp\/v2\/tags?post=1478"}],"curies":[{"name":"wp","href":"https:\/\/api.w.org\/{rel}","templated":true}]}}