{"id":2547,"date":"2023-12-14T23:42:04","date_gmt":"2023-12-14T22:42:04","guid":{"rendered":"https:\/\/troeger-services.com\/?page_id=2547"},"modified":"2024-07-05T00:04:48","modified_gmt":"2024-07-04T22:04:48","slug":"ihre-rolle-service-desk","status":"publish","type":"page","link":"https:\/\/troeger-services.com\/pl\/ihre-rolle-service-desk\/","title":{"rendered":"Twoja rola\/stanowisko Service Desk i ITSM, ITOM i ESM."},"content":{"rendered":"<div class=\"row-full py-5 mb-12 wp-block-group eplus-wrapper is-layout-flow wp-block-group-is-layout-flow\">\n<div class=\"wp-block-group eplus-wrapper is-layout-flow wp-block-group-is-layout-flow\"><div class=\"container mx-auto py-6 grid grid-cols-1 md:grid-cols-2 wp-block-columns eplus-wrapper is-layout-flex wp-container-core-columns-is-layout-9d6595d7 wp-block-columns-is-layout-flex eplus-styles-uid-4faef0\">\n<div class=\"lg:pr-8 xl:pr-12 order-2 md:order-1 wp-block-column is-vertically-aligned-center eplus-wrapper is-layout-flow wp-block-column-is-layout-flow\">\n<p class=\"sub-heading d-inline eplus-wrapper\">Twoja rola\/stanowisko Service Desk i ITSM, ITOM i ESM.<\/p>\n\n\n\n<h1 class=\"text-2xl sm:text-3xl md:text-4xl mt-1 wp-block-heading eplus-wrapper\">Zespo\u0142y serwisowe na ca\u0142ym \u015bwiecie zmagaj\u0105 si\u0119 z tymi samymi wyzwaniami. Dzi\u0119ki p\u0142ynnej integracji rozwi\u0105za\u0144 ITSM, ITOM i ESM - \"Przyspiesz tempo rozwi\u0105zywania problem\u00f3w i skoncentruj si\u0119 na swojej podstawowej pracy\". <\/h1>\n\n\n\n<p class=\"eplus-wrapper\"><\/p>\n\n\n\n<div class=\"wp-block-buttons eplus-wrapper is-layout-flex wp-block-buttons-is-layout-flex\"><div class=\"my-5 shadow-xl hover:shadow-lg btn-secondary bg-secondary wp-block-button eplus-wrapper eplus-styles-uid-c3a531\"><a class=\"wp-block-button__link wp-element-button\" href=\"https:\/\/outlook.office365.com\/owa\/calendar\/TITBCGesprchsanfragemitAndrTrger@titbc.onmicrosoft.com\/bookings\/\" style=\"border-radius:0px\" target=\"_blank\" rel=\"noreferrer noopener\">Popro\u015b o wst\u0119pn\u0105 konsultacj\u0119<\/a><\/div><\/div>\n<\/div>\n\n\n\n<div class=\"flex justify-center py-12 order-1 md:order-2 wp-block-column eplus-wrapper is-layout-flow wp-block-column-is-layout-flow\">\n<figure class=\"wp-block-image size-full eplus-wrapper\"><img loading=\"lazy\" decoding=\"async\" width=\"545\" height=\"253\" src=\"https:\/\/troeger-services.com\/wp-content\/uploads\/2021\/10\/analysen.png\" alt=\"Analizy istotne dla dzia\u0142ania Grafika\" class=\"wp-image-1493\" title=\"\" srcset=\"https:\/\/troeger-services.com\/wp-content\/uploads\/2021\/10\/analysen.png 545w, https:\/\/troeger-services.com\/wp-content\/uploads\/2021\/10\/analysen-300x139.png 300w\" sizes=\"auto, (max-width: 545px) 100vw, 545px\" \/><\/figure>\n<\/div>\n<\/div><\/div>\n<\/div>\n\n\n\n<div class=\"wp-block-group eplus-wrapper is-layout-constrained wp-block-group-is-layout-constrained\">\n<p class=\"eplus-wrapper\"><\/p>\n\n\n<h2 class=\"wp-block-heading has-text-align-center eplus-wrapper eplus-styles-uid-b40465\">Odci\u0105\u017c biuro obs\u0142ugi klienta!<\/h2>\n\n\n<p class=\"eplus-wrapper\"><\/p>\n<\/div>\n\n\n<div class=\"iconblock grid grid-cols-1 gap-12 sm:gap-20 md:grid-cols-3 md:gap-8 lg:gap-24 xl:gap-44 mt-8 wp-block-columns has-white-color has-blau-background-color has-text-color has-background has-link-color eplus-wrapper wp-elements-0c78aa6704e0b3ddfe9b34d53e805a27 is-layout-flex wp-container-core-columns-is-layout-9d6595d7 wp-block-columns-is-layout-flex eplus-styles-uid-335030\">\n<div class=\"wp-block-column eplus-wrapper is-layout-flow wp-block-column-is-layout-flow\">\n<figure class=\"wp-block-image aligncenter size-full eplus-wrapper\"><img loading=\"lazy\" decoding=\"async\" width=\"100\" height=\"101\" src=\"https:\/\/troeger-services.com\/wp-content\/uploads\/2023\/12\/TITBC_Icons_General-Dark-Purple_Requirements.png\" alt=\"\" class=\"wp-image-2488\" title=\"\" srcset=\"https:\/\/troeger-services.com\/wp-content\/uploads\/2023\/12\/TITBC_Icons_General-Dark-Purple_Requirements.png 100w, https:\/\/troeger-services.com\/wp-content\/uploads\/2023\/12\/TITBC_Icons_General-Dark-Purple_Requirements-12x12.png 12w\" sizes=\"auto, (max-width: 100px) 100vw, 100px\" \/><\/figure>\n\n\n\n<p class=\"mb-2 mt-6 text-2xl has-text-align-center eplus-wrapper\"><strong>Niepotrzebna praca administracyjna<br><\/strong><meta charset=\"utf-8\"><meta charset=\"utf-8\"><\/p>\n\n\n\n<p class=\"text-xl has-text-align-center has-white-color has-text-color has-link-color eplus-wrapper wp-elements-5d35dd8f79d95322f4ed18e83703675e\">Powtarzalne, \u017cmudne zadania administracyjne oznaczaj\u0105, \u017ce zespo\u0142y sp\u0119dzaj\u0105 zbyt du\u017co czasu na gaszeniu po\u017car\u00f3w.<\/p>\n<\/div>\n\n\n\n<div class=\"wp-block-column eplus-wrapper is-layout-flow wp-block-column-is-layout-flow\">\n<figure class=\"wp-block-image aligncenter size-full eplus-wrapper\"><img loading=\"lazy\" decoding=\"async\" width=\"101\" height=\"100\" src=\"https:\/\/troeger-services.com\/wp-content\/uploads\/2023\/12\/TITBC_Icons_General-Dark-Purple_Eye.png\" alt=\"\" class=\"wp-image-2500\" title=\"\" srcset=\"https:\/\/troeger-services.com\/wp-content\/uploads\/2023\/12\/TITBC_Icons_General-Dark-Purple_Eye.png 101w, https:\/\/troeger-services.com\/wp-content\/uploads\/2023\/12\/TITBC_Icons_General-Dark-Purple_Eye-12x12.png 12w\" sizes=\"auto, (max-width: 101px) 100vw, 101px\" \/><\/figure>\n\n\n\n<p class=\"mb-2 mt-6 text-2xl has-text-align-center eplus-wrapper\"><meta charset=\"utf-8\"><strong>S\u0142aba widoczno\u015b\u0107<\/strong><\/p>\n\n\n\n<p class=\"text-xl has-text-align-center has-white-color has-text-color has-link-color eplus-wrapper wp-elements-38ab7f73428be81be1b0bf32fe5e9411\">Zespo\u0142y serwisowe nie maj\u0105 wgl\u0105du w zg\u0142oszenia serwisowe z lotu ptaka, co oznacza, \u017ce wa\u017cne zadania s\u0105 zbyt cz\u0119sto pomijane.<\/p>\n<\/div>\n\n\n\n<div class=\"wp-block-column eplus-wrapper is-layout-flow wp-block-column-is-layout-flow\">\n<figure class=\"wp-block-image aligncenter size-full eplus-wrapper\"><img loading=\"lazy\" decoding=\"async\" width=\"101\" height=\"101\" src=\"https:\/\/troeger-services.com\/wp-content\/uploads\/2023\/12\/TITBC_Icons_General-Dark-Purple_Clock.png\" alt=\"\" class=\"wp-image-2502\" title=\"\" srcset=\"https:\/\/troeger-services.com\/wp-content\/uploads\/2023\/12\/TITBC_Icons_General-Dark-Purple_Clock.png 101w, https:\/\/troeger-services.com\/wp-content\/uploads\/2023\/12\/TITBC_Icons_General-Dark-Purple_Clock-12x12.png 12w\" sizes=\"auto, (max-width: 101px) 100vw, 101px\" \/><\/figure>\n\n\n\n<p class=\"mb-2 mt-6 text-2xl has-text-align-center eplus-wrapper\"><meta charset=\"utf-8\"><strong>Brak zwinno\u015bci<br><\/strong><meta charset=\"utf-8\"><\/p>\n\n\n\n<p class=\"text-xl has-text-align-center has-white-color has-text-color has-link-color eplus-wrapper wp-elements-4c8e07d2ffda599d3393043cdbca5374\">Przestarza\u0142a technologia oznacza, \u017ce zespo\u0142y serwisowe musz\u0105 siedzie\u0107 przy biurku, aby przegl\u0105da\u0107 zg\u0142oszenia, co uniemo\u017cliwia im rozwi\u0105zywanie problem\u00f3w w podr\u00f3\u017cy lub w terenie.<\/p>\n<\/div>\n<\/div>\n\n\n<div class=\"wp-block-group eplus-wrapper is-layout-constrained wp-block-group-is-layout-constrained\">\n<div style=\"height:21px\" aria-hidden=\"true\" class=\"wp-block-spacer eplus-wrapper\"><\/div>\n\n\n\n<figure class=\"wp-block-image aligncenter size-full is-resized eplus-wrapper\"><img loading=\"lazy\" decoding=\"async\" width=\"147\" height=\"150\" src=\"https:\/\/troeger-services.com\/wp-content\/uploads\/2023\/12\/tibc_logo_1zeilig_rgb-1-e1702089590391.png\" alt=\"Logo firmy TITBC, ekspert\u00f3w w dziedzinie ITSM, ITOM, ESM. Jedyni eksperci, kt\u00f3rzy uwzgl\u0119dniaj\u0105 wszystkie perspektywy, aby zagwarantowa\u0107 sukces.\" class=\"wp-image-1985\" style=\"object-fit:cover;width:75px;height:75px\" title=\"\"><\/figure>\n<\/div>\n\n\n\n<div style=\"height:32px\" aria-hidden=\"true\" class=\"wp-block-spacer eplus-wrapper\"><\/div>\n\n\n\n\n\n\n\n\n\n\n\n<\/p>\n\n\n\n<div class=\"wp-block-media-text is-stacked-on-mobile eplus-wrapper\"><figure class=\"wp-block-media-text__media\"><video controls src=\"https:\/\/troeger-services.com\/wp-content\/uploads\/2023\/12\/unterschied-itsm-itom-esm-erklaert-en.mp4\"><\/video><\/figure><div class=\"wp-block-media-text__content\"><p class=\"sub-heading d-inline eplus-wrapper eplus-styles-uid-a62243\"><strong>WYJA\u015aNIENIE R\u00d3\u017bNIC MI\u0118DZY ITM, ESM I ITOM.<\/strong><\/p>\n\n\n<p class=\"eplus-wrapper\"><\/p>\n\n\n<p class=\"text-lg eplus-wrapper eplus-styles-uid-fe641a\">W tym filmie chcia\u0142bym wyja\u015bni\u0107 r\u00f3\u017cnice mi\u0119dzy zarz\u0105dzaniem us\u0142ugami IT, zarz\u0105dzaniem us\u0142ugami korporacyjnymi i zarz\u0105dzaniem operacjami IT<\/p><\/div><\/div>\n\n\n<p>\n\n\n\n\n\n\n\n\n\n<div class=\"wp-block-group eplus-wrapper is-layout-constrained wp-block-group-is-layout-constrained\">\n<div style=\"height:21px\" aria-hidden=\"true\" class=\"wp-block-spacer eplus-wrapper\"><\/div>\n\n\n\n<figure class=\"wp-block-image aligncenter size-full is-resized eplus-wrapper\"><img loading=\"lazy\" decoding=\"async\" width=\"147\" height=\"150\" src=\"https:\/\/troeger-services.com\/wp-content\/uploads\/2023\/12\/tibc_logo_1zeilig_rgb-1-e1702089590391.png\" alt=\"Logo firmy TITBC, ekspert\u00f3w w dziedzinie ITSM, ITOM, ESM. Jedyni eksperci, kt\u00f3rzy uwzgl\u0119dniaj\u0105 wszystkie perspektywy, aby zagwarantowa\u0107 sukces.\" class=\"wp-image-1985\" style=\"object-fit:cover;width:75px;height:75px\" title=\"\"><\/figure>\n<\/div>\n\n\n\n<div style=\"height:32px\" aria-hidden=\"true\" class=\"wp-block-spacer eplus-wrapper\"><\/div>\n\n\n\n<p class=\"eplus-wrapper\"><\/p>\n\n\n<h2 class=\"wp-block-heading has-text-align-center eplus-wrapper eplus-styles-uid-b40465\">To samo biuro obs\u0142ugi, mniej stresu!<\/h2>\n\n\n<p class=\"eplus-wrapper\"><\/p>\n\n\n<div class=\"iconblock grid grid-cols-1 gap-12 sm:gap-20 md:grid-cols-3 md:gap-8 lg:gap-24 xl:gap-44 mt-8 wp-block-columns has-white-color has-blau-background-color has-text-color has-background has-link-color eplus-wrapper wp-elements-bf754835b0d9a9c33fa1b4954b5f25cd is-layout-flex wp-container-core-columns-is-layout-9d6595d7 wp-block-columns-is-layout-flex eplus-styles-uid-57ccad\">\n<div class=\"wp-block-column eplus-wrapper is-layout-flow wp-block-column-is-layout-flow\">\n<figure class=\"wp-block-image aligncenter size-full eplus-wrapper\"><img loading=\"lazy\" decoding=\"async\" width=\"100\" height=\"101\" src=\"https:\/\/troeger-services.com\/wp-content\/uploads\/2023\/12\/TITBC_Icons_General-Dark-Purple_Requirements.png\" alt=\"\" class=\"wp-image-2488\" title=\"\" srcset=\"https:\/\/troeger-services.com\/wp-content\/uploads\/2023\/12\/TITBC_Icons_General-Dark-Purple_Requirements.png 100w, https:\/\/troeger-services.com\/wp-content\/uploads\/2023\/12\/TITBC_Icons_General-Dark-Purple_Requirements-12x12.png 12w\" sizes=\"auto, (max-width: 100px) 100vw, 100px\" \/><\/figure>\n\n\n\n<p class=\"mb-2 mt-6 text-2xl has-text-align-center eplus-wrapper\"><strong>Zmniejszenie obci\u0105\u017cenia administracyjnego<br><\/strong><meta charset=\"utf-8\"><\/p>\n\n\n\n<p class=\"text-xl has-text-align-center eplus-wrapper\"><meta charset=\"utf-8\">Zautomatyzuj swoje biuro obs\u0142ugi klienta, aby wyeliminowa\u0107 niepotrzebne zadania administracyjne i przesta\u0107 grz\u0119zn\u0105\u0107 w zadaniach o niskiej warto\u015bci.<\/p>\n<\/div>\n\n\n\n<div class=\"wp-block-column eplus-wrapper is-layout-flow wp-block-column-is-layout-flow\">\n<figure class=\"wp-block-image aligncenter size-full eplus-wrapper\"><img loading=\"lazy\" decoding=\"async\" width=\"101\" height=\"101\" src=\"https:\/\/troeger-services.com\/wp-content\/uploads\/2023\/12\/TITBC_FunctionalityDarkPurpleSelfService.png\" alt=\"\" class=\"wp-image-2507\" title=\"\" srcset=\"https:\/\/troeger-services.com\/wp-content\/uploads\/2023\/12\/TITBC_FunctionalityDarkPurpleSelfService.png 101w, https:\/\/troeger-services.com\/wp-content\/uploads\/2023\/12\/TITBC_FunctionalityDarkPurpleSelfService-12x12.png 12w\" sizes=\"auto, (max-width: 101px) 100vw, 101px\" \/><\/figure>\n\n\n\n<p class=\"mb-2 mt-6 text-2xl has-text-align-center eplus-wrapper\"><meta charset=\"utf-8\"><strong>W\u0142\u0105cz samoobs\u0142ug\u0119<\/strong><\/p>\n\n\n\n<p class=\"text-xl has-text-align-center has-white-color has-text-color has-link-color eplus-wrapper wp-elements-5d5ea5895dd3bcba466a57be0b7780ae\">Daj u\u017cytkownikom ko\u0144cowym mo\u017cliwo\u015b\u0107 znalezienia prostych rozwi\u0105za\u0144 ich problem\u00f3w, aby\u015b Ty nie musia\u0142 tego robi\u0107.<\/p>\n<\/div>\n\n\n\n<div class=\"wp-block-column eplus-wrapper is-layout-flow wp-block-column-is-layout-flow\">\n<figure class=\"wp-block-image aligncenter size-full eplus-wrapper\"><img loading=\"lazy\" decoding=\"async\" width=\"101\" height=\"101\" src=\"https:\/\/troeger-services.com\/wp-content\/uploads\/2023\/12\/TITBC_Icons_General-Dark-Purple_Employee-Satisfaction.png\" alt=\"\" class=\"wp-image-2501\" title=\"\" srcset=\"https:\/\/troeger-services.com\/wp-content\/uploads\/2023\/12\/TITBC_Icons_General-Dark-Purple_Employee-Satisfaction.png 101w, https:\/\/troeger-services.com\/wp-content\/uploads\/2023\/12\/TITBC_Icons_General-Dark-Purple_Employee-Satisfaction-12x12.png 12w\" sizes=\"auto, (max-width: 101px) 100vw, 101px\" \/><\/figure>\n\n\n\n<p class=\"mb-2 mt-6 text-2xl has-text-align-center eplus-wrapper\"><meta charset=\"utf-8\"><strong>Wi\u0119ksze do\u015bwiadczenie serwisowe<br><\/strong><meta charset=\"utf-8\"><\/p>\n\n\n\n<p class=\"text-xl has-text-align-center eplus-wrapper\">Zbierz wszystkie zg\u0142oszenia w jednym oknie, aby szybko je rozwi\u0105za\u0107 i o niczym nie zapomnie\u0107.<\/p>\n<\/div>\n<\/div>\n\n<div class=\"iconblock grid grid-cols-1 gap-12 sm:gap-20 md:grid-cols-3 md:gap-8 lg:gap-24 xl:gap-44 mt-8 wp-block-columns has-white-color has-blau-background-color has-text-color has-background has-link-color eplus-wrapper wp-elements-caaeb80b1772963cbec71c006e2e1a70 is-layout-flex wp-container-core-columns-is-layout-9d6595d7 wp-block-columns-is-layout-flex eplus-styles-uid-1dd570\">\n<div class=\"wp-block-column eplus-wrapper is-layout-flow wp-block-column-is-layout-flow\">\n<figure class=\"wp-block-image aligncenter size-full eplus-wrapper\"><img loading=\"lazy\" decoding=\"async\" width=\"100\" height=\"101\" src=\"https:\/\/troeger-services.com\/wp-content\/uploads\/2023\/12\/TITBC_Icons_General-Dark-Purple_Global.png\" alt=\"\" class=\"wp-image-2499\" title=\"\" srcset=\"https:\/\/troeger-services.com\/wp-content\/uploads\/2023\/12\/TITBC_Icons_General-Dark-Purple_Global.png 100w, https:\/\/troeger-services.com\/wp-content\/uploads\/2023\/12\/TITBC_Icons_General-Dark-Purple_Global-12x12.png 12w\" sizes=\"auto, (max-width: 100px) 100vw, 100px\" \/><\/figure>\n\n\n\n<p class=\"mb-2 mt-6 text-2xl has-text-align-center eplus-wrapper\"><strong>W\u0142\u0105cz zdalny dost\u0119p<br><\/strong><meta charset=\"utf-8\"><meta charset=\"utf-8\"><\/p>\n\n\n\n<p class=\"text-xl has-text-align-center has-white-color has-text-color has-link-color eplus-wrapper wp-elements-4286c67827bb8567222b05f448d6eb16\">Zapewnij swoim zespo\u0142om serwisowym swobod\u0119 przegl\u0105dania i rozwi\u0105zywania zg\u0142osze\u0144 z dowolnego miejsca i w dowolnym czasie.<\/p>\n<\/div>\n\n\n\n<div class=\"wp-block-column eplus-wrapper is-layout-flow wp-block-column-is-layout-flow\">\n<figure class=\"wp-block-image aligncenter size-full eplus-wrapper\"><img loading=\"lazy\" decoding=\"async\" width=\"101\" height=\"101\" src=\"https:\/\/troeger-services.com\/wp-content\/uploads\/2023\/12\/TITBC_Icons_General-Dark-Purple_Support.png\" alt=\"\" class=\"wp-image-2506\" title=\"\" srcset=\"https:\/\/troeger-services.com\/wp-content\/uploads\/2023\/12\/TITBC_Icons_General-Dark-Purple_Support.png 101w, https:\/\/troeger-services.com\/wp-content\/uploads\/2023\/12\/TITBC_Icons_General-Dark-Purple_Support-12x12.png 12w\" sizes=\"auto, (max-width: 101px) 100vw, 101px\" \/><\/figure>\n\n\n\n<p class=\"mb-2 mt-6 text-2xl has-text-align-center eplus-wrapper\"><meta charset=\"utf-8\"><strong>Ograniczenie powtarzaj\u0105cych si\u0119 po\u0142\u0105cze\u0144<\/strong><\/p>\n\n\n\n<p class=\"text-xl has-text-align-center has-white-color has-text-color has-link-color eplus-wrapper wp-elements-f9e2e852aeefe4427a1e815473c83464\">Przekieruj do 80 % po\u0142\u0105cze\u0144 z centrum obs\u0142ugi dzi\u0119ki \u0142atwo dost\u0119pnym narz\u0119dziom serwisowym.<\/p>\n<\/div>\n\n\n\n<div class=\"wp-block-column eplus-wrapper is-layout-flow wp-block-column-is-layout-flow\">\n<figure class=\"wp-block-image aligncenter size-full eplus-wrapper\"><img loading=\"lazy\" decoding=\"async\" width=\"101\" height=\"100\" src=\"https:\/\/troeger-services.com\/wp-content\/uploads\/2023\/12\/TITBC_Icons_General-Dark-Purple_Eye.png\" alt=\"\" class=\"wp-image-2500\" title=\"\" srcset=\"https:\/\/troeger-services.com\/wp-content\/uploads\/2023\/12\/TITBC_Icons_General-Dark-Purple_Eye.png 101w, https:\/\/troeger-services.com\/wp-content\/uploads\/2023\/12\/TITBC_Icons_General-Dark-Purple_Eye-12x12.png 12w\" sizes=\"auto, (max-width: 101px) 100vw, 101px\" \/><\/figure>\n\n\n\n<p class=\"mb-2 mt-6 text-2xl has-text-align-center eplus-wrapper\"><meta charset=\"utf-8\"><strong>Uzyskanie przydatnych informacji<br><\/strong><meta charset=\"utf-8\"><\/p>\n\n\n\n<p class=\"text-xl has-text-align-center has-white-color has-text-color has-link-color eplus-wrapper wp-elements-ebe18fd039f41bc634430374c55ec6e7\">Analizy danych IT w czasie rzeczywistym dostarczaj\u0105 agentom przydatnych informacji i pomagaj\u0105 szybciej rozwi\u0105zywa\u0107 problemy.<\/p>\n<\/div>\n<\/div>\n\n\n<div class=\"wp-block-buttons eplus-wrapper is-layout-flex wp-block-buttons-is-layout-flex\"><div class=\"my-5 shadow-xl hover:shadow-lg btn-secondary bg-secondary wp-block-button eplus-wrapper eplus-styles-uid-a86610\"><a class=\"wp-block-button__link wp-element-button\" href=\"https:\/\/outlook.office365.com\/owa\/calendar\/TITBCGesprchsanfragemitAndrTrger@titbc.onmicrosoft.com\/bookings\/\" style=\"border-radius:0px\" target=\"_blank\" rel=\"noreferrer noopener\">Popro\u015b o wst\u0119pn\u0105 konsultacj\u0119<\/a><\/div>\n\n<div class=\"my-5 shadow-xl hover:shadow-lg btn-secondary bg-secondary wp-block-button eplus-wrapper eplus-styles-uid-f9d52b\"><a class=\"wp-block-button__link wp-element-button\" href=\"https:\/\/troeger-services.com\/pl\/wir-stellen-unsere-partner-vor\/\" style=\"border-radius:0px\">Nasi partnerzy<\/a><\/div><\/div>\n\n\n\n<div class=\"wp-block-group eplus-wrapper is-layout-constrained wp-block-group-is-layout-constrained\"><\/div>","protected":false},"excerpt":{"rendered":"<p>Ihre Rolle\/Position Servicedesk und ITSM, ITOM und ESM. \u00dcberall k\u00e4mpfen Serviceteams mit den gleichen Herausforderungen. Durch eine nahtlose Integration von ITSM, ITOM und ESM L\u00f6sungen &#8211; &#8222;Beschleunigen Sie Ihre L\u00f6sungsrate und fokussieren Sie sich auf Ihre eigentliche Arbeit&#8220; &#8211; Nehmen Sie den Stress aus dem Service Desk! Unn\u00f6tiger Verwaltungsaufwand Sich wiederholende, m\u00fchsame Verwaltungsaufgaben bedeuten, dass [&hellip;]<\/p>\n","protected":false},"author":4,"featured_media":3399,"parent":0,"menu_order":0,"comment_status":"closed","ping_status":"closed","template":"","meta":{"editor_plus_copied_stylings":"{}","_themeisle_gutenberg_block_has_review":false,"footnotes":"","_links_to":"","_links_to_target":""},"categories":[1,14],"tags":[20,23,45,21,47,49,51,42,22,53,57,43,41,19,18,59,44,46,25,55,48,50,52,54,61,58,60,56,26],"class_list":["post-2547","page","type-page","status-publish","has-post-thumbnail","hentry","category-allgemein","category-blog","tag-esm","tag-assyst","tag-availability-management","tag-blog","tag-capacity-and-performance-management","tag-change-enablement","tag-deployment-management","tag-enterprise-service-management","tag-ifs","tag-incident-management","tag-it-asset-management","tag-it-operations-management","tag-it-service-management","tag-itom","tag-itsm","tag-knowledge-management","tag-micro-focus","tag-monitoring-and-event-management","tag-opentext","tag-problem-management","tag-release-management","tag-service-catalog-management","tag-service-configuration-management","tag-service-continuity-management","tag-service-desk","tag-service-financial-management","tag-service-level-management","tag-service-request-management","tag-smax"],"_links":{"self":[{"href":"https:\/\/troeger-services.com\/pl\/wp-json\/wp\/v2\/pages\/2547","targetHints":{"allow":["GET"]}}],"collection":[{"href":"https:\/\/troeger-services.com\/pl\/wp-json\/wp\/v2\/pages"}],"about":[{"href":"https:\/\/troeger-services.com\/pl\/wp-json\/wp\/v2\/types\/page"}],"author":[{"embeddable":true,"href":"https:\/\/troeger-services.com\/pl\/wp-json\/wp\/v2\/users\/4"}],"replies":[{"embeddable":true,"href":"https:\/\/troeger-services.com\/pl\/wp-json\/wp\/v2\/comments?post=2547"}],"version-history":[{"count":0,"href":"https:\/\/troeger-services.com\/pl\/wp-json\/wp\/v2\/pages\/2547\/revisions"}],"wp:featuredmedia":[{"embeddable":true,"href":"https:\/\/troeger-services.com\/pl\/wp-json\/wp\/v2\/media\/3399"}],"wp:attachment":[{"href":"https:\/\/troeger-services.com\/pl\/wp-json\/wp\/v2\/media?parent=2547"}],"wp:term":[{"taxonomy":"category","embeddable":true,"href":"https:\/\/troeger-services.com\/pl\/wp-json\/wp\/v2\/categories?post=2547"},{"taxonomy":"post_tag","embeddable":true,"href":"https:\/\/troeger-services.com\/pl\/wp-json\/wp\/v2\/tags?post=2547"}],"curies":[{"name":"wp","href":"https:\/\/api.w.org\/{rel}","templated":true}]}}