{"id":2572,"date":"2023-12-15T02:08:59","date_gmt":"2023-12-15T01:08:59","guid":{"rendered":"https:\/\/troeger-services.com\/?page_id=2572"},"modified":"2024-07-05T05:12:42","modified_gmt":"2024-07-05T03:12:42","slug":"maja-na-celu-poprawe-jakosci-uslug","status":"publish","type":"page","link":"https:\/\/troeger-services.com\/pl\/maja-na-celu-poprawe-jakosci-uslug\/","title":{"rendered":"Odkryj ulepszone us\u0142ugi dzi\u0119ki ITSM"},"content":{"rendered":"<div class=\"row-full py-5 mb-12 eplus-wrapper wp-block-group is-layout-flow wp-block-group-is-layout-flow\">\n<div class=\"eplus-wrapper wp-block-group is-layout-flow wp-block-group-is-layout-flow\"><div class=\"container mx-auto py-6 grid grid-cols-1 md:grid-cols-2 eplus-wrapper wp-block-columns is-layout-flex wp-container-core-columns-is-layout-9d6595d7 wp-block-columns-is-layout-flex eplus-styles-uid-ffa728\">\n<div class=\"lg:pr-8 xl:pr-12 order-2 md:order-1 eplus-wrapper wp-block-column is-vertically-aligned-center is-layout-flow wp-block-column-is-layout-flow\"><p class=\"sub-heading d-inline eplus-wrapper eplus-styles-uid-a62243\">Odkryj ulepszone us\u0142ugi dzi\u0119ki ITSM<\/p>\n\n\n<h1 class=\"text-2xl sm:text-3xl md:text-4xl mt-1 eplus-wrapper wp-block-heading\">Odkryj lepsz\u0105 obs\u0142ug\u0119 dla swoich klient\u00f3w, pracownik\u00f3w i dostawc\u00f3w. Stw\u00f3rz podstawy dla swojego rozwoju dzi\u0119ki wydajnemu i zharmonizowanemu procesowi. ITSM, ITOM i ESM zrobi\u0105 to za Ciebie<\/h1>\n\n\n\n<p class=\"eplus-wrapper\"><\/p>\n\n\n\n<div class=\"eplus-wrapper wp-block-buttons is-layout-flex wp-block-buttons-is-layout-flex\"><div class=\"my-5 shadow-xl hover:shadow-lg btn-secondary bg-secondary eplus-wrapper wp-block-button eplus-styles-uid-0c3097\"><a class=\"wp-block-button__link wp-element-button\" href=\"https:\/\/outlook.office365.com\/owa\/calendar\/TITBCGesprchsanfragemitAndrTrger@titbc.onmicrosoft.com\/bookings\/\" style=\"border-radius:0px\" target=\"_blank\" rel=\"noreferrer noopener\">Popro\u015b o wst\u0119pn\u0105 konsultacj\u0119<\/a><\/div><\/div>\n<\/div>\n\n\n\n<div class=\"flex justify-center py-12 order-1 md:order-2 eplus-wrapper wp-block-column is-layout-flow wp-block-column-is-layout-flow\">\n<figure class=\"eplus-wrapper wp-block-image size-full\"><img loading=\"lazy\" decoding=\"async\" width=\"545\" height=\"253\" src=\"https:\/\/troeger-services.com\/wp-content\/uploads\/2021\/10\/analysen.png\" alt=\"Analizy istotne dla dzia\u0142ania Grafika\" class=\"wp-image-1493\" title=\"\" srcset=\"https:\/\/troeger-services.com\/wp-content\/uploads\/2021\/10\/analysen.png 545w, https:\/\/troeger-services.com\/wp-content\/uploads\/2021\/10\/analysen-300x139.png 300w\" sizes=\"auto, (max-width: 545px) 100vw, 545px\" \/><figcaption><\/figcaption><\/figure>\n<\/div>\n<\/div><\/div>\n<\/div>\n\n\n\n<div class=\"eplus-wrapper wp-block-group is-layout-constrained wp-block-group-is-layout-constrained\">\n<p class=\"eplus-wrapper\"><\/p>\n\n\n<h2 class=\"eplus-wrapper wp-block-heading has-text-align-center eplus-styles-uid-5ad16f\">Zespo\u0142y IT s\u0105 zasypywane zg\u0142oszeniami serwisowymi. Przeka\u017c im z powrotem odpowiedzialno\u015b\u0107 za us\u0142ugi i zapewnij wszystkim lepsze do\u015bwiadczenia.Zespo\u0142y IT s\u0105 zasypywane zg\u0142oszeniami serwisowymi. Przeka\u017c im z powrotem odpowiedzialno\u015b\u0107 za us\u0142ugi i stw\u00f3rz lepsze do\u015bwiadczenia dla wszystkich.<\/h2>\n\n\n<p class=\"eplus-wrapper\"><\/p>\n<\/div>\n\n\n<div class=\"iconblock grid grid-cols-1 gap-12 sm:gap-20 md:grid-cols-3 md:gap-8 lg:gap-24 xl:gap-44 mt-8 eplus-wrapper wp-block-columns has-white-color has-blau-background-color has-text-color has-background has-link-color wp-elements-475950bb4b85d0f412886d76fe02b994 is-layout-flex wp-container-core-columns-is-layout-9d6595d7 wp-block-columns-is-layout-flex eplus-styles-uid-752759\">\n<div class=\"eplus-wrapper wp-block-column is-layout-flow wp-block-column-is-layout-flow\">\n<figure class=\"eplus-wrapper wp-block-image aligncenter size-full\"><img loading=\"lazy\" decoding=\"async\" width=\"80\" height=\"80\" src=\"https:\/\/troeger-services.com\/wp-content\/uploads\/2021\/07\/icon-industry.png\" alt=\"Studium przypadku Icon Bran\u017ca\" class=\"wp-image-902\" title=\"\"><figcaption><\/figcaption><\/figure>\n\n\n\n<p class=\"mb-2 mt-6 text-2xl has-text-align-center eplus-wrapper\"><strong>Automatyzacja us\u0142ug<\/strong><meta charset=\"utf-8\"><meta charset=\"utf-8\"><\/p>\n\n\n\n<p class=\"text-xl eplus-wrapper has-text-align-center has-white-color has-text-color has-link-color wp-elements-2a2628959ad879ed43921b2ef06f9735\">Dzi\u0119ki samoobs\u0142ugowej automatyzacji przejmujesz odpowiedzialno\u015b\u0107 za swoj\u0105 technologi\u0119 i masz wi\u0119cej czasu na to, co najwa\u017cniejsze.<\/p>\n<\/div>\n\n\n\n<div class=\"eplus-wrapper wp-block-column is-layout-flow wp-block-column-is-layout-flow\">\n<figure class=\"eplus-wrapper wp-block-image aligncenter size-full\"><img loading=\"lazy\" decoding=\"async\" width=\"80\" height=\"84\" src=\"https:\/\/troeger-services.com\/wp-content\/uploads\/2021\/07\/icon-use-case.png\" alt=\"Przypadek u\u017cycia ikony\" class=\"wp-image-904\" title=\"\"><figcaption><\/figcaption><\/figure>\n\n\n\n<p class=\"mb-2 mt-6 text-2xl has-text-align-center eplus-wrapper\"><meta charset=\"utf-8\"><strong>Umo\u017cliwienie innowacji<\/strong><\/p>\n\n\n\n<p class=\"text-xl eplus-wrapper has-text-align-center has-white-color has-text-color has-link-color wp-elements-a35fbe45273d63f101730ac86757637a\">Pozw\u00f3l u\u017cytkownikom ko\u0144cowym wzi\u0105\u0107 odpowiedzialno\u015b\u0107 za w\u0142asne narz\u0119dzia i technologie oraz zdemokratyzuj innowacje.<\/p>\n<\/div>\n\n\n\n<div class=\"eplus-wrapper wp-block-column is-layout-flow wp-block-column-is-layout-flow\">\n<figure class=\"eplus-wrapper wp-block-image aligncenter size-full\"><img loading=\"lazy\" decoding=\"async\" width=\"80\" height=\"80\" src=\"https:\/\/troeger-services.com\/wp-content\/uploads\/2021\/07\/icon-zeitraum.png\" alt=\"Ikona Okres projektu\" class=\"wp-image-905\" title=\"\"><figcaption><\/figcaption><\/figure>\n\n\n\n<p class=\"mb-2 mt-6 text-2xl has-text-align-center eplus-wrapper\"><meta charset=\"utf-8\"><strong>Uproszczenie administracji<\/strong><meta charset=\"utf-8\"><\/p>\n\n\n\n<p class=\"text-xl eplus-wrapper has-text-align-center has-white-color has-text-color has-link-color wp-elements-e1cda33c6cc0291b52d57506d946ff44\">Uwolnij si\u0119 od codziennych proces\u00f3w, takich jak zgodno\u015b\u0107 z przepisami i fakturowanie. Skoncentruj si\u0119 na tym, co najwa\u017cniejsze.<\/p>\n<\/div>\n<\/div>\n\n\n<div class=\"wp-block-group eplus-wrapper is-layout-constrained wp-block-group-is-layout-constrained\">\n<div style=\"height:21px\" aria-hidden=\"true\" class=\"wp-block-spacer eplus-wrapper\"><\/div>\n\n\n\n<figure class=\"wp-block-image aligncenter size-full is-resized eplus-wrapper\"><img loading=\"lazy\" decoding=\"async\" width=\"147\" height=\"150\" src=\"https:\/\/troeger-services.com\/wp-content\/uploads\/2023\/12\/tibc_logo_1zeilig_rgb-1-e1702089590391.png\" alt=\"Logo firmy TITBC, ekspert\u00f3w w dziedzinie ITSM, ITOM, ESM. Jedyni eksperci, kt\u00f3rzy uwzgl\u0119dniaj\u0105 wszystkie perspektywy, aby zagwarantowa\u0107 sukces.\" class=\"wp-image-1985\" style=\"object-fit:cover;width:75px;height:75px\" title=\"\"><\/figure>\n<\/div>\n\n\n\n<div style=\"height:32px\" aria-hidden=\"true\" class=\"wp-block-spacer eplus-wrapper\"><\/div>\n\n\n\n\n\n\n\n\n\n\n\n<\/p>\n\n\n\n<div class=\"eplus-wrapper wp-block-media-text is-stacked-on-mobile\"><figure class=\"wp-block-media-text__media\"><video controls src=\"https:\/\/troeger-services.com\/wp-content\/uploads\/2023\/12\/TITBC_INTRO_SM_PL_2023_11.mp4\"><\/video><\/figure><div class=\"wp-block-media-text__content\"><p class=\"sub-heading d-inline eplus-wrapper eplus-styles-uid-a62243\"><strong>Co TITBC mo\u017ce zrobi\u0107 dla Ciebie!<\/strong><\/p>\n\n\n<p class=\"eplus-wrapper\"><\/p>\n\n\n<p class=\"text-lg eplus-wrapper eplus-styles-uid-fe641a\">Dzi\u0119ki naszemu niezale\u017cnemu doradztwu w zakresie rozwi\u0105za\u0144 z perspektywy technicznej, procesowej i biznesowej, jako firma zostali\u015bmy czterokrotnie uznani za konsultant\u00f3w TOP 100.\u00a0<\/p>\n\n<p class=\"text-lg eplus-wrapper eplus-styles-uid-fe641a\">Nasze 25-letnie do\u015bwiadczenie w ITSM, ITOM i zarz\u0105dzaniu zwrotami pozwala nam oferowa\u0107 rozwi\u0105zania IT, kt\u00f3re s\u0105 dostosowane do modelu biznesowego, zwi\u0119kszaj\u0105 wydajno\u015b\u0107 i stawiaj\u0105 ludzi na pierwszym miejscu.<\/p><\/div><\/div>\n\n\n<p>\n\n\n\n\n\n\n\n\n\n<div class=\"wp-block-group eplus-wrapper is-layout-constrained wp-block-group-is-layout-constrained\">\n<div style=\"height:21px\" aria-hidden=\"true\" class=\"wp-block-spacer eplus-wrapper\"><\/div>\n\n\n\n<figure class=\"wp-block-image aligncenter size-full is-resized eplus-wrapper\"><img loading=\"lazy\" decoding=\"async\" width=\"147\" height=\"150\" src=\"https:\/\/troeger-services.com\/wp-content\/uploads\/2023\/12\/tibc_logo_1zeilig_rgb-1-e1702089590391.png\" alt=\"Logo firmy TITBC, ekspert\u00f3w w dziedzinie ITSM, ITOM, ESM. Jedyni eksperci, kt\u00f3rzy uwzgl\u0119dniaj\u0105 wszystkie perspektywy, aby zagwarantowa\u0107 sukces.\" class=\"wp-image-1985\" style=\"object-fit:cover;width:75px;height:75px\" title=\"\"><\/figure>\n<\/div>\n\n\n\n<div style=\"height:32px\" aria-hidden=\"true\" class=\"wp-block-spacer eplus-wrapper\"><\/div>\n\n\n\n<p class=\"eplus-wrapper\"><\/p>\n\n\n<h2 class=\"eplus-wrapper wp-block-heading has-text-align-center eplus-styles-uid-5ad16f\">Wspieraj klient\u00f3w w osi\u0105ganiu ich cel\u00f3w biznesowych!<\/h2>\n\n\n<p class=\"eplus-wrapper\"><\/p>\n\n\n\n<div class=\"wp-block-group eplus-wrapper is-layout-constrained wp-block-group-is-layout-constrained\">\n<div style=\"height:21px\" aria-hidden=\"true\" class=\"wp-block-spacer eplus-wrapper\"><\/div>\n\n\n\n<figure class=\"wp-block-image aligncenter size-full is-resized eplus-wrapper\"><img loading=\"lazy\" decoding=\"async\" width=\"147\" height=\"150\" src=\"https:\/\/troeger-services.com\/wp-content\/uploads\/2023\/12\/tibc_logo_1zeilig_rgb-1-e1702089590391.png\" alt=\"Logo firmy TITBC, ekspert\u00f3w w dziedzinie ITSM, ITOM, ESM. Jedyni eksperci, kt\u00f3rzy uwzgl\u0119dniaj\u0105 wszystkie perspektywy, aby zagwarantowa\u0107 sukces.\" class=\"wp-image-1985\" style=\"object-fit:cover;width:75px;height:75px\" title=\"\"><\/figure>\n<\/div>\n\n\n\n<div style=\"height:32px\" aria-hidden=\"true\" class=\"wp-block-spacer eplus-wrapper\"><\/div>\n\n\n\n<div class=\"eplus-wrapper wp-block-group is-layout-constrained wp-block-group-is-layout-constrained\">\n<div style=\"height:74px\" aria-hidden=\"true\" class=\"eplus-wrapper wp-block-spacer\"><\/div>\n\n\n<div class=\"grid grid-cols-1 md:grid-cols-2 md:gap-4 eplus-wrapper wp-block-columns are-vertically-aligned-bottom is-layout-flex wp-container-core-columns-is-layout-9d6595d7 wp-block-columns-is-layout-flex eplus-styles-uid-7aa441\">\n<div class=\"order-2 md:order-1 eplus-wrapper wp-block-column is-vertically-aligned-center is-layout-flow wp-block-column-is-layout-flow\">\n<figure class=\"eplus-wrapper wp-block-image size-medium is-resized\"><img loading=\"lazy\" decoding=\"async\" width=\"300\" height=\"169\" alt=\"a group of gears on a black surface\" src=\"https:\/\/troeger-services.com\/wp-content\/uploads\/2023\/12\/tl-7-300x169.jpg\" class=\"wp-image-2066\" style=\"object-fit:cover;width:425px;height:284px\" title=\"\" srcset=\"https:\/\/troeger-services.com\/wp-content\/uploads\/2023\/12\/tl-7-300x169.jpg 300w, https:\/\/troeger-services.com\/wp-content\/uploads\/2023\/12\/tl-7-18x10.jpg 18w, https:\/\/troeger-services.com\/wp-content\/uploads\/2023\/12\/tl-7.jpg 550w\" sizes=\"auto, (max-width: 300px) 100vw, 300px\" \/><figcaption><\/figcaption><\/figure>\n<\/div>\n\n\n\n<div class=\"order-2 md:order-1 eplus-wrapper wp-block-column is-vertically-aligned-center is-layout-flow wp-block-column-is-layout-flow\"><p class=\"sub-heading d-inline eplus-wrapper has-medium-font-size eplus-styles-uid-a62243\"><strong>Jak poprawi\u0107 jako\u015b\u0107 obs\u0142ugi dzi\u0119ki TITBC<\/strong><\/p>\n\n\n<p class=\"eplus-wrapper\"><\/p>\n\n\n<h2 class=\"eplus-wrapper wp-block-heading has-medium-font-size eplus-styles-uid-a62243\"><strong>Kluczem jest zintegrowane podej\u015bcie TITBC do wszystkich naszych producent\u00f3w! <\/strong><\/h2>\n\n<p class=\"text-lg eplus-wrapper has-text-align-left eplus-styles-uid-fe641a\">W dzisiejszej szybko rozwijaj\u0105cej si\u0119 gospodarce osi\u0105gni\u0119cie doskona\u0142o\u015bci jest wa\u017cniejsze ni\u017c kiedykolwiek. Producenci stoj\u0105 przed wyzwaniami zwi\u0105zanymi z wydajno\u015bci\u0105, zgodno\u015bci\u0105 z przepisami i utrzymaniem wysokiej jako\u015bci. W tym \u015brodowisku TITBC i innowacyjna wsp\u00f3\u0142praca z naszymi partnerami s\u0105 liderem w bran\u017cy i rewolucjonizuj\u0105 procesy biznesowe.<\/p><\/div>\n<\/div>\n\n\n<figure class=\"eplus-wrapper wp-block-image aligncenter size-full is-resized\"><img loading=\"lazy\" decoding=\"async\" width=\"147\" height=\"150\" src=\"https:\/\/troeger-services.com\/wp-content\/uploads\/2023\/12\/tibc_logo_1zeilig_rgb-1-e1702089590391.png\" alt=\"Logo firmy TITBC, ekspert\u00f3w w dziedzinie ITSM, ITOM, ESM. Jedyni eksperci, kt\u00f3rzy uwzgl\u0119dniaj\u0105 wszystkie perspektywy, aby zagwarantowa\u0107 sukces.\" class=\"wp-image-1985\" style=\"object-fit:cover;width:75px;height:75px\" title=\"\"><figcaption><\/figcaption><\/figure>\n<\/div>\n\n\n\n<div class=\"eplus-wrapper wp-block-group is-layout-constrained wp-block-group-is-layout-constrained\"><div class=\"grid grid-cols-1 md:grid-cols-2 md:gap-4 eplus-wrapper wp-block-columns are-vertically-aligned-bottom is-layout-flex wp-container-core-columns-is-layout-9d6595d7 wp-block-columns-is-layout-flex eplus-styles-uid-8f9092\">\n<div class=\"order-2 md:order-1 eplus-wrapper wp-block-column is-vertically-aligned-center is-layout-flow wp-block-column-is-layout-flow\"><p class=\"sub-heading d-inline eplus-wrapper has-medium-font-size eplus-styles-uid-a62243\"><strong>Skoncentruj si\u0119 na pracy, kt\u00f3ra jest naprawd\u0119 wa\u017cna<\/strong><\/p>\n\n\n<p class=\"eplus-wrapper\"><\/p>\n\n\n<h2 class=\"eplus-wrapper wp-block-heading has-medium-font-size eplus-styles-uid-a62243\"><strong>Koncentracja <\/strong>Mo\u017cesz skoncentrowa\u0107 si\u0119 na swojej pracy<\/h2>\n\n<p class=\"text-lg eplus-wrapper has-text-align-left eplus-styles-uid-fe641a\">Zespo\u0142y us\u0142ug IT s\u0105 cz\u0119sto zaj\u0119te gaszeniem po\u017car\u00f3w lub rozwi\u0105zywaniem powtarzaj\u0105cych si\u0119 problem\u00f3w. Rozwi\u0105zania do zarz\u0105dzania us\u0142ugami IT i us\u0142ugami dla przedsi\u0119biorstw uwalniaj\u0105 od tych czasoch\u0142onnych zada\u0144 i pomagaj\u0105 pracownikom ponownie skupi\u0107 si\u0119 na strategicznych aspektach ich pracy.<\/p><\/div>\n\n\n\n<div class=\"flex justify-center py-12 order-1 md:order-2 eplus-wrapper wp-block-column is-vertically-aligned-center is-layout-flow wp-block-column-is-layout-flow\">\n<figure class=\"eplus-wrapper wp-block-image size-medium is-resized\"><img loading=\"lazy\" decoding=\"async\" width=\"300\" height=\"107\" alt=\"a machine with gears and wires\" src=\"https:\/\/troeger-services.com\/wp-content\/uploads\/2023\/12\/thumbnail_large-1-4-300x107.jpg\" class=\"wp-image-2044\" style=\"object-fit:cover;width:425px;height:284px\" title=\"\" srcset=\"https:\/\/troeger-services.com\/wp-content\/uploads\/2023\/12\/thumbnail_large-1-4-300x107.jpg 300w, https:\/\/troeger-services.com\/wp-content\/uploads\/2023\/12\/thumbnail_large-1-4-18x6.jpg 18w, https:\/\/troeger-services.com\/wp-content\/uploads\/2023\/12\/thumbnail_large-1-4.jpg 550w\" sizes=\"auto, (max-width: 300px) 100vw, 300px\" \/><figcaption><\/figcaption><\/figure>\n<\/div>\n<\/div>\n\n\n<figure class=\"eplus-wrapper wp-block-image aligncenter size-full is-resized\"><img loading=\"lazy\" decoding=\"async\" width=\"147\" height=\"150\" src=\"https:\/\/troeger-services.com\/wp-content\/uploads\/2023\/12\/tibc_logo_1zeilig_rgb-1-e1702089590391.png\" alt=\"Logo firmy TITBC, ekspert\u00f3w w dziedzinie ITSM, ITOM, ESM. Jedyni eksperci, kt\u00f3rzy uwzgl\u0119dniaj\u0105 wszystkie perspektywy, aby zagwarantowa\u0107 sukces.\" class=\"wp-image-1985\" style=\"object-fit:cover;width:75px;height:75px\" title=\"Logo TITBC\"\/><figcaption><\/figcaption><\/figure>\n<\/div>\n\n\n\n<div class=\"eplus-wrapper wp-block-group is-layout-constrained wp-block-group-is-layout-constrained\">\n<div style=\"height:74px\" aria-hidden=\"true\" class=\"eplus-wrapper wp-block-spacer\"><\/div>\n\n\n<div class=\"grid grid-cols-1 md:grid-cols-2 md:gap-4 eplus-wrapper wp-block-columns are-vertically-aligned-bottom is-layout-flex wp-container-core-columns-is-layout-9d6595d7 wp-block-columns-is-layout-flex eplus-styles-uid-6b4bc1\">\n<div class=\"order-2 md:order-1 eplus-wrapper wp-block-column is-vertically-aligned-center is-layout-flow wp-block-column-is-layout-flow\">\n<figure class=\"eplus-wrapper wp-block-image size-medium is-resized\"><img loading=\"lazy\" decoding=\"async\" width=\"300\" height=\"200\" alt=\"a man wearing headphones giving a thumbs up\" src=\"https:\/\/troeger-services.com\/wp-content\/uploads\/2023\/12\/thumbnail_large-1-3-300x200.webp\" class=\"wp-image-2070\" style=\"object-fit:cover;width:425px;height:284px\" title=\"\" srcset=\"https:\/\/troeger-services.com\/wp-content\/uploads\/2023\/12\/thumbnail_large-1-3-300x200.webp 300w, https:\/\/troeger-services.com\/wp-content\/uploads\/2023\/12\/thumbnail_large-1-3-18x12.webp 18w, https:\/\/troeger-services.com\/wp-content\/uploads\/2023\/12\/thumbnail_large-1-3.webp 550w\" sizes=\"auto, (max-width: 300px) 100vw, 300px\" \/><figcaption><\/figcaption><\/figure>\n<\/div>\n\n\n\n<div class=\"order-2 md:order-1 eplus-wrapper wp-block-column is-vertically-aligned-center is-layout-flow wp-block-column-is-layout-flow\"><p class=\"sub-heading d-inline eplus-wrapper has-medium-font-size eplus-styles-uid-a62243\"><strong>Nowoczesne, przyjazne dla u\u017cytkownika \u015brodowisko IT<\/strong><\/p>\n\n\n<p class=\"eplus-wrapper\"><\/p>\n\n\n<h2 class=\"eplus-wrapper wp-block-heading has-medium-font-size eplus-styles-uid-a62243\"><strong>Pozw\u00f3l swoim pracownikom pomaga\u0107 samym sobie!<\/strong><\/h2>\n\n<p class=\"text-lg eplus-wrapper has-text-align-left eplus-styles-uid-fe641a\">\u0141atwa w u\u017cyciu baza wiedzy zach\u0119ca do wsp\u00f3\u0142pracy w czasie rzeczywistym mi\u0119dzy cz\u0142onkami zespo\u0142u w celu rozwi\u0105zywania problem\u00f3w. \u0141\u0105cz\u0105c wsp\u00f3ln\u0105 wiedz\u0119 i dziel\u0105c si\u0119 pomys\u0142ami i informacjami, u\u017cytkownicy ko\u0144cowi mog\u0105 wsp\u00f3\u0142pracowa\u0107 w celu rozwi\u0105zania swoich problem\u00f3w.<\/p><\/div>\n<\/div>\n\n\n<figure class=\"eplus-wrapper wp-block-image aligncenter size-full is-resized\"><img loading=\"lazy\" decoding=\"async\" width=\"147\" height=\"150\" src=\"https:\/\/troeger-services.com\/wp-content\/uploads\/2023\/12\/tibc_logo_1zeilig_rgb-1-e1702089590391.png\" alt=\"Logo firmy TITBC, ekspert\u00f3w w dziedzinie ITSM, ITOM, ESM. Jedyni eksperci, kt\u00f3rzy uwzgl\u0119dniaj\u0105 wszystkie perspektywy, aby zagwarantowa\u0107 sukces.\" class=\"wp-image-1985\" style=\"object-fit:cover;width:75px;height:75px\" title=\"\"><figcaption><\/figcaption><\/figure>\n<\/div>\n\n\n\n<div class=\"eplus-wrapper wp-block-group is-layout-constrained wp-block-group-is-layout-constrained\"><div class=\"grid grid-cols-1 md:grid-cols-2 md:gap-4 eplus-wrapper wp-block-columns are-vertically-aligned-bottom is-layout-flex wp-container-core-columns-is-layout-9d6595d7 wp-block-columns-is-layout-flex eplus-styles-uid-65dbf7\">\n<div class=\"order-2 md:order-1 eplus-wrapper wp-block-column is-vertically-aligned-center is-layout-flow wp-block-column-is-layout-flow\"><p class=\"sub-heading d-inline eplus-wrapper has-medium-font-size eplus-styles-uid-a62243\"><strong>Informacje, kt\u00f3rych potrzebujesz - w miejscu, w kt\u00f3rym ich potrzebujesz<\/strong><\/p>\n\n\n<p class=\"eplus-wrapper\"><\/p>\n\n\n<h2 class=\"eplus-wrapper wp-block-heading has-medium-font-size eplus-styles-uid-a62243\"><strong>D\u0105\u017cenie do doskona\u0142o\u015bci produkcyjnej: zintegrowane podej\u015bcie IFS i TITBC<\/strong><\/h2>\n\n<p class=\"text-lg eplus-wrapper has-text-align-left eplus-styles-uid-fe641a\">Z nami nie ma ju\u017c silos\u00f3w informacyjnych ani duplikat\u00f3w wprowadzanych danych. Dzi\u0119ki jednemu \u017ar\u00f3d\u0142u prawdy \u0142atwiej jest uzyska\u0107 pe\u0142ny przegl\u0105d kluczowych proces\u00f3w i zapewni\u0107 zgodno\u015b\u0107 z przepisami.<\/p><\/div>\n\n\n\n<div class=\"flex justify-center py-12 order-1 md:order-2 eplus-wrapper wp-block-column is-vertically-aligned-center is-layout-flow wp-block-column-is-layout-flow\">\n<figure class=\"eplus-wrapper wp-block-image size-medium is-resized\"><img loading=\"lazy\" decoding=\"async\" width=\"300\" height=\"200\" alt=\"a blue screen with white icons\" src=\"https:\/\/troeger-services.com\/wp-content\/uploads\/2023\/12\/thumbnail_large-300x200.jpg\" class=\"wp-image-2063\" style=\"object-fit:cover;width:425px;height:284px\" title=\"\" srcset=\"https:\/\/troeger-services.com\/wp-content\/uploads\/2023\/12\/thumbnail_large-300x200.jpg 300w, https:\/\/troeger-services.com\/wp-content\/uploads\/2023\/12\/thumbnail_large-18x12.jpg 18w, https:\/\/troeger-services.com\/wp-content\/uploads\/2023\/12\/thumbnail_large.jpg 550w\" sizes=\"auto, (max-width: 300px) 100vw, 300px\" \/><figcaption><\/figcaption><\/figure>\n<\/div>\n<\/div>\n\n\n<div class=\"eplus-wrapper wp-block-buttons is-layout-flex wp-block-buttons-is-layout-flex\"><div class=\"my-5 shadow-xl hover:shadow-lg btn-secondary bg-secondary eplus-wrapper wp-block-button eplus-styles-uid-126db8\"><a class=\"wp-block-button__link wp-element-button\" href=\"https:\/\/outlook.office365.com\/owa\/calendar\/TITBCGesprchsanfragemitAndrTrger@titbc.onmicrosoft.com\/bookings\/\" style=\"border-radius:0px\" target=\"_blank\" rel=\"noreferrer noopener\">Popro\u015b o wst\u0119pn\u0105 konsultacj\u0119<\/a><\/div>\n\n<div class=\"my-5 shadow-xl hover:shadow-lg btn-secondary bg-secondary eplus-wrapper wp-block-button eplus-styles-uid-1e7016\"><a class=\"wp-block-button__link wp-element-button\" href=\"https:\/\/troeger-services.com\/pl\/wir-stellen-unsere-partner-vor\/\" style=\"border-radius:0px\">Nasi partnerzy<\/a><\/div><\/div>\n\n\n\n<figure class=\"eplus-wrapper wp-block-image aligncenter size-full is-resized\"><img loading=\"lazy\" decoding=\"async\" width=\"147\" height=\"150\" src=\"https:\/\/troeger-services.com\/wp-content\/uploads\/2023\/12\/tibc_logo_1zeilig_rgb-1-e1702089590391.png\" alt=\"Logo firmy TITBC, ekspert\u00f3w w dziedzinie ITSM, ITOM, ESM. Jedyni eksperci, kt\u00f3rzy uwzgl\u0119dniaj\u0105 wszystkie perspektywy, aby zagwarantowa\u0107 sukces.\" class=\"wp-image-1985\" style=\"object-fit:cover;width:75px;height:75px\" title=\"Logo TITBC\"\/><figcaption><\/figcaption><\/figure>\n<\/div>","protected":false},"excerpt":{"rendered":"<p>Entdecken Sie eine Verbesserung der Service Erfahrung durch ITSM Entdecken Sie ein besseres Service Erlebnis f\u00fcr Ihre Kunden, Mitarbeiter und Lieferanten. Durch einen effizienten und abgestimmten Ablauf, legen Sie die Grundlage f\u00fcr Ihr Wachstum. ITSM, ITOM und ESM erledigen das f\u00fcr Sie IT-Teams werden mit Serviceanfragen \u00fcberschwemmt. Geben Sie ihnen die Verantwortung f\u00fcr den Service [&hellip;]<\/p>\n","protected":false},"author":4,"featured_media":2078,"parent":0,"menu_order":0,"comment_status":"closed","ping_status":"closed","template":"","meta":{"editor_plus_copied_stylings":"{}","_themeisle_gutenberg_block_has_review":false,"footnotes":"","_links_to":"","_links_to_target":""},"categories":[1,14],"tags":[20,23,45,21,47,49,51,42,22,53,57,43,41,19,18,59,44,46,25,55,48,50,52,54,61,58,60,56,26],"class_list":["post-2572","page","type-page","status-publish","has-post-thumbnail","hentry","category-allgemein","category-blog","tag-esm","tag-assyst","tag-availability-management","tag-blog","tag-capacity-and-performance-management","tag-change-enablement","tag-deployment-management","tag-enterprise-service-management","tag-ifs","tag-incident-management","tag-it-asset-management","tag-it-operations-management","tag-it-service-management","tag-itom","tag-itsm","tag-knowledge-management","tag-micro-focus","tag-monitoring-and-event-management","tag-opentext","tag-problem-management","tag-release-management","tag-service-catalog-management","tag-service-configuration-management","tag-service-continuity-management","tag-service-desk","tag-service-financial-management","tag-service-level-management","tag-service-request-management","tag-smax"],"_links":{"self":[{"href":"https:\/\/troeger-services.com\/pl\/wp-json\/wp\/v2\/pages\/2572","targetHints":{"allow":["GET"]}}],"collection":[{"href":"https:\/\/troeger-services.com\/pl\/wp-json\/wp\/v2\/pages"}],"about":[{"href":"https:\/\/troeger-services.com\/pl\/wp-json\/wp\/v2\/types\/page"}],"author":[{"embeddable":true,"href":"https:\/\/troeger-services.com\/pl\/wp-json\/wp\/v2\/users\/4"}],"replies":[{"embeddable":true,"href":"https:\/\/troeger-services.com\/pl\/wp-json\/wp\/v2\/comments?post=2572"}],"version-history":[{"count":0,"href":"https:\/\/troeger-services.com\/pl\/wp-json\/wp\/v2\/pages\/2572\/revisions"}],"wp:featuredmedia":[{"embeddable":true,"href":"https:\/\/troeger-services.com\/pl\/wp-json\/wp\/v2\/media\/2078"}],"wp:attachment":[{"href":"https:\/\/troeger-services.com\/pl\/wp-json\/wp\/v2\/media?parent=2572"}],"wp:term":[{"taxonomy":"category","embeddable":true,"href":"https:\/\/troeger-services.com\/pl\/wp-json\/wp\/v2\/categories?post=2572"},{"taxonomy":"post_tag","embeddable":true,"href":"https:\/\/troeger-services.com\/pl\/wp-json\/wp\/v2\/tags?post=2572"}],"curies":[{"name":"wp","href":"https:\/\/api.w.org\/{rel}","templated":true}]}}