{"id":4306,"date":"2024-02-08T20:58:43","date_gmt":"2024-02-08T19:58:43","guid":{"rendered":"https:\/\/troeger-services.com\/?page_id=4306"},"modified":"2025-12-07T05:29:37","modified_gmt":"2025-12-07T04:29:37","slug":"retail-itsm-esm-blog","status":"publish","type":"page","link":"https:\/\/troeger-services.com\/pl\/retail-itsm-esm-blog\/","title":{"rendered":"Rozwi\u0105zania ITSM i ESM: Nie b\u0105d\u017a pierwszym, kt\u00f3ry straci przewag\u0119 konkurencyjn\u0105 w handlu detalicznym"},"content":{"rendered":"<p class=\"eplus-wrapper\"><\/p>\n\n\n\n<div class=\"row-full py-5 mb-12 wp-block-group eplus-wrapper is-layout-flow wp-block-group-is-layout-flow\">\n<div class=\"wp-block-group eplus-wrapper is-layout-flow wp-block-group-is-layout-flow\"><div class=\"container mx-auto py-6 grid grid-cols-1 md:grid-cols-2 wp-block-columns eplus-wrapper is-layout-flex wp-container-core-columns-is-layout-9d6595d7 wp-block-columns-is-layout-flex eplus-styles-uid-d937d2\">\n<div class=\"lg:pr-8 xl:pr-12 order-2 md:order-1 wp-block-column is-vertically-aligned-center eplus-wrapper is-layout-flow wp-block-column-is-layout-flow\">\n<p class=\"sub-heading d-inline eplus-wrapper\">Rozwi\u0105zania ITSM i ESM oraz indywidualna warto\u015b\u0107 dodana w handlu detalicznym<\/p>\n\n\n\n<h1 class=\"text-2xl sm:text-3xl md:text-4xl mt-1 wp-block-heading eplus-wrapper\"><strong>Rozwi\u0105zania ITSM i ESM oraz indywidualna warto\u015b\u0107 dodana w handlu detalicznym<\/strong><\/h1>\n\n\n\n<p class=\"eplus-wrapper\">Zadowolenie pracownik\u00f3w, zadowolenie klient\u00f3w, redukcja koszt\u00f3w, kontrola, wzrost<\/p>\n<\/div>\n\n\n\n<div class=\"flex justify-center py-8 order-1 md:order-2 wp-block-column eplus-wrapper is-layout-flow wp-block-column-is-layout-flow\">\n<figure class=\"wp-block-image size-full eplus-wrapper\"><img loading=\"lazy\" decoding=\"async\" width=\"515\" height=\"260\" src=\"https:\/\/troeger-services.com\/wp-content\/uploads\/2021\/07\/steuerung.png\" alt=\"Ikona Lepsza kontrola\" class=\"wp-image-855\" title=\"\" srcset=\"https:\/\/troeger-services.com\/wp-content\/uploads\/2021\/07\/steuerung.png 515w, https:\/\/troeger-services.com\/wp-content\/uploads\/2021\/07\/steuerung-300x151.png 300w\" sizes=\"auto, (max-width: 515px) 100vw, 515px\" \/><\/figure>\n<\/div>\n<\/div>\n\n\n<div class=\"wp-block-buttons eplus-wrapper is-layout-flex wp-block-buttons-is-layout-flex\"><div class=\"wp-block-button eplus-wrapper eplus-styles-uid-cccf6d\"><a class=\"wp-block-button__link wp-element-button\" href=\"https:\/\/www.ifs.com\/de\/industries\/service-industries\/retail-aftermarket-services\" target=\"_blank\" rel=\"noopener\">IFS Retail<\/a><\/div>\n\n<div class=\"wp-block-button eplus-wrapper eplus-styles-uid-fa49a4\"><a class=\"wp-block-button__link wp-element-button\" href=\"https:\/\/www.opentext.com\/solutions\/industry\/retail\" target=\"_blank\" rel=\"noopener\">Opentext Retail<\/a><\/div>\n\n<div class=\"wp-block-button eplus-wrapper eplus-styles-uid-db5a03\"><a class=\"wp-block-button__link wp-element-button\" href=\"https:\/\/troeger-services.com\/pl\/wir-stellen-unsere-partner-vor\/\">Nasi partnerzy<\/a><\/div><\/div>\n<\/div>\n\n\n\n<p class=\"eplus-wrapper\"><\/p>\n<\/div>\n\n\n\n<p class=\"eplus-wrapper\"><\/p>\n\n\n\n<h2 class=\"wp-block-heading eplus-wrapper\">Rozwi\u0105zania ITSM i ESM oraz ich indywidualna warto\u015b\u0107 dodana w handlu detalicznym<\/h2>\n\n\n\n<p class=\"eplus-wrapper\"><\/p>\n\n\n\n<p class=\"eplus-wrapper\">BLOG Retail ITSM\/ ESM Rozwi\u0105zania ITSM i ESM oferuj\u0105 zindywidualizowan\u0105 warto\u015b\u0107 dodan\u0105 w sektorze handlu detalicznego, zapewniaj\u0105c firmom przewag\u0119 konkurencyjn\u0105. Korzystaj\u0105c z tych rozwi\u0105za\u0144, sprzedawcy detaliczni mog\u0105 wydajniej organizowa\u0107 swoje procesy i oferowa\u0107 klientom p\u0142ynne zakupy. Integracja ITSM i ESM umo\u017cliwia r\u00f3wnie\u017c oferowanie luksusu spersonalizowanej obs\u0142ugi klienta, co wzmacnia lojalno\u015b\u0107 klient\u00f3w i poprawia wizerunek marki. Wdra\u017caj\u0105c rozwi\u0105zania ITSM i ESM w sektorze detalicznym, firmy mog\u0105 zoptymalizowa\u0107 swoje procesy operacyjne, jednocze\u015bnie zwi\u0119kszaj\u0105c zadowolenie klient\u00f3w. Rozwi\u0105zania te umo\u017cliwiaj\u0105 sprawn\u0105 komunikacj\u0119 mi\u0119dzy r\u00f3\u017cnymi dzia\u0142ami i skracaj\u0105 czas reakcji na zg\u0142oszenia serwisowe.<\/p>\n\n\n\n<p class=\"eplus-wrapper\"><\/p>\n\n\n\n<p class=\"eplus-wrapper\">Sprzedawcy detaliczni mog\u0105 r\u00f3wnie\u017c korzysta\u0107 z rozwi\u0105za\u0144 ITSM i ESM, aby lepiej zarz\u0105dza\u0107 danymi klient\u00f3w i generowa\u0107 spersonalizowane oferty i rekomendacje. Pomaga to poprawi\u0107 do\u015bwiadczenia klient\u00f3w i promuje ich lojalno\u015b\u0107. Integracja ITSM i ESM w sektorze detalicznym oferuje zatem liczne korzy\u015bci dla firm, kt\u00f3re chc\u0105 pozosta\u0107 konkurencyjne na wysoce konkurencyjnym rynku. Integracja ITSM i ESM umo\u017cliwia firmom optymalizacj\u0119 proces\u00f3w operacyjnych i zwi\u0119kszenie zadowolenia klient\u00f3w. <\/p>\n\n\n\n<p class=\"eplus-wrapper\"><\/p>\n\n\n\n<p class=\"eplus-wrapper\">Rozwi\u0105zania ITSM i ESM usprawniaj\u0105 komunikacj\u0119 mi\u0119dzy dzia\u0142ami i skracaj\u0105 czas reakcji na zg\u0142oszenia serwisowe. Sprzedawcy detaliczni mog\u0105 r\u00f3wnie\u017c wykorzystywa\u0107 te rozwi\u0105zania do lepszego zarz\u0105dzania danymi klient\u00f3w i generowania spersonalizowanych ofert. Poprawia to do\u015bwiadczenia klient\u00f3w i wzmacnia ich lojalno\u015b\u0107. Integracja ITSM i ESM w sektorze detalicznym oferuje zatem wyra\u017an\u0105 przewag\u0119 konkurencyjn\u0105.<\/p>\n\n\n\n<p class=\"eplus-wrapper\"><\/p>\n\n\n\n<p class=\"eplus-wrapper\"><\/p>\n\n\n\n<p class=\"eplus-wrapper\">Taka integracja pomaga zwi\u0119kszy\u0107 wydajno\u015b\u0107 i obni\u017cy\u0107 koszty operacyjne. Dzi\u0119ki integracji ITSM i ESM firmy mog\u0105 lepiej zarz\u0105dza\u0107 swoj\u0105 infrastruktur\u0105 IT i minimalizowa\u0107 przestoje. Ponadto integracja umo\u017cliwia szybsze i dok\u0142adniejsze rejestrowanie zg\u0142osze\u0144 serwisowych, co skutkuje szybszym rozwi\u0105zywaniem problem\u00f3w. Organizacje handlu detalicznego mog\u0105 r\u00f3wnie\u017c skorzysta\u0107 z lepszego wgl\u0105du w swoje operacje, otrzymuj\u0105c w czasie rzeczywistym dane o poziomach zapas\u00f3w, wynikach sprzeda\u017cy i preferencjach klient\u00f3w. Pomaga im to podejmowa\u0107 \u015bwiadome decyzje i dostosowywa\u0107 strategie biznesowe do potrzeb klient\u00f3w. Og\u00f3lnie rzecz bior\u0105c, integracja ITSM i ESM w sektorze detalicznym mo\u017ce prowadzi\u0107 do bardziej efektywnych i skoncentrowanych na kliencie operacji.<\/p>\n\n\n\n<p class=\"eplus-wrapper\"><\/p>\n\n\n\n<p class=\"eplus-wrapper\">Integracj\u0119 ITSM i ESM mo\u017cna por\u00f3wna\u0107 do po\u0142\u0105czenia k\u00f3\u0142 z\u0119batych w maszynie. Umo\u017cliwia ona firmom zwi\u0119kszenie wydajno\u015bci proces\u00f3w, obni\u017cenie koszt\u00f3w i zminimalizowanie przestoj\u00f3w. Jednocze\u015bnie zyskuj\u0105 lepsz\u0105 kontrol\u0119 nad swoj\u0105 infrastruktur\u0105 IT i mog\u0105 szybciej i dok\u0142adniej przetwarza\u0107 zg\u0142oszenia serwisowe. Dla firm zajmuj\u0105cych si\u0119 handlem detalicznym integracja oznacza wi\u0119ksz\u0105 przejrzysto\u015b\u0107 ich dzia\u0142a\u0144, podobn\u0105 do pulpitu nawigacyjnego w czasie rzeczywistym, kt\u00f3ry dostarcza im informacji o poziomach zapas\u00f3w, wynikach sprzeda\u017cy i preferencjach klient\u00f3w. Pozwala im to podejmowa\u0107 \u015bwiadome decyzje i dostosowywa\u0107 strategie biznesowe do potrzeb klient\u00f3w. Og\u00f3lnie rzecz bior\u0105c, integracja ITSM i ESM prowadzi do bardziej efektywnego i skoncentrowanego na kliencie zarz\u0105dzania operacjami w sektorze detalicznym.<\/p>\n\n\n\n<p class=\"eplus-wrapper\"><\/p>\n\n\n\n<p class=\"eplus-wrapper\">- Integracja ITSM i ESM usprawnia procesy operacyjne <\/p>\n\n\n\n<p class=\"eplus-wrapper\">- Redukcja koszt\u00f3w i minimalizacja przestoj\u00f3w <\/p>\n\n\n\n<p class=\"eplus-wrapper\">- Lepsza kontrola nad infrastruktur\u0105 IT i szybsze przetwarzanie zg\u0142osze\u0144 serwisowych <\/p>\n\n\n\n<p class=\"eplus-wrapper\">- Zwi\u0119kszona przejrzysto\u015b\u0107 proces\u00f3w operacyjnych dla firm detalicznych <\/p>\n\n\n\n<p class=\"eplus-wrapper\">- Pulpit nawigacyjny w czasie rzeczywistym dostarcza informacji o poziomach zapas\u00f3w, wynikach sprzeda\u017cy i preferencjach klient\u00f3w. <\/p>\n\n\n\n<p class=\"eplus-wrapper\">- Rozs\u0105dne decyzje i dostosowywanie strategii biznesowych do potrzeb klient\u00f3w <\/p>\n\n\n\n<p class=\"eplus-wrapper\">- Bardziej efektywne i skoncentrowane na kliencie zarz\u0105dzanie operacjami w sektorze detalicznym Integracja ITSM i ESM zapewnia lepsz\u0105 przejrzysto\u015b\u0107 proces\u00f3w operacyjnych firm detalicznych, podobnie jak pulpit nawigacyjny w czasie rzeczywistym, kt\u00f3ry dostarcza informacji o poziomach zapas\u00f3w, wynikach sprzeda\u017cy i preferencjach klient\u00f3w. Umo\u017cliwia to podejmowanie \u015bwiadomych decyzji i dostosowywanie strategii biznesowych do potrzeb klient\u00f3w. Og\u00f3lnie rzecz bior\u0105c, integracja prowadzi do bardziej efektywnego i skoncentrowanego na kliencie zarz\u0105dzania operacjami w sektorze detalicznym.<\/p>\n\n\n\n<p class=\"eplus-wrapper\"><\/p>\n\n\n\n<p class=\"eplus-wrapper\">Integracja ITSM i ESM usprawnia procesy operacyjne oraz redukuje koszty i przestoje. Umo\u017cliwia r\u00f3wnie\u017c lepsz\u0105 kontrol\u0119 nad infrastruktur\u0105 IT i szybsze przetwarzanie zg\u0142osze\u0144 serwisowych. W sektorze detalicznym integracja prowadzi do poprawy przejrzysto\u015bci proces\u00f3w operacyjnych. Pulpit nawigacyjny w czasie rzeczywistym dostarcza informacji o poziomach zapas\u00f3w, wynikach sprzeda\u017cy i preferencjach klient\u00f3w, umo\u017cliwiaj\u0105c podejmowanie \u015bwiadomych decyzji i dostosowywanie strategii biznesowych do potrzeb klient\u00f3w. Og\u00f3lnie rzecz bior\u0105c, integracja prowadzi do bardziej efektywnego i skoncentrowanego na kliencie zarz\u0105dzania operacjami w sektorze detalicznym.<\/p>\n\n\n\n<p class=\"eplus-wrapper\"><\/p>\n\n\n\n<p class=\"eplus-wrapper\"><\/p>\n\n\n\n<div class=\"wp-block-group eplus-wrapper is-layout-constrained wp-block-group-is-layout-constrained\"><div class=\"feedzy-1d180009ff14bf2b5715009b7bb9ee1d feedzy-rss-1\"><div class=\"rss_header\"><h2><a href=\"\" class=\"rss_title\" rel=\"noopener\"><\/a> <span class=\"rss_description\"> <\/span><\/h2><\/div><ul>Feed has no items.<\/ul> <\/div>\n\n\n\n<div class=\"eplus-wrapper wp-block-group is-layout-constrained wp-block-group-is-layout-constrained\">\n<div style=\"height:74px\" aria-hidden=\"true\" class=\"eplus-wrapper wp-block-spacer\"><\/div>\n\n\n<div class=\"grid grid-cols-1 md:grid-cols-2 md:gap-4 eplus-wrapper wp-block-columns are-vertically-aligned-bottom is-layout-flex wp-container-core-columns-is-layout-9d6595d7 wp-block-columns-is-layout-flex eplus-styles-uid-5bec93\">\n<div class=\"order-2 md:order-1 eplus-wrapper wp-block-column is-vertically-aligned-center is-layout-flow wp-block-column-is-layout-flow\">\n<figure class=\"eplus-wrapper wp-block-image size-medium is-resized\"><img loading=\"lazy\" decoding=\"async\" width=\"300\" height=\"169\" src=\"https:\/\/troeger-services.com\/wp-content\/uploads\/2023\/12\/tl-7-300x169.jpg\" alt=\"\" class=\"wp-image-2066\" style=\"object-fit:cover;width:425px;height:284px\" title=\"\" srcset=\"https:\/\/troeger-services.com\/wp-content\/uploads\/2023\/12\/tl-7-300x169.jpg 300w, https:\/\/troeger-services.com\/wp-content\/uploads\/2023\/12\/tl-7-18x10.jpg 18w, https:\/\/troeger-services.com\/wp-content\/uploads\/2023\/12\/tl-7.jpg 550w\" sizes=\"auto, (max-width: 300px) 100vw, 300px\" \/><figcaption><\/figcaption><\/figure>\n<\/div>\n\n\n\n<div class=\"order-2 md:order-1 eplus-wrapper wp-block-column is-vertically-aligned-center is-layout-flow wp-block-column-is-layout-flow\"><p class=\"sub-heading d-inline eplus-wrapper has-medium-font-size eplus-styles-uid-a62243\"><strong>Jak poprawi\u0107 jako\u015b\u0107 obs\u0142ugi dzi\u0119ki TITBC<\/strong><\/p>\n\n\n<p class=\"eplus-wrapper\"><\/p>\n\n\n<h2 class=\"eplus-wrapper wp-block-heading has-medium-font-size eplus-styles-uid-a62243\"><strong>Kluczem jest zintegrowane podej\u015bcie TITBC do wszystkich naszych producent\u00f3w! <\/strong><\/h2>\n\n<p class=\"text-lg eplus-wrapper has-text-align-left eplus-styles-uid-fe641a\">W dzisiejszej szybko rozwijaj\u0105cej si\u0119 gospodarce osi\u0105gni\u0119cie doskona\u0142o\u015bci jest wa\u017cniejsze ni\u017c kiedykolwiek. Producenci stoj\u0105 przed wyzwaniami zwi\u0105zanymi z wydajno\u015bci\u0105, zgodno\u015bci\u0105 z przepisami i utrzymaniem wysokiej jako\u015bci. W tym \u015brodowisku TITBC i innowacyjna wsp\u00f3\u0142praca z naszymi partnerami s\u0105 liderem w bran\u017cy i rewolucjonizuj\u0105 procesy biznesowe.<\/p><\/div>\n<\/div>\n\n\n<figure class=\"eplus-wrapper wp-block-image aligncenter size-full is-resized\"><img loading=\"lazy\" decoding=\"async\" width=\"147\" height=\"150\" src=\"https:\/\/troeger-services.com\/wp-content\/uploads\/2023\/12\/tibc_logo_1zeilig_rgb-1-e1702089590391.png\" alt=\"Logo firmy TITBC, ekspert\u00f3w w dziedzinie ITSM, ITOM, ESM. Jedyni eksperci, kt\u00f3rzy uwzgl\u0119dniaj\u0105 wszystkie perspektywy, aby zagwarantowa\u0107 sukces.\" class=\"wp-image-1985\" style=\"object-fit:cover;width:75px;height:75px\" title=\"\"><figcaption><\/figcaption><\/figure>\n<\/div>\n\n\n\n<div class=\"wp-block-group eplus-wrapper is-layout-constrained wp-block-group-is-layout-constrained\">\n<div class=\"my-24 wp-block-group eplus-wrapper is-layout-flow wp-block-group-is-layout-flow\"><div class=\"grid grid-cols-1 md:grid-cols-2 md:gap-4 wp-block-columns eplus-wrapper is-layout-flex wp-container-core-columns-is-layout-9d6595d7 wp-block-columns-is-layout-flex eplus-styles-uid-daae7d\">\n<div class=\"order-2 md:order-1 wp-block-column is-vertically-aligned-center eplus-wrapper is-layout-flow wp-block-column-is-layout-flow\">\n<p class=\"sub-heading d-inline eplus-wrapper\">POBIERZ TERAZ<\/p>\n\n\n\n<h2 class=\"wp-block-heading has-large-font-size eplus-wrapper\" id=\"35-seiten-fachwissen\">35 stron wiedzy specjalistycznej<br><\/h2>\n\n\n\n<p class=\"text-lg eplus-wrapper\">Ten e-book pomo\u017ce Ci wprowadzi\u0107 odpowiednie rozwi\u0105zanie do zarz\u0105dzania us\u0142ugami IT i zarz\u0105dzania us\u0142ugami korporacyjnymi w Twojej firmie.<\/p>\n\n\n\n<div style=\"height:62px\" aria-hidden=\"true\" class=\"wp-block-spacer eplus-wrapper\"><\/div>\n\n\n\n<h3 class=\"wp-block-heading has-medium-font-size eplus-wrapper\" id=\"35-seiten-geballtes-wissen-damit-sie-nicht-die-falsche-entscheidung-bei-der-auswahl-ihrer-itsm-esm-losung-treffen\"><strong>35 stron skondensowanej wiedzy, dzi\u0119ki kt\u00f3rej nie podejmiesz z\u0142ej decyzji przy wyborze produktu.<\/strong> <strong>Rozwi\u0105zanie ITSM i ESM.\u00a0<\/strong><\/h3>\n\n\n\n<p class=\"eplus-wrapper\"><\/p>\n\n\n\n<p class=\"eplus-wrapper\">Uzyskaj przewag\u0119 i dowiedz si\u0119, jak wybra\u0107 odpowiednie rozwi\u0105zanie do zarz\u0105dzania us\u0142ugami IT i zarz\u0105dzania us\u0142ugami dla przedsi\u0119biorstw dla swojej organizacji przed dokonaniem inwestycji.<\/p>\n\n\n\n<div class=\"wp-block-buttons eplus-wrapper is-layout-flex wp-block-buttons-is-layout-flex\"><div class=\"is-style-fill wp-block-button eplus-wrapper eplus-styles-uid-8b7c40\"><a class=\"wp-block-button__link has-orange-background-color has-background wp-element-button\" href=\"https:\/\/troeger-services.ac-page.com\/itsm-einkaufsfuehrer-e-book\" target=\"_blank\" rel=\"noreferrer noopener\"><strong>POBIERZ TERAZ<\/strong><\/a><\/div><\/div>\n<\/div>\n\n\n\n<div class=\"flex justify-center py-12 order-1 md:order-2 wp-block-column is-vertically-aligned-center eplus-wrapper is-layout-flow wp-block-column-is-layout-flow\">\n<figure class=\"wp-block-image size-full eplus-wrapper\"><img loading=\"lazy\" decoding=\"async\" width=\"800\" height=\"600\" src=\"https:\/\/troeger-services.com\/wp-content\/uploads\/2022\/11\/95868af5-a93d-405b-a545-37576a6b6136.png\" alt=\"\" class=\"wp-image-1828\" title=\"\" srcset=\"https:\/\/troeger-services.com\/wp-content\/uploads\/2022\/11\/95868af5-a93d-405b-a545-37576a6b6136.png 800w, https:\/\/troeger-services.com\/wp-content\/uploads\/2022\/11\/95868af5-a93d-405b-a545-37576a6b6136-300x225.png 300w, https:\/\/troeger-services.com\/wp-content\/uploads\/2022\/11\/95868af5-a93d-405b-a545-37576a6b6136-768x576.png 768w\" sizes=\"auto, (max-width: 800px) 100vw, 800px\" \/><\/figure>\n<\/div>\n<\/div>\n\n\n<div class=\"py-12 grid grid-cols-1 md:grid-cols-2 wp-block-group eplus-wrapper is-layout-flow wp-block-group-is-layout-flow\">\n<div class=\"wp-block-group eplus-wrapper is-layout-flow wp-block-group-is-layout-flow\">\n<p class=\"sub-heading d-inline eplus-wrapper\"><strong>PROFESJONALNE PORADY<\/strong><\/p>\n\n\n\n<h3 class=\"text-2xl sm:text-2xl md:text-3xl mt-1 wp-block-heading eplus-wrapper\" id=\"it-service-management-mit-itsm-kaufberatung\">Zarz\u0105dzanie us\u0142ugami IT z doradztwem zakupowym ITSM<\/h3>\n\n\n\n<p class=\"eplus-wrapper\">Potrzebujesz profesjonalnego doradztwa w zakresie planowania i wdra\u017cania zarz\u0105dzania us\u0142ugami IT?<\/p>\n\n\n\n<p class=\"eplus-wrapper\"><strong><a href=\"https:\/\/troeger-services.ac-page.com\/itsm-einkaufsfuehrer-e-book\" target=\"_blank\" rel=\"noopener\" title=\"E-book &quot;Przewodnik dla kupuj\u0105cych ITSM i ESM&quot;\">E-book \"Przewodnik dla kupuj\u0105cych ITSM i ESM\"<\/a><\/strong> pomo\u017ce ci dokona\u0107 w\u0142a\u015bciwego wyboru.<\/p>\n<\/div>\n<\/div>\n\n\n\n<div class=\"py-12 grid grid-cols-1 md:grid-cols-2 wp-block-group eplus-wrapper is-layout-flow wp-block-group-is-layout-flow\">\n<div class=\"wp-block-group eplus-wrapper is-layout-flow wp-block-group-is-layout-flow\">\n<p class=\"sub-heading d-inline eplus-wrapper\"><strong>TE INFORMACJE POMOG\u0104 CI<\/strong><\/p>\n\n\n\n<h4 class=\"text-2xl sm:text-2xl md:text-3xl mt-1 wp-block-heading eplus-wrapper\" id=\"zeit-sparen-mit-unserer-itsm-kaufberatung\">Oszcz\u0119dzaj czas dzi\u0119ki naszym poradom dotycz\u0105cym zakup\u00f3w ITSM<\/h4>\n\n\n\n<p class=\"eplus-wrapper\">Czy Twoja firma potrzebuje narz\u0119dzia do zarz\u0105dzania us\u0142ugami IT?<\/p>\n\n\n\n<p class=\"eplus-wrapper\"><strong>W takim razie powiniene\u015b przeczyta\u0107 nasz e-book.<\/strong><\/p>\n\n\n\n<p class=\"eplus-wrapper\">Tutaj znajdziesz <strong>Informacje, kt\u00f3re ci pomog\u0105<\/strong> puszka <strong>prawo<\/strong> Zarz\u0105dzanie us\u0142ugami IT i zarz\u0105dzanie us\u0142ugami dla przedsi\u0119biorstw<strong> rozwi\u0105zanie dla Twojej firmy.<\/strong><\/p>\n\n\n\n<div class=\"wp-block-buttons eplus-wrapper is-layout-flex wp-block-buttons-is-layout-flex\"><div class=\"is-style-fill wp-block-button eplus-wrapper eplus-styles-uid-d8544b\"><a class=\"wp-block-button__link has-orange-background-color has-background wp-element-button\" href=\"https:\/\/troeger-services.ac-page.com\/itsm-einkaufsfuehrer-e-book\" target=\"_blank\" rel=\"noreferrer noopener\"><strong>POBIERZ TERAZ<\/strong><\/a><\/div>\n\n<div class=\"is-style-fill wp-block-button eplus-wrapper eplus-styles-uid-615eb4\"><a class=\"wp-block-button__link has-orange-background-color has-background wp-element-button\" href=\"https:\/\/troeger-services.com\/pl\/wir-stellen-unsere-partner-vor\/\">Nasi partnerzy<\/a><\/div>\n\n<div class=\"is-style-fill wp-block-button eplus-wrapper eplus-styles-uid-cbbc41\"><a class=\"wp-block-button__link has-orange-background-color has-background wp-element-button\" href=\"https:\/\/www.ifs.com\/de\/industries\/service-industries\/retail-aftermarket-services\" target=\"_blank\" rel=\"noopener\">IFS Retail<\/a><\/div>\n\n<div class=\"is-style-fill wp-block-button eplus-wrapper eplus-styles-uid-56a752\"><a class=\"wp-block-button__link has-orange-background-color has-background wp-element-button\" href=\"https:\/\/www.opentext.com\/solutions\/industry\/retail\" target=\"_blank\" rel=\"noopener\">Opentext Retail<\/a><\/div><\/div>\n<\/div>\n<\/div>\n\n\n\n<div class=\"wp-block-group eplus-wrapper is-layout-constrained wp-block-group-is-layout-constrained\">\n<div style=\"height:21px\" aria-hidden=\"true\" class=\"wp-block-spacer eplus-wrapper\"><\/div>\n\n\n\n<figure class=\"wp-block-image aligncenter size-full is-resized eplus-wrapper\"><img loading=\"lazy\" decoding=\"async\" width=\"147\" height=\"150\" src=\"https:\/\/troeger-services.com\/wp-content\/uploads\/2023\/12\/tibc_logo_1zeilig_rgb-1-e1702089590391.png\" alt=\"Logo firmy TITBC, ekspert\u00f3w w dziedzinie ITSM, ITOM, ESM. Jedyni eksperci, kt\u00f3rzy uwzgl\u0119dniaj\u0105 wszystkie perspektywy, aby zagwarantowa\u0107 sukces.\" class=\"wp-image-1985\" style=\"object-fit:cover;width:75px;height:75px\" title=\"\"><\/figure>\n<\/div>\n\n\n\n<div style=\"height:32px\" aria-hidden=\"true\" class=\"wp-block-spacer eplus-wrapper\"><\/div>\n\n\n\n<div class=\"wp-block-group eplus-wrapper is-layout-flow wp-block-group-is-layout-flow\"><div class=\"grid grid-cols-1 md:grid-cols-2 md:gap-4 wp-block-columns eplus-wrapper is-layout-flex wp-container-core-columns-is-layout-9d6595d7 wp-block-columns-is-layout-flex eplus-styles-uid-0d9af5\">\n<div class=\"flex justify-center py-12 wp-block-column eplus-wrapper is-layout-flow wp-block-column-is-layout-flow\">\n<figure class=\"wp-block-image size-full eplus-wrapper\"><img loading=\"lazy\" decoding=\"async\" width=\"500\" height=\"500\" src=\"https:\/\/troeger-services.com\/wp-content\/uploads\/2022\/11\/31c5c9ef-04d5-4b4c-8fa7-d98840f3cb5a.jpg\" alt=\"\" class=\"wp-image-1832\" title=\"\" srcset=\"https:\/\/troeger-services.com\/wp-content\/uploads\/2022\/11\/31c5c9ef-04d5-4b4c-8fa7-d98840f3cb5a.jpg 500w, https:\/\/troeger-services.com\/wp-content\/uploads\/2022\/11\/31c5c9ef-04d5-4b4c-8fa7-d98840f3cb5a-300x300.jpg 300w, https:\/\/troeger-services.com\/wp-content\/uploads\/2022\/11\/31c5c9ef-04d5-4b4c-8fa7-d98840f3cb5a-150x150.jpg 150w\" sizes=\"auto, (max-width: 500px) 100vw, 500px\" \/><\/figure>\n<\/div>\n\n\n\n<div class=\"wp-block-column is-vertically-aligned-center eplus-wrapper is-layout-flow wp-block-column-is-layout-flow\">\n<h4 class=\"text-lg wp-block-heading eplus-wrapper\" id=\"andre-troger-ceo\">Andr\u00e9 Tr\u00f6ger - dyrektor generalny<\/h4>\n\n\n\n<p class=\"eplus-wrapper\">TR\u00d6GER IT BUSINESS CONSULTING<\/p>\n\n\n\n<p class=\"has-orange-color has-text-color has-medium-font-size eplus-wrapper\">\"Wyb\u00f3r odpowiedniego narz\u0119dzia ITSM nie musi by\u0107 trudny.<\/p>\n\n\n\n<p class=\"has-orange-color has-text-color has-medium-font-size eplus-wrapper\">U\u0142atw to sobie dzi\u0119ki naszym <a href=\"https:\/\/troeger-services.ac-page.com\/itsm-einkaufsfuehrer-e-book\" target=\"_blank\" rel=\"noopener\" title=\"E-Book &quot;ITSM BUYING ADVICE&quot;.\">E-Book \"ITSM BUYING ADVICE\".<\/a><\/p>\n\n\n\n<div class=\"wp-block-buttons eplus-wrapper is-layout-flex wp-block-buttons-is-layout-flex\"><div class=\"is-style-outline wp-block-button eplus-wrapper is-style-outline--1 eplus-styles-uid-45daa5\"><a class=\"wp-block-button__link wp-element-button\" href=\"https:\/\/troeger-services.ac-page.com\/itsm-einkaufsfuehrer-e-book\" target=\"_blank\" rel=\"noreferrer noopener\"><strong>POBIERZ TERAZ<\/strong><\/a><\/div><\/div>\n<\/div>\n<\/div><\/div>\n<\/div>\n<\/div>\n\n\n\n<p class=\"eplus-wrapper\"><\/p>\n\n\n\n\n\n\n<\/div>","protected":false},"excerpt":{"rendered":"<p>ITSM und ESM L\u00f6sungen und Ihr individueller Mehrwert im Handel (Retail) ITSM und ESM L\u00f6sungen und Ihr individueller Mehrwert im Handel\/Retail Mitarbeiterzufriedenheit, Kundenzufriedenheit, Kostensenkung, Kontrolle, Wachstum ITSM und ESM L\u00f6sungen und deren individueller Mehrwert im Handel (Retail) BLOG Handel (Retail) ITSM\/ ESM ITSM und ESM L\u00f6sungen bieten im Retail-Sektor einen individuellen Mehrwert, der Unternehmen einen [&hellip;]<\/p>\n","protected":false},"author":4,"featured_media":3329,"parent":0,"menu_order":0,"comment_status":"closed","ping_status":"closed","template":"","meta":{"editor_plus_copied_stylings":"{}","_themeisle_gutenberg_block_has_review":false,"footnotes":"","_links_to":"","_links_to_target":""},"categories":[14],"tags":[],"class_list":["post-4306","page","type-page","status-publish","has-post-thumbnail","hentry","category-blog"],"_links":{"self":[{"href":"https:\/\/troeger-services.com\/pl\/wp-json\/wp\/v2\/pages\/4306","targetHints":{"allow":["GET"]}}],"collection":[{"href":"https:\/\/troeger-services.com\/pl\/wp-json\/wp\/v2\/pages"}],"about":[{"href":"https:\/\/troeger-services.com\/pl\/wp-json\/wp\/v2\/types\/page"}],"author":[{"embeddable":true,"href":"https:\/\/troeger-services.com\/pl\/wp-json\/wp\/v2\/users\/4"}],"replies":[{"embeddable":true,"href":"https:\/\/troeger-services.com\/pl\/wp-json\/wp\/v2\/comments?post=4306"}],"version-history":[{"count":0,"href":"https:\/\/troeger-services.com\/pl\/wp-json\/wp\/v2\/pages\/4306\/revisions"}],"wp:featuredmedia":[{"embeddable":true,"href":"https:\/\/troeger-services.com\/pl\/wp-json\/wp\/v2\/media\/3329"}],"wp:attachment":[{"href":"https:\/\/troeger-services.com\/pl\/wp-json\/wp\/v2\/media?parent=4306"}],"wp:term":[{"taxonomy":"category","embeddable":true,"href":"https:\/\/troeger-services.com\/pl\/wp-json\/wp\/v2\/categories?post=4306"},{"taxonomy":"post_tag","embeddable":true,"href":"https:\/\/troeger-services.com\/pl\/wp-json\/wp\/v2\/tags?post=4306"}],"curies":[{"name":"wp","href":"https:\/\/api.w.org\/{rel}","templated":true}]}}