{"id":759,"date":"2021-07-20T08:37:04","date_gmt":"2021-07-20T06:37:04","guid":{"rendered":"https:\/\/troeger-services.com\/?page_id=759"},"modified":"2024-07-05T01:53:51","modified_gmt":"2024-07-04T23:53:51","slug":"it-manager","status":"publish","type":"page","link":"https:\/\/troeger-services.com\/pl\/it-manager\/","title":{"rendered":"F\u00fcr IT-Manager und ITSM, ITOM und ESM"},"content":{"rendered":"<div class=\"row-full py-5 mb-12 wp-block-group eplus-wrapper is-layout-flow wp-block-group-is-layout-flow\">\n<div class=\"wp-block-group eplus-wrapper is-layout-flow wp-block-group-is-layout-flow\"><div class=\"container mx-auto py-6 grid grid-cols-1 md:grid-cols-2 wp-block-columns eplus-wrapper is-layout-flex wp-container-core-columns-is-layout-9d6595d7 wp-block-columns-is-layout-flex eplus-styles-uid-e03286\">\n<div class=\"lg:pr-8 xl:pr-12 order-2 md:order-1 wp-block-column is-vertically-aligned-center eplus-wrapper is-layout-flow wp-block-column-is-layout-flow\">\n<p class=\"sub-heading d-inline eplus-wrapper\">Dla mened\u017cer\u00f3w IT i ITSM - ITOM i ESM<\/p>\n\n\n\n<h1 class=\"text-2xl sm:text-3xl md:text-4xl mt-1 wp-block-heading eplus-wrapper\">Zminimalizowanie liczby awarii systemu i zapewnienie zadowolenia klient\u00f3w.<\/h1>\n\n\n\n<p class=\"eplus-wrapper\">Wreszcie odej\u015bcie od zespo\u0142\u00f3w zadaniowych i sytuacji ci\u0105g\u0142ej presji na rzecz harmonizacji w zespole poprzez sta\u0142\u0105 optymalizacj\u0119 IT i wprowadzenie cyfrowego centrum kontroli.<\/p>\n\n\n\n<div class=\"wp-block-buttons eplus-wrapper is-layout-flex wp-block-buttons-is-layout-flex\"><div class=\"my-5 shadow-xl hover:shadow-lg btn-secondary bg-secondary wp-block-button eplus-wrapper eplus-styles-uid-3aebeb\"><a class=\"wp-block-button__link wp-element-button\" href=\"https:\/\/troeger-services.com\/pl\/erstgespraech\/\" style=\"border-radius:0px\">Popro\u015b o wst\u0119pn\u0105 konsultacj\u0119<\/a><\/div><\/div>\n<\/div>\n\n\n\n<div class=\"flex justify-center py-8 order-1 md:order-2 wp-block-column eplus-wrapper is-layout-flow wp-block-column-is-layout-flow\">\n<figure class=\"wp-block-image size-full eplus-wrapper\"><img loading=\"lazy\" decoding=\"async\" width=\"515\" height=\"260\" src=\"https:\/\/troeger-services.com\/wp-content\/uploads\/2021\/07\/ausfaelle-minimieren.png\" alt=\"\" class=\"wp-image-857\" title=\"\" srcset=\"https:\/\/troeger-services.com\/wp-content\/uploads\/2021\/07\/ausfaelle-minimieren.png 515w, https:\/\/troeger-services.com\/wp-content\/uploads\/2021\/07\/ausfaelle-minimieren-300x151.png 300w\" sizes=\"auto, (max-width: 515px) 100vw, 515px\" \/><\/figure>\n<\/div>\n<\/div><\/div>\n<\/div>\n\n\n\n<div class=\"py-12 grid grid-cols-1 md:grid-cols-2 wp-block-group eplus-wrapper is-layout-flow wp-block-group-is-layout-flow\">\n<div class=\"wp-block-group eplus-wrapper is-layout-flow wp-block-group-is-layout-flow\">\n<p class=\"sub-heading d-inline eplus-wrapper\">Nasze us\u0142ugi<\/p>\n\n\n\n<h1 class=\"text-2xl sm:text-2xl md:text-3xl mt-1 wp-block-heading eplus-wrapper\">Zmniejsz z\u0142o\u017cono\u015b\u0107, zwi\u0119ksz szybko\u015b\u0107 reakcji<\/h1>\n\n\n\n<p class=\"text-lg mt-2 eplus-wrapper\">Daj u\u017cytkownikom biznesowym i IT mo\u017cliwo\u015b\u0107 pracy bez czekania dzi\u0119ki automatyzacji, wirtualnym agentom i intuicyjnemu podej\u015bciu do samoobs\u0142ugi. Dzi\u0119ki rozwi\u0105zaniom Tr\u00f6ger IT u\u017cytkownicy szybko otrzymuj\u0105 to, czego chc\u0105, bez nadmiernego obci\u0105\u017cania personelu IT.<\/p>\n<\/div>\n<\/div>\n\n\n\n<div class=\"vorteile my-24 wp-block-group eplus-wrapper is-layout-flow wp-block-group-is-layout-flow\"><div class=\"iconblock grid grid-cols-1 gap-12 sm:gap-20 md:grid-cols-2 md:gap-8 lg:gap-24 xl:gap-44 wp-block-columns eplus-wrapper is-layout-flex wp-container-core-columns-is-layout-9d6595d7 wp-block-columns-is-layout-flex eplus-styles-uid-2d058e\">\n<div class=\"pt-5 wp-block-column is-vertically-aligned-top eplus-wrapper is-layout-flow wp-block-column-is-layout-flow\">\n<figure class=\"wp-block-image alignleft size-full eplus-wrapper\"><img loading=\"lazy\" decoding=\"async\" width=\"200\" height=\"115\" src=\"https:\/\/troeger-services.com\/wp-content\/uploads\/2021\/07\/performance-quality-management.png\" alt=\"\" class=\"wp-image-749\" title=\"\"><\/figure>\n\n\n\n<h3 class=\"font-sans mb-2 mt-6 wp-block-heading eplus-wrapper\"><meta charset=\"utf-8\"><strong>Zarz\u0105dzanie jako\u015bci\u0105 wynik\u00f3w<\/strong><\/h3>\n\n\n\n<p class=\"eplus-wrapper\">Przeprowadzamy pomiary wydajno\u015bci, analizy wydajno\u015bci i optymalizacje wydajno\u015bci system\u00f3w IT na poziomie koncepcyjnym i operacyjnym.<\/p>\n<\/div>\n\n\n\n<div class=\"pt-5 wp-block-column is-vertically-aligned-top eplus-wrapper is-layout-flow wp-block-column-is-layout-flow\">\n<figure class=\"object-scale-down wp-block-image alignleft size-full eplus-wrapper\"><img loading=\"lazy\" decoding=\"async\" width=\"200\" height=\"115\" src=\"https:\/\/troeger-services.com\/wp-content\/uploads\/2021\/07\/business-service-management.png\" alt=\"\" class=\"wp-image-748\" title=\"\"><\/figure>\n\n\n\n<h3 class=\"font-sans mb-2 mt-6 wp-block-heading eplus-wrapper\"><meta charset=\"utf-8\"><strong>Zarz\u0105dzanie us\u0142ugami biznesowymi<\/strong><\/h3>\n\n\n\n<p class=\"eplus-wrapper\">Pomagamy w tworzeniu i rozwijaniu wydajnego zarz\u0105dzania us\u0142ugami biznesowymi, w tym monitorowania wydajno\u015bci, monitorowania poziomu us\u0142ug, raportowania i alert\u00f3w.<\/p>\n<\/div>\n<\/div><\/div>\n\n\n\n<div style=\"height:25px\" aria-hidden=\"true\" class=\"wp-block-spacer eplus-wrapper\"><\/div>\n\n\n\n<div class=\"vorteile row-wide py-10 my-12 bg-primary-light wp-block-group eplus-wrapper is-layout-flow wp-block-group-is-layout-flow\">\n<div class=\"container mx-auto wp-block-group eplus-wrapper is-layout-flow wp-block-group-is-layout-flow\"><div class=\"iconblock grid grid-cols-1 gap-12 sm:gap-20 md:grid-cols-2 md:gap-8 lg:gap-24 xl:gap-44 wp-block-columns eplus-wrapper is-layout-flex wp-container-core-columns-is-layout-9d6595d7 wp-block-columns-is-layout-flex eplus-styles-uid-cd4e28\">\n<div class=\"pt-5 wp-block-column is-vertically-aligned-top eplus-wrapper is-layout-flow wp-block-column-is-layout-flow\">\n<figure class=\"wp-block-image alignleft size-full is-resized\"><img loading=\"lazy\" decoding=\"async\" width=\"80\" height=\"80\" src=\"https:\/\/troeger-services.com\/wp-content\/uploads\/2021\/07\/entwicklung.png\" alt=\"\" class=\"wp-image-623\" style=\"width:80px;height:80px\" title=\"\"><\/figure>\n\n\n\n<p class=\"mb-2 mt-2 eplus-wrapper\"><strong>Rozw\u00f3j i przegl\u0105d koncepcji IT<\/strong><\/p>\n\n\n\n<p class=\"eplus-wrapper\">Oceniamy procesy biznesowe i ich wdro\u017cenie pod k\u0105tem kwestii zwi\u0105zanych z wydajno\u015bci\u0105 w celu mapowania w \u015brodowisku IT.<\/p>\n<\/div>\n\n\n\n<div class=\"pt-5 wp-block-column is-vertically-aligned-top eplus-wrapper is-layout-flow wp-block-column-is-layout-flow\">\n<figure class=\"object-scale-down wp-block-image alignleft size-full eplus-wrapper\"><img loading=\"lazy\" decoding=\"async\" width=\"80\" height=\"80\" src=\"https:\/\/troeger-services.com\/wp-content\/uploads\/2021\/07\/konzeption.png\" alt=\"\" class=\"wp-image-624\" title=\"\"><\/figure>\n\n\n\n<p class=\"mb-2 eplus-wrapper\"><strong>Koncepcja i wymiarowanie wysokowydajnych architektur aplikacji<\/strong><\/p>\n\n\n\n<p class=\"eplus-wrapper\">Planujemy infrastruktur\u0119 IT, kt\u00f3ra jest zoptymalizowana dla Twojej firmy i pomaga z wyprzedzeniem unikn\u0105\u0107 w\u0105skich garde\u0142 wydajno\u015bci.<\/p>\n<\/div>\n<\/div>\n\n<div class=\"grid grid-cols-1 gap-12 sm:gap-20 md:grid-cols-2 md:gap-8 lg:gap-24 xl:gap-44 wp-block-columns eplus-wrapper is-layout-flex wp-container-core-columns-is-layout-9d6595d7 wp-block-columns-is-layout-flex eplus-styles-uid-6807a2\">\n<div class=\"pt-5 wp-block-column is-vertically-aligned-top eplus-wrapper is-layout-flow wp-block-column-is-layout-flow\">\n<figure class=\"object-contain wp-block-image alignleft size-full eplus-wrapper\"><img loading=\"lazy\" decoding=\"async\" width=\"80\" height=\"80\" src=\"https:\/\/troeger-services.com\/wp-content\/uploads\/2021\/07\/optimierung.png\" alt=\"\" class=\"wp-image-625\" title=\"\"><\/figure>\n\n\n\n<p class=\"mb-2 eplus-wrapper\"><strong>Oceny i optymalizacje wydajno\u015bci<\/strong><\/p>\n\n\n\n<p class=\"eplus-wrapper\">Tworzymy kompleksowe profile wydajno\u015bci w oparciu o najnowocze\u015bniejsze testy wydajno\u015bci - na miejscu lub w chmurze - i identyfikujemy istniej\u0105ce w\u0105skie gard\u0142a wydajno\u015bci. Nast\u0119pnie wdra\u017camy strategi\u0119 optymalizacji.<\/p>\n<\/div>\n\n\n\n<div class=\"pt-5 wp-block-column is-vertically-aligned-top eplus-wrapper is-layout-flow wp-block-column-is-layout-flow\">\n<figure class=\"object-scale-down wp-block-image alignleft size-full eplus-wrapper\"><img loading=\"lazy\" decoding=\"async\" width=\"80\" height=\"80\" src=\"https:\/\/troeger-services.com\/wp-content\/uploads\/2021\/07\/schulung.png\" alt=\"\" class=\"wp-image-626\" title=\"\"><\/figure>\n\n\n\n<p class=\"mb-2 eplus-wrapper\"><strong>Szkolenia i oprogramowanie<\/strong><\/p>\n\n\n\n<p class=\"eplus-wrapper\">Zapewniamy niezb\u0119dn\u0105 wiedz\u0119 praktyczn\u0105, teoretyczn\u0105 i techniczn\u0105 do samodzielnego planowania i wdra\u017cania \u015brodk\u00f3w zapewniania wydajno\u015bci i jako\u015bci. Nasze oprogramowanie pomaga zrozumie\u0107, przewidywa\u0107 i analizowa\u0107 - w czasie rzeczywistym.<\/p>\n<\/div>\n<\/div><\/div>\n<\/div>\n\n\n\n<div style=\"height:25px\" aria-hidden=\"true\" class=\"wp-block-spacer eplus-wrapper\"><\/div>\n\n\n\n<div class=\"my-24 wp-block-group eplus-wrapper is-layout-flow wp-block-group-is-layout-flow\">\n<p class=\"sub-heading d-inline eplus-wrapper\">Studium przypadku<\/p>\n\n\n\n<h4 class=\"text-2xl sm:text-2xl md:text-3xl mt-1 wp-block-heading eplus-wrapper\" id=\"was-unsere-kunden-sagen\">Co m\u00f3wi\u0105 nasi klienci<\/h4>\n\n\n<div class=\"mt-8 grid grid-cols-1 md:grid-cols-2 wp-block-columns eplus-wrapper is-layout-flex wp-container-core-columns-is-layout-9d6595d7 wp-block-columns-is-layout-flex eplus-styles-uid-00e55c\">\n<div class=\"self-stretch wp-block-column is-vertically-aligned-top eplus-wrapper is-layout-flow wp-block-column-is-layout-flow\">\n<div class=\"relative pt-64 pb-10 overflow-hidden wp-block-group eplus-wrapper is-layout-flow wp-block-group-is-layout-flow\">\n<figure class=\"absolute inset-0 h-full w-full object-cover wp-block-image size-full eplus-wrapper\"><img loading=\"lazy\" decoding=\"async\" width=\"675\" height=\"850\" src=\"https:\/\/troeger-services.com\/wp-content\/uploads\/2021\/08\/einfuehrung-digitalen-leitstand.jpg\" alt=\"Spotkanie w sprawie wprowadzenia cyfrowego centrum kontroli\" class=\"wp-image-1240\" title=\"\" srcset=\"https:\/\/troeger-services.com\/wp-content\/uploads\/2021\/08\/einfuehrung-digitalen-leitstand.jpg 675w, https:\/\/troeger-services.com\/wp-content\/uploads\/2021\/08\/einfuehrung-digitalen-leitstand-238x300.jpg 238w, https:\/\/troeger-services.com\/wp-content\/uploads\/2021\/08\/einfuehrung-digitalen-leitstand-572x720.jpg 572w\" sizes=\"auto, (max-width: 675px) 100vw, 675px\" \/><\/figure>\n\n\n\n<div class=\"absolute inset-0 mix-blend-multiply bg-primary opacity-70 wp-block-group eplus-wrapper is-layout-flow wp-block-group-is-layout-flow\"><\/div>\n\n\n\n<div class=\"relative px-8 wp-block-group eplus-wrapper is-layout-flow wp-block-group-is-layout-flow\">\n<p class=\"text-white eplus-wrapper\">Studium przypadku producenta samochod\u00f3w premium<\/p>\n<\/div>\n<\/div>\n<\/div>\n\n\n\n<div class=\"border p-8 self-stretch wp-block-column is-vertically-aligned-top eplus-wrapper is-layout-flow wp-block-column-is-layout-flow\"><p class=\"mb-2 eplus-wrapper eplus-styles-uid-a62243\"><strong>Jak wiod\u0105cy niemiecki producent samochod\u00f3w klasy premium wprowadzi\u0142 cyfrowe centrum sterowania<\/strong><\/p>\n\n<p class=\"eplus-wrapper eplus-styles-uid-a62243\"><meta charset=\"utf-8\"><meta charset=\"utf-8\">Po trzech miesi\u0105cach fazy projektowej dane by\u0142y rejestrowane w czasie rzeczywistym, a dzi\u0119ki analizie por\u00f3wnawczej wydajno\u015bci do sz\u00f3stego miesi\u0105ca, procesy zosta\u0142y zoptymalizowane w taki spos\u00f3b, \u017ce oszcz\u0119dno\u015bci w przedziale od sze\u015bciu cyfr do miliona by\u0142y natychmiast zauwa\u017calne.<\/p>\n\n\n<p class=\"mt-5 text-base font-medium text-secondary eplus-wrapper\"><a href=\"https:\/\/troeger-services.com\/pl\/kontakt\/\" data-type=\"page\" data-id=\"13\"><\/a><a href=\"https:\/\/troeger-services.com\/pl\/motoryzacja\/\" data-type=\"post\" data-id=\"891\">\u2192 Czytaj wi\u0119cej<\/a><\/p>\n<\/div>\n<\/div><\/div>\n\n\n\n<div class=\"wp-block-group eplus-wrapper is-layout-constrained wp-block-group-is-layout-constrained\">\n<div class=\"my-24 wp-block-group eplus-wrapper is-layout-flow wp-block-group-is-layout-flow\"><div class=\"grid grid-cols-1 md:grid-cols-2 md:gap-4 wp-block-columns eplus-wrapper is-layout-flex wp-container-core-columns-is-layout-9d6595d7 wp-block-columns-is-layout-flex eplus-styles-uid-daae7d\">\n<div class=\"order-2 md:order-1 wp-block-column is-vertically-aligned-center eplus-wrapper is-layout-flow wp-block-column-is-layout-flow\">\n<p class=\"sub-heading d-inline eplus-wrapper\">POBIERZ TERAZ<\/p>\n\n\n\n<h2 class=\"wp-block-heading has-large-font-size eplus-wrapper\" id=\"35-seiten-fachwissen\">35 stron wiedzy specjalistycznej<br><\/h2>\n\n\n\n<p class=\"text-lg eplus-wrapper\">Ten e-book pomo\u017ce Ci wprowadzi\u0107 odpowiednie rozwi\u0105zanie do zarz\u0105dzania us\u0142ugami IT i zarz\u0105dzania us\u0142ugami korporacyjnymi w Twojej firmie.<\/p>\n\n\n\n<div style=\"height:62px\" aria-hidden=\"true\" class=\"wp-block-spacer eplus-wrapper\"><\/div>\n\n\n\n<h3 class=\"wp-block-heading has-medium-font-size eplus-wrapper\" id=\"35-seiten-geballtes-wissen-damit-sie-nicht-die-falsche-entscheidung-bei-der-auswahl-ihrer-itsm-esm-losung-treffen\"><strong>35 stron skondensowanej wiedzy, dzi\u0119ki kt\u00f3rej nie podejmiesz z\u0142ej decyzji przy wyborze produktu.<\/strong> <strong>Rozwi\u0105zanie ITSM i ESM.\u00a0<\/strong><\/h3>\n\n\n\n<p class=\"eplus-wrapper\"><\/p>\n\n\n\n<p class=\"eplus-wrapper\">Uzyskaj przewag\u0119 i dowiedz si\u0119, jak wybra\u0107 odpowiednie rozwi\u0105zanie do zarz\u0105dzania us\u0142ugami IT i zarz\u0105dzania us\u0142ugami dla przedsi\u0119biorstw dla swojej organizacji przed dokonaniem inwestycji.<\/p>\n\n\n\n<div class=\"wp-block-buttons eplus-wrapper is-layout-flex wp-block-buttons-is-layout-flex\"><div class=\"is-style-fill wp-block-button eplus-wrapper eplus-styles-uid-8b7c40\"><a class=\"wp-block-button__link has-orange-background-color has-background wp-element-button\" href=\"https:\/\/troeger-services.ac-page.com\/itsm-einkaufsfuehrer-e-book\" target=\"_blank\" rel=\"noreferrer noopener\"><strong>POBIERZ TERAZ<\/strong><\/a><\/div><\/div>\n<\/div>\n\n\n\n<div class=\"flex justify-center py-12 order-1 md:order-2 wp-block-column is-vertically-aligned-center eplus-wrapper is-layout-flow wp-block-column-is-layout-flow\">\n<figure class=\"wp-block-image size-full eplus-wrapper\"><img loading=\"lazy\" decoding=\"async\" width=\"800\" height=\"600\" src=\"https:\/\/troeger-services.com\/wp-content\/uploads\/2022\/11\/95868af5-a93d-405b-a545-37576a6b6136.png\" alt=\"\" class=\"wp-image-1828\" title=\"\" srcset=\"https:\/\/troeger-services.com\/wp-content\/uploads\/2022\/11\/95868af5-a93d-405b-a545-37576a6b6136.png 800w, https:\/\/troeger-services.com\/wp-content\/uploads\/2022\/11\/95868af5-a93d-405b-a545-37576a6b6136-300x225.png 300w, https:\/\/troeger-services.com\/wp-content\/uploads\/2022\/11\/95868af5-a93d-405b-a545-37576a6b6136-768x576.png 768w\" sizes=\"auto, (max-width: 800px) 100vw, 800px\" \/><\/figure>\n<\/div>\n<\/div>\n\n\n<div class=\"py-12 grid grid-cols-1 md:grid-cols-2 wp-block-group eplus-wrapper is-layout-flow wp-block-group-is-layout-flow\">\n<div class=\"wp-block-group eplus-wrapper is-layout-flow wp-block-group-is-layout-flow\">\n<p class=\"sub-heading d-inline eplus-wrapper\"><strong>PROFESJONALNE PORADY<\/strong><\/p>\n\n\n\n<h3 class=\"text-2xl sm:text-2xl md:text-3xl mt-1 wp-block-heading eplus-wrapper\" id=\"it-service-management-mit-itsm-kaufberatung\">Zarz\u0105dzanie us\u0142ugami IT z doradztwem zakupowym ITSM<\/h3>\n\n\n\n<p class=\"eplus-wrapper\">Potrzebujesz profesjonalnego doradztwa w zakresie planowania i wdra\u017cania zarz\u0105dzania us\u0142ugami IT?<\/p>\n\n\n\n<p class=\"eplus-wrapper\"><strong><a href=\"https:\/\/troeger-services.ac-page.com\/itsm-einkaufsfuehrer-e-book\" target=\"_blank\" rel=\"noopener\" title=\"E-book &quot;Przewodnik dla kupuj\u0105cych ITSM i ESM&quot;\">E-book \"Przewodnik dla kupuj\u0105cych ITSM i ESM\"<\/a><\/strong> pomo\u017ce ci dokona\u0107 w\u0142a\u015bciwego wyboru.<\/p>\n<\/div>\n<\/div>\n\n\n\n<div class=\"py-12 grid grid-cols-1 md:grid-cols-2 wp-block-group eplus-wrapper is-layout-flow wp-block-group-is-layout-flow\">\n<div class=\"wp-block-group eplus-wrapper is-layout-flow wp-block-group-is-layout-flow\">\n<p class=\"sub-heading d-inline eplus-wrapper\"><strong>TE INFORMACJE POMOG\u0104 CI<\/strong><\/p>\n\n\n\n<h4 class=\"text-2xl sm:text-2xl md:text-3xl mt-1 wp-block-heading eplus-wrapper\" id=\"zeit-sparen-mit-unserer-itsm-kaufberatung\">Oszcz\u0119dzaj czas dzi\u0119ki naszym poradom dotycz\u0105cym zakup\u00f3w ITSM<\/h4>\n\n\n\n<p class=\"eplus-wrapper\">Czy Twoja firma potrzebuje narz\u0119dzia do zarz\u0105dzania us\u0142ugami IT?<\/p>\n\n\n\n<p class=\"eplus-wrapper\"><strong>W takim razie powiniene\u015b przeczyta\u0107 nasz e-book.<\/strong><\/p>\n\n\n\n<p class=\"eplus-wrapper\">Tutaj znajdziesz <strong>Informacje, kt\u00f3re ci pomog\u0105<\/strong> puszka <strong>prawo<\/strong> Zarz\u0105dzanie us\u0142ugami IT i zarz\u0105dzanie us\u0142ugami dla przedsi\u0119biorstw<strong> rozwi\u0105zanie dla Twojej firmy.<\/strong><\/p>\n\n\n\n<div class=\"wp-block-buttons eplus-wrapper is-layout-flex wp-block-buttons-is-layout-flex\"><div class=\"is-style-fill wp-block-button eplus-wrapper eplus-styles-uid-d8544b\"><a class=\"wp-block-button__link has-orange-background-color has-background wp-element-button\" href=\"https:\/\/troeger-services.ac-page.com\/itsm-einkaufsfuehrer-e-book\" target=\"_blank\" rel=\"noreferrer noopener\"><strong>POBIERZ TERAZ<\/strong><\/a><\/div>\n\n<div class=\"is-style-fill wp-block-button eplus-wrapper eplus-styles-uid-615eb4\"><a class=\"wp-block-button__link has-orange-background-color has-background wp-element-button\" href=\"https:\/\/troeger-services.com\/pl\/wir-stellen-unsere-partner-vor\/\">Nasi partnerzy<\/a><\/div>\n\n<div class=\"is-style-fill wp-block-button eplus-wrapper eplus-styles-uid-cbbc41\"><a class=\"wp-block-button__link has-orange-background-color has-background wp-element-button\" href=\"https:\/\/www.ifs.com\/de\/industries\/service-industries\/retail-aftermarket-services\" target=\"_blank\" rel=\"noopener\">IFS Retail<\/a><\/div>\n\n<div class=\"is-style-fill wp-block-button eplus-wrapper eplus-styles-uid-56a752\"><a class=\"wp-block-button__link has-orange-background-color has-background wp-element-button\" href=\"https:\/\/www.opentext.com\/solutions\/industry\/retail\" target=\"_blank\" rel=\"noopener\">Opentext Retail<\/a><\/div><\/div>\n<\/div>\n<\/div>\n\n\n\n<div class=\"wp-block-group eplus-wrapper is-layout-constrained wp-block-group-is-layout-constrained\">\n<div style=\"height:21px\" aria-hidden=\"true\" class=\"wp-block-spacer eplus-wrapper\"><\/div>\n\n\n\n<figure class=\"wp-block-image aligncenter size-full is-resized eplus-wrapper\"><img loading=\"lazy\" decoding=\"async\" width=\"147\" height=\"150\" src=\"https:\/\/troeger-services.com\/wp-content\/uploads\/2023\/12\/tibc_logo_1zeilig_rgb-1-e1702089590391.png\" alt=\"Logo firmy TITBC, ekspert\u00f3w w dziedzinie ITSM, ITOM, ESM. Jedyni eksperci, kt\u00f3rzy uwzgl\u0119dniaj\u0105 wszystkie perspektywy, aby zagwarantowa\u0107 sukces.\" class=\"wp-image-1985\" style=\"object-fit:cover;width:75px;height:75px\" title=\"\"><\/figure>\n<\/div>\n\n\n\n<div style=\"height:32px\" aria-hidden=\"true\" class=\"wp-block-spacer eplus-wrapper\"><\/div>\n\n\n\n<div class=\"wp-block-group eplus-wrapper is-layout-flow wp-block-group-is-layout-flow\"><div class=\"grid grid-cols-1 md:grid-cols-2 md:gap-4 wp-block-columns eplus-wrapper is-layout-flex wp-container-core-columns-is-layout-9d6595d7 wp-block-columns-is-layout-flex eplus-styles-uid-0d9af5\">\n<div class=\"flex justify-center py-12 wp-block-column eplus-wrapper is-layout-flow wp-block-column-is-layout-flow\">\n<figure class=\"wp-block-image size-full eplus-wrapper\"><img loading=\"lazy\" decoding=\"async\" width=\"500\" height=\"500\" src=\"https:\/\/troeger-services.com\/wp-content\/uploads\/2022\/11\/31c5c9ef-04d5-4b4c-8fa7-d98840f3cb5a.jpg\" alt=\"\" class=\"wp-image-1832\" title=\"\" srcset=\"https:\/\/troeger-services.com\/wp-content\/uploads\/2022\/11\/31c5c9ef-04d5-4b4c-8fa7-d98840f3cb5a.jpg 500w, https:\/\/troeger-services.com\/wp-content\/uploads\/2022\/11\/31c5c9ef-04d5-4b4c-8fa7-d98840f3cb5a-300x300.jpg 300w, https:\/\/troeger-services.com\/wp-content\/uploads\/2022\/11\/31c5c9ef-04d5-4b4c-8fa7-d98840f3cb5a-150x150.jpg 150w\" sizes=\"auto, (max-width: 500px) 100vw, 500px\" \/><\/figure>\n<\/div>\n\n\n\n<div class=\"wp-block-column is-vertically-aligned-center eplus-wrapper is-layout-flow wp-block-column-is-layout-flow\">\n<h4 class=\"text-lg wp-block-heading eplus-wrapper\" id=\"andre-troger-ceo\">Andr\u00e9 Tr\u00f6ger - dyrektor generalny<\/h4>\n\n\n\n<p class=\"eplus-wrapper\">TR\u00d6GER IT BUSINESS CONSULTING<\/p>\n\n\n\n<p class=\"has-orange-color has-text-color has-medium-font-size eplus-wrapper\">\"Wyb\u00f3r odpowiedniego narz\u0119dzia ITSM nie musi by\u0107 trudny.<\/p>\n\n\n\n<p class=\"has-orange-color has-text-color has-medium-font-size eplus-wrapper\">U\u0142atw to sobie dzi\u0119ki naszym <a href=\"https:\/\/troeger-services.ac-page.com\/itsm-einkaufsfuehrer-e-book\" target=\"_blank\" rel=\"noopener\" title=\"E-Book &quot;ITSM BUYING ADVICE&quot;.\">E-Book \"ITSM BUYING ADVICE\".<\/a><\/p>\n\n\n\n<div class=\"wp-block-buttons eplus-wrapper is-layout-flex wp-block-buttons-is-layout-flex\"><div class=\"is-style-outline wp-block-button eplus-wrapper is-style-outline--1 eplus-styles-uid-45daa5\"><a class=\"wp-block-button__link wp-element-button\" href=\"https:\/\/troeger-services.ac-page.com\/itsm-einkaufsfuehrer-e-book\" target=\"_blank\" rel=\"noreferrer noopener\"><strong>POBIERZ TERAZ<\/strong><\/a><\/div><\/div>\n<\/div>\n<\/div><\/div>\n<\/div>\n<\/div>","protected":false},"excerpt":{"rendered":"<p>F\u00fcr IT-Manager und ITSM &#8211; ITOM und ESM Systemausf\u00e4lle minimieren und die damit verbundene Kundenzufriedenheit sichern Endlich weg von Task-Forces und dauerhaften Drucksituationen hin zu einer Harmonisierung in Ihrem Team durch dauerhafte IT-Optimierung und Einf\u00fchrung eines digitalen Leitstands. Unsere Leistungen Komplexit\u00e4t reduzieren, Reaktionsschnelligkeit steigern Bieten Sie Business- und IT Benutzern die M\u00f6glichkeit mithilfe von Automatisierung, [&hellip;]<\/p>\n","protected":false},"author":4,"featured_media":3399,"parent":0,"menu_order":0,"comment_status":"closed","ping_status":"closed","template":"","meta":{"editor_plus_copied_stylings":"{}","_themeisle_gutenberg_block_has_review":false,"footnotes":"","_links_to":"","_links_to_target":""},"categories":[],"tags":[20,23,45,21,47,49,51,42,22,53,57,43,41,19,18,59,44,46,25,55,48,50,52,54,61,58,60,56,26],"class_list":["post-759","page","type-page","status-publish","has-post-thumbnail","hentry","tag-esm","tag-assyst","tag-availability-management","tag-blog","tag-capacity-and-performance-management","tag-change-enablement","tag-deployment-management","tag-enterprise-service-management","tag-ifs","tag-incident-management","tag-it-asset-management","tag-it-operations-management","tag-it-service-management","tag-itom","tag-itsm","tag-knowledge-management","tag-micro-focus","tag-monitoring-and-event-management","tag-opentext","tag-problem-management","tag-release-management","tag-service-catalog-management","tag-service-configuration-management","tag-service-continuity-management","tag-service-desk","tag-service-financial-management","tag-service-level-management","tag-service-request-management","tag-smax"],"_links":{"self":[{"href":"https:\/\/troeger-services.com\/pl\/wp-json\/wp\/v2\/pages\/759","targetHints":{"allow":["GET"]}}],"collection":[{"href":"https:\/\/troeger-services.com\/pl\/wp-json\/wp\/v2\/pages"}],"about":[{"href":"https:\/\/troeger-services.com\/pl\/wp-json\/wp\/v2\/types\/page"}],"author":[{"embeddable":true,"href":"https:\/\/troeger-services.com\/pl\/wp-json\/wp\/v2\/users\/4"}],"replies":[{"embeddable":true,"href":"https:\/\/troeger-services.com\/pl\/wp-json\/wp\/v2\/comments?post=759"}],"version-history":[{"count":0,"href":"https:\/\/troeger-services.com\/pl\/wp-json\/wp\/v2\/pages\/759\/revisions"}],"wp:featuredmedia":[{"embeddable":true,"href":"https:\/\/troeger-services.com\/pl\/wp-json\/wp\/v2\/media\/3399"}],"wp:attachment":[{"href":"https:\/\/troeger-services.com\/pl\/wp-json\/wp\/v2\/media?parent=759"}],"wp:term":[{"taxonomy":"category","embeddable":true,"href":"https:\/\/troeger-services.com\/pl\/wp-json\/wp\/v2\/categories?post=759"},{"taxonomy":"post_tag","embeddable":true,"href":"https:\/\/troeger-services.com\/pl\/wp-json\/wp\/v2\/tags?post=759"}],"curies":[{"name":"wp","href":"https:\/\/api.w.org\/{rel}","templated":true}]}}