{"id":839,"date":"2021-07-20T10:15:30","date_gmt":"2021-07-20T08:15:30","guid":{"rendered":"https:\/\/troeger-services.com\/?page_id=839"},"modified":"2024-01-23T18:33:33","modified_gmt":"2024-01-23T17:33:33","slug":"odcisk","status":"publish","type":"page","link":"https:\/\/troeger-services.com\/pl\/odcisk\/","title":{"rendered":"Nadruk"},"content":{"rendered":"<div style=\"height:50px\" aria-hidden=\"true\" class=\"wp-block-spacer\"><\/div>\n\n\n\n<div class=\"wp-block-group mt-24 py-8 grid grid-cols-1 md:grid-cols-2 is-layout-flow wp-block-group-is-layout-flow\">\n<div class=\"wp-block-group is-layout-flow wp-block-group-is-layout-flow\">\n<p class=\"sub-heading d-inline\">Kwestie prawne<\/p>\n\n\n\n<h1 class=\"text-2xl sm:text-2xl md:text-3xl mt-1 wp-block-heading\">Nadruk<\/h1>\n\n\n\n<p class=\"text-lg\">Tr\u00f6ger IT Business Consulting GmbH<br>Dyrektor zarz\u0105dzaj\u0105cy: Andr\u00e9 Tr\u00f6ger<br>Tannenweg 4a<br>90522 Oberasbach<\/p>\n<\/div>\n<\/div>\n\n\n\n<div class=\"wp-block-group is-layout-flow wp-block-group-is-layout-flow\">\n<h3 class=\"text-2xl sm:text-2xl md:text-3xl mt-1 wp-block-heading\">Kontakt:<\/h3>\n\n\n\n<p>Telefon: +49-160-94668937<br>Faks: +49-911-3400-449<br>E-mail: info (@) troeger-services.com<\/p>\n<\/div>\n\n\n\n<div class=\"wp-block-group my-12 is-layout-flow wp-block-group-is-layout-flow\">\n<h3 class=\"text-2xl sm:text-2xl md:text-3xl mt-1 wp-block-heading\">Identyfikator podatkowy sprzeda\u017cy:<\/h3>\n\n\n\n<p>Numer identyfikacji podatkowej zgodnie z \u00a727 ustawy o podatku od sprzeda\u017cy: DE294728181<\/p>\n<\/div>\n\n\n\n<h3 class=\"text-2xl sm:text-2xl md:text-3xl mt-1 wp-block-heading\">Numer podatkowy:<\/h3>\n\n\n\n<p>218 \/ 140\/ 40507<\/p>\n\n\n\n<div class=\"wp-block-group my-12 is-layout-flow wp-block-group-is-layout-flow\">\n<h3 class=\"text-2xl sm:text-2xl md:text-3xl mt-1 wp-block-heading\">Wpis do rejestru:<\/h3>\n\n\n\n<p>Zarejestrowany w rejestrze handlowym<br>S\u0105d rejestrowy: F\u00fcrth<br>Numer rejestracyjny: HRB 14456<\/p>\n<\/div>\n\n\n\n<div class=\"wp-block-group my-12 is-layout-flow wp-block-group-is-layout-flow\">\n<h3 class=\"text-2xl sm:text-2xl md:text-3xl mt-1 wp-block-heading\">Numer DUNS:<\/h3>\n\n\n\n<p>313075799<\/p>\n<\/div>\n\n\n\n<div class=\"wp-block-group my-12 is-layout-flow wp-block-group-is-layout-flow\">\n<h3 class=\"text-2xl sm:text-2xl md:text-3xl mt-1 wp-block-heading\">Odpowiedzialny za tre\u015b\u0107 zgodnie z \u00a7 55 Abs. 2 RStV:<\/h3>\n\n\n\n<p>Andr\u00e9 Tr\u00f6ger<br>Tannenweg 4a<br>90522 Oberasbach<\/p>\n<\/div>","protected":false},"excerpt":{"rendered":"<p>Nota prawna Tr\u00f6ger IT Business Consulting GmbHDyrektor zarz\u0105dzaj\u0105cy: Andr\u00e9 Tr\u00f6gerTannenweg 4a90522 Oberasbach Kontakt: Telefon: +49-160-94668937Telefaks: +49-911-3400-449E-mail: info (@) troeger-services.com Identyfikator podatkowy sprzeda\u017cy: Numer identyfikacyjny podatku od sprzeda\u017cy zgodnie z \u00a727 a Umsatzsteuergesetz: DE294728181 Numer podatkowy: 218 \/ 140\/ 40507 Wpis do rejestru: Wpisany do rejestru handlowegoS\u0105d rejestrowy: F\u00fcrthNumer rejestru: HRB 14456 Numer DUNS: 313075799 Odpowiedzialny za tre\u015b\u0107 zgodnie z \u00a7 55 Abs. 2 RStV: Andr\u00e9 Tr\u00f6gerTannenweg 4a90522 Oberasbach<\/p>","protected":false},"author":4,"featured_media":3345,"parent":0,"menu_order":0,"comment_status":"closed","ping_status":"closed","template":"","meta":{"editor_plus_copied_stylings":"{}","_themeisle_gutenberg_block_has_review":false,"footnotes":"","_links_to":"","_links_to_target":""},"categories":[1,14],"tags":[109,108,110,17],"class_list":["post-839","page","type-page","status-publish","has-post-thumbnail","hentry","category-allgemein","category-blog","tag-impressum","tag-imprint","tag-legal","tag-titbc"],"_links":{"self":[{"href":"https:\/\/troeger-services.com\/pl\/wp-json\/wp\/v2\/pages\/839","targetHints":{"allow":["GET"]}}],"collection":[{"href":"https:\/\/troeger-services.com\/pl\/wp-json\/wp\/v2\/pages"}],"about":[{"href":"https:\/\/troeger-services.com\/pl\/wp-json\/wp\/v2\/types\/page"}],"author":[{"embeddable":true,"href":"https:\/\/troeger-services.com\/pl\/wp-json\/wp\/v2\/users\/4"}],"replies":[{"embeddable":true,"href":"https:\/\/troeger-services.com\/pl\/wp-json\/wp\/v2\/comments?post=839"}],"version-history":[{"count":0,"href":"https:\/\/troeger-services.com\/pl\/wp-json\/wp\/v2\/pages\/839\/revisions"}],"wp:featuredmedia":[{"embeddable":true,"href":"https:\/\/troeger-services.com\/pl\/wp-json\/wp\/v2\/media\/3345"}],"wp:attachment":[{"href":"https:\/\/troeger-services.com\/pl\/wp-json\/wp\/v2\/media?parent=839"}],"wp:term":[{"taxonomy":"category","embeddable":true,"href":"https:\/\/troeger-services.com\/pl\/wp-json\/wp\/v2\/categories?post=839"},{"taxonomy":"post_tag","embeddable":true,"href":"https:\/\/troeger-services.com\/pl\/wp-json\/wp\/v2\/tags?post=839"}],"curies":[{"name":"wp","href":"https:\/\/api.w.org\/{rel}","templated":true}]}}